{"id":52469,"date":"2025-11-27T17:25:46","date_gmt":"2025-11-27T16:25:46","guid":{"rendered":"https:\/\/www.cercledart.com\/?post_type=product&#038;p=52469"},"modified":"2026-04-03T11:06:55","modified_gmt":"2026-04-03T09:06:55","slug":"li-chen","status":"publish","type":"product","link":"https:\/\/www.cercledart.com\/en\/produit\/li-chen\/","title":{"rendered":"Li Chen"},"content":{"rendered":"<h1><strong>Li Chen \u2013 Sculpture, spiritualit\u00e9 et lumi\u00e8re d\u2019Asie<\/strong><\/h1>\n<h3><strong><em>\u00c9crit par Yuan-Chih Cheng, historien de l\u2019art<\/em><\/strong><\/h3>\n<p>&nbsp;<\/p>\n<p>Cette monographie consacre un volume d\u2019exception \u00e0 l\u2019\u0153uvre de Li Chen, sculpteur taiwanais majeur de l\u2019art contemporain. N\u00e9 en Asie, form\u00e9 \u00e0 Taipei et devenu figure incontournable de la sc\u00e8ne internationale, l\u2019artiste Li Chen a d\u00e9j\u00e0 marqu\u00e9 les esprits en 2013 avec son exposition monumentale place Vend\u00f4me, \u00e0 Paris. Ce livre revient sur ce moment cl\u00e9 de l\u2019histoire de Li Chen, mais aussi sur les grandes \u00e9tapes d\u2019un parcours qui relie constamment la Chine et la France, entre traditions chinoises et r\u00e9f\u00e9rences occidentales, spiritualit\u00e9 et questionnement du monde moderne.<br \/>\nL\u2019\u0153uvre de Li <em>Chen<\/em> s\u2019inscrit au croisement de plusieurs univers : celui des mus\u00e9es occidentaux o\u00f9 son art est d\u00e9sormais expos\u00e9, celui des espaces publics asiatiques o\u00f9 ses sculptures monumentales dialoguent avec l\u2019architecture contemporaine, et celui de Taiwan, o\u00f9 l\u2019artiste puise une part essentielle de son inspiration spirituelle. Cette articulation entre Taipei et les capitales europ\u00e9ennes constitue un fil rouge que la monographie d\u00e9veloppe avec une grande pr\u00e9cision.<\/p>\n<h2><strong>Li Chen au prisme de l\u2019histoire de l\u2019art : l\u2019interpr\u00e9tation de Yuan-Chih Cheng<\/strong><\/h2>\n<p>\u00c9crit par Yuan-Chih Cheng, historien de l\u2019art dipl\u00f4m\u00e9 des universit\u00e9s Paris-Sorbonne et Vincennes-Saint-Denis, aujourd\u2019hui responsable de la collection du MAC VAL (Mus\u00e9e d\u2019art contemporain du Val-de-Marne), l\u2019ouvrage replace Li Chen dans l\u2019histoire des arts en France et en Asie.<br \/>\nYuan-Chih Cheng analyse la fa\u00e7on dont le sculpteur taiwanais s\u2019est \u00e9mancip\u00e9 du code iconographique bouddhique pour inventer un langage moderne et contemporain : grandes sculptures en bronze, surfaces travaill\u00e9es, jeux de mati\u00e8re entre lisse et rugueux, tension constante entre vide et plein. Ses textes \u00e9clairent les \u0153uvres de Li Chen comme autant de paysages mentaux, o\u00f9 la forme figurative ouvre sur une exp\u00e9rience int\u00e9rieure, presque m\u00e9ditative.<br \/>\nL\u2019\u00e9tude de Cheng met \u00e9galement en lumi\u00e8re le r\u00f4le d\u00e9terminant des institutions culturelles, tant en Chine qu\u2019en Europe, dans la r\u00e9ception critique du travail de Li <em>Chen<\/em>. Ce dernier, profond\u00e9ment attach\u00e9 \u00e0 la transmission des savoirs li\u00e9s \u00e0 la sculpture, voit dans le dialogue entre mus\u00e9es, galeries et espaces urbains une mani\u00e8re d\u2019\u00e9largir l\u2019acc\u00e8s \u00e0 son art tout en r\u00e9affirmant la dimension universelle de ses sculptures.<\/p>\n<h2><strong><em>Spiritual Journey<\/em><\/strong><strong> : de la mati\u00e8re au spirituel<\/strong><\/h2>\n<p>Au c\u0153ur du livre, les grandes s\u00e9ries \u00ab <em>The Beauty of Emptiness<\/em> \u00bb, \u00ab <em>Energy of Emptiness<\/em> \u00bb et surtout \u00ab <em>Spiritual Journey through the Great Ether<\/em> \u00bb d\u00e9ploient un univers unique, \u00e0 la fronti\u00e8re du r\u00e9el et de l\u2019imaginaire. Les sculptures de Li Chen semblent irradi\u00e9es de lumi\u00e8re int\u00e9rieure : visages d\u2019enfants, corps massifs, silhouettes flottant comme des nuages. Le vocabulaire de l\u2019artiste m\u00eale ainsi <em>spirit<\/em> et <em>mind<\/em>, humour discret et profondeur spirituelle.<br \/>\nL\u2019historien de l\u2019art montre comment ces figures de Li Chen, enracin\u00e9es dans les traditions chinoises et asiatiques, dialoguent avec les pr\u00e9occupations du monde actuel : fragilit\u00e9 des corps, qu\u00eate de sens, tension entre mat\u00e9rialit\u00e9 et immat\u00e9rialit\u00e9. Li Chen ne se contente pas d\u2019illustrer des mythes chinois ou asiatiques \u00e0 travers son art : l\u2019artiste invente un territoire o\u00f9 l\u2019on passe du poids de la mati\u00e8re \u00e0 la l\u00e9g\u00e8ret\u00e9 du souffle.<\/p>\n<h3 style=\"text-align: center;\"><strong><em>\u00ab\u00a0<\/em><\/strong><strong><em>Je crois que mes \u0153uvres peuvent guider vers une joie et un bonheur spirituels, semblables \u00e0 ceux que je ressens en cr\u00e9ant. Il me semble qu&#8217;elles portent en elles une forme d\u2019amour et de chaleur.\u00a0\u00bb<br \/>\n<\/em><\/strong><strong>Li Chen<\/strong><\/h3>\n<h2><strong>Li Chen\u00a0: un sculpteur v\u00e9ritablement international<\/strong><\/h2>\n<p>Cette monographie suit \u00e9galement la trajectoire g\u00e9ographique d\u2019un cr\u00e9ateur dont les exhibitions parcourent la plan\u00e8te. Des premi\u00e8res pr\u00e9sentations \u00e0 Taipei et Singapour jusqu\u2019aux biennales et grandes expositions \u00e0 Venise, Shanghai, Chicago, Seoul, en Italie&#8230; Li Chen s\u2019impose comme une figure majeure de la sculpture contemporaine.<br \/>\nCette circulation entre Asie et Occident, entre la Chine, Taiwan et Paris, nourrit un imaginaire v\u00e9ritablement international : les \u0153uvres de Li Chen dialoguent avec les architectures des grandes places publiques, des parcs, des mus\u00e9ums et des mus\u00e9es d\u2019art moderne. L\u2019ouvrage met en perspective ce rayonnement mondial, sans perdre de vue la singularit\u00e9 d\u2019un regard marqu\u00e9 par l\u2019\u00e9tat d\u2019esprit tao\u00efste et par une sensibilit\u00e9 profond\u00e9ment spirituelle.<\/p>\n<h2><strong>Li Chen : un parcours d\u2019expositions de Venise \u00e0 Paris<\/strong><\/h2>\n<p>Les \u0153uvres de Li Chen se distinguent par une pr\u00e9sence internationale continue, port\u00e9e par des expositions majeures qui ont consolid\u00e9 sa place parmi les artistes asiatiques incontournables de la sculpture contemporaine. D\u00e8s 2004, ses sculptures monumentales sont pr\u00e9sent\u00e9es en Italie lors d\u2019\u00ab Open Asia \u00bb \u00e0 Venise, puis de nouveau en 2007 \u00e0 la Biennale de Venise. En 2008, la Chine lui consacre une exhibition au Mus\u00e9e d\u2019Art national de Chine \u00e0 P\u00e9kin, suivie en 2009 par une exposition au Singapore Art Museum, centre international de l\u2019art moderne et contemporain, puis par Art Stage Singapore en 2011. En 2012, Taiwan met en lumi\u00e8re son travail au M\u00e9morial Chiang Ka\u00ef-shek de Taipei via une exposition en plein air, tandis que le Frye Art Museum de Seattle pr\u00e9sente ses \u0153uvres aux \u00c9tats-Unis. L\u2019ann\u00e9e 2013 marque un tournant avec douze sculptures install\u00e9es place Vend\u00f4me \u00e0 Paris, transformant cet espace embl\u00e9matique en v\u00e9ritable centre d\u2019art international et scellant la reconnaissance mondiale de Li Chen.<\/p>\n<h2><strong>Un livre d\u2019exception : 70 pages d\u2019images et un appareil critique de haut niveau<\/strong><\/h2>\n<p>La monographie Li Chen est con\u00e7ue comme un v\u00e9ritable objet de collection. Imprim\u00e9e sur un papier de haute qualit\u00e9, elle rassemble pr\u00e8s de 70 pages de photographies en couleur qui mettent en valeur la mati\u00e8re des bronzes, les patines sombres, les reflets de lumi\u00e8re et l\u2019\u00e9chelle spectaculaire des \u0153uvres. Le lecteur d\u00e9couvre ainsi, au fil des pages, les grandes sculptures install\u00e9es \u00e0 place Vend\u00f4me, \u00e0 Paris, \u00e0 Singapour, \u00e0 Shanghai ou encore Venise, dans un dialogue permanent entre paysage urbain et pr\u00e9sence des figures.<br \/>\nL\u2019ouvrage bilingue (fran\u00e7ais-anglais) s\u2019ouvre sur un texte introductif \u2013 un v\u00e9ritable cours d\u2019\u00e9cole sup\u00e9rieure sur l\u2019art de Li Chen \u2013 qui reprend les notions cl\u00e9s : spiritualit\u00e9, jeu, enfance, rapport au vide, mais aussi inscription dans l\u2019histoire de la sculpture moderne et contemporaine. De courts essais replacent chaque s\u00e9rie dans son contexte, d\u00e9taillent les choix formels, les influences crois\u00e9es (Rodin, Giacometti, la peinture chinoise classique, la statuaire bouddhique) et analysent la r\u00e9ception critique de l\u2019art de Li Chen.<\/p>\n<h2><strong>Entre mus\u00e9e, place publique et collection priv\u00e9e<\/strong><\/h2>\n<p>La monographie insiste sur la capacit\u00e9 de l\u2019artiste \u00e0 circuler entre l\u2019espace public et les collections priv\u00e9es, entre la monumentalit\u00e9 des \u0153uvres en plein air et l\u2019intimit\u00e9 d\u2019une salle de mus\u00e9e.<br \/>\nLes amateurs de peinture et de sculpture, les historiens de l\u2019art, les conservateurs de mus\u00e9e et les collectionneurs y trouveront un outil de r\u00e9f\u00e9rence pour comprendre comment un sculpteur taiwanais contemporain peut \u00e0 la fois rester fid\u00e8le \u00e0 ses racines asiatiques et dialoguer avec les enjeux esth\u00e9tiques du monde entier. Les textes, la qualit\u00e9 des photos et la richesse des \u0153uvres reproduites font de ce volume un incontournable pour quiconque s\u2019int\u00e9resse \u00e0 la sculpture moderne, contemporaine et spirituelle.<\/p>\n<h2><strong>Aux origines de Li Chen : enfance, formation et \u00e9mergence d\u2019un artiste de Taiwan<\/strong><\/h2>\n<p>En compl\u00e9ment de son analyse esth\u00e9tique, l\u2019ouvrage propose une biographie de Li Chen, retra\u00e7ant la formation d\u2019un artiste taiwanais n\u00e9 \u00e0 Yunlin, au sud de Taiwan, dans une r\u00e9gion d\u2019Asie o\u00f9 traditions populaires, rites religieux et codes spirituels demeurent tr\u00e8s vivants. D\u00e8s l\u2019enfance, entre les nuages observ\u00e9s dans le ciel et les fissures des murs, Li Chen d\u00e9veloppe une sensibilit\u00e9 singuli\u00e8re au monde visible et invisible, une attention \u00e0 la lumi\u00e8re et \u00e0 l\u2019\u00e9nergie vitale qui irrigueront plus tard ses sculptures. Son parcours le conduit ensuite vers Taipei, o\u00f9 il rejoint la classe d\u2019arts et d\u2019artisanats du Taichung Municipal Dajia Senior High School, une v\u00e9ritable \u00e9cole fondatrice, marqu\u00e9e par l\u2019enseignement du dessin, de la peinture, de la photographie, de la c\u00e9ramique et des arts graphiques. C\u2019est l\u00e0 qu\u2019il d\u00e9couvre un premier dialogue entre arts asiatiques, pens\u00e9e chinoise et influences occidentales introduites \u00e0 Taiwan d\u00e8s l\u2019\u00e9poque japonaise.<br \/>\nLa biographie met \u00e9galement en lumi\u00e8re l\u2019impact d\u00e9cisif des ma\u00eetres europ\u00e9ens \u2013 Rodin, Modigliani, Giacometti \u2013 dont les \u0153uvres, \u00e0 la fronti\u00e8re du moderne et du contemporain, nourrissent son regard. Cette confrontation constante enrichit son rapport \u00e0 la sculpture et aux formes. L\u2019artiste \u00e9voque aussi ses d\u00e9buts modestes, sculptant du savon, geste pr\u00e9curseur d\u2019un travail futur sur la mati\u00e8re, le toucher, et l\u2019esprit. Ces premiers travaux, r\u00e9alis\u00e9s parall\u00e8lement \u00e0 son activit\u00e9 de design, r\u00e9v\u00e8lent une compr\u00e9hension fine du non-agir tao\u00efste, de l\u2019\u00e9quilibre entre vide et plein, ainsi que des symboliques qui traversent les grandes traditions d\u2019Asie.<\/p>\n<p>Cette monographie de Li Chen accompagne le lecteur dans un voyage o\u00f9 chaque page et chaque image r\u00e9v\u00e8lent la force d\u2019un artiste taiwanais, profond\u00e9ment asiatique et r\u00e9solument international, dont les sculptures invitent \u00e0 regarder le monde sous une autre lumi\u00e8re.<\/p>\n","protected":false},"excerpt":{"rendered":"<p class=\"p1\">\u00c9dition bilingue fran\u00e7ais-anglais<span class=\"s1\">\uff5c<\/span>Parution d\u00e9cembre 2025<span class=\"s1\">\uff5c<\/span>232 pages<span class=\"s1\">\uff5c<\/span>24,5 x 29 cm<span class=\"s1\">\uff5c<\/span>1,110 kg<span class=\"s1\">\uff5c<\/span>reli\u00e9 cousu cartonn\u00e9<span class=\"s1\">\uff5c<\/span>ISBN 9782702211465<\/p>\n","protected":false},"featured_media":52458,"template":"","meta":{"_acf_changed":false,"om_disable_all_campaigns":false,"_exactmetrics_skip_tracking":false,"_exactmetrics_sitenote_active":false,"_exactmetrics_sitenote_note":"","_exactmetrics_sitenote_category":0,"_monsterinsights_skip_tracking":false,"_monsterinsights_sitenote_active":false,"_monsterinsights_sitenote_note":"","_monsterinsights_sitenote_category":0,"_uf_show_specific_survey":0,"_uf_disable_surveys":false},"product_brand":[],"product_cat":[535,528,662],"product_tag":[680],"class_list":{"0":"post-52469","1":"product","2":"type-product","3":"status-publish","4":"has-post-thumbnail","6":"product_cat-art","7":"product_cat-livres","8":"product_cat-nouveautes","9":"product_tag-li-chen","12":"first","13":"instock","14":"taxable","15":"shipping-taxable","16":"purchasable","17":"product-type-simple"},"acf":[],"yoast_head":"<!-- This site is optimized with the Yoast SEO plugin v27.5 - https:\/\/yoast.com\/product\/yoast-seo-wordpress\/ -->\n<title>Li Chen - \u00c9ditions Cercle d&#039;Art<\/title>\n<meta name=\"description\" content=\"Monographie d\u00e9di\u00e9e au sculpteur Li Chen : une plong\u00e9e entre Asie et Occident, spiritualit\u00e9, \u0153uvres monumentales et analyse de l\u2019historien Yuan-Chih Cheng.\" \/>\n<meta name=\"robots\" content=\"index, follow, max-snippet:-1, max-image-preview:large, max-video-preview:-1\" \/>\n<link rel=\"canonical\" href=\"https:\/\/www.cercledart.com\/en\/produit\/li-chen\/\" \/>\n<meta property=\"og:locale\" content=\"en_US\" \/>\n<meta property=\"og:type\" content=\"article\" \/>\n<meta property=\"og:title\" content=\"Li Chen - \u00c9ditions Cercle d&#039;Art\" \/>\n<meta property=\"og:description\" content=\"Monographie d\u00e9di\u00e9e au sculpteur Li Chen : une plong\u00e9e entre Asie et Occident, spiritualit\u00e9, \u0153uvres monumentales et analyse de l\u2019historien Yuan-Chih Cheng.\" \/>\n<meta property=\"og:url\" content=\"https:\/\/www.cercledart.com\/en\/produit\/li-chen\/\" \/>\n<meta property=\"og:site_name\" content=\"\u00c9ditions Cercle d&#039;Art\" \/>\n<meta property=\"article:modified_time\" content=\"2026-04-03T09:06:55+00:00\" \/>\n<meta property=\"og:image\" content=\"https:\/\/www.cercledart.com\/wp-content\/uploads\/2025\/11\/Cercle_dArt_LICHEN_Book_Cover_01-copie.png\" \/>\n\t<meta property=\"og:image:width\" content=\"1400\" \/>\n\t<meta property=\"og:image:height\" content=\"1618\" \/>\n\t<meta property=\"og:image:type\" content=\"image\/png\" \/>\n<meta name=\"twitter:card\" content=\"summary_large_image\" \/>\n<meta name=\"twitter:label1\" content=\"Est. reading time\" \/>\n\t<meta name=\"twitter:data1\" content=\"8 minutes\" \/>\n<script type=\"application\/ld+json\" class=\"yoast-schema-graph\">{\"@context\":\"https:\\\/\\\/schema.org\",\"@graph\":[{\"@type\":\"WebPage\",\"@id\":\"https:\\\/\\\/www.cercledart.com\\\/en\\\/produit\\\/li-chen\\\/\",\"url\":\"https:\\\/\\\/www.cercledart.com\\\/en\\\/produit\\\/li-chen\\\/\",\"name\":\"Li Chen - \u00c9ditions Cercle d&#039;Art\",\"isPartOf\":{\"@id\":\"https:\\\/\\\/www.cercledart.com\\\/en\\\/#website\"},\"primaryImageOfPage\":{\"@id\":\"https:\\\/\\\/www.cercledart.com\\\/en\\\/produit\\\/li-chen\\\/#primaryimage\"},\"image\":{\"@id\":\"https:\\\/\\\/www.cercledart.com\\\/en\\\/produit\\\/li-chen\\\/#primaryimage\"},\"thumbnailUrl\":\"https:\\\/\\\/www.cercledart.com\\\/wp-content\\\/uploads\\\/2025\\\/11\\\/Cercle_dArt_LICHEN_Book_Cover_01-copie.png\",\"datePublished\":\"2025-11-27T16:25:46+00:00\",\"dateModified\":\"2026-04-03T09:06:55+00:00\",\"description\":\"Monographie d\u00e9di\u00e9e au sculpteur Li Chen : une plong\u00e9e entre Asie et Occident, spiritualit\u00e9, \u0153uvres monumentales et analyse de l\u2019historien Yuan-Chih Cheng.\",\"breadcrumb\":{\"@id\":\"https:\\\/\\\/www.cercledart.com\\\/en\\\/produit\\\/li-chen\\\/#breadcrumb\"},\"inLanguage\":\"en-US\",\"potentialAction\":[{\"@type\":\"ReadAction\",\"target\":[\"https:\\\/\\\/www.cercledart.com\\\/en\\\/produit\\\/li-chen\\\/\"]}]},{\"@type\":\"ImageObject\",\"inLanguage\":\"en-US\",\"@id\":\"https:\\\/\\\/www.cercledart.com\\\/en\\\/produit\\\/li-chen\\\/#primaryimage\",\"url\":\"https:\\\/\\\/www.cercledart.com\\\/wp-content\\\/uploads\\\/2025\\\/11\\\/Cercle_dArt_LICHEN_Book_Cover_01-copie.png\",\"contentUrl\":\"https:\\\/\\\/www.cercledart.com\\\/wp-content\\\/uploads\\\/2025\\\/11\\\/Cercle_dArt_LICHEN_Book_Cover_01-copie.png\",\"width\":1400,\"height\":1618,\"caption\":\"Li Chen\"},{\"@type\":\"BreadcrumbList\",\"@id\":\"https:\\\/\\\/www.cercledart.com\\\/en\\\/produit\\\/li-chen\\\/#breadcrumb\",\"itemListElement\":[{\"@type\":\"ListItem\",\"position\":1,\"name\":\"Accueil\",\"item\":\"https:\\\/\\\/www.cercledart.com\\\/en\\\/\"},{\"@type\":\"ListItem\",\"position\":2,\"name\":\"Shop\",\"item\":\"https:\\\/\\\/www.cercledart.com\\\/en\\\/shop\\\/\"},{\"@type\":\"ListItem\",\"position\":3,\"name\":\"Li Chen\"}]},{\"@type\":\"WebSite\",\"@id\":\"https:\\\/\\\/www.cercledart.com\\\/en\\\/#website\",\"url\":\"https:\\\/\\\/www.cercledart.com\\\/en\\\/\",\"name\":\"\u00c9ditions Cercle d&#039;Art\",\"description\":\"\",\"publisher\":{\"@id\":\"https:\\\/\\\/www.cercledart.com\\\/en\\\/#organization\"},\"potentialAction\":[{\"@type\":\"SearchAction\",\"target\":{\"@type\":\"EntryPoint\",\"urlTemplate\":\"https:\\\/\\\/www.cercledart.com\\\/en\\\/?s={search_term_string}\"},\"query-input\":{\"@type\":\"PropertyValueSpecification\",\"valueRequired\":true,\"valueName\":\"search_term_string\"}}],\"inLanguage\":\"en-US\"},{\"@type\":\"Organization\",\"@id\":\"https:\\\/\\\/www.cercledart.com\\\/en\\\/#organization\",\"name\":\"Cercle d'Art\",\"url\":\"https:\\\/\\\/www.cercledart.com\\\/en\\\/\",\"logo\":{\"@type\":\"ImageObject\",\"inLanguage\":\"en-US\",\"@id\":\"https:\\\/\\\/www.cercledart.com\\\/en\\\/#\\\/schema\\\/logo\\\/image\\\/\",\"url\":\"https:\\\/\\\/www.cercledart.com\\\/wp-content\\\/uploads\\\/2025\\\/04\\\/LogoCA2025.png\",\"contentUrl\":\"https:\\\/\\\/www.cercledart.com\\\/wp-content\\\/uploads\\\/2025\\\/04\\\/LogoCA2025.png\",\"width\":896,\"height\":101,\"caption\":\"Cercle d'Art\"},\"image\":{\"@id\":\"https:\\\/\\\/www.cercledart.com\\\/en\\\/#\\\/schema\\\/logo\\\/image\\\/\"}}]}<\/script>\n<!-- \/ Yoast SEO plugin. -->","yoast_head_json":{"title":"Li Chen - \u00c9ditions Cercle d&#039;Art","description":"Monographie d\u00e9di\u00e9e au sculpteur Li Chen : une plong\u00e9e entre Asie et Occident, spiritualit\u00e9, \u0153uvres monumentales et analyse de l\u2019historien Yuan-Chih Cheng.","robots":{"index":"index","follow":"follow","max-snippet":"max-snippet:-1","max-image-preview":"max-image-preview:large","max-video-preview":"max-video-preview:-1"},"canonical":"https:\/\/www.cercledart.com\/en\/produit\/li-chen\/","og_locale":"en_US","og_type":"article","og_title":"Li Chen - \u00c9ditions Cercle d&#039;Art","og_description":"Monographie d\u00e9di\u00e9e au sculpteur Li Chen : une plong\u00e9e entre Asie et Occident, spiritualit\u00e9, \u0153uvres monumentales et analyse de l\u2019historien Yuan-Chih Cheng.","og_url":"https:\/\/www.cercledart.com\/en\/produit\/li-chen\/","og_site_name":"\u00c9ditions Cercle d&#039;Art","article_modified_time":"2026-04-03T09:06:55+00:00","og_image":[{"width":1400,"height":1618,"url":"https:\/\/www.cercledart.com\/wp-content\/uploads\/2025\/11\/Cercle_dArt_LICHEN_Book_Cover_01-copie.png","type":"image\/png"}],"twitter_card":"summary_large_image","twitter_misc":{"Est. reading time":"8 minutes"},"schema":{"@context":"https:\/\/schema.org","@graph":[{"@type":"WebPage","@id":"https:\/\/www.cercledart.com\/en\/produit\/li-chen\/","url":"https:\/\/www.cercledart.com\/en\/produit\/li-chen\/","name":"Li Chen - \u00c9ditions Cercle d&#039;Art","isPartOf":{"@id":"https:\/\/www.cercledart.com\/en\/#website"},"primaryImageOfPage":{"@id":"https:\/\/www.cercledart.com\/en\/produit\/li-chen\/#primaryimage"},"image":{"@id":"https:\/\/www.cercledart.com\/en\/produit\/li-chen\/#primaryimage"},"thumbnailUrl":"https:\/\/www.cercledart.com\/wp-content\/uploads\/2025\/11\/Cercle_dArt_LICHEN_Book_Cover_01-copie.png","datePublished":"2025-11-27T16:25:46+00:00","dateModified":"2026-04-03T09:06:55+00:00","description":"Monographie d\u00e9di\u00e9e au sculpteur Li Chen : une plong\u00e9e entre Asie et Occident, spiritualit\u00e9, \u0153uvres monumentales et analyse de l\u2019historien Yuan-Chih Cheng.","breadcrumb":{"@id":"https:\/\/www.cercledart.com\/en\/produit\/li-chen\/#breadcrumb"},"inLanguage":"en-US","potentialAction":[{"@type":"ReadAction","target":["https:\/\/www.cercledart.com\/en\/produit\/li-chen\/"]}]},{"@type":"ImageObject","inLanguage":"en-US","@id":"https:\/\/www.cercledart.com\/en\/produit\/li-chen\/#primaryimage","url":"https:\/\/www.cercledart.com\/wp-content\/uploads\/2025\/11\/Cercle_dArt_LICHEN_Book_Cover_01-copie.png","contentUrl":"https:\/\/www.cercledart.com\/wp-content\/uploads\/2025\/11\/Cercle_dArt_LICHEN_Book_Cover_01-copie.png","width":1400,"height":1618,"caption":"Li Chen"},{"@type":"BreadcrumbList","@id":"https:\/\/www.cercledart.com\/en\/produit\/li-chen\/#breadcrumb","itemListElement":[{"@type":"ListItem","position":1,"name":"Accueil","item":"https:\/\/www.cercledart.com\/en\/"},{"@type":"ListItem","position":2,"name":"Shop","item":"https:\/\/www.cercledart.com\/en\/shop\/"},{"@type":"ListItem","position":3,"name":"Li Chen"}]},{"@type":"WebSite","@id":"https:\/\/www.cercledart.com\/en\/#website","url":"https:\/\/www.cercledart.com\/en\/","name":"\u00c9ditions Cercle d&#039;Art","description":"","publisher":{"@id":"https:\/\/www.cercledart.com\/en\/#organization"},"potentialAction":[{"@type":"SearchAction","target":{"@type":"EntryPoint","urlTemplate":"https:\/\/www.cercledart.com\/en\/?s={search_term_string}"},"query-input":{"@type":"PropertyValueSpecification","valueRequired":true,"valueName":"search_term_string"}}],"inLanguage":"en-US"},{"@type":"Organization","@id":"https:\/\/www.cercledart.com\/en\/#organization","name":"Cercle d'Art","url":"https:\/\/www.cercledart.com\/en\/","logo":{"@type":"ImageObject","inLanguage":"en-US","@id":"https:\/\/www.cercledart.com\/en\/#\/schema\/logo\/image\/","url":"https:\/\/www.cercledart.com\/wp-content\/uploads\/2025\/04\/LogoCA2025.png","contentUrl":"https:\/\/www.cercledart.com\/wp-content\/uploads\/2025\/04\/LogoCA2025.png","width":896,"height":101,"caption":"Cercle d'Art"},"image":{"@id":"https:\/\/www.cercledart.com\/en\/#\/schema\/logo\/image\/"}}]}},"_links":{"self":[{"href":"https:\/\/www.cercledart.com\/en\/wp-json\/wp\/v2\/product\/52469","targetHints":{"allow":["GET"]}}],"collection":[{"href":"https:\/\/www.cercledart.com\/en\/wp-json\/wp\/v2\/product"}],"about":[{"href":"https:\/\/www.cercledart.com\/en\/wp-json\/wp\/v2\/types\/product"}],"wp:featuredmedia":[{"embeddable":true,"href":"https:\/\/www.cercledart.com\/en\/wp-json\/wp\/v2\/media\/52458"}],"wp:attachment":[{"href":"https:\/\/www.cercledart.com\/en\/wp-json\/wp\/v2\/media?parent=52469"}],"wp:term":[{"taxonomy":"product_brand","embeddable":true,"href":"https:\/\/www.cercledart.com\/en\/wp-json\/wp\/v2\/product_brand?post=52469"},{"taxonomy":"product_cat","embeddable":true,"href":"https:\/\/www.cercledart.com\/en\/wp-json\/wp\/v2\/product_cat?post=52469"},{"taxonomy":"product_tag","embeddable":true,"href":"https:\/\/www.cercledart.com\/en\/wp-json\/wp\/v2\/product_tag?post=52469"}],"curies":[{"name":"wp","href":"https:\/\/api.w.org\/{rel}","templated":true}]}}