{"id":52038,"date":"2025-07-22T16:56:10","date_gmt":"2025-07-22T14:56:10","guid":{"rendered":"https:\/\/www.cercledart.com\/?post_type=product&#038;p=52038"},"modified":"2025-12-06T10:01:39","modified_gmt":"2025-12-06T09:01:39","slug":"richard-mille-monographie-3","status":"publish","type":"product","link":"https:\/\/www.cercledart.com\/en\/produit\/richard-mille-monographie-3\/","title":{"rendered":"RICHARD MILLE &#8211; Monographie III\uff5c\u00c9dition anglaise"},"content":{"rendered":"<h1><strong>Richard Mille \u2013 Monographie (III)<\/strong><\/h1>\n<h2><strong>Une nouvelle exploration des mod\u00e8les de haute horlogerie<\/strong><\/h2>\n<p>Cette monographie Richard Mille, le tome 3 de la collection in\u00e9dite, c\u00e9l\u00e8bre les montres parmi les plus avanc\u00e9es de la marque, en d\u00e9voilant des cr\u00e9ations o\u00f9 le tourbillon, le chronographe, le remontage et les mouvements automatiques atteignent un niveau technologique absolument incroyable.<\/p>\n<h2><strong>L\u2019univers technique et esth\u00e9tique des montres Richard Mille<\/strong><\/h2>\n<p>Con\u00e7ue comme un v\u00e9ritable ouvrage de haute horlogerie, Richard Mille Monograhie (III) montre \u00e0 voir des mod\u00e8les d\u00e9voil\u00e9s depuis 2016, avec leurs d\u00e9tails techniques, leurs architectures en titane, carbone, TPT, c\u00e9ramique, leurs bo\u00eetiers noir ou classique, leurs bracelets sophistiqu\u00e9s et leurs structures con\u00e7us pour des performances extr\u00eames.<br \/>\nDans cette collection unique, chaque montre Richard Mille est affich\u00e9e sur plusieurs pages, r\u00e9v\u00e9lant les couches du mouvement, la g\u00e9om\u00e9trie du tourbillon, la pr\u00e9cision des secondes et l\u2019\u00e9l\u00e9gance des composants, parfois proches de v\u00e9ritables bijoux. Les mod\u00e8les homme et femme, les pi\u00e8ces f\u00e9minines, les montres de sport ou de mode, les \u00e9ditions historiques et les nouvelles r\u00e9f\u00e9rences s\u2019y succ\u00e8dent, illustrant l\u2019inventivit\u00e9 constante de la marque.<\/p>\n<h2><strong>L\u2019influence de Rafael Nadal et des partenaires iconiques<\/strong><\/h2>\n<p>Le livre consacre une place majeure aux collaborations qui ont forg\u00e9 l\u2019identit\u00e9 Richard Mille. On y retrouve Rafael Nadal, partenaire embl\u00e9matique, dont les mod\u00e8les &#8211; souvent des tourbillons ultral\u00e9gers en titane ou composites &#8211; incarnent l\u2019exigence du sport de haut niveau. Les chocs, acc\u00e9l\u00e9rations et contraintes extr\u00eames du court sont devenus un v\u00e9ritable laboratoire pour tester la r\u00e9sistance du calibre, du saphir, du bo\u00eetier ou du remontage.<br \/>\nLes contributions de Felipe Massa prolongent cet h\u00e9ritage. Ses retours ont fa\u00e7onn\u00e9 de nombreux mod\u00e8les destin\u00e9s \u00e0 la performance high-tech, inspir\u00e9s de la m\u00e9canique Formula. Autour d\u2019eux, des athl\u00e8tes internationaux, navigateurs, pilotes et champions viennent rappeler que chaque montre Richard Mille na\u00eet d\u2019une complicit\u00e9 humaine, m\u00ealant innovation technique, culture de la pr\u00e9cision et esprit de comp\u00e9tition.<\/p>\n<h2><strong>Une plong\u00e9e dans le c\u0153ur de la manufacture<\/strong><\/h2>\n<p>L\u2019ouvrage conduit \u00e9galement le lecteur au sein de la manufacture des Breuleux, o\u00f9 chaque mouvement, chaque calibre, chaque bo\u00eetier en carbone, c\u00e9ramique ou titane est pens\u00e9, assembl\u00e9 et contr\u00f4l\u00e9. Cette immersion met en lumi\u00e8re le savoir-faire et toute l\u2019expertise horlog\u00e8re de la maison Richard Mille. La philosophie d\u2019ing\u00e9nierie qui y r\u00e8gne &#8211; entre tradition suisse et h\u00e9ritage artistique fran\u00e7ais &#8211; garantit des montres capables d\u2019\u00e9voluer dans des environnements parfois presque intergalactiques, tant les contraintes test\u00e9es d\u00e9passent celles du quotidien\u00a0!<\/p>\n<h2><strong>Un ouvrage de r\u00e9f\u00e9rence et un objet d\u2019art<\/strong><\/h2>\n<p>Avec plus de 500 pages, une iconographie multi-angles et une fabrication luxueuse, cette monographie s\u2019impose comme un objet bijou, pens\u00e9 pour \u00eatre expos\u00e9 dans les boutiques ou les biblioth\u00e8ques des collectionneurs. La reliure massive, l\u2019impression haute d\u00e9finition et la pr\u00e9sentation chronologique des articles techniques et mod\u00e8les conf\u00e8rent \u00e0 l\u2019ouvrage une pr\u00e9sence sculpturale.<br \/>\nCette \u00e9dition classique mais r\u00e9solument \u00ab\u00a0tech\u00a0\u00bb illustre la mani\u00e8re dont Richard Mille continue d\u2019\u00e9largir l\u2019univers de ses collections, combinant innovation automatique, recherches sur les mat\u00e9riaux, \u00e9volution du mouvement, architecture du bo\u00eetier et esth\u00e9tique contemporaine, un ensemble qui donne \u00e0 ces montres l\u2019aura exceptionnelle propre \u00e0 la marque<br \/>\nIci, chaque page raconte comment Richard Mille transforme la haute horlogerie en territoire d\u2019avant-garde o\u00f9 les montres pour hommes et femmes sont pens\u00e9es comme des instruments de pr\u00e9cision, des objets de sport, de mode et parfois de v\u00e9ritables bijoux.<\/p>\n","protected":false},"excerpt":{"rendered":"<p class=\"p1\">\u00c9dition anglaise<span class=\"s1\">\uff5c<\/span>Parution janvier 2024<span class=\"s1\">\uff5c<\/span>512 pages<span class=\"s1\">\uff5c<\/span>29 \u00d7 34,8 cm<span class=\"s1\">\uff5c<\/span>5,34 kg<span class=\"s1\">\uff5ccouverture cartonn\u00e9e, reli\u00e9 sous \u00e9tui\uff5c<\/span>9782702211397<\/p>\n","protected":false},"featured_media":52213,"template":"","meta":{"_acf_changed":false,"om_disable_all_campaigns":false,"_exactmetrics_skip_tracking":false,"_exactmetrics_sitenote_active":false,"_exactmetrics_sitenote_note":"","_exactmetrics_sitenote_category":0,"_monsterinsights_skip_tracking":false,"_monsterinsights_sitenote_active":false,"_monsterinsights_sitenote_note":"","_monsterinsights_sitenote_category":0,"_uf_show_specific_survey":0,"_uf_disable_surveys":false},"product_brand":[],"product_cat":[536,528],"product_tag":[679],"class_list":{"0":"post-52038","1":"product","2":"type-product","3":"status-publish","4":"has-post-thumbnail","6":"product_cat-design","7":"product_cat-livres","8":"product_tag-richard-mille","11":"first","12":"instock","13":"taxable","14":"shipping-taxable","15":"purchasable","16":"product-type-simple"},"acf":[],"yoast_head":"<!-- This site is optimized with the Yoast SEO plugin v27.5 - https:\/\/yoast.com\/product\/yoast-seo-wordpress\/ -->\n<title>RICHARD MILLE - Monographie III\uff5c\u00c9dition anglaise - \u00c9ditions Cercle d&#039;Art<\/title>\n<meta name=\"description\" content=\"D\u00e9couvrez Richard Mille \u2013 Monographie (III), un volume d\u2019exception qui explore les cr\u00e9ations les plus innovantes de la marque.\" \/>\n<meta name=\"robots\" content=\"index, follow, max-snippet:-1, max-image-preview:large, max-video-preview:-1\" \/>\n<link rel=\"canonical\" href=\"https:\/\/www.cercledart.com\/en\/produit\/richard-mille-monographie-3\/\" \/>\n<meta property=\"og:locale\" content=\"en_US\" \/>\n<meta property=\"og:type\" content=\"article\" \/>\n<meta property=\"og:title\" content=\"RICHARD MILLE - Monographie III\uff5c\u00c9dition anglaise - \u00c9ditions Cercle d&#039;Art\" \/>\n<meta property=\"og:description\" content=\"D\u00e9couvrez Richard Mille \u2013 Monographie (III), un volume d\u2019exception qui explore les cr\u00e9ations les plus innovantes de la marque.\" \/>\n<meta property=\"og:url\" content=\"https:\/\/www.cercledart.com\/en\/produit\/richard-mille-monographie-3\/\" \/>\n<meta property=\"og:site_name\" content=\"\u00c9ditions Cercle d&#039;Art\" \/>\n<meta property=\"article:modified_time\" content=\"2025-12-06T09:01:39+00:00\" \/>\n<meta property=\"og:image\" content=\"https:\/\/www.cercledart.com\/wp-content\/uploads\/2025\/07\/Mono3_Plat1.png\" \/>\n\t<meta property=\"og:image:width\" content=\"909\" \/>\n\t<meta property=\"og:image:height\" content=\"1050\" \/>\n\t<meta property=\"og:image:type\" content=\"image\/png\" \/>\n<meta name=\"twitter:card\" content=\"summary_large_image\" \/>\n<meta name=\"twitter:label1\" content=\"Est. reading time\" \/>\n\t<meta name=\"twitter:data1\" content=\"3 minutes\" \/>\n<script type=\"application\/ld+json\" class=\"yoast-schema-graph\">{\"@context\":\"https:\\\/\\\/schema.org\",\"@graph\":[{\"@type\":\"WebPage\",\"@id\":\"https:\\\/\\\/www.cercledart.com\\\/en\\\/produit\\\/richard-mille-monographie-3\\\/\",\"url\":\"https:\\\/\\\/www.cercledart.com\\\/en\\\/produit\\\/richard-mille-monographie-3\\\/\",\"name\":\"RICHARD MILLE - Monographie III\uff5c\u00c9dition anglaise - \u00c9ditions Cercle d&#039;Art\",\"isPartOf\":{\"@id\":\"https:\\\/\\\/www.cercledart.com\\\/en\\\/#website\"},\"primaryImageOfPage\":{\"@id\":\"https:\\\/\\\/www.cercledart.com\\\/en\\\/produit\\\/richard-mille-monographie-3\\\/#primaryimage\"},\"image\":{\"@id\":\"https:\\\/\\\/www.cercledart.com\\\/en\\\/produit\\\/richard-mille-monographie-3\\\/#primaryimage\"},\"thumbnailUrl\":\"https:\\\/\\\/www.cercledart.com\\\/wp-content\\\/uploads\\\/2025\\\/07\\\/Mono3_Plat1.png\",\"datePublished\":\"2025-07-22T14:56:10+00:00\",\"dateModified\":\"2025-12-06T09:01:39+00:00\",\"description\":\"D\u00e9couvrez Richard Mille \u2013 Monographie (III), un volume d\u2019exception qui explore les cr\u00e9ations les plus innovantes de la marque.\",\"breadcrumb\":{\"@id\":\"https:\\\/\\\/www.cercledart.com\\\/en\\\/produit\\\/richard-mille-monographie-3\\\/#breadcrumb\"},\"inLanguage\":\"en-US\",\"potentialAction\":[{\"@type\":\"ReadAction\",\"target\":[\"https:\\\/\\\/www.cercledart.com\\\/en\\\/produit\\\/richard-mille-monographie-3\\\/\"]}]},{\"@type\":\"ImageObject\",\"inLanguage\":\"en-US\",\"@id\":\"https:\\\/\\\/www.cercledart.com\\\/en\\\/produit\\\/richard-mille-monographie-3\\\/#primaryimage\",\"url\":\"https:\\\/\\\/www.cercledart.com\\\/wp-content\\\/uploads\\\/2025\\\/07\\\/Mono3_Plat1.png\",\"contentUrl\":\"https:\\\/\\\/www.cercledart.com\\\/wp-content\\\/uploads\\\/2025\\\/07\\\/Mono3_Plat1.png\",\"width\":909,\"height\":1050},{\"@type\":\"BreadcrumbList\",\"@id\":\"https:\\\/\\\/www.cercledart.com\\\/en\\\/produit\\\/richard-mille-monographie-3\\\/#breadcrumb\",\"itemListElement\":[{\"@type\":\"ListItem\",\"position\":1,\"name\":\"Accueil\",\"item\":\"https:\\\/\\\/www.cercledart.com\\\/en\\\/\"},{\"@type\":\"ListItem\",\"position\":2,\"name\":\"Shop\",\"item\":\"https:\\\/\\\/www.cercledart.com\\\/en\\\/shop\\\/\"},{\"@type\":\"ListItem\",\"position\":3,\"name\":\"RICHARD MILLE &#8211; Monographie III\uff5c\u00c9dition anglaise\"}]},{\"@type\":\"WebSite\",\"@id\":\"https:\\\/\\\/www.cercledart.com\\\/en\\\/#website\",\"url\":\"https:\\\/\\\/www.cercledart.com\\\/en\\\/\",\"name\":\"\u00c9ditions Cercle d&#039;Art\",\"description\":\"\",\"publisher\":{\"@id\":\"https:\\\/\\\/www.cercledart.com\\\/en\\\/#organization\"},\"potentialAction\":[{\"@type\":\"SearchAction\",\"target\":{\"@type\":\"EntryPoint\",\"urlTemplate\":\"https:\\\/\\\/www.cercledart.com\\\/en\\\/?s={search_term_string}\"},\"query-input\":{\"@type\":\"PropertyValueSpecification\",\"valueRequired\":true,\"valueName\":\"search_term_string\"}}],\"inLanguage\":\"en-US\"},{\"@type\":\"Organization\",\"@id\":\"https:\\\/\\\/www.cercledart.com\\\/en\\\/#organization\",\"name\":\"Cercle d'Art\",\"url\":\"https:\\\/\\\/www.cercledart.com\\\/en\\\/\",\"logo\":{\"@type\":\"ImageObject\",\"inLanguage\":\"en-US\",\"@id\":\"https:\\\/\\\/www.cercledart.com\\\/en\\\/#\\\/schema\\\/logo\\\/image\\\/\",\"url\":\"https:\\\/\\\/www.cercledart.com\\\/wp-content\\\/uploads\\\/2025\\\/04\\\/LogoCA2025.png\",\"contentUrl\":\"https:\\\/\\\/www.cercledart.com\\\/wp-content\\\/uploads\\\/2025\\\/04\\\/LogoCA2025.png\",\"width\":896,\"height\":101,\"caption\":\"Cercle d'Art\"},\"image\":{\"@id\":\"https:\\\/\\\/www.cercledart.com\\\/en\\\/#\\\/schema\\\/logo\\\/image\\\/\"}}]}<\/script>\n<!-- \/ Yoast SEO plugin. -->","yoast_head_json":{"title":"RICHARD MILLE - Monographie III\uff5c\u00c9dition anglaise - \u00c9ditions Cercle d&#039;Art","description":"D\u00e9couvrez Richard Mille \u2013 Monographie (III), un volume d\u2019exception qui explore les cr\u00e9ations les plus innovantes de la marque.","robots":{"index":"index","follow":"follow","max-snippet":"max-snippet:-1","max-image-preview":"max-image-preview:large","max-video-preview":"max-video-preview:-1"},"canonical":"https:\/\/www.cercledart.com\/en\/produit\/richard-mille-monographie-3\/","og_locale":"en_US","og_type":"article","og_title":"RICHARD MILLE - Monographie III\uff5c\u00c9dition anglaise - \u00c9ditions Cercle d&#039;Art","og_description":"D\u00e9couvrez Richard Mille \u2013 Monographie (III), un volume d\u2019exception qui explore les cr\u00e9ations les plus innovantes de la marque.","og_url":"https:\/\/www.cercledart.com\/en\/produit\/richard-mille-monographie-3\/","og_site_name":"\u00c9ditions Cercle d&#039;Art","article_modified_time":"2025-12-06T09:01:39+00:00","og_image":[{"width":909,"height":1050,"url":"https:\/\/www.cercledart.com\/wp-content\/uploads\/2025\/07\/Mono3_Plat1.png","type":"image\/png"}],"twitter_card":"summary_large_image","twitter_misc":{"Est. reading time":"3 minutes"},"schema":{"@context":"https:\/\/schema.org","@graph":[{"@type":"WebPage","@id":"https:\/\/www.cercledart.com\/en\/produit\/richard-mille-monographie-3\/","url":"https:\/\/www.cercledart.com\/en\/produit\/richard-mille-monographie-3\/","name":"RICHARD MILLE - Monographie III\uff5c\u00c9dition anglaise - \u00c9ditions Cercle d&#039;Art","isPartOf":{"@id":"https:\/\/www.cercledart.com\/en\/#website"},"primaryImageOfPage":{"@id":"https:\/\/www.cercledart.com\/en\/produit\/richard-mille-monographie-3\/#primaryimage"},"image":{"@id":"https:\/\/www.cercledart.com\/en\/produit\/richard-mille-monographie-3\/#primaryimage"},"thumbnailUrl":"https:\/\/www.cercledart.com\/wp-content\/uploads\/2025\/07\/Mono3_Plat1.png","datePublished":"2025-07-22T14:56:10+00:00","dateModified":"2025-12-06T09:01:39+00:00","description":"D\u00e9couvrez Richard Mille \u2013 Monographie (III), un volume d\u2019exception qui explore les cr\u00e9ations les plus innovantes de la marque.","breadcrumb":{"@id":"https:\/\/www.cercledart.com\/en\/produit\/richard-mille-monographie-3\/#breadcrumb"},"inLanguage":"en-US","potentialAction":[{"@type":"ReadAction","target":["https:\/\/www.cercledart.com\/en\/produit\/richard-mille-monographie-3\/"]}]},{"@type":"ImageObject","inLanguage":"en-US","@id":"https:\/\/www.cercledart.com\/en\/produit\/richard-mille-monographie-3\/#primaryimage","url":"https:\/\/www.cercledart.com\/wp-content\/uploads\/2025\/07\/Mono3_Plat1.png","contentUrl":"https:\/\/www.cercledart.com\/wp-content\/uploads\/2025\/07\/Mono3_Plat1.png","width":909,"height":1050},{"@type":"BreadcrumbList","@id":"https:\/\/www.cercledart.com\/en\/produit\/richard-mille-monographie-3\/#breadcrumb","itemListElement":[{"@type":"ListItem","position":1,"name":"Accueil","item":"https:\/\/www.cercledart.com\/en\/"},{"@type":"ListItem","position":2,"name":"Shop","item":"https:\/\/www.cercledart.com\/en\/shop\/"},{"@type":"ListItem","position":3,"name":"RICHARD MILLE &#8211; Monographie III\uff5c\u00c9dition anglaise"}]},{"@type":"WebSite","@id":"https:\/\/www.cercledart.com\/en\/#website","url":"https:\/\/www.cercledart.com\/en\/","name":"\u00c9ditions Cercle d&#039;Art","description":"","publisher":{"@id":"https:\/\/www.cercledart.com\/en\/#organization"},"potentialAction":[{"@type":"SearchAction","target":{"@type":"EntryPoint","urlTemplate":"https:\/\/www.cercledart.com\/en\/?s={search_term_string}"},"query-input":{"@type":"PropertyValueSpecification","valueRequired":true,"valueName":"search_term_string"}}],"inLanguage":"en-US"},{"@type":"Organization","@id":"https:\/\/www.cercledart.com\/en\/#organization","name":"Cercle d'Art","url":"https:\/\/www.cercledart.com\/en\/","logo":{"@type":"ImageObject","inLanguage":"en-US","@id":"https:\/\/www.cercledart.com\/en\/#\/schema\/logo\/image\/","url":"https:\/\/www.cercledart.com\/wp-content\/uploads\/2025\/04\/LogoCA2025.png","contentUrl":"https:\/\/www.cercledart.com\/wp-content\/uploads\/2025\/04\/LogoCA2025.png","width":896,"height":101,"caption":"Cercle d'Art"},"image":{"@id":"https:\/\/www.cercledart.com\/en\/#\/schema\/logo\/image\/"}}]}},"_links":{"self":[{"href":"https:\/\/www.cercledart.com\/en\/wp-json\/wp\/v2\/product\/52038","targetHints":{"allow":["GET"]}}],"collection":[{"href":"https:\/\/www.cercledart.com\/en\/wp-json\/wp\/v2\/product"}],"about":[{"href":"https:\/\/www.cercledart.com\/en\/wp-json\/wp\/v2\/types\/product"}],"wp:featuredmedia":[{"embeddable":true,"href":"https:\/\/www.cercledart.com\/en\/wp-json\/wp\/v2\/media\/52213"}],"wp:attachment":[{"href":"https:\/\/www.cercledart.com\/en\/wp-json\/wp\/v2\/media?parent=52038"}],"wp:term":[{"taxonomy":"product_brand","embeddable":true,"href":"https:\/\/www.cercledart.com\/en\/wp-json\/wp\/v2\/product_brand?post=52038"},{"taxonomy":"product_cat","embeddable":true,"href":"https:\/\/www.cercledart.com\/en\/wp-json\/wp\/v2\/product_cat?post=52038"},{"taxonomy":"product_tag","embeddable":true,"href":"https:\/\/www.cercledart.com\/en\/wp-json\/wp\/v2\/product_tag?post=52038"}],"curies":[{"name":"wp","href":"https:\/\/api.w.org\/{rel}","templated":true}]}}