{"id":51420,"date":"2012-11-11T17:08:26","date_gmt":"2012-11-11T17:08:26","guid":{"rendered":"https:\/\/www.cercledart.com\/produit\/guinan\/"},"modified":"2025-05-02T13:53:34","modified_gmt":"2025-05-02T11:53:34","slug":"guinan","status":"publish","type":"product","link":"https:\/\/www.cercledart.com\/en\/produit\/guinan\/","title":{"rendered":"Guinan"},"content":{"rendered":"<p>De souche \u00e9cossaise, Guinan est am\u00e9ricain et fix\u00e9 \u00e0 Chicago. Il a men\u00e9 une dure lutte au sein de sa famille pour faire accepter son d\u00e9sir de devenir &#8220;artiste&#8221;.<br \/>\nL&#8217;arm\u00e9e lui a permis de d\u00e9couvrir le Proche-Orient et, parfois, il croit reconna\u00eetrel&#8217;atmosph\u00e8re des souks dans les faubourgs de Chicago! Mais ce\u00a0sont surtout, le long de ses rues pr\u00e9f\u00e9r\u00e9es, des fa\u00e7ades vides, des entrep\u00f4ts, des chantiers, des bars et des bo\u00eetes\u00a0pris dans une lumi\u00e8re glauque, toute une po\u00e9sie urbaine de jour et de nuit, qui l&#8217;attire:un monde en suspens et en sursis, promis \u00e0 la disparition progressive, \u00eelot de diff\u00e9rences, ghetto de marginalit\u00e9, lieu contradictoire d&#8217;exclusion et de chauds r\u00e9seaux humains.<\/p>\n<p>Il partage sa vie entre sa propre famille, son travail artistique et les relations ou amis de cet univers: prostitu\u00e9es, prox\u00e9n\u00e8tes, drogu\u00e9s, marginaux de toute esp\u00e8ce, une humanit\u00e9 \u00e0 l&#8217;\u00e9cart. Son attitude me fait penser \u00e0 Van Gogh des bistrots et des bordels d&#8217;Arles dans les ann\u00e9es 1880 avec son regard \u00e9tincelant de tendresse fraternelle qu&#8217;il portait sur les &#8220;terribles passions humaines&#8221;, sur la solitude et la demande d&#8217;amour des \u00eatres simples.<\/p>\n<p>Les premi\u00e8res oeuvres de Guinan sont des autels-reliquaires, des collages parqu\u00e9s par l&#8217;admiration pour Genet et son op\u00e9ra de l&#8217;abjection transfigur\u00e9, qui l&#8217;ont conduit vers une peinture r\u00e9aliste l\u00e9g\u00e8rement expressionniste, tout \u00e0 fait solitaire aux U.S.A. malgr\u00e9 une \u00e9cole de Chicago qui compte d&#8217;autres peintres r\u00e9alistes. Si l&#8217;on veut le relier par affinit\u00e9 avec une peinture produite \u00e0 Paris, il faut songer \u00e0 une cha\u00eene arbitraire qui unirait Toulouse-Lautrec \u00e0 Pascin et \u00e0 Gruber. La vibration inqui\u00e8te et ultrasensible du trait enregistre l&#8217;intensit\u00e9 banale des \u00eatres et des choses, les modulations de gris de plus en plus affin\u00e9s \u00e9loignent peu \u00e0 peu les couleurs jaunes, vertes rouges. Le cr\u00e9puscule d&#8217;une Am\u00e9rique tout autre que ses mod\u00e8les culturels d&#8217;exportation dans le monde, transmu\u00e9 en une admirable peinture&#8230;Pierre Gaudibert<\/p>\n","protected":false},"excerpt":{"rendered":"<p>De souche \u00e9cossaise, Guinan est am\u00e9ricain et fix\u00e9 \u00e0 Chicago. Il a men\u00e9 une dure lutte au sein de sa famille pour faire accepter son d\u00e9sir de devenir &#8220;artiste&#8221;. L&#8217;arm\u00e9e lui a permis de d\u00e9couvrir le Proche-Orient et, parfois, il croit reconna\u00eetrel&#8217;atmosph\u00e8re des souks dans les faubourgs de Chicago! Mais ce\u00a0sont surtout, le long de [&hellip;]<\/p>\n","protected":false},"featured_media":5054,"template":"","meta":{"_acf_changed":false,"om_disable_all_campaigns":false,"_exactmetrics_skip_tracking":false,"_exactmetrics_sitenote_active":false,"_exactmetrics_sitenote_note":"","_exactmetrics_sitenote_category":0,"_monsterinsights_skip_tracking":false,"_monsterinsights_sitenote_active":false,"_monsterinsights_sitenote_note":"","_monsterinsights_sitenote_category":0,"_uf_show_specific_survey":0,"_uf_disable_surveys":false},"product_brand":[],"product_cat":[528,546],"product_tag":[],"class_list":{"0":"post-51420","1":"product","2":"type-product","3":"status-publish","4":"has-post-thumbnail","6":"product_cat-livres","7":"product_cat-non-categorise","10":"first","11":"outofstock","12":"taxable","13":"shipping-taxable","14":"purchasable","15":"product-type-simple"},"acf":[],"yoast_head":"<!-- This site is optimized with the Yoast SEO plugin v27.5 - https:\/\/yoast.com\/product\/yoast-seo-wordpress\/ -->\n<title>Guinan - \u00c9ditions Cercle d&#039;Art<\/title>\n<meta name=\"robots\" content=\"index, follow, max-snippet:-1, max-image-preview:large, max-video-preview:-1\" \/>\n<link rel=\"canonical\" href=\"https:\/\/www.cercledart.com\/en\/produit\/guinan\/\" \/>\n<meta property=\"og:locale\" content=\"en_US\" \/>\n<meta property=\"og:type\" content=\"article\" \/>\n<meta property=\"og:title\" content=\"Guinan - \u00c9ditions Cercle d&#039;Art\" \/>\n<meta property=\"og:description\" content=\"De souche \u00e9cossaise, Guinan est am\u00e9ricain et fix\u00e9 \u00e0 Chicago. Il a men\u00e9 une dure lutte au sein de sa famille pour faire accepter son d\u00e9sir de devenir &#8220;artiste&#8221;. L&#8217;arm\u00e9e lui a permis de d\u00e9couvrir le Proche-Orient et, parfois, il croit reconna\u00eetrel&#8217;atmosph\u00e8re des souks dans les faubourgs de Chicago! Mais ce\u00a0sont surtout, le long de [&hellip;]\" \/>\n<meta property=\"og:url\" content=\"https:\/\/www.cercledart.com\/en\/produit\/guinan\/\" \/>\n<meta property=\"og:site_name\" content=\"\u00c9ditions Cercle d&#039;Art\" \/>\n<meta property=\"article:modified_time\" content=\"2025-05-02T11:53:34+00:00\" \/>\n<meta property=\"og:image\" content=\"https:\/\/www.cercledart.com\/wp-content\/uploads\/2012\/11\/guinan.jpg\" \/>\n\t<meta property=\"og:image:width\" content=\"300\" \/>\n\t<meta property=\"og:image:height\" content=\"355\" \/>\n\t<meta property=\"og:image:type\" content=\"image\/jpeg\" \/>\n<meta name=\"twitter:card\" content=\"summary_large_image\" \/>\n<meta name=\"twitter:label1\" content=\"Est. reading time\" \/>\n\t<meta name=\"twitter:data1\" content=\"2 minutes\" \/>\n<script type=\"application\/ld+json\" class=\"yoast-schema-graph\">{\"@context\":\"https:\\\/\\\/schema.org\",\"@graph\":[{\"@type\":\"WebPage\",\"@id\":\"https:\\\/\\\/www.cercledart.com\\\/en\\\/produit\\\/guinan\\\/\",\"url\":\"https:\\\/\\\/www.cercledart.com\\\/en\\\/produit\\\/guinan\\\/\",\"name\":\"Guinan - \u00c9ditions Cercle d&#039;Art\",\"isPartOf\":{\"@id\":\"https:\\\/\\\/www.cercledart.com\\\/en\\\/#website\"},\"primaryImageOfPage\":{\"@id\":\"https:\\\/\\\/www.cercledart.com\\\/en\\\/produit\\\/guinan\\\/#primaryimage\"},\"image\":{\"@id\":\"https:\\\/\\\/www.cercledart.com\\\/en\\\/produit\\\/guinan\\\/#primaryimage\"},\"thumbnailUrl\":\"https:\\\/\\\/www.cercledart.com\\\/wp-content\\\/uploads\\\/2012\\\/11\\\/guinan.jpg\",\"datePublished\":\"2012-11-11T17:08:26+00:00\",\"dateModified\":\"2025-05-02T11:53:34+00:00\",\"breadcrumb\":{\"@id\":\"https:\\\/\\\/www.cercledart.com\\\/en\\\/produit\\\/guinan\\\/#breadcrumb\"},\"inLanguage\":\"en-US\",\"potentialAction\":[{\"@type\":\"ReadAction\",\"target\":[\"https:\\\/\\\/www.cercledart.com\\\/en\\\/produit\\\/guinan\\\/\"]}]},{\"@type\":\"ImageObject\",\"inLanguage\":\"en-US\",\"@id\":\"https:\\\/\\\/www.cercledart.com\\\/en\\\/produit\\\/guinan\\\/#primaryimage\",\"url\":\"https:\\\/\\\/www.cercledart.com\\\/wp-content\\\/uploads\\\/2012\\\/11\\\/guinan.jpg\",\"contentUrl\":\"https:\\\/\\\/www.cercledart.com\\\/wp-content\\\/uploads\\\/2012\\\/11\\\/guinan.jpg\",\"width\":300,\"height\":355},{\"@type\":\"BreadcrumbList\",\"@id\":\"https:\\\/\\\/www.cercledart.com\\\/en\\\/produit\\\/guinan\\\/#breadcrumb\",\"itemListElement\":[{\"@type\":\"ListItem\",\"position\":1,\"name\":\"Accueil\",\"item\":\"https:\\\/\\\/www.cercledart.com\\\/en\\\/\"},{\"@type\":\"ListItem\",\"position\":2,\"name\":\"Shop\",\"item\":\"https:\\\/\\\/www.cercledart.com\\\/en\\\/shop\\\/\"},{\"@type\":\"ListItem\",\"position\":3,\"name\":\"Guinan\"}]},{\"@type\":\"WebSite\",\"@id\":\"https:\\\/\\\/www.cercledart.com\\\/en\\\/#website\",\"url\":\"https:\\\/\\\/www.cercledart.com\\\/en\\\/\",\"name\":\"\u00c9ditions Cercle d&#039;Art\",\"description\":\"\",\"publisher\":{\"@id\":\"https:\\\/\\\/www.cercledart.com\\\/en\\\/#organization\"},\"potentialAction\":[{\"@type\":\"SearchAction\",\"target\":{\"@type\":\"EntryPoint\",\"urlTemplate\":\"https:\\\/\\\/www.cercledart.com\\\/en\\\/?s={search_term_string}\"},\"query-input\":{\"@type\":\"PropertyValueSpecification\",\"valueRequired\":true,\"valueName\":\"search_term_string\"}}],\"inLanguage\":\"en-US\"},{\"@type\":\"Organization\",\"@id\":\"https:\\\/\\\/www.cercledart.com\\\/en\\\/#organization\",\"name\":\"Cercle d'Art\",\"url\":\"https:\\\/\\\/www.cercledart.com\\\/en\\\/\",\"logo\":{\"@type\":\"ImageObject\",\"inLanguage\":\"en-US\",\"@id\":\"https:\\\/\\\/www.cercledart.com\\\/en\\\/#\\\/schema\\\/logo\\\/image\\\/\",\"url\":\"https:\\\/\\\/www.cercledart.com\\\/wp-content\\\/uploads\\\/2025\\\/04\\\/LogoCA2025.png\",\"contentUrl\":\"https:\\\/\\\/www.cercledart.com\\\/wp-content\\\/uploads\\\/2025\\\/04\\\/LogoCA2025.png\",\"width\":896,\"height\":101,\"caption\":\"Cercle d'Art\"},\"image\":{\"@id\":\"https:\\\/\\\/www.cercledart.com\\\/en\\\/#\\\/schema\\\/logo\\\/image\\\/\"}}]}<\/script>\n<!-- \/ Yoast SEO plugin. -->","yoast_head_json":{"title":"Guinan - \u00c9ditions Cercle d&#039;Art","robots":{"index":"index","follow":"follow","max-snippet":"max-snippet:-1","max-image-preview":"max-image-preview:large","max-video-preview":"max-video-preview:-1"},"canonical":"https:\/\/www.cercledart.com\/en\/produit\/guinan\/","og_locale":"en_US","og_type":"article","og_title":"Guinan - \u00c9ditions Cercle d&#039;Art","og_description":"De souche \u00e9cossaise, Guinan est am\u00e9ricain et fix\u00e9 \u00e0 Chicago. Il a men\u00e9 une dure lutte au sein de sa famille pour faire accepter son d\u00e9sir de devenir &#8220;artiste&#8221;. L&#8217;arm\u00e9e lui a permis de d\u00e9couvrir le Proche-Orient et, parfois, il croit reconna\u00eetrel&#8217;atmosph\u00e8re des souks dans les faubourgs de Chicago! Mais ce\u00a0sont surtout, le long de [&hellip;]","og_url":"https:\/\/www.cercledart.com\/en\/produit\/guinan\/","og_site_name":"\u00c9ditions Cercle d&#039;Art","article_modified_time":"2025-05-02T11:53:34+00:00","og_image":[{"width":300,"height":355,"url":"https:\/\/www.cercledart.com\/wp-content\/uploads\/2012\/11\/guinan.jpg","type":"image\/jpeg"}],"twitter_card":"summary_large_image","twitter_misc":{"Est. reading time":"2 minutes"},"schema":{"@context":"https:\/\/schema.org","@graph":[{"@type":"WebPage","@id":"https:\/\/www.cercledart.com\/en\/produit\/guinan\/","url":"https:\/\/www.cercledart.com\/en\/produit\/guinan\/","name":"Guinan - \u00c9ditions Cercle d&#039;Art","isPartOf":{"@id":"https:\/\/www.cercledart.com\/en\/#website"},"primaryImageOfPage":{"@id":"https:\/\/www.cercledart.com\/en\/produit\/guinan\/#primaryimage"},"image":{"@id":"https:\/\/www.cercledart.com\/en\/produit\/guinan\/#primaryimage"},"thumbnailUrl":"https:\/\/www.cercledart.com\/wp-content\/uploads\/2012\/11\/guinan.jpg","datePublished":"2012-11-11T17:08:26+00:00","dateModified":"2025-05-02T11:53:34+00:00","breadcrumb":{"@id":"https:\/\/www.cercledart.com\/en\/produit\/guinan\/#breadcrumb"},"inLanguage":"en-US","potentialAction":[{"@type":"ReadAction","target":["https:\/\/www.cercledart.com\/en\/produit\/guinan\/"]}]},{"@type":"ImageObject","inLanguage":"en-US","@id":"https:\/\/www.cercledart.com\/en\/produit\/guinan\/#primaryimage","url":"https:\/\/www.cercledart.com\/wp-content\/uploads\/2012\/11\/guinan.jpg","contentUrl":"https:\/\/www.cercledart.com\/wp-content\/uploads\/2012\/11\/guinan.jpg","width":300,"height":355},{"@type":"BreadcrumbList","@id":"https:\/\/www.cercledart.com\/en\/produit\/guinan\/#breadcrumb","itemListElement":[{"@type":"ListItem","position":1,"name":"Accueil","item":"https:\/\/www.cercledart.com\/en\/"},{"@type":"ListItem","position":2,"name":"Shop","item":"https:\/\/www.cercledart.com\/en\/shop\/"},{"@type":"ListItem","position":3,"name":"Guinan"}]},{"@type":"WebSite","@id":"https:\/\/www.cercledart.com\/en\/#website","url":"https:\/\/www.cercledart.com\/en\/","name":"\u00c9ditions Cercle d&#039;Art","description":"","publisher":{"@id":"https:\/\/www.cercledart.com\/en\/#organization"},"potentialAction":[{"@type":"SearchAction","target":{"@type":"EntryPoint","urlTemplate":"https:\/\/www.cercledart.com\/en\/?s={search_term_string}"},"query-input":{"@type":"PropertyValueSpecification","valueRequired":true,"valueName":"search_term_string"}}],"inLanguage":"en-US"},{"@type":"Organization","@id":"https:\/\/www.cercledart.com\/en\/#organization","name":"Cercle d'Art","url":"https:\/\/www.cercledart.com\/en\/","logo":{"@type":"ImageObject","inLanguage":"en-US","@id":"https:\/\/www.cercledart.com\/en\/#\/schema\/logo\/image\/","url":"https:\/\/www.cercledart.com\/wp-content\/uploads\/2025\/04\/LogoCA2025.png","contentUrl":"https:\/\/www.cercledart.com\/wp-content\/uploads\/2025\/04\/LogoCA2025.png","width":896,"height":101,"caption":"Cercle d'Art"},"image":{"@id":"https:\/\/www.cercledart.com\/en\/#\/schema\/logo\/image\/"}}]}},"_links":{"self":[{"href":"https:\/\/www.cercledart.com\/en\/wp-json\/wp\/v2\/product\/51420","targetHints":{"allow":["GET"]}}],"collection":[{"href":"https:\/\/www.cercledart.com\/en\/wp-json\/wp\/v2\/product"}],"about":[{"href":"https:\/\/www.cercledart.com\/en\/wp-json\/wp\/v2\/types\/product"}],"wp:featuredmedia":[{"embeddable":true,"href":"https:\/\/www.cercledart.com\/en\/wp-json\/wp\/v2\/media\/5054"}],"wp:attachment":[{"href":"https:\/\/www.cercledart.com\/en\/wp-json\/wp\/v2\/media?parent=51420"}],"wp:term":[{"taxonomy":"product_brand","embeddable":true,"href":"https:\/\/www.cercledart.com\/en\/wp-json\/wp\/v2\/product_brand?post=51420"},{"taxonomy":"product_cat","embeddable":true,"href":"https:\/\/www.cercledart.com\/en\/wp-json\/wp\/v2\/product_cat?post=51420"},{"taxonomy":"product_tag","embeddable":true,"href":"https:\/\/www.cercledart.com\/en\/wp-json\/wp\/v2\/product_tag?post=51420"}],"curies":[{"name":"wp","href":"https:\/\/api.w.org\/{rel}","templated":true}]}}