{"id":51407,"date":"2012-11-11T17:08:26","date_gmt":"2012-11-11T17:08:26","guid":{"rendered":"https:\/\/www.cercledart.com\/produit\/bernard-quentin\/"},"modified":"2025-05-02T13:53:34","modified_gmt":"2025-05-02T11:53:34","slug":"bernard-quentin","status":"publish","type":"product","link":"https:\/\/www.cercledart.com\/en\/produit\/bernard-quentin\/","title":{"rendered":"Bernard Quentin"},"content":{"rendered":"<p>La probl\u00e8matique de l&#8217;art suscite cette exp\u00e9rimentation incessante des proc\u00e9d\u00e9s et des mat\u00e9riaux \u00e0 laquelle Quentin se livre hardiment, souvent en pionnier. Son oeuvre multiforme a pour ressort d\u00e9terminant l&#8217;\u00e9criture, des graphes intimes aux mots volum\u00e8triques. La v\u00e9rit\u00e9 d&#8217;un cr\u00e9ateur tient \u00e0\u00a0la coh\u00e9rence de sa d\u00e9marche<br \/>\net \u00e0 la force\u00a0 de ses obsessions. Durant son enfance picarde, Quentin se pla\u00eet \u00e0 calligraphier ses cahiers d&#8217;\u00e9colier et son p\u00e8re architecte l&#8217;emm\u00e8ne sur les chantiers. Il est d\u00e9j\u00e0 saisi par ce qui sera la double hantise, les lettres et les monuments, dont il op\u00e8re aujourd&#8217;hui la symbiose.<br \/>\nLes relations entre signe, \u00e9criture et peinture \u00e9tablies successivement par le cubisme, le futurisme<br \/>\net le surr\u00e9alisme se d\u00e9veloppent sur les sch\u00e8mes nouveaux, attirent un nombre croissant d&#8217;artistes<br \/>\nparmi lesquels Quentin se d\u00e9tache par l&#8217;ampleur, la persistance et la vari\u00e9t\u00e9 de ses contributions.<br \/>\nL&#8217;apparition de l&#8217;\u00e9criture est un ph\u00e9nom\u00e8ne r\u00e9cent dans la longue aventure humaine et la prise de conscience de sa sp\u00e9cificit\u00e9 n&#8217;intervient qu&#8217;au moment o\u00f9 son r\u00f4le d\u00e9cline. Le d\u00e9chiffrement des \u00e9critures anciennes va de pair avec l&#8217;essor de la linguistique et l&#8217;exploration de la Pr\u00e9histoire. Le dialogue s&#8217;intensifie entre la civilisation occidentale du logos, o\u00f9 l&#8217;image et le mot ne sont dissoci\u00e9s, et la civilisation extr\u00eame-orientale du signe, fid\u00e8le \u00e0 la pictographie initiale.<br \/>\nL&#8217;empire chinois s&#8217;est unifi\u00e9 sur l&#8217;h\u00e9g\u00e9monie de son \u00e9criture comme langue graphique.<br \/>\nQuentin maintient sa foi dans le pouvoir sacral et rituel de l&#8217;\u00e9criture. Pour la f\u00eate d&#8217;un jour et sa jouissance collective, il ouvre aux pi\u00e9tons de Paris les rues po\u00e8mes, lance dans la Nuit de No\u00ebl, comme salves d&#8217;espoir ses mots-lumi\u00e8res. Il adopte l&#8217;\u00e9criture v\u00e9g\u00e9tale pour figurer ses labyrinthes et ses jardins recueillis, de type Zen. Il r\u00eave de parapher des r\u00e9gions enti\u00e8res, en Normandie, en V\u00e9n\u00e9tie, avec des noms \u00e9vocatoires que l&#8217;on puisse lire de l&#8217;autoroute en vue <em>anaramique<\/em>, de d\u00e9rouler par anamorphoses, les versets du Coran sur les voies du d\u00e9sert, en Arabie.<\/p>\n<p>&nbsp;<\/p>\n<p>&nbsp;<\/p>\n","protected":false},"excerpt":{"rendered":"<p>La probl\u00e8matique de l&#8217;art suscite cette exp\u00e9rimentation incessante des proc\u00e9d\u00e9s et des mat\u00e9riaux \u00e0 laquelle Quentin se livre hardiment, souvent en pionnier. Son oeuvre multiforme a pour ressort d\u00e9terminant l&#8217;\u00e9criture, des graphes intimes aux mots volum\u00e8triques. La v\u00e9rit\u00e9 d&#8217;un cr\u00e9ateur tient \u00e0\u00a0la coh\u00e9rence de sa d\u00e9marche et \u00e0 la force\u00a0 de ses obsessions. Durant son [&hellip;]<\/p>\n","protected":false},"featured_media":4631,"template":"","meta":{"_acf_changed":false,"om_disable_all_campaigns":false,"_exactmetrics_skip_tracking":false,"_exactmetrics_sitenote_active":false,"_exactmetrics_sitenote_note":"","_exactmetrics_sitenote_category":0,"_monsterinsights_skip_tracking":false,"_monsterinsights_sitenote_active":false,"_monsterinsights_sitenote_note":"","_monsterinsights_sitenote_category":0,"_uf_show_specific_survey":0,"_uf_disable_surveys":false},"product_brand":[],"product_cat":[528,546],"product_tag":[],"class_list":{"0":"post-51407","1":"product","2":"type-product","3":"status-publish","4":"has-post-thumbnail","6":"product_cat-livres","7":"product_cat-non-categorise","10":"first","11":"outofstock","12":"taxable","13":"shipping-taxable","14":"purchasable","15":"product-type-simple"},"acf":[],"yoast_head":"<!-- This site is optimized with the Yoast SEO plugin v27.5 - https:\/\/yoast.com\/product\/yoast-seo-wordpress\/ -->\n<title>Bernard Quentin - \u00c9ditions Cercle d&#039;Art<\/title>\n<meta name=\"robots\" content=\"index, follow, max-snippet:-1, max-image-preview:large, max-video-preview:-1\" \/>\n<link rel=\"canonical\" href=\"https:\/\/www.cercledart.com\/en\/produit\/bernard-quentin\/\" \/>\n<meta property=\"og:locale\" content=\"en_US\" \/>\n<meta property=\"og:type\" content=\"article\" \/>\n<meta property=\"og:title\" content=\"Bernard Quentin - \u00c9ditions Cercle d&#039;Art\" \/>\n<meta property=\"og:description\" content=\"La probl\u00e8matique de l&#8217;art suscite cette exp\u00e9rimentation incessante des proc\u00e9d\u00e9s et des mat\u00e9riaux \u00e0 laquelle Quentin se livre hardiment, souvent en pionnier. Son oeuvre multiforme a pour ressort d\u00e9terminant l&#8217;\u00e9criture, des graphes intimes aux mots volum\u00e8triques. La v\u00e9rit\u00e9 d&#8217;un cr\u00e9ateur tient \u00e0\u00a0la coh\u00e9rence de sa d\u00e9marche et \u00e0 la force\u00a0 de ses obsessions. Durant son [&hellip;]\" \/>\n<meta property=\"og:url\" content=\"https:\/\/www.cercledart.com\/en\/produit\/bernard-quentin\/\" \/>\n<meta property=\"og:site_name\" content=\"\u00c9ditions Cercle d&#039;Art\" \/>\n<meta property=\"article:modified_time\" content=\"2025-05-02T11:53:34+00:00\" \/>\n<meta property=\"og:image\" content=\"https:\/\/www.cercledart.com\/wp-content\/uploads\/2012\/11\/293_quentin.jpg\" \/>\n\t<meta property=\"og:image:width\" content=\"327\" \/>\n\t<meta property=\"og:image:height\" content=\"400\" \/>\n\t<meta property=\"og:image:type\" content=\"image\/jpeg\" \/>\n<meta name=\"twitter:card\" content=\"summary_large_image\" \/>\n<meta name=\"twitter:label1\" content=\"Est. reading time\" \/>\n\t<meta name=\"twitter:data1\" content=\"2 minutes\" \/>\n<script type=\"application\/ld+json\" class=\"yoast-schema-graph\">{\"@context\":\"https:\\\/\\\/schema.org\",\"@graph\":[{\"@type\":\"WebPage\",\"@id\":\"https:\\\/\\\/www.cercledart.com\\\/en\\\/produit\\\/bernard-quentin\\\/\",\"url\":\"https:\\\/\\\/www.cercledart.com\\\/en\\\/produit\\\/bernard-quentin\\\/\",\"name\":\"Bernard Quentin - \u00c9ditions Cercle d&#039;Art\",\"isPartOf\":{\"@id\":\"https:\\\/\\\/www.cercledart.com\\\/en\\\/#website\"},\"primaryImageOfPage\":{\"@id\":\"https:\\\/\\\/www.cercledart.com\\\/en\\\/produit\\\/bernard-quentin\\\/#primaryimage\"},\"image\":{\"@id\":\"https:\\\/\\\/www.cercledart.com\\\/en\\\/produit\\\/bernard-quentin\\\/#primaryimage\"},\"thumbnailUrl\":\"https:\\\/\\\/www.cercledart.com\\\/wp-content\\\/uploads\\\/2012\\\/11\\\/293_quentin.jpg\",\"datePublished\":\"2012-11-11T17:08:26+00:00\",\"dateModified\":\"2025-05-02T11:53:34+00:00\",\"breadcrumb\":{\"@id\":\"https:\\\/\\\/www.cercledart.com\\\/en\\\/produit\\\/bernard-quentin\\\/#breadcrumb\"},\"inLanguage\":\"en-US\",\"potentialAction\":[{\"@type\":\"ReadAction\",\"target\":[\"https:\\\/\\\/www.cercledart.com\\\/en\\\/produit\\\/bernard-quentin\\\/\"]}]},{\"@type\":\"ImageObject\",\"inLanguage\":\"en-US\",\"@id\":\"https:\\\/\\\/www.cercledart.com\\\/en\\\/produit\\\/bernard-quentin\\\/#primaryimage\",\"url\":\"https:\\\/\\\/www.cercledart.com\\\/wp-content\\\/uploads\\\/2012\\\/11\\\/293_quentin.jpg\",\"contentUrl\":\"https:\\\/\\\/www.cercledart.com\\\/wp-content\\\/uploads\\\/2012\\\/11\\\/293_quentin.jpg\",\"width\":327,\"height\":400},{\"@type\":\"BreadcrumbList\",\"@id\":\"https:\\\/\\\/www.cercledart.com\\\/en\\\/produit\\\/bernard-quentin\\\/#breadcrumb\",\"itemListElement\":[{\"@type\":\"ListItem\",\"position\":1,\"name\":\"Accueil\",\"item\":\"https:\\\/\\\/www.cercledart.com\\\/en\\\/\"},{\"@type\":\"ListItem\",\"position\":2,\"name\":\"Shop\",\"item\":\"https:\\\/\\\/www.cercledart.com\\\/en\\\/shop\\\/\"},{\"@type\":\"ListItem\",\"position\":3,\"name\":\"Bernard Quentin\"}]},{\"@type\":\"WebSite\",\"@id\":\"https:\\\/\\\/www.cercledart.com\\\/en\\\/#website\",\"url\":\"https:\\\/\\\/www.cercledart.com\\\/en\\\/\",\"name\":\"\u00c9ditions Cercle d&#039;Art\",\"description\":\"\",\"publisher\":{\"@id\":\"https:\\\/\\\/www.cercledart.com\\\/en\\\/#organization\"},\"potentialAction\":[{\"@type\":\"SearchAction\",\"target\":{\"@type\":\"EntryPoint\",\"urlTemplate\":\"https:\\\/\\\/www.cercledart.com\\\/en\\\/?s={search_term_string}\"},\"query-input\":{\"@type\":\"PropertyValueSpecification\",\"valueRequired\":true,\"valueName\":\"search_term_string\"}}],\"inLanguage\":\"en-US\"},{\"@type\":\"Organization\",\"@id\":\"https:\\\/\\\/www.cercledart.com\\\/en\\\/#organization\",\"name\":\"Cercle d'Art\",\"url\":\"https:\\\/\\\/www.cercledart.com\\\/en\\\/\",\"logo\":{\"@type\":\"ImageObject\",\"inLanguage\":\"en-US\",\"@id\":\"https:\\\/\\\/www.cercledart.com\\\/en\\\/#\\\/schema\\\/logo\\\/image\\\/\",\"url\":\"https:\\\/\\\/www.cercledart.com\\\/wp-content\\\/uploads\\\/2025\\\/04\\\/LogoCA2025.png\",\"contentUrl\":\"https:\\\/\\\/www.cercledart.com\\\/wp-content\\\/uploads\\\/2025\\\/04\\\/LogoCA2025.png\",\"width\":896,\"height\":101,\"caption\":\"Cercle d'Art\"},\"image\":{\"@id\":\"https:\\\/\\\/www.cercledart.com\\\/en\\\/#\\\/schema\\\/logo\\\/image\\\/\"}}]}<\/script>\n<!-- \/ Yoast SEO plugin. -->","yoast_head_json":{"title":"Bernard Quentin - \u00c9ditions Cercle d&#039;Art","robots":{"index":"index","follow":"follow","max-snippet":"max-snippet:-1","max-image-preview":"max-image-preview:large","max-video-preview":"max-video-preview:-1"},"canonical":"https:\/\/www.cercledart.com\/en\/produit\/bernard-quentin\/","og_locale":"en_US","og_type":"article","og_title":"Bernard Quentin - \u00c9ditions Cercle d&#039;Art","og_description":"La probl\u00e8matique de l&#8217;art suscite cette exp\u00e9rimentation incessante des proc\u00e9d\u00e9s et des mat\u00e9riaux \u00e0 laquelle Quentin se livre hardiment, souvent en pionnier. Son oeuvre multiforme a pour ressort d\u00e9terminant l&#8217;\u00e9criture, des graphes intimes aux mots volum\u00e8triques. La v\u00e9rit\u00e9 d&#8217;un cr\u00e9ateur tient \u00e0\u00a0la coh\u00e9rence de sa d\u00e9marche et \u00e0 la force\u00a0 de ses obsessions. Durant son [&hellip;]","og_url":"https:\/\/www.cercledart.com\/en\/produit\/bernard-quentin\/","og_site_name":"\u00c9ditions Cercle d&#039;Art","article_modified_time":"2025-05-02T11:53:34+00:00","og_image":[{"width":327,"height":400,"url":"https:\/\/www.cercledart.com\/wp-content\/uploads\/2012\/11\/293_quentin.jpg","type":"image\/jpeg"}],"twitter_card":"summary_large_image","twitter_misc":{"Est. reading time":"2 minutes"},"schema":{"@context":"https:\/\/schema.org","@graph":[{"@type":"WebPage","@id":"https:\/\/www.cercledart.com\/en\/produit\/bernard-quentin\/","url":"https:\/\/www.cercledart.com\/en\/produit\/bernard-quentin\/","name":"Bernard Quentin - \u00c9ditions Cercle d&#039;Art","isPartOf":{"@id":"https:\/\/www.cercledart.com\/en\/#website"},"primaryImageOfPage":{"@id":"https:\/\/www.cercledart.com\/en\/produit\/bernard-quentin\/#primaryimage"},"image":{"@id":"https:\/\/www.cercledart.com\/en\/produit\/bernard-quentin\/#primaryimage"},"thumbnailUrl":"https:\/\/www.cercledart.com\/wp-content\/uploads\/2012\/11\/293_quentin.jpg","datePublished":"2012-11-11T17:08:26+00:00","dateModified":"2025-05-02T11:53:34+00:00","breadcrumb":{"@id":"https:\/\/www.cercledart.com\/en\/produit\/bernard-quentin\/#breadcrumb"},"inLanguage":"en-US","potentialAction":[{"@type":"ReadAction","target":["https:\/\/www.cercledart.com\/en\/produit\/bernard-quentin\/"]}]},{"@type":"ImageObject","inLanguage":"en-US","@id":"https:\/\/www.cercledart.com\/en\/produit\/bernard-quentin\/#primaryimage","url":"https:\/\/www.cercledart.com\/wp-content\/uploads\/2012\/11\/293_quentin.jpg","contentUrl":"https:\/\/www.cercledart.com\/wp-content\/uploads\/2012\/11\/293_quentin.jpg","width":327,"height":400},{"@type":"BreadcrumbList","@id":"https:\/\/www.cercledart.com\/en\/produit\/bernard-quentin\/#breadcrumb","itemListElement":[{"@type":"ListItem","position":1,"name":"Accueil","item":"https:\/\/www.cercledart.com\/en\/"},{"@type":"ListItem","position":2,"name":"Shop","item":"https:\/\/www.cercledart.com\/en\/shop\/"},{"@type":"ListItem","position":3,"name":"Bernard Quentin"}]},{"@type":"WebSite","@id":"https:\/\/www.cercledart.com\/en\/#website","url":"https:\/\/www.cercledart.com\/en\/","name":"\u00c9ditions Cercle d&#039;Art","description":"","publisher":{"@id":"https:\/\/www.cercledart.com\/en\/#organization"},"potentialAction":[{"@type":"SearchAction","target":{"@type":"EntryPoint","urlTemplate":"https:\/\/www.cercledart.com\/en\/?s={search_term_string}"},"query-input":{"@type":"PropertyValueSpecification","valueRequired":true,"valueName":"search_term_string"}}],"inLanguage":"en-US"},{"@type":"Organization","@id":"https:\/\/www.cercledart.com\/en\/#organization","name":"Cercle d'Art","url":"https:\/\/www.cercledart.com\/en\/","logo":{"@type":"ImageObject","inLanguage":"en-US","@id":"https:\/\/www.cercledart.com\/en\/#\/schema\/logo\/image\/","url":"https:\/\/www.cercledart.com\/wp-content\/uploads\/2025\/04\/LogoCA2025.png","contentUrl":"https:\/\/www.cercledart.com\/wp-content\/uploads\/2025\/04\/LogoCA2025.png","width":896,"height":101,"caption":"Cercle d'Art"},"image":{"@id":"https:\/\/www.cercledart.com\/en\/#\/schema\/logo\/image\/"}}]}},"_links":{"self":[{"href":"https:\/\/www.cercledart.com\/en\/wp-json\/wp\/v2\/product\/51407","targetHints":{"allow":["GET"]}}],"collection":[{"href":"https:\/\/www.cercledart.com\/en\/wp-json\/wp\/v2\/product"}],"about":[{"href":"https:\/\/www.cercledart.com\/en\/wp-json\/wp\/v2\/types\/product"}],"wp:featuredmedia":[{"embeddable":true,"href":"https:\/\/www.cercledart.com\/en\/wp-json\/wp\/v2\/media\/4631"}],"wp:attachment":[{"href":"https:\/\/www.cercledart.com\/en\/wp-json\/wp\/v2\/media?parent=51407"}],"wp:term":[{"taxonomy":"product_brand","embeddable":true,"href":"https:\/\/www.cercledart.com\/en\/wp-json\/wp\/v2\/product_brand?post=51407"},{"taxonomy":"product_cat","embeddable":true,"href":"https:\/\/www.cercledart.com\/en\/wp-json\/wp\/v2\/product_cat?post=51407"},{"taxonomy":"product_tag","embeddable":true,"href":"https:\/\/www.cercledart.com\/en\/wp-json\/wp\/v2\/product_tag?post=51407"}],"curies":[{"name":"wp","href":"https:\/\/api.w.org\/{rel}","templated":true}]}}