{"id":51384,"date":"2012-11-11T17:08:28","date_gmt":"2012-11-11T17:08:28","guid":{"rendered":"https:\/\/www.cercledart.com\/produit\/botero-la-peinture\/"},"modified":"2025-05-02T13:53:32","modified_gmt":"2025-05-02T11:53:32","slug":"botero-la-peinture","status":"publish","type":"product","link":"https:\/\/www.cercledart.com\/en\/produit\/botero-la-peinture\/","title":{"rendered":"Botero, La peinture"},"content":{"rendered":"<p>Le plus connu des artistes colombiens est aussi un artiste voyageur qui acherch\u00e9 et d\u00e9couvert ses rep\u00e8res dans l&#8217;histoire de l&#8217;art mondiale.<br \/>\nSud -am\u00e9ricain, il a \u00e9t\u00e9 marqu\u00e9 par le r\u00e9alisme m\u00e9xicain, mais reconna\u00eet aussi avoir \u00e9t\u00e9 fascin\u00e9 par Piero della francesca,Uccello, Titien et Ingres dont il aime lire les propos sur la peinture.<br \/>\nIndiff\u00e9rent aux modes, il a d&amp;fini son vocabulqire artistique, son langage pictural propre, compl\u00e9tement original mais fruit d&#8217;un enrichisssant m\u00e9tissage.<br \/>\nGilbert Lascault souligne la g\u00e9n\u00e9rosit\u00e9 de Botero.<br \/>\nBotero peint la figure humaine; il montre sa ville de Medellin, montre la f\u00eate, montre la corrida, mais ses sujets sont pretexes \u00e0 peindre<br \/>\nIl juge primordiale l&#8217;intervention de la m\u00e9moire, aui selon lui, lb\u00e8re, affranchit des st\u00e9r\u00e9otypes, et lui permet de r\u00e9pondre aux exigences de ka forme et de la couleur, aux exigences de la peinture. Il l&#8217;explique tr\u00e8s simplement:&#8221;J&#8217;aime les serpents parcequ&#8217;ils sont flexibles et qu&#8217;il y en a de multiples couleurs&#8221;.<\/p>\n","protected":false},"excerpt":{"rendered":"<p>Le plus connu des artistes colombiens est aussi un artiste voyageur qui acherch\u00e9 et d\u00e9couvert ses rep\u00e8res dans l&#8217;histoire de l&#8217;art mondiale. Sud -am\u00e9ricain, il a \u00e9t\u00e9 marqu\u00e9 par le r\u00e9alisme m\u00e9xicain, mais reconna\u00eet aussi avoir \u00e9t\u00e9 fascin\u00e9 par Piero della francesca,Uccello, Titien et Ingres dont il aime lire les propos sur la peinture. Indiff\u00e9rent [&hellip;]<\/p>\n","protected":false},"featured_media":5002,"template":"","meta":{"_acf_changed":false,"om_disable_all_campaigns":false,"_exactmetrics_skip_tracking":false,"_exactmetrics_sitenote_active":false,"_exactmetrics_sitenote_note":"","_exactmetrics_sitenote_category":0,"_monsterinsights_skip_tracking":false,"_monsterinsights_sitenote_active":false,"_monsterinsights_sitenote_note":"","_monsterinsights_sitenote_category":0,"_uf_show_specific_survey":0,"_uf_disable_surveys":false},"product_brand":[],"product_cat":[528,546],"product_tag":[],"class_list":{"0":"post-51384","1":"product","2":"type-product","3":"status-publish","4":"has-post-thumbnail","6":"product_cat-livres","7":"product_cat-non-categorise","10":"first","11":"outofstock","12":"taxable","13":"shipping-taxable","14":"purchasable","15":"product-type-simple"},"acf":[],"yoast_head":"<!-- This site is optimized with the Yoast SEO plugin v27.5 - https:\/\/yoast.com\/product\/yoast-seo-wordpress\/ -->\n<title>Botero, La peinture - \u00c9ditions Cercle d&#039;Art<\/title>\n<meta name=\"robots\" content=\"index, follow, max-snippet:-1, max-image-preview:large, max-video-preview:-1\" \/>\n<link rel=\"canonical\" href=\"https:\/\/www.cercledart.com\/en\/produit\/botero-la-peinture\/\" \/>\n<meta property=\"og:locale\" content=\"en_US\" \/>\n<meta property=\"og:type\" content=\"article\" \/>\n<meta property=\"og:title\" content=\"Botero, La peinture - \u00c9ditions Cercle d&#039;Art\" \/>\n<meta property=\"og:description\" content=\"Le plus connu des artistes colombiens est aussi un artiste voyageur qui acherch\u00e9 et d\u00e9couvert ses rep\u00e8res dans l&#8217;histoire de l&#8217;art mondiale. Sud -am\u00e9ricain, il a \u00e9t\u00e9 marqu\u00e9 par le r\u00e9alisme m\u00e9xicain, mais reconna\u00eet aussi avoir \u00e9t\u00e9 fascin\u00e9 par Piero della francesca,Uccello, Titien et Ingres dont il aime lire les propos sur la peinture. Indiff\u00e9rent [&hellip;]\" \/>\n<meta property=\"og:url\" content=\"https:\/\/www.cercledart.com\/en\/produit\/botero-la-peinture\/\" \/>\n<meta property=\"og:site_name\" content=\"\u00c9ditions Cercle d&#039;Art\" \/>\n<meta property=\"article:modified_time\" content=\"2025-05-02T11:53:32+00:00\" \/>\n<meta property=\"og:image\" content=\"https:\/\/www.cercledart.com\/wp-content\/uploads\/2012\/11\/botero_peinture.jpg\" \/>\n\t<meta property=\"og:image:width\" content=\"330\" \/>\n\t<meta property=\"og:image:height\" content=\"378\" \/>\n\t<meta property=\"og:image:type\" content=\"image\/jpeg\" \/>\n<meta name=\"twitter:card\" content=\"summary_large_image\" \/>\n<meta name=\"twitter:label1\" content=\"Est. reading time\" \/>\n\t<meta name=\"twitter:data1\" content=\"1 minute\" \/>\n<script type=\"application\/ld+json\" class=\"yoast-schema-graph\">{\"@context\":\"https:\\\/\\\/schema.org\",\"@graph\":[{\"@type\":\"WebPage\",\"@id\":\"https:\\\/\\\/www.cercledart.com\\\/en\\\/produit\\\/botero-la-peinture\\\/\",\"url\":\"https:\\\/\\\/www.cercledart.com\\\/en\\\/produit\\\/botero-la-peinture\\\/\",\"name\":\"Botero, La peinture - \u00c9ditions Cercle d&#039;Art\",\"isPartOf\":{\"@id\":\"https:\\\/\\\/www.cercledart.com\\\/en\\\/#website\"},\"primaryImageOfPage\":{\"@id\":\"https:\\\/\\\/www.cercledart.com\\\/en\\\/produit\\\/botero-la-peinture\\\/#primaryimage\"},\"image\":{\"@id\":\"https:\\\/\\\/www.cercledart.com\\\/en\\\/produit\\\/botero-la-peinture\\\/#primaryimage\"},\"thumbnailUrl\":\"https:\\\/\\\/www.cercledart.com\\\/wp-content\\\/uploads\\\/2012\\\/11\\\/botero_peinture.jpg\",\"datePublished\":\"2012-11-11T17:08:28+00:00\",\"dateModified\":\"2025-05-02T11:53:32+00:00\",\"breadcrumb\":{\"@id\":\"https:\\\/\\\/www.cercledart.com\\\/en\\\/produit\\\/botero-la-peinture\\\/#breadcrumb\"},\"inLanguage\":\"en-US\",\"potentialAction\":[{\"@type\":\"ReadAction\",\"target\":[\"https:\\\/\\\/www.cercledart.com\\\/en\\\/produit\\\/botero-la-peinture\\\/\"]}]},{\"@type\":\"ImageObject\",\"inLanguage\":\"en-US\",\"@id\":\"https:\\\/\\\/www.cercledart.com\\\/en\\\/produit\\\/botero-la-peinture\\\/#primaryimage\",\"url\":\"https:\\\/\\\/www.cercledart.com\\\/wp-content\\\/uploads\\\/2012\\\/11\\\/botero_peinture.jpg\",\"contentUrl\":\"https:\\\/\\\/www.cercledart.com\\\/wp-content\\\/uploads\\\/2012\\\/11\\\/botero_peinture.jpg\",\"width\":330,\"height\":378},{\"@type\":\"BreadcrumbList\",\"@id\":\"https:\\\/\\\/www.cercledart.com\\\/en\\\/produit\\\/botero-la-peinture\\\/#breadcrumb\",\"itemListElement\":[{\"@type\":\"ListItem\",\"position\":1,\"name\":\"Accueil\",\"item\":\"https:\\\/\\\/www.cercledart.com\\\/en\\\/\"},{\"@type\":\"ListItem\",\"position\":2,\"name\":\"Shop\",\"item\":\"https:\\\/\\\/www.cercledart.com\\\/en\\\/shop\\\/\"},{\"@type\":\"ListItem\",\"position\":3,\"name\":\"Botero, La peinture\"}]},{\"@type\":\"WebSite\",\"@id\":\"https:\\\/\\\/www.cercledart.com\\\/en\\\/#website\",\"url\":\"https:\\\/\\\/www.cercledart.com\\\/en\\\/\",\"name\":\"\u00c9ditions Cercle d&#039;Art\",\"description\":\"\",\"publisher\":{\"@id\":\"https:\\\/\\\/www.cercledart.com\\\/en\\\/#organization\"},\"potentialAction\":[{\"@type\":\"SearchAction\",\"target\":{\"@type\":\"EntryPoint\",\"urlTemplate\":\"https:\\\/\\\/www.cercledart.com\\\/en\\\/?s={search_term_string}\"},\"query-input\":{\"@type\":\"PropertyValueSpecification\",\"valueRequired\":true,\"valueName\":\"search_term_string\"}}],\"inLanguage\":\"en-US\"},{\"@type\":\"Organization\",\"@id\":\"https:\\\/\\\/www.cercledart.com\\\/en\\\/#organization\",\"name\":\"Cercle d'Art\",\"url\":\"https:\\\/\\\/www.cercledart.com\\\/en\\\/\",\"logo\":{\"@type\":\"ImageObject\",\"inLanguage\":\"en-US\",\"@id\":\"https:\\\/\\\/www.cercledart.com\\\/en\\\/#\\\/schema\\\/logo\\\/image\\\/\",\"url\":\"https:\\\/\\\/www.cercledart.com\\\/wp-content\\\/uploads\\\/2025\\\/04\\\/LogoCA2025.png\",\"contentUrl\":\"https:\\\/\\\/www.cercledart.com\\\/wp-content\\\/uploads\\\/2025\\\/04\\\/LogoCA2025.png\",\"width\":896,\"height\":101,\"caption\":\"Cercle d'Art\"},\"image\":{\"@id\":\"https:\\\/\\\/www.cercledart.com\\\/en\\\/#\\\/schema\\\/logo\\\/image\\\/\"}}]}<\/script>\n<!-- \/ Yoast SEO plugin. -->","yoast_head_json":{"title":"Botero, La peinture - \u00c9ditions Cercle d&#039;Art","robots":{"index":"index","follow":"follow","max-snippet":"max-snippet:-1","max-image-preview":"max-image-preview:large","max-video-preview":"max-video-preview:-1"},"canonical":"https:\/\/www.cercledart.com\/en\/produit\/botero-la-peinture\/","og_locale":"en_US","og_type":"article","og_title":"Botero, La peinture - \u00c9ditions Cercle d&#039;Art","og_description":"Le plus connu des artistes colombiens est aussi un artiste voyageur qui acherch\u00e9 et d\u00e9couvert ses rep\u00e8res dans l&#8217;histoire de l&#8217;art mondiale. Sud -am\u00e9ricain, il a \u00e9t\u00e9 marqu\u00e9 par le r\u00e9alisme m\u00e9xicain, mais reconna\u00eet aussi avoir \u00e9t\u00e9 fascin\u00e9 par Piero della francesca,Uccello, Titien et Ingres dont il aime lire les propos sur la peinture. Indiff\u00e9rent [&hellip;]","og_url":"https:\/\/www.cercledart.com\/en\/produit\/botero-la-peinture\/","og_site_name":"\u00c9ditions Cercle d&#039;Art","article_modified_time":"2025-05-02T11:53:32+00:00","og_image":[{"width":330,"height":378,"url":"https:\/\/www.cercledart.com\/wp-content\/uploads\/2012\/11\/botero_peinture.jpg","type":"image\/jpeg"}],"twitter_card":"summary_large_image","twitter_misc":{"Est. reading time":"1 minute"},"schema":{"@context":"https:\/\/schema.org","@graph":[{"@type":"WebPage","@id":"https:\/\/www.cercledart.com\/en\/produit\/botero-la-peinture\/","url":"https:\/\/www.cercledart.com\/en\/produit\/botero-la-peinture\/","name":"Botero, La peinture - \u00c9ditions Cercle d&#039;Art","isPartOf":{"@id":"https:\/\/www.cercledart.com\/en\/#website"},"primaryImageOfPage":{"@id":"https:\/\/www.cercledart.com\/en\/produit\/botero-la-peinture\/#primaryimage"},"image":{"@id":"https:\/\/www.cercledart.com\/en\/produit\/botero-la-peinture\/#primaryimage"},"thumbnailUrl":"https:\/\/www.cercledart.com\/wp-content\/uploads\/2012\/11\/botero_peinture.jpg","datePublished":"2012-11-11T17:08:28+00:00","dateModified":"2025-05-02T11:53:32+00:00","breadcrumb":{"@id":"https:\/\/www.cercledart.com\/en\/produit\/botero-la-peinture\/#breadcrumb"},"inLanguage":"en-US","potentialAction":[{"@type":"ReadAction","target":["https:\/\/www.cercledart.com\/en\/produit\/botero-la-peinture\/"]}]},{"@type":"ImageObject","inLanguage":"en-US","@id":"https:\/\/www.cercledart.com\/en\/produit\/botero-la-peinture\/#primaryimage","url":"https:\/\/www.cercledart.com\/wp-content\/uploads\/2012\/11\/botero_peinture.jpg","contentUrl":"https:\/\/www.cercledart.com\/wp-content\/uploads\/2012\/11\/botero_peinture.jpg","width":330,"height":378},{"@type":"BreadcrumbList","@id":"https:\/\/www.cercledart.com\/en\/produit\/botero-la-peinture\/#breadcrumb","itemListElement":[{"@type":"ListItem","position":1,"name":"Accueil","item":"https:\/\/www.cercledart.com\/en\/"},{"@type":"ListItem","position":2,"name":"Shop","item":"https:\/\/www.cercledart.com\/en\/shop\/"},{"@type":"ListItem","position":3,"name":"Botero, La peinture"}]},{"@type":"WebSite","@id":"https:\/\/www.cercledart.com\/en\/#website","url":"https:\/\/www.cercledart.com\/en\/","name":"\u00c9ditions Cercle d&#039;Art","description":"","publisher":{"@id":"https:\/\/www.cercledart.com\/en\/#organization"},"potentialAction":[{"@type":"SearchAction","target":{"@type":"EntryPoint","urlTemplate":"https:\/\/www.cercledart.com\/en\/?s={search_term_string}"},"query-input":{"@type":"PropertyValueSpecification","valueRequired":true,"valueName":"search_term_string"}}],"inLanguage":"en-US"},{"@type":"Organization","@id":"https:\/\/www.cercledart.com\/en\/#organization","name":"Cercle d'Art","url":"https:\/\/www.cercledart.com\/en\/","logo":{"@type":"ImageObject","inLanguage":"en-US","@id":"https:\/\/www.cercledart.com\/en\/#\/schema\/logo\/image\/","url":"https:\/\/www.cercledart.com\/wp-content\/uploads\/2025\/04\/LogoCA2025.png","contentUrl":"https:\/\/www.cercledart.com\/wp-content\/uploads\/2025\/04\/LogoCA2025.png","width":896,"height":101,"caption":"Cercle d'Art"},"image":{"@id":"https:\/\/www.cercledart.com\/en\/#\/schema\/logo\/image\/"}}]}},"_links":{"self":[{"href":"https:\/\/www.cercledart.com\/en\/wp-json\/wp\/v2\/product\/51384","targetHints":{"allow":["GET"]}}],"collection":[{"href":"https:\/\/www.cercledart.com\/en\/wp-json\/wp\/v2\/product"}],"about":[{"href":"https:\/\/www.cercledart.com\/en\/wp-json\/wp\/v2\/types\/product"}],"wp:featuredmedia":[{"embeddable":true,"href":"https:\/\/www.cercledart.com\/en\/wp-json\/wp\/v2\/media\/5002"}],"wp:attachment":[{"href":"https:\/\/www.cercledart.com\/en\/wp-json\/wp\/v2\/media?parent=51384"}],"wp:term":[{"taxonomy":"product_brand","embeddable":true,"href":"https:\/\/www.cercledart.com\/en\/wp-json\/wp\/v2\/product_brand?post=51384"},{"taxonomy":"product_cat","embeddable":true,"href":"https:\/\/www.cercledart.com\/en\/wp-json\/wp\/v2\/product_cat?post=51384"},{"taxonomy":"product_tag","embeddable":true,"href":"https:\/\/www.cercledart.com\/en\/wp-json\/wp\/v2\/product_tag?post=51384"}],"curies":[{"name":"wp","href":"https:\/\/api.w.org\/{rel}","templated":true}]}}