{"id":51328,"date":"2012-11-11T17:08:31","date_gmt":"2012-11-11T17:08:31","guid":{"rendered":"https:\/\/www.cercledart.com\/produit\/ecrivains-et-artistes-postiers\/"},"modified":"2025-05-02T13:52:09","modified_gmt":"2025-05-02T11:52:09","slug":"ecrivains-et-artistes-postiers","status":"publish","type":"product","link":"https:\/\/www.cercledart.com\/en\/produit\/ecrivains-et-artistes-postiers\/","title":{"rendered":"\u00c9crivains et artistes postiers"},"content":{"rendered":"<p>L&#8217;ex-administration des PTT a \u00e9t\u00e9 depuis toujours une p\u00e9pini\u00e8re de talents.<br \/>\nPour l&#8217;auteur, Josette Rasle, dont le choix s&#8217;est port\u00e9 sur les \u00e9crivains et les artistes, la cr\u00e9ativit\u00e9 des postiers n&#8217;est pas sans lien avec la mission m\u00eame des PTT qui n&#8217;est pas seulement de transmettre le courrier ou la voix, mais d&#8217;acheminer le langage.<\/p>\n<p>&nbsp;<\/p>\n<p>C&#8217;est \u00ab\u00a0p\u00e9t\u00e9tistes\u00a0\u00bb &#8211; comprenez employ\u00e9s des postes et des t\u00e9l\u00e9communications &#8211; ont exerc\u00e9s ou exercent encore leur m\u00e9tier dans les services postaux, parfois comme <em>facteur<\/em>, terme dont il faut rappeler que l&#8217;\u00e9tymologie signifie\u00a0: <em>celui qui s&#8217;est faire<\/em>.<\/p>\n<p>Parmi les plus c\u00e9l\u00e8bres penseurs, \u00e9crivains et cr\u00e9ateurs d&#8217;images, on trouvera ici repr\u00e9sent\u00e9s Bachelard, l&#8217;\u00e9tonnant Facteur Cheval et son univers onirique, le mexicain Bustos tout comme Berrichon Mac Nab, sa verve de po\u00e8te chansonnier familier du\u00a0 cabaret du Chat Noir. Ce ph\u00e9nom\u00e8ne vivant se prolonge jusqu&#8217;\u00e0 nos jours, et l&#8217;on peut mentionner entre autres artistes r\u00e9unionnais Jean-Bernard Grondin qui a pris le parti de cr\u00e9er des \u0153uvres en prenant des sacs postaux comme mat\u00e9riau.<br \/>\nUne trentaine de cr\u00e9ateurs du XIX<sup>e<\/sup> et XX<sup>e<\/sup> si\u00e8cles sont ainsi repr\u00e9sent\u00e9s par quelques-unes de leurs \u0153uvres accompagn\u00e9es d&#8217;une biographie succincte permettant de les d\u00e9couvrir dans leur travail de postier et de cr\u00e9ateur.<\/p>\n","protected":false},"excerpt":{"rendered":"<p>L&#8217;ex-administration des PTT a \u00e9t\u00e9 depuis toujours une p\u00e9pini\u00e8re de talents. Pour l&#8217;auteur, Josette Rasle, dont le choix s&#8217;est port\u00e9 sur les \u00e9crivains et les artistes, la cr\u00e9ativit\u00e9 des postiers n&#8217;est pas sans lien avec la mission m\u00eame des PTT qui n&#8217;est pas seulement de transmettre le courrier ou la voix, mais d&#8217;acheminer le langage. [&hellip;]<\/p>\n","protected":false},"featured_media":4722,"template":"","meta":{"_acf_changed":false,"om_disable_all_campaigns":false,"_exactmetrics_skip_tracking":false,"_exactmetrics_sitenote_active":false,"_exactmetrics_sitenote_note":"","_exactmetrics_sitenote_category":0,"_monsterinsights_skip_tracking":false,"_monsterinsights_sitenote_active":false,"_monsterinsights_sitenote_note":"","_monsterinsights_sitenote_category":0,"_uf_show_specific_survey":0,"_uf_disable_surveys":false},"product_brand":[],"product_cat":[528,546],"product_tag":[],"class_list":{"0":"post-51328","1":"product","2":"type-product","3":"status-publish","4":"has-post-thumbnail","6":"product_cat-livres","7":"product_cat-non-categorise","10":"first","11":"outofstock","12":"taxable","13":"shipping-taxable","14":"purchasable","15":"product-type-simple"},"acf":[],"yoast_head":"<!-- This site is optimized with the Yoast SEO plugin v27.5 - https:\/\/yoast.com\/product\/yoast-seo-wordpress\/ -->\n<title>\u00c9crivains et artistes postiers - \u00c9ditions Cercle d&#039;Art<\/title>\n<meta name=\"robots\" content=\"index, follow, max-snippet:-1, max-image-preview:large, max-video-preview:-1\" \/>\n<link rel=\"canonical\" href=\"https:\/\/www.cercledart.com\/en\/produit\/ecrivains-et-artistes-postiers\/\" \/>\n<meta property=\"og:locale\" content=\"en_US\" \/>\n<meta property=\"og:type\" content=\"article\" \/>\n<meta property=\"og:title\" content=\"\u00c9crivains et artistes postiers - \u00c9ditions Cercle d&#039;Art\" \/>\n<meta property=\"og:description\" content=\"L&#8217;ex-administration des PTT a \u00e9t\u00e9 depuis toujours une p\u00e9pini\u00e8re de talents. Pour l&#8217;auteur, Josette Rasle, dont le choix s&#8217;est port\u00e9 sur les \u00e9crivains et les artistes, la cr\u00e9ativit\u00e9 des postiers n&#8217;est pas sans lien avec la mission m\u00eame des PTT qui n&#8217;est pas seulement de transmettre le courrier ou la voix, mais d&#8217;acheminer le langage. [&hellip;]\" \/>\n<meta property=\"og:url\" content=\"https:\/\/www.cercledart.com\/en\/produit\/ecrivains-et-artistes-postiers\/\" \/>\n<meta property=\"og:site_name\" content=\"\u00c9ditions Cercle d&#039;Art\" \/>\n<meta property=\"article:modified_time\" content=\"2025-05-02T11:52:09+00:00\" \/>\n<meta property=\"og:image\" content=\"https:\/\/www.cercledart.com\/wp-content\/uploads\/2012\/11\/482_postiers.jpg\" \/>\n\t<meta property=\"og:image:width\" content=\"296\" \/>\n\t<meta property=\"og:image:height\" content=\"400\" \/>\n\t<meta property=\"og:image:type\" content=\"image\/jpeg\" \/>\n<meta name=\"twitter:card\" content=\"summary_large_image\" \/>\n<meta name=\"twitter:label1\" content=\"Est. reading time\" \/>\n\t<meta name=\"twitter:data1\" content=\"1 minute\" \/>\n<script type=\"application\/ld+json\" class=\"yoast-schema-graph\">{\"@context\":\"https:\\\/\\\/schema.org\",\"@graph\":[{\"@type\":\"WebPage\",\"@id\":\"https:\\\/\\\/www.cercledart.com\\\/en\\\/produit\\\/ecrivains-et-artistes-postiers\\\/\",\"url\":\"https:\\\/\\\/www.cercledart.com\\\/en\\\/produit\\\/ecrivains-et-artistes-postiers\\\/\",\"name\":\"\u00c9crivains et artistes postiers - \u00c9ditions Cercle d&#039;Art\",\"isPartOf\":{\"@id\":\"https:\\\/\\\/www.cercledart.com\\\/en\\\/#website\"},\"primaryImageOfPage\":{\"@id\":\"https:\\\/\\\/www.cercledart.com\\\/en\\\/produit\\\/ecrivains-et-artistes-postiers\\\/#primaryimage\"},\"image\":{\"@id\":\"https:\\\/\\\/www.cercledart.com\\\/en\\\/produit\\\/ecrivains-et-artistes-postiers\\\/#primaryimage\"},\"thumbnailUrl\":\"https:\\\/\\\/www.cercledart.com\\\/wp-content\\\/uploads\\\/2012\\\/11\\\/482_postiers.jpg\",\"datePublished\":\"2012-11-11T17:08:31+00:00\",\"dateModified\":\"2025-05-02T11:52:09+00:00\",\"breadcrumb\":{\"@id\":\"https:\\\/\\\/www.cercledart.com\\\/en\\\/produit\\\/ecrivains-et-artistes-postiers\\\/#breadcrumb\"},\"inLanguage\":\"en-US\",\"potentialAction\":[{\"@type\":\"ReadAction\",\"target\":[\"https:\\\/\\\/www.cercledart.com\\\/en\\\/produit\\\/ecrivains-et-artistes-postiers\\\/\"]}]},{\"@type\":\"ImageObject\",\"inLanguage\":\"en-US\",\"@id\":\"https:\\\/\\\/www.cercledart.com\\\/en\\\/produit\\\/ecrivains-et-artistes-postiers\\\/#primaryimage\",\"url\":\"https:\\\/\\\/www.cercledart.com\\\/wp-content\\\/uploads\\\/2012\\\/11\\\/482_postiers.jpg\",\"contentUrl\":\"https:\\\/\\\/www.cercledart.com\\\/wp-content\\\/uploads\\\/2012\\\/11\\\/482_postiers.jpg\",\"width\":296,\"height\":400},{\"@type\":\"BreadcrumbList\",\"@id\":\"https:\\\/\\\/www.cercledart.com\\\/en\\\/produit\\\/ecrivains-et-artistes-postiers\\\/#breadcrumb\",\"itemListElement\":[{\"@type\":\"ListItem\",\"position\":1,\"name\":\"Accueil\",\"item\":\"https:\\\/\\\/www.cercledart.com\\\/en\\\/\"},{\"@type\":\"ListItem\",\"position\":2,\"name\":\"Shop\",\"item\":\"https:\\\/\\\/www.cercledart.com\\\/en\\\/shop\\\/\"},{\"@type\":\"ListItem\",\"position\":3,\"name\":\"\u00c9crivains et artistes postiers\"}]},{\"@type\":\"WebSite\",\"@id\":\"https:\\\/\\\/www.cercledart.com\\\/en\\\/#website\",\"url\":\"https:\\\/\\\/www.cercledart.com\\\/en\\\/\",\"name\":\"\u00c9ditions Cercle d&#039;Art\",\"description\":\"\",\"publisher\":{\"@id\":\"https:\\\/\\\/www.cercledart.com\\\/en\\\/#organization\"},\"potentialAction\":[{\"@type\":\"SearchAction\",\"target\":{\"@type\":\"EntryPoint\",\"urlTemplate\":\"https:\\\/\\\/www.cercledart.com\\\/en\\\/?s={search_term_string}\"},\"query-input\":{\"@type\":\"PropertyValueSpecification\",\"valueRequired\":true,\"valueName\":\"search_term_string\"}}],\"inLanguage\":\"en-US\"},{\"@type\":\"Organization\",\"@id\":\"https:\\\/\\\/www.cercledart.com\\\/en\\\/#organization\",\"name\":\"Cercle d'Art\",\"url\":\"https:\\\/\\\/www.cercledart.com\\\/en\\\/\",\"logo\":{\"@type\":\"ImageObject\",\"inLanguage\":\"en-US\",\"@id\":\"https:\\\/\\\/www.cercledart.com\\\/en\\\/#\\\/schema\\\/logo\\\/image\\\/\",\"url\":\"https:\\\/\\\/www.cercledart.com\\\/wp-content\\\/uploads\\\/2025\\\/04\\\/LogoCA2025.png\",\"contentUrl\":\"https:\\\/\\\/www.cercledart.com\\\/wp-content\\\/uploads\\\/2025\\\/04\\\/LogoCA2025.png\",\"width\":896,\"height\":101,\"caption\":\"Cercle d'Art\"},\"image\":{\"@id\":\"https:\\\/\\\/www.cercledart.com\\\/en\\\/#\\\/schema\\\/logo\\\/image\\\/\"}}]}<\/script>\n<!-- \/ Yoast SEO plugin. -->","yoast_head_json":{"title":"\u00c9crivains et artistes postiers - \u00c9ditions Cercle d&#039;Art","robots":{"index":"index","follow":"follow","max-snippet":"max-snippet:-1","max-image-preview":"max-image-preview:large","max-video-preview":"max-video-preview:-1"},"canonical":"https:\/\/www.cercledart.com\/en\/produit\/ecrivains-et-artistes-postiers\/","og_locale":"en_US","og_type":"article","og_title":"\u00c9crivains et artistes postiers - \u00c9ditions Cercle d&#039;Art","og_description":"L&#8217;ex-administration des PTT a \u00e9t\u00e9 depuis toujours une p\u00e9pini\u00e8re de talents. Pour l&#8217;auteur, Josette Rasle, dont le choix s&#8217;est port\u00e9 sur les \u00e9crivains et les artistes, la cr\u00e9ativit\u00e9 des postiers n&#8217;est pas sans lien avec la mission m\u00eame des PTT qui n&#8217;est pas seulement de transmettre le courrier ou la voix, mais d&#8217;acheminer le langage. [&hellip;]","og_url":"https:\/\/www.cercledart.com\/en\/produit\/ecrivains-et-artistes-postiers\/","og_site_name":"\u00c9ditions Cercle d&#039;Art","article_modified_time":"2025-05-02T11:52:09+00:00","og_image":[{"width":296,"height":400,"url":"https:\/\/www.cercledart.com\/wp-content\/uploads\/2012\/11\/482_postiers.jpg","type":"image\/jpeg"}],"twitter_card":"summary_large_image","twitter_misc":{"Est. reading time":"1 minute"},"schema":{"@context":"https:\/\/schema.org","@graph":[{"@type":"WebPage","@id":"https:\/\/www.cercledart.com\/en\/produit\/ecrivains-et-artistes-postiers\/","url":"https:\/\/www.cercledart.com\/en\/produit\/ecrivains-et-artistes-postiers\/","name":"\u00c9crivains et artistes postiers - \u00c9ditions Cercle d&#039;Art","isPartOf":{"@id":"https:\/\/www.cercledart.com\/en\/#website"},"primaryImageOfPage":{"@id":"https:\/\/www.cercledart.com\/en\/produit\/ecrivains-et-artistes-postiers\/#primaryimage"},"image":{"@id":"https:\/\/www.cercledart.com\/en\/produit\/ecrivains-et-artistes-postiers\/#primaryimage"},"thumbnailUrl":"https:\/\/www.cercledart.com\/wp-content\/uploads\/2012\/11\/482_postiers.jpg","datePublished":"2012-11-11T17:08:31+00:00","dateModified":"2025-05-02T11:52:09+00:00","breadcrumb":{"@id":"https:\/\/www.cercledart.com\/en\/produit\/ecrivains-et-artistes-postiers\/#breadcrumb"},"inLanguage":"en-US","potentialAction":[{"@type":"ReadAction","target":["https:\/\/www.cercledart.com\/en\/produit\/ecrivains-et-artistes-postiers\/"]}]},{"@type":"ImageObject","inLanguage":"en-US","@id":"https:\/\/www.cercledart.com\/en\/produit\/ecrivains-et-artistes-postiers\/#primaryimage","url":"https:\/\/www.cercledart.com\/wp-content\/uploads\/2012\/11\/482_postiers.jpg","contentUrl":"https:\/\/www.cercledart.com\/wp-content\/uploads\/2012\/11\/482_postiers.jpg","width":296,"height":400},{"@type":"BreadcrumbList","@id":"https:\/\/www.cercledart.com\/en\/produit\/ecrivains-et-artistes-postiers\/#breadcrumb","itemListElement":[{"@type":"ListItem","position":1,"name":"Accueil","item":"https:\/\/www.cercledart.com\/en\/"},{"@type":"ListItem","position":2,"name":"Shop","item":"https:\/\/www.cercledart.com\/en\/shop\/"},{"@type":"ListItem","position":3,"name":"\u00c9crivains et artistes postiers"}]},{"@type":"WebSite","@id":"https:\/\/www.cercledart.com\/en\/#website","url":"https:\/\/www.cercledart.com\/en\/","name":"\u00c9ditions Cercle d&#039;Art","description":"","publisher":{"@id":"https:\/\/www.cercledart.com\/en\/#organization"},"potentialAction":[{"@type":"SearchAction","target":{"@type":"EntryPoint","urlTemplate":"https:\/\/www.cercledart.com\/en\/?s={search_term_string}"},"query-input":{"@type":"PropertyValueSpecification","valueRequired":true,"valueName":"search_term_string"}}],"inLanguage":"en-US"},{"@type":"Organization","@id":"https:\/\/www.cercledart.com\/en\/#organization","name":"Cercle d'Art","url":"https:\/\/www.cercledart.com\/en\/","logo":{"@type":"ImageObject","inLanguage":"en-US","@id":"https:\/\/www.cercledart.com\/en\/#\/schema\/logo\/image\/","url":"https:\/\/www.cercledart.com\/wp-content\/uploads\/2025\/04\/LogoCA2025.png","contentUrl":"https:\/\/www.cercledart.com\/wp-content\/uploads\/2025\/04\/LogoCA2025.png","width":896,"height":101,"caption":"Cercle d'Art"},"image":{"@id":"https:\/\/www.cercledart.com\/en\/#\/schema\/logo\/image\/"}}]}},"_links":{"self":[{"href":"https:\/\/www.cercledart.com\/en\/wp-json\/wp\/v2\/product\/51328","targetHints":{"allow":["GET"]}}],"collection":[{"href":"https:\/\/www.cercledart.com\/en\/wp-json\/wp\/v2\/product"}],"about":[{"href":"https:\/\/www.cercledart.com\/en\/wp-json\/wp\/v2\/types\/product"}],"wp:featuredmedia":[{"embeddable":true,"href":"https:\/\/www.cercledart.com\/en\/wp-json\/wp\/v2\/media\/4722"}],"wp:attachment":[{"href":"https:\/\/www.cercledart.com\/en\/wp-json\/wp\/v2\/media?parent=51328"}],"wp:term":[{"taxonomy":"product_brand","embeddable":true,"href":"https:\/\/www.cercledart.com\/en\/wp-json\/wp\/v2\/product_brand?post=51328"},{"taxonomy":"product_cat","embeddable":true,"href":"https:\/\/www.cercledart.com\/en\/wp-json\/wp\/v2\/product_cat?post=51328"},{"taxonomy":"product_tag","embeddable":true,"href":"https:\/\/www.cercledart.com\/en\/wp-json\/wp\/v2\/product_tag?post=51328"}],"curies":[{"name":"wp","href":"https:\/\/api.w.org\/{rel}","templated":true}]}}