{"id":51317,"date":"2012-11-11T17:08:32","date_gmt":"2012-11-11T17:08:32","guid":{"rendered":"https:\/\/www.cercledart.com\/produit\/la-lettre\/"},"modified":"2025-05-02T13:52:08","modified_gmt":"2025-05-02T11:52:08","slug":"la-lettre","status":"publish","type":"product","link":"https:\/\/www.cercledart.com\/en\/produit\/la-lettre\/","title":{"rendered":"La lettre"},"content":{"rendered":"<p>1. <em><strong>HISTOIRE DU CARACT\u00c8RE D&#8217;IMPRIMERIE<\/strong><\/em><br \/>\nApr\u00e8s un court rappel portant sur les origines de l&#8217;\u00e9criture, les cent premi\u00e8res pages retracent de fa\u00e7on beaucoup plus d\u00e9taill\u00e9e l&#8217;\u00e9volution des caract\u00e8res d&#8217;imprimerie depuis l&#8217;\u00e9poque des incunables jusqu&#8217;\u00e0 nos jours et \u00e9voquent l&#8217;influence des techniques de l&#8217;imprimerie sur leurs dessins. L&#8217;\u0153uvre de prestigieux graveurs ou dessinateurs-concepteurs de caract\u00e8res y est abord\u00e9e chronologiquement, en relation avec une abondante iconographie. Cette section se termine par une br\u00e8ve \u00e9vocation de l&#8217;utilisation de la lettre, pour sa forme et ind\u00e9pendamment de la signification textuelle, dans les arts du dessin, de la sculpture et de la peinture.<\/p>\n<p>2. <em><strong>TECHNOLOGIE D&#8217;UTILISATION DU CARACT\u00c8RE D&#8217;IMPRIMERIE<\/strong><\/em><br \/>\nSans d\u00e9tailler la pratique des logiciels de traitement de texte que les op\u00e9rateurs de PAO peuvent trouver dans les manuels des fournisseurs ou acqu\u00e9rir \u00e0 l&#8217;aide d&#8217;un apprentissage appropri\u00e9, ce chapitre expose, en les d\u00e9barrassant de ce qui est devenu caduc, les principales r\u00e8gles typographiques \u00e0 observer dans l&#8217;utilisation des caract\u00e8res et d\u00e9taille les nouvelles facilit\u00e9s offertes par le traitement de texte informatis\u00e9, afin de satisfaire le plaisir de <em>l&#8217;\u0153il, juge souverain du go\u00fbt<\/em>, pour reprendre la belle expression de Fournier-le-Jeune (graveur et novateur en mati\u00e8re d&#8217;art typographique, de la fin du XVII<sup>e<\/sup> et du d\u00e9but du XVIII<sup>e<\/sup> si\u00e8cles). On s&#8217;attache \u00e0 d\u00e9montrer ici que les respect de ces r\u00e8gles et la volont\u00e9 \u00e0 continuer de les faire progresser pourraient \u00eatre g\u00e9n\u00e9ralis\u00e9s dans l&#8217;int\u00e9r\u00eat des publications imprim\u00e9es, gr\u00e2ce \u00e0 la formation des personnels et sans augmentation notable de leur prix de revient.<\/p>\n<p>3. <em><strong>LE PASS\u00c9, LE PR\u00c9SENT ET L&#8217;AVENIR DU CARACT\u00c8RE D&#8217;IMPRIMERIE<\/strong><\/em><br \/>\nLa derni\u00e8re partie relate en deux sections &#8211; l&#8217;une intitul\u00e9e <em>L&#8217;actualit\u00e9 du patrimoine historique<\/em>, et l&#8217;autre <em>La num\u00e9risation des caract\u00e8res d&#8217;imprimerie<\/em> &#8211; la teneur d&#8217;entretiens que les auteurs ont eus avec trois collaborateurs de l&#8217;Imprimerie Nationale : Jean-Paul Descamps, responsable du mat\u00e9riel de fonderie, Franck Jalleau, dessinateur-concepteur de caract\u00e8res num\u00e9ris\u00e9s et Christian Paput, graveur de poin\u00e7ons typographiques. Chacun d&#8217;entre eux \u00e9voque son activit\u00e9 dans la conservation vivante et l&#8217;enrichissement du patrimoine d\u00e9tenu par le prestigieux \u00e9tablissement. Exposant leur conception et l&#8217;\u00e9volution de la communication imprim\u00e9e, ils fournissent des raisons de ne pas se r\u00e9signer \u00e0 son d\u00e9clin, mais au contraire, d&#8217;utiliser toutes les potentialit\u00e9s des nouvelles techniques afin que continue de se pratiquer et de progresser la belle typographie dont les m\u00e9tiers d&#8217;origine ont disparu, mais qui peut conna\u00eetre un renouveau fond\u00e9 sur la m\u00e9moire d&#8217;une exp\u00e9rience s\u00e9culaire.<\/p>\n","protected":false},"excerpt":{"rendered":"<p>1. HISTOIRE DU CARACT\u00c8RE D&#8217;IMPRIMERIE Apr\u00e8s un court rappel portant sur les origines de l&#8217;\u00e9criture, les cent premi\u00e8res pages retracent de fa\u00e7on beaucoup plus d\u00e9taill\u00e9e l&#8217;\u00e9volution des caract\u00e8res d&#8217;imprimerie depuis l&#8217;\u00e9poque des incunables jusqu&#8217;\u00e0 nos jours et \u00e9voquent l&#8217;influence des techniques de l&#8217;imprimerie sur leurs dessins. L&#8217;\u0153uvre de prestigieux graveurs ou dessinateurs-concepteurs de caract\u00e8res y [&hellip;]<\/p>\n","protected":false},"featured_media":4731,"template":"","meta":{"_acf_changed":false,"om_disable_all_campaigns":false,"_exactmetrics_skip_tracking":false,"_exactmetrics_sitenote_active":false,"_exactmetrics_sitenote_note":"","_exactmetrics_sitenote_category":0,"_monsterinsights_skip_tracking":false,"_monsterinsights_sitenote_active":false,"_monsterinsights_sitenote_note":"","_monsterinsights_sitenote_category":0,"_uf_show_specific_survey":0,"_uf_disable_surveys":false},"product_brand":[],"product_cat":[528,546],"product_tag":[],"class_list":{"0":"post-51317","1":"product","2":"type-product","3":"status-publish","4":"has-post-thumbnail","6":"product_cat-livres","7":"product_cat-non-categorise","10":"first","11":"outofstock","12":"taxable","13":"shipping-taxable","14":"purchasable","15":"product-type-simple"},"acf":[],"yoast_head":"<!-- This site is optimized with the Yoast SEO plugin v27.5 - https:\/\/yoast.com\/product\/yoast-seo-wordpress\/ -->\n<title>La lettre - \u00c9ditions Cercle d&#039;Art<\/title>\n<meta name=\"robots\" content=\"index, follow, max-snippet:-1, max-image-preview:large, max-video-preview:-1\" \/>\n<link rel=\"canonical\" href=\"https:\/\/www.cercledart.com\/en\/produit\/la-lettre\/\" \/>\n<meta property=\"og:locale\" content=\"en_US\" \/>\n<meta property=\"og:type\" content=\"article\" \/>\n<meta property=\"og:title\" content=\"La lettre - \u00c9ditions Cercle d&#039;Art\" \/>\n<meta property=\"og:description\" content=\"1. HISTOIRE DU CARACT\u00c8RE D&#8217;IMPRIMERIE Apr\u00e8s un court rappel portant sur les origines de l&#8217;\u00e9criture, les cent premi\u00e8res pages retracent de fa\u00e7on beaucoup plus d\u00e9taill\u00e9e l&#8217;\u00e9volution des caract\u00e8res d&#8217;imprimerie depuis l&#8217;\u00e9poque des incunables jusqu&#8217;\u00e0 nos jours et \u00e9voquent l&#8217;influence des techniques de l&#8217;imprimerie sur leurs dessins. L&#8217;\u0153uvre de prestigieux graveurs ou dessinateurs-concepteurs de caract\u00e8res y [&hellip;]\" \/>\n<meta property=\"og:url\" content=\"https:\/\/www.cercledart.com\/en\/produit\/la-lettre\/\" \/>\n<meta property=\"og:site_name\" content=\"\u00c9ditions Cercle d&#039;Art\" \/>\n<meta property=\"article:modified_time\" content=\"2025-05-02T11:52:08+00:00\" \/>\n<meta property=\"og:image\" content=\"https:\/\/www.cercledart.com\/wp-content\/uploads\/2012\/11\/495_lettre.jpg\" \/>\n\t<meta property=\"og:image:width\" content=\"355\" \/>\n\t<meta property=\"og:image:height\" content=\"400\" \/>\n\t<meta property=\"og:image:type\" content=\"image\/jpeg\" \/>\n<meta name=\"twitter:card\" content=\"summary_large_image\" \/>\n<meta name=\"twitter:label1\" content=\"Est. reading time\" \/>\n\t<meta name=\"twitter:data1\" content=\"2 minutes\" \/>\n<script type=\"application\/ld+json\" class=\"yoast-schema-graph\">{\"@context\":\"https:\\\/\\\/schema.org\",\"@graph\":[{\"@type\":\"WebPage\",\"@id\":\"https:\\\/\\\/www.cercledart.com\\\/en\\\/produit\\\/la-lettre\\\/\",\"url\":\"https:\\\/\\\/www.cercledart.com\\\/en\\\/produit\\\/la-lettre\\\/\",\"name\":\"La lettre - \u00c9ditions Cercle d&#039;Art\",\"isPartOf\":{\"@id\":\"https:\\\/\\\/www.cercledart.com\\\/en\\\/#website\"},\"primaryImageOfPage\":{\"@id\":\"https:\\\/\\\/www.cercledart.com\\\/en\\\/produit\\\/la-lettre\\\/#primaryimage\"},\"image\":{\"@id\":\"https:\\\/\\\/www.cercledart.com\\\/en\\\/produit\\\/la-lettre\\\/#primaryimage\"},\"thumbnailUrl\":\"https:\\\/\\\/www.cercledart.com\\\/wp-content\\\/uploads\\\/2012\\\/11\\\/495_lettre.jpg\",\"datePublished\":\"2012-11-11T17:08:32+00:00\",\"dateModified\":\"2025-05-02T11:52:08+00:00\",\"breadcrumb\":{\"@id\":\"https:\\\/\\\/www.cercledart.com\\\/en\\\/produit\\\/la-lettre\\\/#breadcrumb\"},\"inLanguage\":\"en-US\",\"potentialAction\":[{\"@type\":\"ReadAction\",\"target\":[\"https:\\\/\\\/www.cercledart.com\\\/en\\\/produit\\\/la-lettre\\\/\"]}]},{\"@type\":\"ImageObject\",\"inLanguage\":\"en-US\",\"@id\":\"https:\\\/\\\/www.cercledart.com\\\/en\\\/produit\\\/la-lettre\\\/#primaryimage\",\"url\":\"https:\\\/\\\/www.cercledart.com\\\/wp-content\\\/uploads\\\/2012\\\/11\\\/495_lettre.jpg\",\"contentUrl\":\"https:\\\/\\\/www.cercledart.com\\\/wp-content\\\/uploads\\\/2012\\\/11\\\/495_lettre.jpg\",\"width\":355,\"height\":400},{\"@type\":\"BreadcrumbList\",\"@id\":\"https:\\\/\\\/www.cercledart.com\\\/en\\\/produit\\\/la-lettre\\\/#breadcrumb\",\"itemListElement\":[{\"@type\":\"ListItem\",\"position\":1,\"name\":\"Accueil\",\"item\":\"https:\\\/\\\/www.cercledart.com\\\/en\\\/\"},{\"@type\":\"ListItem\",\"position\":2,\"name\":\"Shop\",\"item\":\"https:\\\/\\\/www.cercledart.com\\\/en\\\/shop\\\/\"},{\"@type\":\"ListItem\",\"position\":3,\"name\":\"La lettre\"}]},{\"@type\":\"WebSite\",\"@id\":\"https:\\\/\\\/www.cercledart.com\\\/en\\\/#website\",\"url\":\"https:\\\/\\\/www.cercledart.com\\\/en\\\/\",\"name\":\"\u00c9ditions Cercle d&#039;Art\",\"description\":\"\",\"publisher\":{\"@id\":\"https:\\\/\\\/www.cercledart.com\\\/en\\\/#organization\"},\"potentialAction\":[{\"@type\":\"SearchAction\",\"target\":{\"@type\":\"EntryPoint\",\"urlTemplate\":\"https:\\\/\\\/www.cercledart.com\\\/en\\\/?s={search_term_string}\"},\"query-input\":{\"@type\":\"PropertyValueSpecification\",\"valueRequired\":true,\"valueName\":\"search_term_string\"}}],\"inLanguage\":\"en-US\"},{\"@type\":\"Organization\",\"@id\":\"https:\\\/\\\/www.cercledart.com\\\/en\\\/#organization\",\"name\":\"Cercle d'Art\",\"url\":\"https:\\\/\\\/www.cercledart.com\\\/en\\\/\",\"logo\":{\"@type\":\"ImageObject\",\"inLanguage\":\"en-US\",\"@id\":\"https:\\\/\\\/www.cercledart.com\\\/en\\\/#\\\/schema\\\/logo\\\/image\\\/\",\"url\":\"https:\\\/\\\/www.cercledart.com\\\/wp-content\\\/uploads\\\/2025\\\/04\\\/LogoCA2025.png\",\"contentUrl\":\"https:\\\/\\\/www.cercledart.com\\\/wp-content\\\/uploads\\\/2025\\\/04\\\/LogoCA2025.png\",\"width\":896,\"height\":101,\"caption\":\"Cercle d'Art\"},\"image\":{\"@id\":\"https:\\\/\\\/www.cercledart.com\\\/en\\\/#\\\/schema\\\/logo\\\/image\\\/\"}}]}<\/script>\n<!-- \/ Yoast SEO plugin. -->","yoast_head_json":{"title":"La lettre - \u00c9ditions Cercle d&#039;Art","robots":{"index":"index","follow":"follow","max-snippet":"max-snippet:-1","max-image-preview":"max-image-preview:large","max-video-preview":"max-video-preview:-1"},"canonical":"https:\/\/www.cercledart.com\/en\/produit\/la-lettre\/","og_locale":"en_US","og_type":"article","og_title":"La lettre - \u00c9ditions Cercle d&#039;Art","og_description":"1. HISTOIRE DU CARACT\u00c8RE D&#8217;IMPRIMERIE Apr\u00e8s un court rappel portant sur les origines de l&#8217;\u00e9criture, les cent premi\u00e8res pages retracent de fa\u00e7on beaucoup plus d\u00e9taill\u00e9e l&#8217;\u00e9volution des caract\u00e8res d&#8217;imprimerie depuis l&#8217;\u00e9poque des incunables jusqu&#8217;\u00e0 nos jours et \u00e9voquent l&#8217;influence des techniques de l&#8217;imprimerie sur leurs dessins. L&#8217;\u0153uvre de prestigieux graveurs ou dessinateurs-concepteurs de caract\u00e8res y [&hellip;]","og_url":"https:\/\/www.cercledart.com\/en\/produit\/la-lettre\/","og_site_name":"\u00c9ditions Cercle d&#039;Art","article_modified_time":"2025-05-02T11:52:08+00:00","og_image":[{"width":355,"height":400,"url":"https:\/\/www.cercledart.com\/wp-content\/uploads\/2012\/11\/495_lettre.jpg","type":"image\/jpeg"}],"twitter_card":"summary_large_image","twitter_misc":{"Est. reading time":"2 minutes"},"schema":{"@context":"https:\/\/schema.org","@graph":[{"@type":"WebPage","@id":"https:\/\/www.cercledart.com\/en\/produit\/la-lettre\/","url":"https:\/\/www.cercledart.com\/en\/produit\/la-lettre\/","name":"La lettre - \u00c9ditions Cercle d&#039;Art","isPartOf":{"@id":"https:\/\/www.cercledart.com\/en\/#website"},"primaryImageOfPage":{"@id":"https:\/\/www.cercledart.com\/en\/produit\/la-lettre\/#primaryimage"},"image":{"@id":"https:\/\/www.cercledart.com\/en\/produit\/la-lettre\/#primaryimage"},"thumbnailUrl":"https:\/\/www.cercledart.com\/wp-content\/uploads\/2012\/11\/495_lettre.jpg","datePublished":"2012-11-11T17:08:32+00:00","dateModified":"2025-05-02T11:52:08+00:00","breadcrumb":{"@id":"https:\/\/www.cercledart.com\/en\/produit\/la-lettre\/#breadcrumb"},"inLanguage":"en-US","potentialAction":[{"@type":"ReadAction","target":["https:\/\/www.cercledart.com\/en\/produit\/la-lettre\/"]}]},{"@type":"ImageObject","inLanguage":"en-US","@id":"https:\/\/www.cercledart.com\/en\/produit\/la-lettre\/#primaryimage","url":"https:\/\/www.cercledart.com\/wp-content\/uploads\/2012\/11\/495_lettre.jpg","contentUrl":"https:\/\/www.cercledart.com\/wp-content\/uploads\/2012\/11\/495_lettre.jpg","width":355,"height":400},{"@type":"BreadcrumbList","@id":"https:\/\/www.cercledart.com\/en\/produit\/la-lettre\/#breadcrumb","itemListElement":[{"@type":"ListItem","position":1,"name":"Accueil","item":"https:\/\/www.cercledart.com\/en\/"},{"@type":"ListItem","position":2,"name":"Shop","item":"https:\/\/www.cercledart.com\/en\/shop\/"},{"@type":"ListItem","position":3,"name":"La lettre"}]},{"@type":"WebSite","@id":"https:\/\/www.cercledart.com\/en\/#website","url":"https:\/\/www.cercledart.com\/en\/","name":"\u00c9ditions Cercle d&#039;Art","description":"","publisher":{"@id":"https:\/\/www.cercledart.com\/en\/#organization"},"potentialAction":[{"@type":"SearchAction","target":{"@type":"EntryPoint","urlTemplate":"https:\/\/www.cercledart.com\/en\/?s={search_term_string}"},"query-input":{"@type":"PropertyValueSpecification","valueRequired":true,"valueName":"search_term_string"}}],"inLanguage":"en-US"},{"@type":"Organization","@id":"https:\/\/www.cercledart.com\/en\/#organization","name":"Cercle d'Art","url":"https:\/\/www.cercledart.com\/en\/","logo":{"@type":"ImageObject","inLanguage":"en-US","@id":"https:\/\/www.cercledart.com\/en\/#\/schema\/logo\/image\/","url":"https:\/\/www.cercledart.com\/wp-content\/uploads\/2025\/04\/LogoCA2025.png","contentUrl":"https:\/\/www.cercledart.com\/wp-content\/uploads\/2025\/04\/LogoCA2025.png","width":896,"height":101,"caption":"Cercle d'Art"},"image":{"@id":"https:\/\/www.cercledart.com\/en\/#\/schema\/logo\/image\/"}}]}},"_links":{"self":[{"href":"https:\/\/www.cercledart.com\/en\/wp-json\/wp\/v2\/product\/51317","targetHints":{"allow":["GET"]}}],"collection":[{"href":"https:\/\/www.cercledart.com\/en\/wp-json\/wp\/v2\/product"}],"about":[{"href":"https:\/\/www.cercledart.com\/en\/wp-json\/wp\/v2\/types\/product"}],"wp:featuredmedia":[{"embeddable":true,"href":"https:\/\/www.cercledart.com\/en\/wp-json\/wp\/v2\/media\/4731"}],"wp:attachment":[{"href":"https:\/\/www.cercledart.com\/en\/wp-json\/wp\/v2\/media?parent=51317"}],"wp:term":[{"taxonomy":"product_brand","embeddable":true,"href":"https:\/\/www.cercledart.com\/en\/wp-json\/wp\/v2\/product_brand?post=51317"},{"taxonomy":"product_cat","embeddable":true,"href":"https:\/\/www.cercledart.com\/en\/wp-json\/wp\/v2\/product_cat?post=51317"},{"taxonomy":"product_tag","embeddable":true,"href":"https:\/\/www.cercledart.com\/en\/wp-json\/wp\/v2\/product_tag?post=51317"}],"curies":[{"name":"wp","href":"https:\/\/api.w.org\/{rel}","templated":true}]}}