{"id":51297,"date":"2012-11-11T17:08:34","date_gmt":"2012-11-11T17:08:34","guid":{"rendered":"https:\/\/www.cercledart.com\/produit\/guyomard\/"},"modified":"2025-05-02T13:52:07","modified_gmt":"2025-05-02T11:52:07","slug":"guyomard","status":"publish","type":"product","link":"https:\/\/www.cercledart.com\/en\/produit\/guyomard\/","title":{"rendered":"Guyomard"},"content":{"rendered":"<p>G\u00e9rard Guyomard est n\u00e9 en 1936 au Pr\u00e9-Saint-Gervais, sous le signe du Front populaire.<br \/>\nSelon Philippe Curval, &#8220;<em>Son mental s&#8217;est tremp\u00e9 aux sources de la revendication qui comporte droit au travail et aux loisirs.&#8221;<br \/>\n<\/em>Tradition ouvri\u00e8re oblige, il doit gagner sa vie. S&#8217;il commence par dessiner des prototypes de <em>Myst\u00e8re IV<\/em>, il h\u00e9site encore: sera-t-il peintre ou coureur cycliste?<br \/>\nLe hasard des rencontres le dirige vers la restauration de tableaux: il apprend les\u00a0beaux-arts &#8220;sur le tas&#8221; tandis qu&#8217;il part \u00e0 la d\u00e9couverte des mus\u00e9es et galeries.<br \/>\nSes images critiques de la vie quotidienne, &#8220;v\u00e9ritables zapping \u00e0 travers quelques faits de la vie courante&#8221; selon Philippe Curval, \u00e9voquent la Figuration narrative. D\u00e8s qu&#8217;il commence \u00e0 exposer, il se laisse aller en toute libert\u00e9 \u00e0 la sensualit\u00e9 de la mati\u00e8re. Les images surgies de la bizarrerie de son imagination r\u00e9v\u00e8lent la force des th\u00e8mes des vacances (Le d\u00e9part en vacances, Quel petit v\u00e9lo, Naissance de la petite reine) et de l&#8217;\u00e9rotisme (Les carottes sont crues, par ici la bonne soupe). &#8220;Le plaisir est le grand ordonnateur de mon travail pictural&#8221;, aime d\u00e9clarer G\u00e9rard Guyomard, sans \u00e9carter pourtant l&#8217;angoisse d'&#8221;\u00e9riger un monde &#8221; qui le taraude et l&#8217;incite \u00e0 constamment se renouveler.<\/p>\n","protected":false},"excerpt":{"rendered":"<p>G\u00e9rard Guyomard est n\u00e9 en 1936 au Pr\u00e9-Saint-Gervais, sous le signe du Front populaire. Selon Philippe Curval, &#8220;Son mental s&#8217;est tremp\u00e9 aux sources de la revendication qui comporte droit au travail et aux loisirs.&#8221; Tradition ouvri\u00e8re oblige, il doit gagner sa vie. S&#8217;il commence par dessiner des prototypes de Myst\u00e8re IV, il h\u00e9site encore: sera-t-il [&hellip;]<\/p>\n","protected":false},"featured_media":4754,"template":"","meta":{"_acf_changed":false,"om_disable_all_campaigns":false,"_exactmetrics_skip_tracking":false,"_exactmetrics_sitenote_active":false,"_exactmetrics_sitenote_note":"","_exactmetrics_sitenote_category":0,"_monsterinsights_skip_tracking":false,"_monsterinsights_sitenote_active":false,"_monsterinsights_sitenote_note":"","_monsterinsights_sitenote_category":0,"_uf_show_specific_survey":0,"_uf_disable_surveys":false},"product_brand":[],"product_cat":[528,546],"product_tag":[],"class_list":{"0":"post-51297","1":"product","2":"type-product","3":"status-publish","4":"has-post-thumbnail","6":"product_cat-livres","7":"product_cat-non-categorise","10":"first","11":"outofstock","12":"taxable","13":"shipping-taxable","14":"purchasable","15":"product-type-simple"},"acf":[],"yoast_head":"<!-- This site is optimized with the Yoast SEO plugin v27.5 - https:\/\/yoast.com\/product\/yoast-seo-wordpress\/ -->\n<title>Guyomard - \u00c9ditions Cercle d&#039;Art<\/title>\n<meta name=\"robots\" content=\"index, follow, max-snippet:-1, max-image-preview:large, max-video-preview:-1\" \/>\n<link rel=\"canonical\" href=\"https:\/\/www.cercledart.com\/en\/produit\/guyomard\/\" \/>\n<meta property=\"og:locale\" content=\"en_US\" \/>\n<meta property=\"og:type\" content=\"article\" \/>\n<meta property=\"og:title\" content=\"Guyomard - \u00c9ditions Cercle d&#039;Art\" \/>\n<meta property=\"og:description\" content=\"G\u00e9rard Guyomard est n\u00e9 en 1936 au Pr\u00e9-Saint-Gervais, sous le signe du Front populaire. Selon Philippe Curval, &#8220;Son mental s&#8217;est tremp\u00e9 aux sources de la revendication qui comporte droit au travail et aux loisirs.&#8221; Tradition ouvri\u00e8re oblige, il doit gagner sa vie. S&#8217;il commence par dessiner des prototypes de Myst\u00e8re IV, il h\u00e9site encore: sera-t-il [&hellip;]\" \/>\n<meta property=\"og:url\" content=\"https:\/\/www.cercledart.com\/en\/produit\/guyomard\/\" \/>\n<meta property=\"og:site_name\" content=\"\u00c9ditions Cercle d&#039;Art\" \/>\n<meta property=\"article:modified_time\" content=\"2025-05-02T11:52:07+00:00\" \/>\n<meta property=\"og:image\" content=\"https:\/\/www.cercledart.com\/wp-content\/uploads\/2012\/11\/526_guyomard.jpg\" \/>\n\t<meta property=\"og:image:width\" content=\"314\" \/>\n\t<meta property=\"og:image:height\" content=\"400\" \/>\n\t<meta property=\"og:image:type\" content=\"image\/jpeg\" \/>\n<meta name=\"twitter:card\" content=\"summary_large_image\" \/>\n<meta name=\"twitter:label1\" content=\"Est. reading time\" \/>\n\t<meta name=\"twitter:data1\" content=\"1 minute\" \/>\n<script type=\"application\/ld+json\" class=\"yoast-schema-graph\">{\"@context\":\"https:\\\/\\\/schema.org\",\"@graph\":[{\"@type\":\"WebPage\",\"@id\":\"https:\\\/\\\/www.cercledart.com\\\/en\\\/produit\\\/guyomard\\\/\",\"url\":\"https:\\\/\\\/www.cercledart.com\\\/en\\\/produit\\\/guyomard\\\/\",\"name\":\"Guyomard - \u00c9ditions Cercle d&#039;Art\",\"isPartOf\":{\"@id\":\"https:\\\/\\\/www.cercledart.com\\\/en\\\/#website\"},\"primaryImageOfPage\":{\"@id\":\"https:\\\/\\\/www.cercledart.com\\\/en\\\/produit\\\/guyomard\\\/#primaryimage\"},\"image\":{\"@id\":\"https:\\\/\\\/www.cercledart.com\\\/en\\\/produit\\\/guyomard\\\/#primaryimage\"},\"thumbnailUrl\":\"https:\\\/\\\/www.cercledart.com\\\/wp-content\\\/uploads\\\/2012\\\/11\\\/526_guyomard.jpg\",\"datePublished\":\"2012-11-11T17:08:34+00:00\",\"dateModified\":\"2025-05-02T11:52:07+00:00\",\"breadcrumb\":{\"@id\":\"https:\\\/\\\/www.cercledart.com\\\/en\\\/produit\\\/guyomard\\\/#breadcrumb\"},\"inLanguage\":\"en-US\",\"potentialAction\":[{\"@type\":\"ReadAction\",\"target\":[\"https:\\\/\\\/www.cercledart.com\\\/en\\\/produit\\\/guyomard\\\/\"]}]},{\"@type\":\"ImageObject\",\"inLanguage\":\"en-US\",\"@id\":\"https:\\\/\\\/www.cercledart.com\\\/en\\\/produit\\\/guyomard\\\/#primaryimage\",\"url\":\"https:\\\/\\\/www.cercledart.com\\\/wp-content\\\/uploads\\\/2012\\\/11\\\/526_guyomard.jpg\",\"contentUrl\":\"https:\\\/\\\/www.cercledart.com\\\/wp-content\\\/uploads\\\/2012\\\/11\\\/526_guyomard.jpg\",\"width\":314,\"height\":400},{\"@type\":\"BreadcrumbList\",\"@id\":\"https:\\\/\\\/www.cercledart.com\\\/en\\\/produit\\\/guyomard\\\/#breadcrumb\",\"itemListElement\":[{\"@type\":\"ListItem\",\"position\":1,\"name\":\"Accueil\",\"item\":\"https:\\\/\\\/www.cercledart.com\\\/en\\\/\"},{\"@type\":\"ListItem\",\"position\":2,\"name\":\"Shop\",\"item\":\"https:\\\/\\\/www.cercledart.com\\\/en\\\/shop\\\/\"},{\"@type\":\"ListItem\",\"position\":3,\"name\":\"Guyomard\"}]},{\"@type\":\"WebSite\",\"@id\":\"https:\\\/\\\/www.cercledart.com\\\/en\\\/#website\",\"url\":\"https:\\\/\\\/www.cercledart.com\\\/en\\\/\",\"name\":\"\u00c9ditions Cercle d&#039;Art\",\"description\":\"\",\"publisher\":{\"@id\":\"https:\\\/\\\/www.cercledart.com\\\/en\\\/#organization\"},\"potentialAction\":[{\"@type\":\"SearchAction\",\"target\":{\"@type\":\"EntryPoint\",\"urlTemplate\":\"https:\\\/\\\/www.cercledart.com\\\/en\\\/?s={search_term_string}\"},\"query-input\":{\"@type\":\"PropertyValueSpecification\",\"valueRequired\":true,\"valueName\":\"search_term_string\"}}],\"inLanguage\":\"en-US\"},{\"@type\":\"Organization\",\"@id\":\"https:\\\/\\\/www.cercledart.com\\\/en\\\/#organization\",\"name\":\"Cercle d'Art\",\"url\":\"https:\\\/\\\/www.cercledart.com\\\/en\\\/\",\"logo\":{\"@type\":\"ImageObject\",\"inLanguage\":\"en-US\",\"@id\":\"https:\\\/\\\/www.cercledart.com\\\/en\\\/#\\\/schema\\\/logo\\\/image\\\/\",\"url\":\"https:\\\/\\\/www.cercledart.com\\\/wp-content\\\/uploads\\\/2025\\\/04\\\/LogoCA2025.png\",\"contentUrl\":\"https:\\\/\\\/www.cercledart.com\\\/wp-content\\\/uploads\\\/2025\\\/04\\\/LogoCA2025.png\",\"width\":896,\"height\":101,\"caption\":\"Cercle d'Art\"},\"image\":{\"@id\":\"https:\\\/\\\/www.cercledart.com\\\/en\\\/#\\\/schema\\\/logo\\\/image\\\/\"}}]}<\/script>\n<!-- \/ Yoast SEO plugin. -->","yoast_head_json":{"title":"Guyomard - \u00c9ditions Cercle d&#039;Art","robots":{"index":"index","follow":"follow","max-snippet":"max-snippet:-1","max-image-preview":"max-image-preview:large","max-video-preview":"max-video-preview:-1"},"canonical":"https:\/\/www.cercledart.com\/en\/produit\/guyomard\/","og_locale":"en_US","og_type":"article","og_title":"Guyomard - \u00c9ditions Cercle d&#039;Art","og_description":"G\u00e9rard Guyomard est n\u00e9 en 1936 au Pr\u00e9-Saint-Gervais, sous le signe du Front populaire. Selon Philippe Curval, &#8220;Son mental s&#8217;est tremp\u00e9 aux sources de la revendication qui comporte droit au travail et aux loisirs.&#8221; Tradition ouvri\u00e8re oblige, il doit gagner sa vie. S&#8217;il commence par dessiner des prototypes de Myst\u00e8re IV, il h\u00e9site encore: sera-t-il [&hellip;]","og_url":"https:\/\/www.cercledart.com\/en\/produit\/guyomard\/","og_site_name":"\u00c9ditions Cercle d&#039;Art","article_modified_time":"2025-05-02T11:52:07+00:00","og_image":[{"width":314,"height":400,"url":"https:\/\/www.cercledart.com\/wp-content\/uploads\/2012\/11\/526_guyomard.jpg","type":"image\/jpeg"}],"twitter_card":"summary_large_image","twitter_misc":{"Est. reading time":"1 minute"},"schema":{"@context":"https:\/\/schema.org","@graph":[{"@type":"WebPage","@id":"https:\/\/www.cercledart.com\/en\/produit\/guyomard\/","url":"https:\/\/www.cercledart.com\/en\/produit\/guyomard\/","name":"Guyomard - \u00c9ditions Cercle d&#039;Art","isPartOf":{"@id":"https:\/\/www.cercledart.com\/en\/#website"},"primaryImageOfPage":{"@id":"https:\/\/www.cercledart.com\/en\/produit\/guyomard\/#primaryimage"},"image":{"@id":"https:\/\/www.cercledart.com\/en\/produit\/guyomard\/#primaryimage"},"thumbnailUrl":"https:\/\/www.cercledart.com\/wp-content\/uploads\/2012\/11\/526_guyomard.jpg","datePublished":"2012-11-11T17:08:34+00:00","dateModified":"2025-05-02T11:52:07+00:00","breadcrumb":{"@id":"https:\/\/www.cercledart.com\/en\/produit\/guyomard\/#breadcrumb"},"inLanguage":"en-US","potentialAction":[{"@type":"ReadAction","target":["https:\/\/www.cercledart.com\/en\/produit\/guyomard\/"]}]},{"@type":"ImageObject","inLanguage":"en-US","@id":"https:\/\/www.cercledart.com\/en\/produit\/guyomard\/#primaryimage","url":"https:\/\/www.cercledart.com\/wp-content\/uploads\/2012\/11\/526_guyomard.jpg","contentUrl":"https:\/\/www.cercledart.com\/wp-content\/uploads\/2012\/11\/526_guyomard.jpg","width":314,"height":400},{"@type":"BreadcrumbList","@id":"https:\/\/www.cercledart.com\/en\/produit\/guyomard\/#breadcrumb","itemListElement":[{"@type":"ListItem","position":1,"name":"Accueil","item":"https:\/\/www.cercledart.com\/en\/"},{"@type":"ListItem","position":2,"name":"Shop","item":"https:\/\/www.cercledart.com\/en\/shop\/"},{"@type":"ListItem","position":3,"name":"Guyomard"}]},{"@type":"WebSite","@id":"https:\/\/www.cercledart.com\/en\/#website","url":"https:\/\/www.cercledart.com\/en\/","name":"\u00c9ditions Cercle d&#039;Art","description":"","publisher":{"@id":"https:\/\/www.cercledart.com\/en\/#organization"},"potentialAction":[{"@type":"SearchAction","target":{"@type":"EntryPoint","urlTemplate":"https:\/\/www.cercledart.com\/en\/?s={search_term_string}"},"query-input":{"@type":"PropertyValueSpecification","valueRequired":true,"valueName":"search_term_string"}}],"inLanguage":"en-US"},{"@type":"Organization","@id":"https:\/\/www.cercledart.com\/en\/#organization","name":"Cercle d'Art","url":"https:\/\/www.cercledart.com\/en\/","logo":{"@type":"ImageObject","inLanguage":"en-US","@id":"https:\/\/www.cercledart.com\/en\/#\/schema\/logo\/image\/","url":"https:\/\/www.cercledart.com\/wp-content\/uploads\/2025\/04\/LogoCA2025.png","contentUrl":"https:\/\/www.cercledart.com\/wp-content\/uploads\/2025\/04\/LogoCA2025.png","width":896,"height":101,"caption":"Cercle d'Art"},"image":{"@id":"https:\/\/www.cercledart.com\/en\/#\/schema\/logo\/image\/"}}]}},"_links":{"self":[{"href":"https:\/\/www.cercledart.com\/en\/wp-json\/wp\/v2\/product\/51297","targetHints":{"allow":["GET"]}}],"collection":[{"href":"https:\/\/www.cercledart.com\/en\/wp-json\/wp\/v2\/product"}],"about":[{"href":"https:\/\/www.cercledart.com\/en\/wp-json\/wp\/v2\/types\/product"}],"wp:featuredmedia":[{"embeddable":true,"href":"https:\/\/www.cercledart.com\/en\/wp-json\/wp\/v2\/media\/4754"}],"wp:attachment":[{"href":"https:\/\/www.cercledart.com\/en\/wp-json\/wp\/v2\/media?parent=51297"}],"wp:term":[{"taxonomy":"product_brand","embeddable":true,"href":"https:\/\/www.cercledart.com\/en\/wp-json\/wp\/v2\/product_brand?post=51297"},{"taxonomy":"product_cat","embeddable":true,"href":"https:\/\/www.cercledart.com\/en\/wp-json\/wp\/v2\/product_cat?post=51297"},{"taxonomy":"product_tag","embeddable":true,"href":"https:\/\/www.cercledart.com\/en\/wp-json\/wp\/v2\/product_tag?post=51297"}],"curies":[{"name":"wp","href":"https:\/\/api.w.org\/{rel}","templated":true}]}}