{"id":51238,"date":"2012-11-11T17:08:40","date_gmt":"2012-11-11T17:08:40","guid":{"rendered":"https:\/\/www.cercledart.com\/produit\/barrau-marketsigns\/"},"modified":"2025-05-02T13:51:39","modified_gmt":"2025-05-02T11:51:39","slug":"barrau-marketsigns","status":"publish","type":"product","link":"https:\/\/www.cercledart.com\/en\/produit\/barrau-marketsigns\/","title":{"rendered":"Barrau, Marketsigns"},"content":{"rendered":"<p>G\u00e9rard Barrau est le cr\u00e9ateur des architectures ses <em>Fnac, Relay, Sephora, Grand<\/em> <em>Optical, Lancel, Slstice, Synchrony, etc.,<\/em> pour ne parler que de la France et de l&#8217;Europe, mais ses r\u00e9alisations connaissent un grand succ\u00e8s \u00e9galement aux USA. Et au Japon.<br \/>\nIl est l&#8217;un des principaux acteurs mondiaux en mati\u00e8re d&#8217;architecture de commerce.<br \/>\nCe livre que nous publions est le livre de G\u00e9rard Barrau.<br \/>\nSon ami Albert Boton lui a m\u00eame dessin\u00e9, une police de caract\u00e8re, le Pomp\u00e9i\u00a0: \u00e0 mi-chemin entre typographies antiques et modernes.<br \/>\nComme l&#8217;aurait peint Magritte, ceci n&#8217;est pas un livre publicitaire.<br \/>\nC&#8217;est un regard ac\u00e9r\u00e9 sur nos modes de vie, nos mentalit\u00e9s et notre culture de consommation.<br \/>\nIl s&#8217;agit d&#8217;un livre d&#8217;artiste.<br \/>\nUne multitude de supports originaux ont \u00e9t\u00e9 choisis par G\u00e9rard Barrau en fonction de leur capacit\u00e9 \u00e0 traduire sa d\u00e9marche de designer-architecte.<\/p>\n<div>\u00a0<\/div>\n<p>&nbsp;<\/p>\n","protected":false},"excerpt":{"rendered":"<p>G\u00e9rard Barrau est le cr\u00e9ateur des architectures ses Fnac, Relay, Sephora, Grand Optical, Lancel, Slstice, Synchrony, etc., pour ne parler que de la France et de l&#8217;Europe, mais ses r\u00e9alisations connaissent un grand succ\u00e8s \u00e9galement aux USA. Et au Japon. Il est l&#8217;un des principaux acteurs mondiaux en mati\u00e8re d&#8217;architecture de commerce. Ce livre que [&hellip;]<\/p>\n","protected":false},"featured_media":4815,"template":"","meta":{"_acf_changed":false,"om_disable_all_campaigns":false,"_exactmetrics_skip_tracking":false,"_exactmetrics_sitenote_active":false,"_exactmetrics_sitenote_note":"","_exactmetrics_sitenote_category":0,"_monsterinsights_skip_tracking":false,"_monsterinsights_sitenote_active":false,"_monsterinsights_sitenote_note":"","_monsterinsights_sitenote_category":0,"_uf_show_specific_survey":0,"_uf_disable_surveys":false},"product_brand":[],"product_cat":[528,546],"product_tag":[],"class_list":{"0":"post-51238","1":"product","2":"type-product","3":"status-publish","4":"has-post-thumbnail","6":"product_cat-livres","7":"product_cat-non-categorise","10":"first","11":"outofstock","12":"taxable","13":"shipping-taxable","14":"purchasable","15":"product-type-simple"},"acf":[],"yoast_head":"<!-- This site is optimized with the Yoast SEO plugin v27.5 - https:\/\/yoast.com\/product\/yoast-seo-wordpress\/ -->\n<title>Barrau, Marketsigns - \u00c9ditions Cercle d&#039;Art<\/title>\n<meta name=\"robots\" content=\"index, follow, max-snippet:-1, max-image-preview:large, max-video-preview:-1\" \/>\n<link rel=\"canonical\" href=\"https:\/\/www.cercledart.com\/en\/produit\/barrau-marketsigns\/\" \/>\n<meta property=\"og:locale\" content=\"en_US\" \/>\n<meta property=\"og:type\" content=\"article\" \/>\n<meta property=\"og:title\" content=\"Barrau, Marketsigns - \u00c9ditions Cercle d&#039;Art\" \/>\n<meta property=\"og:description\" content=\"G\u00e9rard Barrau est le cr\u00e9ateur des architectures ses Fnac, Relay, Sephora, Grand Optical, Lancel, Slstice, Synchrony, etc., pour ne parler que de la France et de l&#8217;Europe, mais ses r\u00e9alisations connaissent un grand succ\u00e8s \u00e9galement aux USA. Et au Japon. Il est l&#8217;un des principaux acteurs mondiaux en mati\u00e8re d&#8217;architecture de commerce. Ce livre que [&hellip;]\" \/>\n<meta property=\"og:url\" content=\"https:\/\/www.cercledart.com\/en\/produit\/barrau-marketsigns\/\" \/>\n<meta property=\"og:site_name\" content=\"\u00c9ditions Cercle d&#039;Art\" \/>\n<meta property=\"article:modified_time\" content=\"2025-05-02T11:51:39+00:00\" \/>\n<meta property=\"og:image\" content=\"https:\/\/www.cercledart.com\/wp-content\/uploads\/2012\/11\/616_barrau.gif\" \/>\n\t<meta property=\"og:image:width\" content=\"95\" \/>\n\t<meta property=\"og:image:height\" content=\"137\" \/>\n\t<meta property=\"og:image:type\" content=\"image\/gif\" \/>\n<meta name=\"twitter:card\" content=\"summary_large_image\" \/>\n<meta name=\"twitter:label1\" content=\"Est. reading time\" \/>\n\t<meta name=\"twitter:data1\" content=\"1 minute\" \/>\n<script type=\"application\/ld+json\" class=\"yoast-schema-graph\">{\"@context\":\"https:\\\/\\\/schema.org\",\"@graph\":[{\"@type\":\"WebPage\",\"@id\":\"https:\\\/\\\/www.cercledart.com\\\/en\\\/produit\\\/barrau-marketsigns\\\/\",\"url\":\"https:\\\/\\\/www.cercledart.com\\\/en\\\/produit\\\/barrau-marketsigns\\\/\",\"name\":\"Barrau, Marketsigns - \u00c9ditions Cercle d&#039;Art\",\"isPartOf\":{\"@id\":\"https:\\\/\\\/www.cercledart.com\\\/en\\\/#website\"},\"primaryImageOfPage\":{\"@id\":\"https:\\\/\\\/www.cercledart.com\\\/en\\\/produit\\\/barrau-marketsigns\\\/#primaryimage\"},\"image\":{\"@id\":\"https:\\\/\\\/www.cercledart.com\\\/en\\\/produit\\\/barrau-marketsigns\\\/#primaryimage\"},\"thumbnailUrl\":\"https:\\\/\\\/www.cercledart.com\\\/wp-content\\\/uploads\\\/2012\\\/11\\\/616_barrau.gif\",\"datePublished\":\"2012-11-11T17:08:40+00:00\",\"dateModified\":\"2025-05-02T11:51:39+00:00\",\"breadcrumb\":{\"@id\":\"https:\\\/\\\/www.cercledart.com\\\/en\\\/produit\\\/barrau-marketsigns\\\/#breadcrumb\"},\"inLanguage\":\"en-US\",\"potentialAction\":[{\"@type\":\"ReadAction\",\"target\":[\"https:\\\/\\\/www.cercledart.com\\\/en\\\/produit\\\/barrau-marketsigns\\\/\"]}]},{\"@type\":\"ImageObject\",\"inLanguage\":\"en-US\",\"@id\":\"https:\\\/\\\/www.cercledart.com\\\/en\\\/produit\\\/barrau-marketsigns\\\/#primaryimage\",\"url\":\"https:\\\/\\\/www.cercledart.com\\\/wp-content\\\/uploads\\\/2012\\\/11\\\/616_barrau.gif\",\"contentUrl\":\"https:\\\/\\\/www.cercledart.com\\\/wp-content\\\/uploads\\\/2012\\\/11\\\/616_barrau.gif\",\"width\":95,\"height\":137},{\"@type\":\"BreadcrumbList\",\"@id\":\"https:\\\/\\\/www.cercledart.com\\\/en\\\/produit\\\/barrau-marketsigns\\\/#breadcrumb\",\"itemListElement\":[{\"@type\":\"ListItem\",\"position\":1,\"name\":\"Accueil\",\"item\":\"https:\\\/\\\/www.cercledart.com\\\/en\\\/\"},{\"@type\":\"ListItem\",\"position\":2,\"name\":\"Shop\",\"item\":\"https:\\\/\\\/www.cercledart.com\\\/en\\\/shop\\\/\"},{\"@type\":\"ListItem\",\"position\":3,\"name\":\"Barrau, Marketsigns\"}]},{\"@type\":\"WebSite\",\"@id\":\"https:\\\/\\\/www.cercledart.com\\\/en\\\/#website\",\"url\":\"https:\\\/\\\/www.cercledart.com\\\/en\\\/\",\"name\":\"\u00c9ditions Cercle d&#039;Art\",\"description\":\"\",\"publisher\":{\"@id\":\"https:\\\/\\\/www.cercledart.com\\\/en\\\/#organization\"},\"potentialAction\":[{\"@type\":\"SearchAction\",\"target\":{\"@type\":\"EntryPoint\",\"urlTemplate\":\"https:\\\/\\\/www.cercledart.com\\\/en\\\/?s={search_term_string}\"},\"query-input\":{\"@type\":\"PropertyValueSpecification\",\"valueRequired\":true,\"valueName\":\"search_term_string\"}}],\"inLanguage\":\"en-US\"},{\"@type\":\"Organization\",\"@id\":\"https:\\\/\\\/www.cercledart.com\\\/en\\\/#organization\",\"name\":\"Cercle d'Art\",\"url\":\"https:\\\/\\\/www.cercledart.com\\\/en\\\/\",\"logo\":{\"@type\":\"ImageObject\",\"inLanguage\":\"en-US\",\"@id\":\"https:\\\/\\\/www.cercledart.com\\\/en\\\/#\\\/schema\\\/logo\\\/image\\\/\",\"url\":\"https:\\\/\\\/www.cercledart.com\\\/wp-content\\\/uploads\\\/2025\\\/04\\\/LogoCA2025.png\",\"contentUrl\":\"https:\\\/\\\/www.cercledart.com\\\/wp-content\\\/uploads\\\/2025\\\/04\\\/LogoCA2025.png\",\"width\":896,\"height\":101,\"caption\":\"Cercle d'Art\"},\"image\":{\"@id\":\"https:\\\/\\\/www.cercledart.com\\\/en\\\/#\\\/schema\\\/logo\\\/image\\\/\"}}]}<\/script>\n<!-- \/ Yoast SEO plugin. -->","yoast_head_json":{"title":"Barrau, Marketsigns - \u00c9ditions Cercle d&#039;Art","robots":{"index":"index","follow":"follow","max-snippet":"max-snippet:-1","max-image-preview":"max-image-preview:large","max-video-preview":"max-video-preview:-1"},"canonical":"https:\/\/www.cercledart.com\/en\/produit\/barrau-marketsigns\/","og_locale":"en_US","og_type":"article","og_title":"Barrau, Marketsigns - \u00c9ditions Cercle d&#039;Art","og_description":"G\u00e9rard Barrau est le cr\u00e9ateur des architectures ses Fnac, Relay, Sephora, Grand Optical, Lancel, Slstice, Synchrony, etc., pour ne parler que de la France et de l&#8217;Europe, mais ses r\u00e9alisations connaissent un grand succ\u00e8s \u00e9galement aux USA. Et au Japon. Il est l&#8217;un des principaux acteurs mondiaux en mati\u00e8re d&#8217;architecture de commerce. Ce livre que [&hellip;]","og_url":"https:\/\/www.cercledart.com\/en\/produit\/barrau-marketsigns\/","og_site_name":"\u00c9ditions Cercle d&#039;Art","article_modified_time":"2025-05-02T11:51:39+00:00","og_image":[{"width":95,"height":137,"url":"https:\/\/www.cercledart.com\/wp-content\/uploads\/2012\/11\/616_barrau.gif","type":"image\/gif"}],"twitter_card":"summary_large_image","twitter_misc":{"Est. reading time":"1 minute"},"schema":{"@context":"https:\/\/schema.org","@graph":[{"@type":"WebPage","@id":"https:\/\/www.cercledart.com\/en\/produit\/barrau-marketsigns\/","url":"https:\/\/www.cercledart.com\/en\/produit\/barrau-marketsigns\/","name":"Barrau, Marketsigns - \u00c9ditions Cercle d&#039;Art","isPartOf":{"@id":"https:\/\/www.cercledart.com\/en\/#website"},"primaryImageOfPage":{"@id":"https:\/\/www.cercledart.com\/en\/produit\/barrau-marketsigns\/#primaryimage"},"image":{"@id":"https:\/\/www.cercledart.com\/en\/produit\/barrau-marketsigns\/#primaryimage"},"thumbnailUrl":"https:\/\/www.cercledart.com\/wp-content\/uploads\/2012\/11\/616_barrau.gif","datePublished":"2012-11-11T17:08:40+00:00","dateModified":"2025-05-02T11:51:39+00:00","breadcrumb":{"@id":"https:\/\/www.cercledart.com\/en\/produit\/barrau-marketsigns\/#breadcrumb"},"inLanguage":"en-US","potentialAction":[{"@type":"ReadAction","target":["https:\/\/www.cercledart.com\/en\/produit\/barrau-marketsigns\/"]}]},{"@type":"ImageObject","inLanguage":"en-US","@id":"https:\/\/www.cercledart.com\/en\/produit\/barrau-marketsigns\/#primaryimage","url":"https:\/\/www.cercledart.com\/wp-content\/uploads\/2012\/11\/616_barrau.gif","contentUrl":"https:\/\/www.cercledart.com\/wp-content\/uploads\/2012\/11\/616_barrau.gif","width":95,"height":137},{"@type":"BreadcrumbList","@id":"https:\/\/www.cercledart.com\/en\/produit\/barrau-marketsigns\/#breadcrumb","itemListElement":[{"@type":"ListItem","position":1,"name":"Accueil","item":"https:\/\/www.cercledart.com\/en\/"},{"@type":"ListItem","position":2,"name":"Shop","item":"https:\/\/www.cercledart.com\/en\/shop\/"},{"@type":"ListItem","position":3,"name":"Barrau, Marketsigns"}]},{"@type":"WebSite","@id":"https:\/\/www.cercledart.com\/en\/#website","url":"https:\/\/www.cercledart.com\/en\/","name":"\u00c9ditions Cercle d&#039;Art","description":"","publisher":{"@id":"https:\/\/www.cercledart.com\/en\/#organization"},"potentialAction":[{"@type":"SearchAction","target":{"@type":"EntryPoint","urlTemplate":"https:\/\/www.cercledart.com\/en\/?s={search_term_string}"},"query-input":{"@type":"PropertyValueSpecification","valueRequired":true,"valueName":"search_term_string"}}],"inLanguage":"en-US"},{"@type":"Organization","@id":"https:\/\/www.cercledart.com\/en\/#organization","name":"Cercle d'Art","url":"https:\/\/www.cercledart.com\/en\/","logo":{"@type":"ImageObject","inLanguage":"en-US","@id":"https:\/\/www.cercledart.com\/en\/#\/schema\/logo\/image\/","url":"https:\/\/www.cercledart.com\/wp-content\/uploads\/2025\/04\/LogoCA2025.png","contentUrl":"https:\/\/www.cercledart.com\/wp-content\/uploads\/2025\/04\/LogoCA2025.png","width":896,"height":101,"caption":"Cercle d'Art"},"image":{"@id":"https:\/\/www.cercledart.com\/en\/#\/schema\/logo\/image\/"}}]}},"_links":{"self":[{"href":"https:\/\/www.cercledart.com\/en\/wp-json\/wp\/v2\/product\/51238","targetHints":{"allow":["GET"]}}],"collection":[{"href":"https:\/\/www.cercledart.com\/en\/wp-json\/wp\/v2\/product"}],"about":[{"href":"https:\/\/www.cercledart.com\/en\/wp-json\/wp\/v2\/types\/product"}],"wp:featuredmedia":[{"embeddable":true,"href":"https:\/\/www.cercledart.com\/en\/wp-json\/wp\/v2\/media\/4815"}],"wp:attachment":[{"href":"https:\/\/www.cercledart.com\/en\/wp-json\/wp\/v2\/media?parent=51238"}],"wp:term":[{"taxonomy":"product_brand","embeddable":true,"href":"https:\/\/www.cercledart.com\/en\/wp-json\/wp\/v2\/product_brand?post=51238"},{"taxonomy":"product_cat","embeddable":true,"href":"https:\/\/www.cercledart.com\/en\/wp-json\/wp\/v2\/product_cat?post=51238"},{"taxonomy":"product_tag","embeddable":true,"href":"https:\/\/www.cercledart.com\/en\/wp-json\/wp\/v2\/product_tag?post=51238"}],"curies":[{"name":"wp","href":"https:\/\/api.w.org\/{rel}","templated":true}]}}