{"id":51228,"date":"2012-11-11T17:08:41","date_gmt":"2012-11-11T17:08:41","guid":{"rendered":"https:\/\/www.cercledart.com\/produit\/cueco-la-petite-peinture\/"},"modified":"2025-05-02T13:51:39","modified_gmt":"2025-05-02T11:51:39","slug":"cueco-la-petite-peinture","status":"publish","type":"product","link":"https:\/\/www.cercledart.com\/en\/produit\/cueco-la-petite-peinture\/","title":{"rendered":"Cueco, La petite peinture"},"content":{"rendered":"<p>\u00ab\u00a0<strong>La petite peinture doit s&#8217;effectuer confortablement au soleil s&#8217;il ne fait pas trop chaud, \u00e0 l&#8217;ombre pour se rafra\u00eechir.<\/strong> On recherchera comme les chats les espaces moiti\u00e9 ombre, moiti\u00e9 soleil, mais le petit tableau doit \u00eatre tenu ou pos\u00e9 \u00e0 l&#8217;ombre. On aimera pour travailler les coussins pour le confort des fesses. Ainsi install\u00e9 au grand air avec deux chaises et un petit banc, un vieux chiffon, quelques couleurs dans un panier, l&#8217;entreprise artistique a grande allure.\u00a0\u00bb<\/p>\n<p><strong>Ce livre est en fait un carnet journal \u00e9crit et illustr\u00e9 par Henri Cueco<\/strong> et qui a pris forme entre le 25 juillet et 21 janvier 2000, \u00e0 Puget, en sa terre limousine.<\/p>\n<p>Les r\u00e9flexions et les croquis de l&#8217;artiste et de l&#8217;\u00e9crivain r\u00e9v\u00e8lent sa tendresse pour la petite peinture et sa passion pour les mots qu&#8217;il manipule avec jubilation.<\/p>\n","protected":false},"excerpt":{"rendered":"<p>\u00ab\u00a0La petite peinture doit s&#8217;effectuer confortablement au soleil s&#8217;il ne fait pas trop chaud, \u00e0 l&#8217;ombre pour se rafra\u00eechir. On recherchera comme les chats les espaces moiti\u00e9 ombre, moiti\u00e9 soleil, mais le petit tableau doit \u00eatre tenu ou pos\u00e9 \u00e0 l&#8217;ombre. On aimera pour travailler les coussins pour le confort des fesses. Ainsi install\u00e9 au [&hellip;]<\/p>\n","protected":false},"featured_media":4826,"template":"","meta":{"_acf_changed":false,"om_disable_all_campaigns":false,"_exactmetrics_skip_tracking":false,"_exactmetrics_sitenote_active":false,"_exactmetrics_sitenote_note":"","_exactmetrics_sitenote_category":0,"_monsterinsights_skip_tracking":false,"_monsterinsights_sitenote_active":false,"_monsterinsights_sitenote_note":"","_monsterinsights_sitenote_category":0,"_uf_show_specific_survey":0,"_uf_disable_surveys":false},"product_brand":[],"product_cat":[528,546],"product_tag":[],"class_list":{"0":"post-51228","1":"product","2":"type-product","3":"status-publish","4":"has-post-thumbnail","6":"product_cat-livres","7":"product_cat-non-categorise","10":"first","11":"outofstock","12":"taxable","13":"shipping-taxable","14":"purchasable","15":"product-type-simple"},"acf":[],"yoast_head":"<!-- This site is optimized with the Yoast SEO plugin v27.5 - https:\/\/yoast.com\/product\/yoast-seo-wordpress\/ -->\n<title>Cueco, La petite peinture - \u00c9ditions Cercle d&#039;Art<\/title>\n<meta name=\"robots\" content=\"index, follow, max-snippet:-1, max-image-preview:large, max-video-preview:-1\" \/>\n<link rel=\"canonical\" href=\"https:\/\/www.cercledart.com\/en\/produit\/cueco-la-petite-peinture\/\" \/>\n<meta property=\"og:locale\" content=\"en_US\" \/>\n<meta property=\"og:type\" content=\"article\" \/>\n<meta property=\"og:title\" content=\"Cueco, La petite peinture - \u00c9ditions Cercle d&#039;Art\" \/>\n<meta property=\"og:description\" content=\"\u00ab\u00a0La petite peinture doit s&#8217;effectuer confortablement au soleil s&#8217;il ne fait pas trop chaud, \u00e0 l&#8217;ombre pour se rafra\u00eechir. On recherchera comme les chats les espaces moiti\u00e9 ombre, moiti\u00e9 soleil, mais le petit tableau doit \u00eatre tenu ou pos\u00e9 \u00e0 l&#8217;ombre. On aimera pour travailler les coussins pour le confort des fesses. Ainsi install\u00e9 au [&hellip;]\" \/>\n<meta property=\"og:url\" content=\"https:\/\/www.cercledart.com\/en\/produit\/cueco-la-petite-peinture\/\" \/>\n<meta property=\"og:site_name\" content=\"\u00c9ditions Cercle d&#039;Art\" \/>\n<meta property=\"article:modified_time\" content=\"2025-05-02T11:51:39+00:00\" \/>\n<meta property=\"og:image\" content=\"https:\/\/www.cercledart.com\/wp-content\/uploads\/2012\/11\/631_cueco_petite.jpg\" \/>\n\t<meta property=\"og:image:width\" content=\"283\" \/>\n\t<meta property=\"og:image:height\" content=\"400\" \/>\n\t<meta property=\"og:image:type\" content=\"image\/jpeg\" \/>\n<meta name=\"twitter:card\" content=\"summary_large_image\" \/>\n<meta name=\"twitter:label1\" content=\"Est. reading time\" \/>\n\t<meta name=\"twitter:data1\" content=\"1 minute\" \/>\n<script type=\"application\/ld+json\" class=\"yoast-schema-graph\">{\"@context\":\"https:\\\/\\\/schema.org\",\"@graph\":[{\"@type\":\"WebPage\",\"@id\":\"https:\\\/\\\/www.cercledart.com\\\/en\\\/produit\\\/cueco-la-petite-peinture\\\/\",\"url\":\"https:\\\/\\\/www.cercledart.com\\\/en\\\/produit\\\/cueco-la-petite-peinture\\\/\",\"name\":\"Cueco, La petite peinture - \u00c9ditions Cercle d&#039;Art\",\"isPartOf\":{\"@id\":\"https:\\\/\\\/www.cercledart.com\\\/en\\\/#website\"},\"primaryImageOfPage\":{\"@id\":\"https:\\\/\\\/www.cercledart.com\\\/en\\\/produit\\\/cueco-la-petite-peinture\\\/#primaryimage\"},\"image\":{\"@id\":\"https:\\\/\\\/www.cercledart.com\\\/en\\\/produit\\\/cueco-la-petite-peinture\\\/#primaryimage\"},\"thumbnailUrl\":\"https:\\\/\\\/www.cercledart.com\\\/wp-content\\\/uploads\\\/2012\\\/11\\\/631_cueco_petite.jpg\",\"datePublished\":\"2012-11-11T17:08:41+00:00\",\"dateModified\":\"2025-05-02T11:51:39+00:00\",\"breadcrumb\":{\"@id\":\"https:\\\/\\\/www.cercledart.com\\\/en\\\/produit\\\/cueco-la-petite-peinture\\\/#breadcrumb\"},\"inLanguage\":\"en-US\",\"potentialAction\":[{\"@type\":\"ReadAction\",\"target\":[\"https:\\\/\\\/www.cercledart.com\\\/en\\\/produit\\\/cueco-la-petite-peinture\\\/\"]}]},{\"@type\":\"ImageObject\",\"inLanguage\":\"en-US\",\"@id\":\"https:\\\/\\\/www.cercledart.com\\\/en\\\/produit\\\/cueco-la-petite-peinture\\\/#primaryimage\",\"url\":\"https:\\\/\\\/www.cercledart.com\\\/wp-content\\\/uploads\\\/2012\\\/11\\\/631_cueco_petite.jpg\",\"contentUrl\":\"https:\\\/\\\/www.cercledart.com\\\/wp-content\\\/uploads\\\/2012\\\/11\\\/631_cueco_petite.jpg\",\"width\":283,\"height\":400},{\"@type\":\"BreadcrumbList\",\"@id\":\"https:\\\/\\\/www.cercledart.com\\\/en\\\/produit\\\/cueco-la-petite-peinture\\\/#breadcrumb\",\"itemListElement\":[{\"@type\":\"ListItem\",\"position\":1,\"name\":\"Accueil\",\"item\":\"https:\\\/\\\/www.cercledart.com\\\/en\\\/\"},{\"@type\":\"ListItem\",\"position\":2,\"name\":\"Shop\",\"item\":\"https:\\\/\\\/www.cercledart.com\\\/en\\\/shop\\\/\"},{\"@type\":\"ListItem\",\"position\":3,\"name\":\"Cueco, La petite peinture\"}]},{\"@type\":\"WebSite\",\"@id\":\"https:\\\/\\\/www.cercledart.com\\\/en\\\/#website\",\"url\":\"https:\\\/\\\/www.cercledart.com\\\/en\\\/\",\"name\":\"\u00c9ditions Cercle d&#039;Art\",\"description\":\"\",\"publisher\":{\"@id\":\"https:\\\/\\\/www.cercledart.com\\\/en\\\/#organization\"},\"potentialAction\":[{\"@type\":\"SearchAction\",\"target\":{\"@type\":\"EntryPoint\",\"urlTemplate\":\"https:\\\/\\\/www.cercledart.com\\\/en\\\/?s={search_term_string}\"},\"query-input\":{\"@type\":\"PropertyValueSpecification\",\"valueRequired\":true,\"valueName\":\"search_term_string\"}}],\"inLanguage\":\"en-US\"},{\"@type\":\"Organization\",\"@id\":\"https:\\\/\\\/www.cercledart.com\\\/en\\\/#organization\",\"name\":\"Cercle d'Art\",\"url\":\"https:\\\/\\\/www.cercledart.com\\\/en\\\/\",\"logo\":{\"@type\":\"ImageObject\",\"inLanguage\":\"en-US\",\"@id\":\"https:\\\/\\\/www.cercledart.com\\\/en\\\/#\\\/schema\\\/logo\\\/image\\\/\",\"url\":\"https:\\\/\\\/www.cercledart.com\\\/wp-content\\\/uploads\\\/2025\\\/04\\\/LogoCA2025.png\",\"contentUrl\":\"https:\\\/\\\/www.cercledart.com\\\/wp-content\\\/uploads\\\/2025\\\/04\\\/LogoCA2025.png\",\"width\":896,\"height\":101,\"caption\":\"Cercle d'Art\"},\"image\":{\"@id\":\"https:\\\/\\\/www.cercledart.com\\\/en\\\/#\\\/schema\\\/logo\\\/image\\\/\"}}]}<\/script>\n<!-- \/ Yoast SEO plugin. -->","yoast_head_json":{"title":"Cueco, La petite peinture - \u00c9ditions Cercle d&#039;Art","robots":{"index":"index","follow":"follow","max-snippet":"max-snippet:-1","max-image-preview":"max-image-preview:large","max-video-preview":"max-video-preview:-1"},"canonical":"https:\/\/www.cercledart.com\/en\/produit\/cueco-la-petite-peinture\/","og_locale":"en_US","og_type":"article","og_title":"Cueco, La petite peinture - \u00c9ditions Cercle d&#039;Art","og_description":"\u00ab\u00a0La petite peinture doit s&#8217;effectuer confortablement au soleil s&#8217;il ne fait pas trop chaud, \u00e0 l&#8217;ombre pour se rafra\u00eechir. On recherchera comme les chats les espaces moiti\u00e9 ombre, moiti\u00e9 soleil, mais le petit tableau doit \u00eatre tenu ou pos\u00e9 \u00e0 l&#8217;ombre. On aimera pour travailler les coussins pour le confort des fesses. Ainsi install\u00e9 au [&hellip;]","og_url":"https:\/\/www.cercledart.com\/en\/produit\/cueco-la-petite-peinture\/","og_site_name":"\u00c9ditions Cercle d&#039;Art","article_modified_time":"2025-05-02T11:51:39+00:00","og_image":[{"width":283,"height":400,"url":"https:\/\/www.cercledart.com\/wp-content\/uploads\/2012\/11\/631_cueco_petite.jpg","type":"image\/jpeg"}],"twitter_card":"summary_large_image","twitter_misc":{"Est. reading time":"1 minute"},"schema":{"@context":"https:\/\/schema.org","@graph":[{"@type":"WebPage","@id":"https:\/\/www.cercledart.com\/en\/produit\/cueco-la-petite-peinture\/","url":"https:\/\/www.cercledart.com\/en\/produit\/cueco-la-petite-peinture\/","name":"Cueco, La petite peinture - \u00c9ditions Cercle d&#039;Art","isPartOf":{"@id":"https:\/\/www.cercledart.com\/en\/#website"},"primaryImageOfPage":{"@id":"https:\/\/www.cercledart.com\/en\/produit\/cueco-la-petite-peinture\/#primaryimage"},"image":{"@id":"https:\/\/www.cercledart.com\/en\/produit\/cueco-la-petite-peinture\/#primaryimage"},"thumbnailUrl":"https:\/\/www.cercledart.com\/wp-content\/uploads\/2012\/11\/631_cueco_petite.jpg","datePublished":"2012-11-11T17:08:41+00:00","dateModified":"2025-05-02T11:51:39+00:00","breadcrumb":{"@id":"https:\/\/www.cercledart.com\/en\/produit\/cueco-la-petite-peinture\/#breadcrumb"},"inLanguage":"en-US","potentialAction":[{"@type":"ReadAction","target":["https:\/\/www.cercledart.com\/en\/produit\/cueco-la-petite-peinture\/"]}]},{"@type":"ImageObject","inLanguage":"en-US","@id":"https:\/\/www.cercledart.com\/en\/produit\/cueco-la-petite-peinture\/#primaryimage","url":"https:\/\/www.cercledart.com\/wp-content\/uploads\/2012\/11\/631_cueco_petite.jpg","contentUrl":"https:\/\/www.cercledart.com\/wp-content\/uploads\/2012\/11\/631_cueco_petite.jpg","width":283,"height":400},{"@type":"BreadcrumbList","@id":"https:\/\/www.cercledart.com\/en\/produit\/cueco-la-petite-peinture\/#breadcrumb","itemListElement":[{"@type":"ListItem","position":1,"name":"Accueil","item":"https:\/\/www.cercledart.com\/en\/"},{"@type":"ListItem","position":2,"name":"Shop","item":"https:\/\/www.cercledart.com\/en\/shop\/"},{"@type":"ListItem","position":3,"name":"Cueco, La petite peinture"}]},{"@type":"WebSite","@id":"https:\/\/www.cercledart.com\/en\/#website","url":"https:\/\/www.cercledart.com\/en\/","name":"\u00c9ditions Cercle d&#039;Art","description":"","publisher":{"@id":"https:\/\/www.cercledart.com\/en\/#organization"},"potentialAction":[{"@type":"SearchAction","target":{"@type":"EntryPoint","urlTemplate":"https:\/\/www.cercledart.com\/en\/?s={search_term_string}"},"query-input":{"@type":"PropertyValueSpecification","valueRequired":true,"valueName":"search_term_string"}}],"inLanguage":"en-US"},{"@type":"Organization","@id":"https:\/\/www.cercledart.com\/en\/#organization","name":"Cercle d'Art","url":"https:\/\/www.cercledart.com\/en\/","logo":{"@type":"ImageObject","inLanguage":"en-US","@id":"https:\/\/www.cercledart.com\/en\/#\/schema\/logo\/image\/","url":"https:\/\/www.cercledart.com\/wp-content\/uploads\/2025\/04\/LogoCA2025.png","contentUrl":"https:\/\/www.cercledart.com\/wp-content\/uploads\/2025\/04\/LogoCA2025.png","width":896,"height":101,"caption":"Cercle d'Art"},"image":{"@id":"https:\/\/www.cercledart.com\/en\/#\/schema\/logo\/image\/"}}]}},"_links":{"self":[{"href":"https:\/\/www.cercledart.com\/en\/wp-json\/wp\/v2\/product\/51228","targetHints":{"allow":["GET"]}}],"collection":[{"href":"https:\/\/www.cercledart.com\/en\/wp-json\/wp\/v2\/product"}],"about":[{"href":"https:\/\/www.cercledart.com\/en\/wp-json\/wp\/v2\/types\/product"}],"wp:featuredmedia":[{"embeddable":true,"href":"https:\/\/www.cercledart.com\/en\/wp-json\/wp\/v2\/media\/4826"}],"wp:attachment":[{"href":"https:\/\/www.cercledart.com\/en\/wp-json\/wp\/v2\/media?parent=51228"}],"wp:term":[{"taxonomy":"product_brand","embeddable":true,"href":"https:\/\/www.cercledart.com\/en\/wp-json\/wp\/v2\/product_brand?post=51228"},{"taxonomy":"product_cat","embeddable":true,"href":"https:\/\/www.cercledart.com\/en\/wp-json\/wp\/v2\/product_cat?post=51228"},{"taxonomy":"product_tag","embeddable":true,"href":"https:\/\/www.cercledart.com\/en\/wp-json\/wp\/v2\/product_tag?post=51228"}],"curies":[{"name":"wp","href":"https:\/\/api.w.org\/{rel}","templated":true}]}}