{"id":51181,"date":"2012-11-11T17:08:45","date_gmt":"2012-11-11T17:08:45","guid":{"rendered":"https:\/\/www.cercledart.com\/produit\/la-nouvelle-figuration-une-histoire-de-1953-a-nos-jours\/"},"modified":"2025-05-02T13:51:36","modified_gmt":"2025-05-02T11:51:36","slug":"la-nouvelle-figuration-une-histoire-de-1953-a-nos-jours","status":"publish","type":"product","link":"https:\/\/www.cercledart.com\/en\/produit\/la-nouvelle-figuration-une-histoire-de-1953-a-nos-jours\/","title":{"rendered":"La Nouvelle Figuration. Une histoire de 1953 \u00e0 nos jours"},"content":{"rendered":"<p><strong>La Nouvelle figuration est l&#8217;un des mouvements artistiques les plus importants n\u00e9s en France au XXe si\u00e8cle, dont l&#8217;une des composantes essentielles est la Figuration narrative<\/strong> th\u00e9oris\u00e9e au milieu des ann\u00e9es 60 par G\u00e9rald Gassiot-Talabot.<\/p>\n<p>Le courant artistique qui s&#8217;est d\u00e9velopp\u00e9 alors face \u00e0 la double emprise de l&#8217;abstraction finissante et du pop naissant, tr\u00e8s vite nomm\u00e9 Nouvelle figuration, a rassembl\u00e9 des peintres int\u00e9ress\u00e9s \u00e0 la fois par la forme et le sens. Pour G\u00e9rald Gassiot-Talabot \u00ab la <strong>Figuration narrative<\/strong> restreint le champ de la Nouvelle figuration pour retenir certains artistes \u00e0 partir de crit\u00e8res formels et surtout politiques. \u00bb. Quant \u00e0 la <strong>Figuration critique<\/strong>, mouvance issue de la Figuration narrative, Pierre Gaudibert la pr\u00e9sente comme \u00ab un simple regroupement arbitraire de ceux qui voulaient redonner \u00e0 la peinture une fonction politiquement active \u00bb.<\/p>\n<p>Depuis les expositions historiques ou les grandes heures du Salon de la Jeune Peinture autour de 1968, jusqu&#8217;\u00e0 l&#8217;\u00e9panouissement actuel d&#8217;artistes dont plusieurs ont acquis une r\u00e9putation internationale, <strong>cette histoire encha\u00eene les faits tout en pr\u00e9sentant des interpr\u00e9tations pr\u00e9cises des contenus d&#8217;un courant pictural particuli\u00e8rement riche et original<\/strong>.<\/p>\n","protected":false},"excerpt":{"rendered":"<p>La Nouvelle figuration est l&#8217;un des mouvements artistiques les plus importants n\u00e9s en France au XXe si\u00e8cle, dont l&#8217;une des composantes essentielles est la Figuration narrative th\u00e9oris\u00e9e au milieu des ann\u00e9es 60 par G\u00e9rald Gassiot-Talabot. Le courant artistique qui s&#8217;est d\u00e9velopp\u00e9 alors face \u00e0 la double emprise de l&#8217;abstraction finissante et du pop naissant, tr\u00e8s [&hellip;]<\/p>\n","protected":false},"featured_media":4969,"template":"","meta":{"_acf_changed":false,"om_disable_all_campaigns":false,"_exactmetrics_skip_tracking":false,"_exactmetrics_sitenote_active":false,"_exactmetrics_sitenote_note":"","_exactmetrics_sitenote_category":0,"_monsterinsights_skip_tracking":false,"_monsterinsights_sitenote_active":false,"_monsterinsights_sitenote_note":"","_monsterinsights_sitenote_category":0,"_uf_show_specific_survey":0,"_uf_disable_surveys":false},"product_brand":[],"product_cat":[528,546],"product_tag":[],"class_list":{"0":"post-51181","1":"product","2":"type-product","3":"status-publish","4":"has-post-thumbnail","6":"product_cat-livres","7":"product_cat-non-categorise","10":"first","11":"outofstock","12":"taxable","13":"shipping-taxable","14":"purchasable","15":"product-type-simple"},"acf":[],"yoast_head":"<!-- This site is optimized with the Yoast SEO plugin v27.5 - https:\/\/yoast.com\/product\/yoast-seo-wordpress\/ -->\n<title>La Nouvelle Figuration. Une histoire de 1953 \u00e0 nos jours - \u00c9ditions Cercle d&#039;Art<\/title>\n<meta name=\"robots\" content=\"index, follow, max-snippet:-1, max-image-preview:large, max-video-preview:-1\" \/>\n<link rel=\"canonical\" href=\"https:\/\/www.cercledart.com\/en\/produit\/la-nouvelle-figuration-une-histoire-de-1953-a-nos-jours\/\" \/>\n<meta property=\"og:locale\" content=\"en_US\" \/>\n<meta property=\"og:type\" content=\"article\" \/>\n<meta property=\"og:title\" content=\"La Nouvelle Figuration. Une histoire de 1953 \u00e0 nos jours - \u00c9ditions Cercle d&#039;Art\" \/>\n<meta property=\"og:description\" content=\"La Nouvelle figuration est l&#8217;un des mouvements artistiques les plus importants n\u00e9s en France au XXe si\u00e8cle, dont l&#8217;une des composantes essentielles est la Figuration narrative th\u00e9oris\u00e9e au milieu des ann\u00e9es 60 par G\u00e9rald Gassiot-Talabot. Le courant artistique qui s&#8217;est d\u00e9velopp\u00e9 alors face \u00e0 la double emprise de l&#8217;abstraction finissante et du pop naissant, tr\u00e8s [&hellip;]\" \/>\n<meta property=\"og:url\" content=\"https:\/\/www.cercledart.com\/en\/produit\/la-nouvelle-figuration-une-histoire-de-1953-a-nos-jours\/\" \/>\n<meta property=\"og:site_name\" content=\"\u00c9ditions Cercle d&#039;Art\" \/>\n<meta property=\"article:modified_time\" content=\"2025-05-02T11:51:36+00:00\" \/>\n<meta property=\"og:image\" content=\"https:\/\/www.cercledart.com\/wp-content\/uploads\/2012\/11\/980_fignar.jpg\" \/>\n\t<meta property=\"og:image:width\" content=\"342\" \/>\n\t<meta property=\"og:image:height\" content=\"403\" \/>\n\t<meta property=\"og:image:type\" content=\"image\/jpeg\" \/>\n<meta name=\"twitter:card\" content=\"summary_large_image\" \/>\n<meta name=\"twitter:label1\" content=\"Est. reading time\" \/>\n\t<meta name=\"twitter:data1\" content=\"1 minute\" \/>\n<script type=\"application\/ld+json\" class=\"yoast-schema-graph\">{\"@context\":\"https:\\\/\\\/schema.org\",\"@graph\":[{\"@type\":\"WebPage\",\"@id\":\"https:\\\/\\\/www.cercledart.com\\\/en\\\/produit\\\/la-nouvelle-figuration-une-histoire-de-1953-a-nos-jours\\\/\",\"url\":\"https:\\\/\\\/www.cercledart.com\\\/en\\\/produit\\\/la-nouvelle-figuration-une-histoire-de-1953-a-nos-jours\\\/\",\"name\":\"La Nouvelle Figuration. Une histoire de 1953 \u00e0 nos jours - \u00c9ditions Cercle d&#039;Art\",\"isPartOf\":{\"@id\":\"https:\\\/\\\/www.cercledart.com\\\/en\\\/#website\"},\"primaryImageOfPage\":{\"@id\":\"https:\\\/\\\/www.cercledart.com\\\/en\\\/produit\\\/la-nouvelle-figuration-une-histoire-de-1953-a-nos-jours\\\/#primaryimage\"},\"image\":{\"@id\":\"https:\\\/\\\/www.cercledart.com\\\/en\\\/produit\\\/la-nouvelle-figuration-une-histoire-de-1953-a-nos-jours\\\/#primaryimage\"},\"thumbnailUrl\":\"https:\\\/\\\/www.cercledart.com\\\/wp-content\\\/uploads\\\/2012\\\/11\\\/980_fignar.jpg\",\"datePublished\":\"2012-11-11T17:08:45+00:00\",\"dateModified\":\"2025-05-02T11:51:36+00:00\",\"breadcrumb\":{\"@id\":\"https:\\\/\\\/www.cercledart.com\\\/en\\\/produit\\\/la-nouvelle-figuration-une-histoire-de-1953-a-nos-jours\\\/#breadcrumb\"},\"inLanguage\":\"en-US\",\"potentialAction\":[{\"@type\":\"ReadAction\",\"target\":[\"https:\\\/\\\/www.cercledart.com\\\/en\\\/produit\\\/la-nouvelle-figuration-une-histoire-de-1953-a-nos-jours\\\/\"]}]},{\"@type\":\"ImageObject\",\"inLanguage\":\"en-US\",\"@id\":\"https:\\\/\\\/www.cercledart.com\\\/en\\\/produit\\\/la-nouvelle-figuration-une-histoire-de-1953-a-nos-jours\\\/#primaryimage\",\"url\":\"https:\\\/\\\/www.cercledart.com\\\/wp-content\\\/uploads\\\/2012\\\/11\\\/980_fignar.jpg\",\"contentUrl\":\"https:\\\/\\\/www.cercledart.com\\\/wp-content\\\/uploads\\\/2012\\\/11\\\/980_fignar.jpg\",\"width\":342,\"height\":403},{\"@type\":\"BreadcrumbList\",\"@id\":\"https:\\\/\\\/www.cercledart.com\\\/en\\\/produit\\\/la-nouvelle-figuration-une-histoire-de-1953-a-nos-jours\\\/#breadcrumb\",\"itemListElement\":[{\"@type\":\"ListItem\",\"position\":1,\"name\":\"Accueil\",\"item\":\"https:\\\/\\\/www.cercledart.com\\\/en\\\/\"},{\"@type\":\"ListItem\",\"position\":2,\"name\":\"Shop\",\"item\":\"https:\\\/\\\/www.cercledart.com\\\/en\\\/shop\\\/\"},{\"@type\":\"ListItem\",\"position\":3,\"name\":\"La Nouvelle Figuration. Une histoire de 1953 \u00e0 nos jours\"}]},{\"@type\":\"WebSite\",\"@id\":\"https:\\\/\\\/www.cercledart.com\\\/en\\\/#website\",\"url\":\"https:\\\/\\\/www.cercledart.com\\\/en\\\/\",\"name\":\"\u00c9ditions Cercle d&#039;Art\",\"description\":\"\",\"publisher\":{\"@id\":\"https:\\\/\\\/www.cercledart.com\\\/en\\\/#organization\"},\"potentialAction\":[{\"@type\":\"SearchAction\",\"target\":{\"@type\":\"EntryPoint\",\"urlTemplate\":\"https:\\\/\\\/www.cercledart.com\\\/en\\\/?s={search_term_string}\"},\"query-input\":{\"@type\":\"PropertyValueSpecification\",\"valueRequired\":true,\"valueName\":\"search_term_string\"}}],\"inLanguage\":\"en-US\"},{\"@type\":\"Organization\",\"@id\":\"https:\\\/\\\/www.cercledart.com\\\/en\\\/#organization\",\"name\":\"Cercle d'Art\",\"url\":\"https:\\\/\\\/www.cercledart.com\\\/en\\\/\",\"logo\":{\"@type\":\"ImageObject\",\"inLanguage\":\"en-US\",\"@id\":\"https:\\\/\\\/www.cercledart.com\\\/en\\\/#\\\/schema\\\/logo\\\/image\\\/\",\"url\":\"https:\\\/\\\/www.cercledart.com\\\/wp-content\\\/uploads\\\/2025\\\/04\\\/LogoCA2025.png\",\"contentUrl\":\"https:\\\/\\\/www.cercledart.com\\\/wp-content\\\/uploads\\\/2025\\\/04\\\/LogoCA2025.png\",\"width\":896,\"height\":101,\"caption\":\"Cercle d'Art\"},\"image\":{\"@id\":\"https:\\\/\\\/www.cercledart.com\\\/en\\\/#\\\/schema\\\/logo\\\/image\\\/\"}}]}<\/script>\n<!-- \/ Yoast SEO plugin. -->","yoast_head_json":{"title":"La Nouvelle Figuration. Une histoire de 1953 \u00e0 nos jours - \u00c9ditions Cercle d&#039;Art","robots":{"index":"index","follow":"follow","max-snippet":"max-snippet:-1","max-image-preview":"max-image-preview:large","max-video-preview":"max-video-preview:-1"},"canonical":"https:\/\/www.cercledart.com\/en\/produit\/la-nouvelle-figuration-une-histoire-de-1953-a-nos-jours\/","og_locale":"en_US","og_type":"article","og_title":"La Nouvelle Figuration. Une histoire de 1953 \u00e0 nos jours - \u00c9ditions Cercle d&#039;Art","og_description":"La Nouvelle figuration est l&#8217;un des mouvements artistiques les plus importants n\u00e9s en France au XXe si\u00e8cle, dont l&#8217;une des composantes essentielles est la Figuration narrative th\u00e9oris\u00e9e au milieu des ann\u00e9es 60 par G\u00e9rald Gassiot-Talabot. Le courant artistique qui s&#8217;est d\u00e9velopp\u00e9 alors face \u00e0 la double emprise de l&#8217;abstraction finissante et du pop naissant, tr\u00e8s [&hellip;]","og_url":"https:\/\/www.cercledart.com\/en\/produit\/la-nouvelle-figuration-une-histoire-de-1953-a-nos-jours\/","og_site_name":"\u00c9ditions Cercle d&#039;Art","article_modified_time":"2025-05-02T11:51:36+00:00","og_image":[{"width":342,"height":403,"url":"https:\/\/www.cercledart.com\/wp-content\/uploads\/2012\/11\/980_fignar.jpg","type":"image\/jpeg"}],"twitter_card":"summary_large_image","twitter_misc":{"Est. reading time":"1 minute"},"schema":{"@context":"https:\/\/schema.org","@graph":[{"@type":"WebPage","@id":"https:\/\/www.cercledart.com\/en\/produit\/la-nouvelle-figuration-une-histoire-de-1953-a-nos-jours\/","url":"https:\/\/www.cercledart.com\/en\/produit\/la-nouvelle-figuration-une-histoire-de-1953-a-nos-jours\/","name":"La Nouvelle Figuration. Une histoire de 1953 \u00e0 nos jours - \u00c9ditions Cercle d&#039;Art","isPartOf":{"@id":"https:\/\/www.cercledart.com\/en\/#website"},"primaryImageOfPage":{"@id":"https:\/\/www.cercledart.com\/en\/produit\/la-nouvelle-figuration-une-histoire-de-1953-a-nos-jours\/#primaryimage"},"image":{"@id":"https:\/\/www.cercledart.com\/en\/produit\/la-nouvelle-figuration-une-histoire-de-1953-a-nos-jours\/#primaryimage"},"thumbnailUrl":"https:\/\/www.cercledart.com\/wp-content\/uploads\/2012\/11\/980_fignar.jpg","datePublished":"2012-11-11T17:08:45+00:00","dateModified":"2025-05-02T11:51:36+00:00","breadcrumb":{"@id":"https:\/\/www.cercledart.com\/en\/produit\/la-nouvelle-figuration-une-histoire-de-1953-a-nos-jours\/#breadcrumb"},"inLanguage":"en-US","potentialAction":[{"@type":"ReadAction","target":["https:\/\/www.cercledart.com\/en\/produit\/la-nouvelle-figuration-une-histoire-de-1953-a-nos-jours\/"]}]},{"@type":"ImageObject","inLanguage":"en-US","@id":"https:\/\/www.cercledart.com\/en\/produit\/la-nouvelle-figuration-une-histoire-de-1953-a-nos-jours\/#primaryimage","url":"https:\/\/www.cercledart.com\/wp-content\/uploads\/2012\/11\/980_fignar.jpg","contentUrl":"https:\/\/www.cercledart.com\/wp-content\/uploads\/2012\/11\/980_fignar.jpg","width":342,"height":403},{"@type":"BreadcrumbList","@id":"https:\/\/www.cercledart.com\/en\/produit\/la-nouvelle-figuration-une-histoire-de-1953-a-nos-jours\/#breadcrumb","itemListElement":[{"@type":"ListItem","position":1,"name":"Accueil","item":"https:\/\/www.cercledart.com\/en\/"},{"@type":"ListItem","position":2,"name":"Shop","item":"https:\/\/www.cercledart.com\/en\/shop\/"},{"@type":"ListItem","position":3,"name":"La Nouvelle Figuration. Une histoire de 1953 \u00e0 nos jours"}]},{"@type":"WebSite","@id":"https:\/\/www.cercledart.com\/en\/#website","url":"https:\/\/www.cercledart.com\/en\/","name":"\u00c9ditions Cercle d&#039;Art","description":"","publisher":{"@id":"https:\/\/www.cercledart.com\/en\/#organization"},"potentialAction":[{"@type":"SearchAction","target":{"@type":"EntryPoint","urlTemplate":"https:\/\/www.cercledart.com\/en\/?s={search_term_string}"},"query-input":{"@type":"PropertyValueSpecification","valueRequired":true,"valueName":"search_term_string"}}],"inLanguage":"en-US"},{"@type":"Organization","@id":"https:\/\/www.cercledart.com\/en\/#organization","name":"Cercle d'Art","url":"https:\/\/www.cercledart.com\/en\/","logo":{"@type":"ImageObject","inLanguage":"en-US","@id":"https:\/\/www.cercledart.com\/en\/#\/schema\/logo\/image\/","url":"https:\/\/www.cercledart.com\/wp-content\/uploads\/2025\/04\/LogoCA2025.png","contentUrl":"https:\/\/www.cercledart.com\/wp-content\/uploads\/2025\/04\/LogoCA2025.png","width":896,"height":101,"caption":"Cercle d'Art"},"image":{"@id":"https:\/\/www.cercledart.com\/en\/#\/schema\/logo\/image\/"}}]}},"_links":{"self":[{"href":"https:\/\/www.cercledart.com\/en\/wp-json\/wp\/v2\/product\/51181","targetHints":{"allow":["GET"]}}],"collection":[{"href":"https:\/\/www.cercledart.com\/en\/wp-json\/wp\/v2\/product"}],"about":[{"href":"https:\/\/www.cercledart.com\/en\/wp-json\/wp\/v2\/types\/product"}],"wp:featuredmedia":[{"embeddable":true,"href":"https:\/\/www.cercledart.com\/en\/wp-json\/wp\/v2\/media\/4969"}],"wp:attachment":[{"href":"https:\/\/www.cercledart.com\/en\/wp-json\/wp\/v2\/media?parent=51181"}],"wp:term":[{"taxonomy":"product_brand","embeddable":true,"href":"https:\/\/www.cercledart.com\/en\/wp-json\/wp\/v2\/product_brand?post=51181"},{"taxonomy":"product_cat","embeddable":true,"href":"https:\/\/www.cercledart.com\/en\/wp-json\/wp\/v2\/product_cat?post=51181"},{"taxonomy":"product_tag","embeddable":true,"href":"https:\/\/www.cercledart.com\/en\/wp-json\/wp\/v2\/product_tag?post=51181"}],"curies":[{"name":"wp","href":"https:\/\/api.w.org\/{rel}","templated":true}]}}