{"id":51162,"date":"2012-11-11T17:08:47","date_gmt":"2012-11-11T17:08:47","guid":{"rendered":"https:\/\/www.cercledart.com\/produit\/hortense-damiron\/"},"modified":"2025-05-02T13:51:35","modified_gmt":"2025-05-02T11:51:35","slug":"hortense-damiron","status":"publish","type":"product","link":"https:\/\/www.cercledart.com\/en\/produit\/hortense-damiron\/","title":{"rendered":"Hortense Damiron"},"content":{"rendered":"<p><strong>Comme Degas, qu&#8217;elle admire, Hortense Damiron a re\u00e7u une formation de peintre avant d&#8217;aborder la sculpture et, comme lui, elle a adopt\u00e9 le modelage et non la taille.<\/strong><br \/>\nL&#8217;analyse de deux pi\u00e8ces majeures occupe la premi\u00e8re partie du livre, toutes deux \u00e9tant sur le th\u00e8me du dialogue de l&#8217;homme avec l&#8217;ange.<\/p>\n<p>En effet, Hortense Damiron (qui obtient le prix F\u00e9n\u00e9on en 1969 gr\u00e2ce \u00e0 une toile abstraite) a rejoint la figuration parce que &#8220;la beaut\u00e9 lui donne envie de la reproduire&#8221;.<\/p>\n<p>Le projet de sculpture monumentale sur le th\u00e8me du rocher et des oiseaux donne lieu \u00e0 d&#8217;importants d\u00e9veloppements en deuxi\u00e8me partie du livre. Jean-Luc Chalumeau y voyant une remarquable illustration des th\u00e8ses d&#8217;\u00c9tienne Souriau sur l&#8217;art \u00ab instaurateur \u00bb.<\/p>\n<p>Il y a bien, dans la mani\u00e8re dont Hortense Damiron s&#8217;empare, en tant qu&#8217;artiste, d&#8217;un spectacle de la nature choisi par elle, un processus d&#8217;<em>installatio<\/em>, c&#8217;est-\u00e0-dire <strong>un mouvement par lequel l&#8217;artiste accomplit ce que la nature a esquiss\u00e9<\/strong>.<\/p>\n<p>Largement illustr\u00e9e gr\u00e2ce \u00e0 des photographies de Jacqueline Hyde, la monographie de l&#8217;\u0153uvre d&#8217;Hortense Damiron chemine ainsi dans le sentier de la cr\u00e9ation d&#8217;une des artistes les plus secr\u00e8tes et originales de sa g\u00e9n\u00e9ration.<\/p>\n","protected":false},"excerpt":{"rendered":"<p>Comme Degas, qu&#8217;elle admire, Hortense Damiron a re\u00e7u une formation de peintre avant d&#8217;aborder la sculpture et, comme lui, elle a adopt\u00e9 le modelage et non la taille. L&#8217;analyse de deux pi\u00e8ces majeures occupe la premi\u00e8re partie du livre, toutes deux \u00e9tant sur le th\u00e8me du dialogue de l&#8217;homme avec l&#8217;ange. En effet, Hortense Damiron [&hellip;]<\/p>\n","protected":false},"featured_media":4883,"template":"","meta":{"_acf_changed":false,"om_disable_all_campaigns":false,"_exactmetrics_skip_tracking":false,"_exactmetrics_sitenote_active":false,"_exactmetrics_sitenote_note":"","_exactmetrics_sitenote_category":0,"_monsterinsights_skip_tracking":false,"_monsterinsights_sitenote_active":false,"_monsterinsights_sitenote_note":"","_monsterinsights_sitenote_category":0,"_uf_show_specific_survey":0,"_uf_disable_surveys":false},"product_brand":[],"product_cat":[528,546],"product_tag":[],"class_list":{"0":"post-51162","1":"product","2":"type-product","3":"status-publish","4":"has-post-thumbnail","6":"product_cat-livres","7":"product_cat-non-categorise","10":"first","11":"outofstock","12":"taxable","13":"shipping-taxable","14":"purchasable","15":"product-type-simple"},"acf":[],"yoast_head":"<!-- This site is optimized with the Yoast SEO plugin v27.5 - https:\/\/yoast.com\/product\/yoast-seo-wordpress\/ -->\n<title>Hortense Damiron - \u00c9ditions Cercle d&#039;Art<\/title>\n<meta name=\"robots\" content=\"index, follow, max-snippet:-1, max-image-preview:large, max-video-preview:-1\" \/>\n<link rel=\"canonical\" href=\"https:\/\/www.cercledart.com\/en\/produit\/hortense-damiron\/\" \/>\n<meta property=\"og:locale\" content=\"en_US\" \/>\n<meta property=\"og:type\" content=\"article\" \/>\n<meta property=\"og:title\" content=\"Hortense Damiron - \u00c9ditions Cercle d&#039;Art\" \/>\n<meta property=\"og:description\" content=\"Comme Degas, qu&#8217;elle admire, Hortense Damiron a re\u00e7u une formation de peintre avant d&#8217;aborder la sculpture et, comme lui, elle a adopt\u00e9 le modelage et non la taille. L&#8217;analyse de deux pi\u00e8ces majeures occupe la premi\u00e8re partie du livre, toutes deux \u00e9tant sur le th\u00e8me du dialogue de l&#8217;homme avec l&#8217;ange. En effet, Hortense Damiron [&hellip;]\" \/>\n<meta property=\"og:url\" content=\"https:\/\/www.cercledart.com\/en\/produit\/hortense-damiron\/\" \/>\n<meta property=\"og:site_name\" content=\"\u00c9ditions Cercle d&#039;Art\" \/>\n<meta property=\"article:modified_time\" content=\"2025-05-02T11:51:35+00:00\" \/>\n<meta property=\"og:image\" content=\"https:\/\/www.cercledart.com\/wp-content\/uploads\/2012\/11\/714_damiron.jpg\" \/>\n\t<meta property=\"og:image:width\" content=\"307\" \/>\n\t<meta property=\"og:image:height\" content=\"400\" \/>\n\t<meta property=\"og:image:type\" content=\"image\/jpeg\" \/>\n<meta name=\"twitter:card\" content=\"summary_large_image\" \/>\n<meta name=\"twitter:label1\" content=\"Est. reading time\" \/>\n\t<meta name=\"twitter:data1\" content=\"1 minute\" \/>\n<script type=\"application\/ld+json\" class=\"yoast-schema-graph\">{\"@context\":\"https:\\\/\\\/schema.org\",\"@graph\":[{\"@type\":\"WebPage\",\"@id\":\"https:\\\/\\\/www.cercledart.com\\\/en\\\/produit\\\/hortense-damiron\\\/\",\"url\":\"https:\\\/\\\/www.cercledart.com\\\/en\\\/produit\\\/hortense-damiron\\\/\",\"name\":\"Hortense Damiron - \u00c9ditions Cercle d&#039;Art\",\"isPartOf\":{\"@id\":\"https:\\\/\\\/www.cercledart.com\\\/en\\\/#website\"},\"primaryImageOfPage\":{\"@id\":\"https:\\\/\\\/www.cercledart.com\\\/en\\\/produit\\\/hortense-damiron\\\/#primaryimage\"},\"image\":{\"@id\":\"https:\\\/\\\/www.cercledart.com\\\/en\\\/produit\\\/hortense-damiron\\\/#primaryimage\"},\"thumbnailUrl\":\"https:\\\/\\\/www.cercledart.com\\\/wp-content\\\/uploads\\\/2012\\\/11\\\/714_damiron.jpg\",\"datePublished\":\"2012-11-11T17:08:47+00:00\",\"dateModified\":\"2025-05-02T11:51:35+00:00\",\"breadcrumb\":{\"@id\":\"https:\\\/\\\/www.cercledart.com\\\/en\\\/produit\\\/hortense-damiron\\\/#breadcrumb\"},\"inLanguage\":\"en-US\",\"potentialAction\":[{\"@type\":\"ReadAction\",\"target\":[\"https:\\\/\\\/www.cercledart.com\\\/en\\\/produit\\\/hortense-damiron\\\/\"]}]},{\"@type\":\"ImageObject\",\"inLanguage\":\"en-US\",\"@id\":\"https:\\\/\\\/www.cercledart.com\\\/en\\\/produit\\\/hortense-damiron\\\/#primaryimage\",\"url\":\"https:\\\/\\\/www.cercledart.com\\\/wp-content\\\/uploads\\\/2012\\\/11\\\/714_damiron.jpg\",\"contentUrl\":\"https:\\\/\\\/www.cercledart.com\\\/wp-content\\\/uploads\\\/2012\\\/11\\\/714_damiron.jpg\",\"width\":307,\"height\":400},{\"@type\":\"BreadcrumbList\",\"@id\":\"https:\\\/\\\/www.cercledart.com\\\/en\\\/produit\\\/hortense-damiron\\\/#breadcrumb\",\"itemListElement\":[{\"@type\":\"ListItem\",\"position\":1,\"name\":\"Accueil\",\"item\":\"https:\\\/\\\/www.cercledart.com\\\/en\\\/\"},{\"@type\":\"ListItem\",\"position\":2,\"name\":\"Shop\",\"item\":\"https:\\\/\\\/www.cercledart.com\\\/en\\\/shop\\\/\"},{\"@type\":\"ListItem\",\"position\":3,\"name\":\"Hortense Damiron\"}]},{\"@type\":\"WebSite\",\"@id\":\"https:\\\/\\\/www.cercledart.com\\\/en\\\/#website\",\"url\":\"https:\\\/\\\/www.cercledart.com\\\/en\\\/\",\"name\":\"\u00c9ditions Cercle d&#039;Art\",\"description\":\"\",\"publisher\":{\"@id\":\"https:\\\/\\\/www.cercledart.com\\\/en\\\/#organization\"},\"potentialAction\":[{\"@type\":\"SearchAction\",\"target\":{\"@type\":\"EntryPoint\",\"urlTemplate\":\"https:\\\/\\\/www.cercledart.com\\\/en\\\/?s={search_term_string}\"},\"query-input\":{\"@type\":\"PropertyValueSpecification\",\"valueRequired\":true,\"valueName\":\"search_term_string\"}}],\"inLanguage\":\"en-US\"},{\"@type\":\"Organization\",\"@id\":\"https:\\\/\\\/www.cercledart.com\\\/en\\\/#organization\",\"name\":\"Cercle d'Art\",\"url\":\"https:\\\/\\\/www.cercledart.com\\\/en\\\/\",\"logo\":{\"@type\":\"ImageObject\",\"inLanguage\":\"en-US\",\"@id\":\"https:\\\/\\\/www.cercledart.com\\\/en\\\/#\\\/schema\\\/logo\\\/image\\\/\",\"url\":\"https:\\\/\\\/www.cercledart.com\\\/wp-content\\\/uploads\\\/2025\\\/04\\\/LogoCA2025.png\",\"contentUrl\":\"https:\\\/\\\/www.cercledart.com\\\/wp-content\\\/uploads\\\/2025\\\/04\\\/LogoCA2025.png\",\"width\":896,\"height\":101,\"caption\":\"Cercle d'Art\"},\"image\":{\"@id\":\"https:\\\/\\\/www.cercledart.com\\\/en\\\/#\\\/schema\\\/logo\\\/image\\\/\"}}]}<\/script>\n<!-- \/ Yoast SEO plugin. -->","yoast_head_json":{"title":"Hortense Damiron - \u00c9ditions Cercle d&#039;Art","robots":{"index":"index","follow":"follow","max-snippet":"max-snippet:-1","max-image-preview":"max-image-preview:large","max-video-preview":"max-video-preview:-1"},"canonical":"https:\/\/www.cercledart.com\/en\/produit\/hortense-damiron\/","og_locale":"en_US","og_type":"article","og_title":"Hortense Damiron - \u00c9ditions Cercle d&#039;Art","og_description":"Comme Degas, qu&#8217;elle admire, Hortense Damiron a re\u00e7u une formation de peintre avant d&#8217;aborder la sculpture et, comme lui, elle a adopt\u00e9 le modelage et non la taille. L&#8217;analyse de deux pi\u00e8ces majeures occupe la premi\u00e8re partie du livre, toutes deux \u00e9tant sur le th\u00e8me du dialogue de l&#8217;homme avec l&#8217;ange. En effet, Hortense Damiron [&hellip;]","og_url":"https:\/\/www.cercledart.com\/en\/produit\/hortense-damiron\/","og_site_name":"\u00c9ditions Cercle d&#039;Art","article_modified_time":"2025-05-02T11:51:35+00:00","og_image":[{"width":307,"height":400,"url":"https:\/\/www.cercledart.com\/wp-content\/uploads\/2012\/11\/714_damiron.jpg","type":"image\/jpeg"}],"twitter_card":"summary_large_image","twitter_misc":{"Est. reading time":"1 minute"},"schema":{"@context":"https:\/\/schema.org","@graph":[{"@type":"WebPage","@id":"https:\/\/www.cercledart.com\/en\/produit\/hortense-damiron\/","url":"https:\/\/www.cercledart.com\/en\/produit\/hortense-damiron\/","name":"Hortense Damiron - \u00c9ditions Cercle d&#039;Art","isPartOf":{"@id":"https:\/\/www.cercledart.com\/en\/#website"},"primaryImageOfPage":{"@id":"https:\/\/www.cercledart.com\/en\/produit\/hortense-damiron\/#primaryimage"},"image":{"@id":"https:\/\/www.cercledart.com\/en\/produit\/hortense-damiron\/#primaryimage"},"thumbnailUrl":"https:\/\/www.cercledart.com\/wp-content\/uploads\/2012\/11\/714_damiron.jpg","datePublished":"2012-11-11T17:08:47+00:00","dateModified":"2025-05-02T11:51:35+00:00","breadcrumb":{"@id":"https:\/\/www.cercledart.com\/en\/produit\/hortense-damiron\/#breadcrumb"},"inLanguage":"en-US","potentialAction":[{"@type":"ReadAction","target":["https:\/\/www.cercledart.com\/en\/produit\/hortense-damiron\/"]}]},{"@type":"ImageObject","inLanguage":"en-US","@id":"https:\/\/www.cercledart.com\/en\/produit\/hortense-damiron\/#primaryimage","url":"https:\/\/www.cercledart.com\/wp-content\/uploads\/2012\/11\/714_damiron.jpg","contentUrl":"https:\/\/www.cercledart.com\/wp-content\/uploads\/2012\/11\/714_damiron.jpg","width":307,"height":400},{"@type":"BreadcrumbList","@id":"https:\/\/www.cercledart.com\/en\/produit\/hortense-damiron\/#breadcrumb","itemListElement":[{"@type":"ListItem","position":1,"name":"Accueil","item":"https:\/\/www.cercledart.com\/en\/"},{"@type":"ListItem","position":2,"name":"Shop","item":"https:\/\/www.cercledart.com\/en\/shop\/"},{"@type":"ListItem","position":3,"name":"Hortense Damiron"}]},{"@type":"WebSite","@id":"https:\/\/www.cercledart.com\/en\/#website","url":"https:\/\/www.cercledart.com\/en\/","name":"\u00c9ditions Cercle d&#039;Art","description":"","publisher":{"@id":"https:\/\/www.cercledart.com\/en\/#organization"},"potentialAction":[{"@type":"SearchAction","target":{"@type":"EntryPoint","urlTemplate":"https:\/\/www.cercledart.com\/en\/?s={search_term_string}"},"query-input":{"@type":"PropertyValueSpecification","valueRequired":true,"valueName":"search_term_string"}}],"inLanguage":"en-US"},{"@type":"Organization","@id":"https:\/\/www.cercledart.com\/en\/#organization","name":"Cercle d'Art","url":"https:\/\/www.cercledart.com\/en\/","logo":{"@type":"ImageObject","inLanguage":"en-US","@id":"https:\/\/www.cercledart.com\/en\/#\/schema\/logo\/image\/","url":"https:\/\/www.cercledart.com\/wp-content\/uploads\/2025\/04\/LogoCA2025.png","contentUrl":"https:\/\/www.cercledart.com\/wp-content\/uploads\/2025\/04\/LogoCA2025.png","width":896,"height":101,"caption":"Cercle d'Art"},"image":{"@id":"https:\/\/www.cercledart.com\/en\/#\/schema\/logo\/image\/"}}]}},"_links":{"self":[{"href":"https:\/\/www.cercledart.com\/en\/wp-json\/wp\/v2\/product\/51162","targetHints":{"allow":["GET"]}}],"collection":[{"href":"https:\/\/www.cercledart.com\/en\/wp-json\/wp\/v2\/product"}],"about":[{"href":"https:\/\/www.cercledart.com\/en\/wp-json\/wp\/v2\/types\/product"}],"wp:featuredmedia":[{"embeddable":true,"href":"https:\/\/www.cercledart.com\/en\/wp-json\/wp\/v2\/media\/4883"}],"wp:attachment":[{"href":"https:\/\/www.cercledart.com\/en\/wp-json\/wp\/v2\/media?parent=51162"}],"wp:term":[{"taxonomy":"product_brand","embeddable":true,"href":"https:\/\/www.cercledart.com\/en\/wp-json\/wp\/v2\/product_brand?post=51162"},{"taxonomy":"product_cat","embeddable":true,"href":"https:\/\/www.cercledart.com\/en\/wp-json\/wp\/v2\/product_cat?post=51162"},{"taxonomy":"product_tag","embeddable":true,"href":"https:\/\/www.cercledart.com\/en\/wp-json\/wp\/v2\/product_tag?post=51162"}],"curies":[{"name":"wp","href":"https:\/\/api.w.org\/{rel}","templated":true}]}}