{"id":51108,"date":"2012-11-11T17:08:54","date_gmt":"2012-11-11T17:08:54","guid":{"rendered":"https:\/\/www.cercledart.com\/produit\/erro\/"},"modified":"2025-05-02T13:51:04","modified_gmt":"2025-05-02T11:51:04","slug":"erro","status":"publish","type":"product","link":"https:\/\/www.cercledart.com\/en\/produit\/erro\/","title":{"rendered":"Err\u00f3"},"content":{"rendered":"<p>N\u00e9 en 1932, \u00e0 Olafsvik, dans le nord-ouest de l&#8217;Islande,\u00a0 va devenir l&#8217;un des peintres les plus c\u00e9l\u00e8bres, mondialement .<\/p>\n<p>\u0116l\u00e8ve \u00e0 l&#8217;\u00c9cole des Beaux-Arts de Reykjavik,\u00a0Gundmundur Gundmunsson (n\u00e9 en 1932) connu aujourd&#8217;hui sous le pseudonyme d&#8217;Err\u00f3 en sort \u00e0 vingt ans avec le titre de professeur. Il entreprend peu apr\u00e8s des voyages en Norv\u00e8ge, Allemagne, Espagne, Italie, qui le conduiront finalement \u00e0 se fixer en France, \u00e0 Paris, en 1958.<br \/>\nSon travail y sera bient\u00f4t r\u00e9v\u00e9l\u00e9 dans le cadre de ce que l&#8217;on appellera alors <strong>\u00ab\u00a0la figuration narrative\u00a0\u00bb<\/strong>.<\/p>\n<p><strong>Inlassable voyageur sur toute la plan\u00e8te, Err\u00f3 est aussi un infatigable collectionneur d&#8217;images de toutes sortes et dans tous les domaines (planches anatomiques, livres d&#8217;enfant, publicit\u00e9, caricatures, actualit\u00e9s et \u00e9v\u00e8nements politiques, images \u00e9rotiques, <em>comics\u2026<\/em>)<\/strong><\/p>\n<p>Pour peindre, dit-il, \u00ab\u00a0j&#8217;ai besoin de mat\u00e9riel efficace et, au cours de mes voyages, je fouille partout chez les soldeurs de livres, dans les kiosques.<br \/>\nJ&#8217;accumule une quantit\u00e9 \u00e9norme de mat\u00e9riel, et lorsque j&#8217;ai r\u00e9uni beaucoup d&#8217;images, c&#8217;est signe de commencer une s\u00e9rie.\u00a0\u00bb<br \/>\nS&#8217;engage alors l&#8217;\u00e9tape de la s\u00e9lection et du rapprochement des images, puis de leur collage qui provoque le choc en les \u00ab\u00a0mariant\u00a0\u00bb de fa\u00e7on d\u00e9concertante, tout cela devant finalement conduire<br \/>\nau travail du peintre sur sa toile, aux couleurs \u00e9clatantes, grouillante de personnages et souvent de vaste dimension.<\/p>\n<p><strong>Contemporain de la mont\u00e9e en puissance de la bande dessin\u00e9e, qui fut d&#8217;abord tenue pour une \u00ab\u00a0sous-litt\u00e9rature\u00a0\u00bb r\u00e9serv\u00e9e aux enfants, Err\u00f3 va se servir du style et de la mythologie dont elle est porteuse pour d\u00e9noncer les violences, conflits et aberrations de notre soci\u00e9t\u00e9,<\/strong> d\u00e9chirements guerriers en tous genres, r\u00e9duction de tout aux seules valeurs de la consommation, \u00e9rotisme mercantile, marchandisation de l&#8217;existence, uniformisation des imaginaires et des cultures, confiscation du pouvoir et droit du plus fort\u2026<\/p>\n<p>Dans ses toiles \u00e0 l&#8217;originalit\u00e9 puissante et inoubliable, Err\u00f3 n&#8217;en finit pas de se jouer, avec un solide sens de l&#8217;humour, de notre \u00ab\u00a0soci\u00e9t\u00e9 de spectacle\u00a0\u00bb o\u00f9 l&#8217;image compte plus que le r\u00e9el<br \/>\nqu&#8217;elle est sens\u00e9e repr\u00e9senter.<\/p>\n<p>C&#8217;est que, dit-il, \u00ab\u00a0la peinture est le laboratoire du possible\u00a0: un lieu o\u00f9 l&#8217;on peut exp\u00e9rimenter, faire du vieux avec du neuf. Je peins parce que la peinture est la forme priv\u00e9e de l&#8217;utopie, le plaisir de contredire, le bonheur d&#8217;\u00eatre seul contre tous, la joie de provoquer.\u00a0\u00bb<\/p>\n<p>Une joie si intense et si communicative.<\/p>\n","protected":false},"excerpt":{"rendered":"<p>N\u00e9 en 1932, \u00e0 Olafsvik, dans le nord-ouest de l&#8217;Islande,\u00a0 va devenir l&#8217;un des peintres les plus c\u00e9l\u00e8bres, mondialement . \u0116l\u00e8ve \u00e0 l&#8217;\u00c9cole des Beaux-Arts de Reykjavik,\u00a0Gundmundur Gundmunsson (n\u00e9 en 1932) connu aujourd&#8217;hui sous le pseudonyme d&#8217;Err\u00f3 en sort \u00e0 vingt ans avec le titre de professeur. Il entreprend peu apr\u00e8s des voyages en Norv\u00e8ge, [&hellip;]<\/p>\n","protected":false},"featured_media":4954,"template":"","meta":{"_acf_changed":false,"om_disable_all_campaigns":false,"_exactmetrics_skip_tracking":false,"_exactmetrics_sitenote_active":false,"_exactmetrics_sitenote_note":"","_exactmetrics_sitenote_category":0,"_monsterinsights_skip_tracking":false,"_monsterinsights_sitenote_active":false,"_monsterinsights_sitenote_note":"","_monsterinsights_sitenote_category":0,"_uf_show_specific_survey":0,"_uf_disable_surveys":false},"product_brand":[],"product_cat":[528,546],"product_tag":[],"class_list":{"0":"post-51108","1":"product","2":"type-product","3":"status-publish","4":"has-post-thumbnail","6":"product_cat-livres","7":"product_cat-non-categorise","10":"first","11":"outofstock","12":"taxable","13":"shipping-taxable","14":"purchasable","15":"product-type-simple"},"acf":[],"yoast_head":"<!-- This site is optimized with the Yoast SEO plugin v27.5 - https:\/\/yoast.com\/product\/yoast-seo-wordpress\/ -->\n<title>Err\u00f3 - \u00c9ditions Cercle d&#039;Art<\/title>\n<meta name=\"robots\" content=\"index, follow, max-snippet:-1, max-image-preview:large, max-video-preview:-1\" \/>\n<link rel=\"canonical\" href=\"https:\/\/www.cercledart.com\/en\/produit\/erro\/\" \/>\n<meta property=\"og:locale\" content=\"en_US\" \/>\n<meta property=\"og:type\" content=\"article\" \/>\n<meta property=\"og:title\" content=\"Err\u00f3 - \u00c9ditions Cercle d&#039;Art\" \/>\n<meta property=\"og:description\" content=\"N\u00e9 en 1932, \u00e0 Olafsvik, dans le nord-ouest de l&#8217;Islande,\u00a0 va devenir l&#8217;un des peintres les plus c\u00e9l\u00e8bres, mondialement . \u0116l\u00e8ve \u00e0 l&#8217;\u00c9cole des Beaux-Arts de Reykjavik,\u00a0Gundmundur Gundmunsson (n\u00e9 en 1932) connu aujourd&#8217;hui sous le pseudonyme d&#8217;Err\u00f3 en sort \u00e0 vingt ans avec le titre de professeur. Il entreprend peu apr\u00e8s des voyages en Norv\u00e8ge, [&hellip;]\" \/>\n<meta property=\"og:url\" content=\"https:\/\/www.cercledart.com\/en\/produit\/erro\/\" \/>\n<meta property=\"og:site_name\" content=\"\u00c9ditions Cercle d&#039;Art\" \/>\n<meta property=\"article:modified_time\" content=\"2025-05-02T11:51:04+00:00\" \/>\n<meta property=\"og:image\" content=\"https:\/\/www.cercledart.com\/wp-content\/uploads\/2012\/11\/814_erro.jpg\" \/>\n\t<meta property=\"og:image:width\" content=\"388\" \/>\n\t<meta property=\"og:image:height\" content=\"499\" \/>\n\t<meta property=\"og:image:type\" content=\"image\/jpeg\" \/>\n<meta name=\"twitter:card\" content=\"summary_large_image\" \/>\n<meta name=\"twitter:label1\" content=\"Est. reading time\" \/>\n\t<meta name=\"twitter:data1\" content=\"2 minutes\" \/>\n<script type=\"application\/ld+json\" class=\"yoast-schema-graph\">{\"@context\":\"https:\\\/\\\/schema.org\",\"@graph\":[{\"@type\":\"WebPage\",\"@id\":\"https:\\\/\\\/www.cercledart.com\\\/en\\\/produit\\\/erro\\\/\",\"url\":\"https:\\\/\\\/www.cercledart.com\\\/en\\\/produit\\\/erro\\\/\",\"name\":\"Err\u00f3 - \u00c9ditions Cercle d&#039;Art\",\"isPartOf\":{\"@id\":\"https:\\\/\\\/www.cercledart.com\\\/en\\\/#website\"},\"primaryImageOfPage\":{\"@id\":\"https:\\\/\\\/www.cercledart.com\\\/en\\\/produit\\\/erro\\\/#primaryimage\"},\"image\":{\"@id\":\"https:\\\/\\\/www.cercledart.com\\\/en\\\/produit\\\/erro\\\/#primaryimage\"},\"thumbnailUrl\":\"https:\\\/\\\/www.cercledart.com\\\/wp-content\\\/uploads\\\/2012\\\/11\\\/814_erro.jpg\",\"datePublished\":\"2012-11-11T17:08:54+00:00\",\"dateModified\":\"2025-05-02T11:51:04+00:00\",\"breadcrumb\":{\"@id\":\"https:\\\/\\\/www.cercledart.com\\\/en\\\/produit\\\/erro\\\/#breadcrumb\"},\"inLanguage\":\"en-US\",\"potentialAction\":[{\"@type\":\"ReadAction\",\"target\":[\"https:\\\/\\\/www.cercledart.com\\\/en\\\/produit\\\/erro\\\/\"]}]},{\"@type\":\"ImageObject\",\"inLanguage\":\"en-US\",\"@id\":\"https:\\\/\\\/www.cercledart.com\\\/en\\\/produit\\\/erro\\\/#primaryimage\",\"url\":\"https:\\\/\\\/www.cercledart.com\\\/wp-content\\\/uploads\\\/2012\\\/11\\\/814_erro.jpg\",\"contentUrl\":\"https:\\\/\\\/www.cercledart.com\\\/wp-content\\\/uploads\\\/2012\\\/11\\\/814_erro.jpg\",\"width\":388,\"height\":499},{\"@type\":\"BreadcrumbList\",\"@id\":\"https:\\\/\\\/www.cercledart.com\\\/en\\\/produit\\\/erro\\\/#breadcrumb\",\"itemListElement\":[{\"@type\":\"ListItem\",\"position\":1,\"name\":\"Accueil\",\"item\":\"https:\\\/\\\/www.cercledart.com\\\/en\\\/\"},{\"@type\":\"ListItem\",\"position\":2,\"name\":\"Shop\",\"item\":\"https:\\\/\\\/www.cercledart.com\\\/en\\\/shop\\\/\"},{\"@type\":\"ListItem\",\"position\":3,\"name\":\"Err\u00f3\"}]},{\"@type\":\"WebSite\",\"@id\":\"https:\\\/\\\/www.cercledart.com\\\/en\\\/#website\",\"url\":\"https:\\\/\\\/www.cercledart.com\\\/en\\\/\",\"name\":\"\u00c9ditions Cercle d&#039;Art\",\"description\":\"\",\"publisher\":{\"@id\":\"https:\\\/\\\/www.cercledart.com\\\/en\\\/#organization\"},\"potentialAction\":[{\"@type\":\"SearchAction\",\"target\":{\"@type\":\"EntryPoint\",\"urlTemplate\":\"https:\\\/\\\/www.cercledart.com\\\/en\\\/?s={search_term_string}\"},\"query-input\":{\"@type\":\"PropertyValueSpecification\",\"valueRequired\":true,\"valueName\":\"search_term_string\"}}],\"inLanguage\":\"en-US\"},{\"@type\":\"Organization\",\"@id\":\"https:\\\/\\\/www.cercledart.com\\\/en\\\/#organization\",\"name\":\"Cercle d'Art\",\"url\":\"https:\\\/\\\/www.cercledart.com\\\/en\\\/\",\"logo\":{\"@type\":\"ImageObject\",\"inLanguage\":\"en-US\",\"@id\":\"https:\\\/\\\/www.cercledart.com\\\/en\\\/#\\\/schema\\\/logo\\\/image\\\/\",\"url\":\"https:\\\/\\\/www.cercledart.com\\\/wp-content\\\/uploads\\\/2025\\\/04\\\/LogoCA2025.png\",\"contentUrl\":\"https:\\\/\\\/www.cercledart.com\\\/wp-content\\\/uploads\\\/2025\\\/04\\\/LogoCA2025.png\",\"width\":896,\"height\":101,\"caption\":\"Cercle d'Art\"},\"image\":{\"@id\":\"https:\\\/\\\/www.cercledart.com\\\/en\\\/#\\\/schema\\\/logo\\\/image\\\/\"}}]}<\/script>\n<!-- \/ Yoast SEO plugin. -->","yoast_head_json":{"title":"Err\u00f3 - \u00c9ditions Cercle d&#039;Art","robots":{"index":"index","follow":"follow","max-snippet":"max-snippet:-1","max-image-preview":"max-image-preview:large","max-video-preview":"max-video-preview:-1"},"canonical":"https:\/\/www.cercledart.com\/en\/produit\/erro\/","og_locale":"en_US","og_type":"article","og_title":"Err\u00f3 - \u00c9ditions Cercle d&#039;Art","og_description":"N\u00e9 en 1932, \u00e0 Olafsvik, dans le nord-ouest de l&#8217;Islande,\u00a0 va devenir l&#8217;un des peintres les plus c\u00e9l\u00e8bres, mondialement . \u0116l\u00e8ve \u00e0 l&#8217;\u00c9cole des Beaux-Arts de Reykjavik,\u00a0Gundmundur Gundmunsson (n\u00e9 en 1932) connu aujourd&#8217;hui sous le pseudonyme d&#8217;Err\u00f3 en sort \u00e0 vingt ans avec le titre de professeur. Il entreprend peu apr\u00e8s des voyages en Norv\u00e8ge, [&hellip;]","og_url":"https:\/\/www.cercledart.com\/en\/produit\/erro\/","og_site_name":"\u00c9ditions Cercle d&#039;Art","article_modified_time":"2025-05-02T11:51:04+00:00","og_image":[{"width":388,"height":499,"url":"https:\/\/www.cercledart.com\/wp-content\/uploads\/2012\/11\/814_erro.jpg","type":"image\/jpeg"}],"twitter_card":"summary_large_image","twitter_misc":{"Est. reading time":"2 minutes"},"schema":{"@context":"https:\/\/schema.org","@graph":[{"@type":"WebPage","@id":"https:\/\/www.cercledart.com\/en\/produit\/erro\/","url":"https:\/\/www.cercledart.com\/en\/produit\/erro\/","name":"Err\u00f3 - \u00c9ditions Cercle d&#039;Art","isPartOf":{"@id":"https:\/\/www.cercledart.com\/en\/#website"},"primaryImageOfPage":{"@id":"https:\/\/www.cercledart.com\/en\/produit\/erro\/#primaryimage"},"image":{"@id":"https:\/\/www.cercledart.com\/en\/produit\/erro\/#primaryimage"},"thumbnailUrl":"https:\/\/www.cercledart.com\/wp-content\/uploads\/2012\/11\/814_erro.jpg","datePublished":"2012-11-11T17:08:54+00:00","dateModified":"2025-05-02T11:51:04+00:00","breadcrumb":{"@id":"https:\/\/www.cercledart.com\/en\/produit\/erro\/#breadcrumb"},"inLanguage":"en-US","potentialAction":[{"@type":"ReadAction","target":["https:\/\/www.cercledart.com\/en\/produit\/erro\/"]}]},{"@type":"ImageObject","inLanguage":"en-US","@id":"https:\/\/www.cercledart.com\/en\/produit\/erro\/#primaryimage","url":"https:\/\/www.cercledart.com\/wp-content\/uploads\/2012\/11\/814_erro.jpg","contentUrl":"https:\/\/www.cercledart.com\/wp-content\/uploads\/2012\/11\/814_erro.jpg","width":388,"height":499},{"@type":"BreadcrumbList","@id":"https:\/\/www.cercledart.com\/en\/produit\/erro\/#breadcrumb","itemListElement":[{"@type":"ListItem","position":1,"name":"Accueil","item":"https:\/\/www.cercledart.com\/en\/"},{"@type":"ListItem","position":2,"name":"Shop","item":"https:\/\/www.cercledart.com\/en\/shop\/"},{"@type":"ListItem","position":3,"name":"Err\u00f3"}]},{"@type":"WebSite","@id":"https:\/\/www.cercledart.com\/en\/#website","url":"https:\/\/www.cercledart.com\/en\/","name":"\u00c9ditions Cercle d&#039;Art","description":"","publisher":{"@id":"https:\/\/www.cercledart.com\/en\/#organization"},"potentialAction":[{"@type":"SearchAction","target":{"@type":"EntryPoint","urlTemplate":"https:\/\/www.cercledart.com\/en\/?s={search_term_string}"},"query-input":{"@type":"PropertyValueSpecification","valueRequired":true,"valueName":"search_term_string"}}],"inLanguage":"en-US"},{"@type":"Organization","@id":"https:\/\/www.cercledart.com\/en\/#organization","name":"Cercle d'Art","url":"https:\/\/www.cercledart.com\/en\/","logo":{"@type":"ImageObject","inLanguage":"en-US","@id":"https:\/\/www.cercledart.com\/en\/#\/schema\/logo\/image\/","url":"https:\/\/www.cercledart.com\/wp-content\/uploads\/2025\/04\/LogoCA2025.png","contentUrl":"https:\/\/www.cercledart.com\/wp-content\/uploads\/2025\/04\/LogoCA2025.png","width":896,"height":101,"caption":"Cercle d'Art"},"image":{"@id":"https:\/\/www.cercledart.com\/en\/#\/schema\/logo\/image\/"}}]}},"_links":{"self":[{"href":"https:\/\/www.cercledart.com\/en\/wp-json\/wp\/v2\/product\/51108","targetHints":{"allow":["GET"]}}],"collection":[{"href":"https:\/\/www.cercledart.com\/en\/wp-json\/wp\/v2\/product"}],"about":[{"href":"https:\/\/www.cercledart.com\/en\/wp-json\/wp\/v2\/types\/product"}],"wp:featuredmedia":[{"embeddable":true,"href":"https:\/\/www.cercledart.com\/en\/wp-json\/wp\/v2\/media\/4954"}],"wp:attachment":[{"href":"https:\/\/www.cercledart.com\/en\/wp-json\/wp\/v2\/media?parent=51108"}],"wp:term":[{"taxonomy":"product_brand","embeddable":true,"href":"https:\/\/www.cercledart.com\/en\/wp-json\/wp\/v2\/product_brand?post=51108"},{"taxonomy":"product_cat","embeddable":true,"href":"https:\/\/www.cercledart.com\/en\/wp-json\/wp\/v2\/product_cat?post=51108"},{"taxonomy":"product_tag","embeddable":true,"href":"https:\/\/www.cercledart.com\/en\/wp-json\/wp\/v2\/product_tag?post=51108"}],"curies":[{"name":"wp","href":"https:\/\/api.w.org\/{rel}","templated":true}]}}