{"id":51099,"date":"2012-11-11T17:08:55","date_gmt":"2012-11-11T17:08:55","guid":{"rendered":"https:\/\/www.cercledart.com\/produit\/dinettes-francaises-en-faience-xixe-xxe-siecles-collection-yseult-bouriez\/"},"modified":"2025-12-08T16:25:16","modified_gmt":"2025-12-08T15:25:16","slug":"dinettes-francaises-en-faience-xixe-xxe-siecles-collection-yseult-bouriez","status":"publish","type":"product","link":"https:\/\/www.cercledart.com\/en\/produit\/dinettes-francaises-en-faience-xixe-xxe-siecles-collection-yseult-bouriez\/","title":{"rendered":"D\u00eenettes fran\u00e7aises en fa\u00efence, XIXe-XXe si\u00e8cles, Collection Yseult Bouriez"},"content":{"rendered":"<p>La collection de d\u00eenettes rassembl\u00e9e par Yseult Bouriez depuis plus de vingt ans est constitu\u00e9e de pi\u00e8ces judicieusement choisies dans un r\u00e9seau de sens et de correspondances. Incontestable accompagnatrice, avec les poup\u00e9es, des jeux de petites filles, la d\u00eenette appartient bien au monde des jouets mais aussi \u00e0 l&#8217;art majeur de la c\u00e9ramique.<\/p>\n<p><strong>Jouet, vaisselle ou objet d&#8217;art ?<\/strong> L&#8217;ouvrage nous entra\u00eene dans le monde de la vaisselle miniature reprenant les motifs et les caract\u00e9ristiques des services des adultes \u2013 services de table, services \u00e0 dessert ou \u00e0 boissons chaudes, n\u00e9cessaires de toilettes, etc. \u2013 qui met \u00e9galement en \u00e9vidence les subtilit\u00e9s de l&#8217;art de la fa\u00efence.\u00a0\u00a0Elle participe de l&#8217;art majeur de la c\u00e9ramique par la mise en \u0153uvre des mat\u00e9riaux nobles\u00a0: \u00e9tain, cuivre, aluminium, argent.<\/p>\n<p>La fa\u00efence est issue de proc\u00e9d\u00e9s de fabrication longs et complexes dont les variantes sont sp\u00e9cifiques pour chacune des <strong>principales fabriques fran\u00e7aises (15) ici abord\u00e9es<\/strong>\u00a0: de l&#8217;est (Saint-Cl\u00e9ment, Sarreguemines, Lun\u00e9ville) \u00e0 l&#8217;ouest (Quimper, Bordeaux), du Nord (Onnaing, Nimy)\u00a0 au sud (Apt).<\/p>\n<p><strong>Les 500 pi\u00e8ces montr\u00e9es ici en pr\u00e8s de 1 000 photographies<\/strong> impressionnent par la surabondance et la richesse des interpr\u00e9tations \u00e0 partir de th\u00e8mes uniques. Chaque pi\u00e8ce de d\u00eenette, de la plus modeste \u00e0 la plus magnifique, devient dans toute sa particularit\u00e9, historique et esth\u00e9tique, une composante fondamentale qui valorise l&#8217;ensemble. La multiplicit\u00e9 des motifs, d\u00e9cors et th\u00e8mes employ\u00e9s peut se d\u00e9finir ici comme un encha\u00eenement de connaissances \u00e0 valeur encyclop\u00e9dique\u00a0:\u00a0 de l&#8217;histoire naturelle \u00e0 l&#8217;imagerie populaire, des th\u00e8mes humoristiques et moralisateurs aux d\u00e9cors imaginatifs et \u00e0 l&#8217;exotisme, les d\u00eenettes disent l&#8217;esprit d&#8217;une soci\u00e9t\u00e9. Collectionneuse passionn\u00e9e, Yseult Bouriez a toujours pens\u00e9 que l&#8217;acquisition de chaque objet l&#8217;engageait \u00e0 en assumer la renaissance. Toute nouvelle pi\u00e8ce prend ainsi place et sens dans l&#8217;ensemble de la collection\u00a0: isol\u00e9e, prot\u00e9g\u00e9e, restaur\u00e9e, red\u00e9finie en fait dans sa substance.<\/p>\n","protected":false},"excerpt":{"rendered":"<p class=\"p1\">\u00c9dition fran\u00e7aise<span class=\"s1\">\uff5c<\/span>Parution 2006<span class=\"s1\">\uff5c<\/span>576 pages<span class=\"s1\">\uff5c<\/span>25,6 \u00d7 30,6 cm<span class=\"s1\">\uff5c<\/span>4,76 kg<span class=\"s1\">\uff5ccouverture toil\u00e9, reli\u00e9 avec jaquette sous \u00e9tui\uff5c<\/span>9782702208090<\/p>\n","protected":false},"featured_media":4950,"template":"","meta":{"_acf_changed":false,"om_disable_all_campaigns":false,"_exactmetrics_skip_tracking":false,"_exactmetrics_sitenote_active":false,"_exactmetrics_sitenote_note":"","_exactmetrics_sitenote_category":0,"_monsterinsights_skip_tracking":false,"_monsterinsights_sitenote_active":false,"_monsterinsights_sitenote_note":"","_monsterinsights_sitenote_category":0,"_uf_show_specific_survey":0,"_uf_disable_surveys":false},"product_brand":[],"product_cat":[536,528],"product_tag":[],"class_list":{"0":"post-51099","1":"product","2":"type-product","3":"status-publish","4":"has-post-thumbnail","6":"product_cat-design","7":"product_cat-livres","10":"first","11":"instock","12":"taxable","13":"shipping-taxable","14":"purchasable","15":"product-type-simple"},"acf":[],"yoast_head":"<!-- This site is optimized with the Yoast SEO plugin v27.5 - https:\/\/yoast.com\/product\/yoast-seo-wordpress\/ -->\n<title>D\u00eenettes fran\u00e7aises en fa\u00efence, XIXe-XXe si\u00e8cles, Collection Yseult Bouriez - \u00c9ditions Cercle d&#039;Art<\/title>\n<meta name=\"robots\" content=\"index, follow, max-snippet:-1, max-image-preview:large, max-video-preview:-1\" \/>\n<link rel=\"canonical\" href=\"https:\/\/www.cercledart.com\/en\/produit\/dinettes-francaises-en-faience-xixe-xxe-siecles-collection-yseult-bouriez\/\" \/>\n<meta property=\"og:locale\" content=\"en_US\" \/>\n<meta property=\"og:type\" content=\"article\" \/>\n<meta property=\"og:title\" content=\"D\u00eenettes fran\u00e7aises en fa\u00efence, XIXe-XXe si\u00e8cles, Collection Yseult Bouriez - \u00c9ditions Cercle d&#039;Art\" \/>\n<meta property=\"og:description\" content=\"\u00c9dition fran\u00e7aise\uff5cParution 2006\uff5c576 pages\uff5c25,6 \u00d7 30,6 cm\uff5c4,76 kg\uff5ccouverture toil\u00e9, reli\u00e9 avec jaquette sous \u00e9tui\uff5c9782702208090\" \/>\n<meta property=\"og:url\" content=\"https:\/\/www.cercledart.com\/en\/produit\/dinettes-francaises-en-faience-xixe-xxe-siecles-collection-yseult-bouriez\/\" \/>\n<meta property=\"og:site_name\" content=\"\u00c9ditions Cercle d&#039;Art\" \/>\n<meta property=\"article:modified_time\" content=\"2025-12-08T15:25:16+00:00\" \/>\n<meta property=\"og:image\" content=\"https:\/\/www.cercledart.com\/wp-content\/uploads\/2012\/11\/809_couvdint1.jpg\" \/>\n\t<meta property=\"og:image:width\" content=\"357\" \/>\n\t<meta property=\"og:image:height\" content=\"425\" \/>\n\t<meta property=\"og:image:type\" content=\"image\/jpeg\" \/>\n<meta name=\"twitter:card\" content=\"summary_large_image\" \/>\n<meta name=\"twitter:label1\" content=\"Est. reading time\" \/>\n\t<meta name=\"twitter:data1\" content=\"2 minutes\" \/>\n<script type=\"application\/ld+json\" class=\"yoast-schema-graph\">{\"@context\":\"https:\\\/\\\/schema.org\",\"@graph\":[{\"@type\":\"WebPage\",\"@id\":\"https:\\\/\\\/www.cercledart.com\\\/en\\\/produit\\\/dinettes-francaises-en-faience-xixe-xxe-siecles-collection-yseult-bouriez\\\/\",\"url\":\"https:\\\/\\\/www.cercledart.com\\\/en\\\/produit\\\/dinettes-francaises-en-faience-xixe-xxe-siecles-collection-yseult-bouriez\\\/\",\"name\":\"D\u00eenettes fran\u00e7aises en fa\u00efence, XIXe-XXe si\u00e8cles, Collection Yseult Bouriez - \u00c9ditions Cercle d&#039;Art\",\"isPartOf\":{\"@id\":\"https:\\\/\\\/www.cercledart.com\\\/en\\\/#website\"},\"primaryImageOfPage\":{\"@id\":\"https:\\\/\\\/www.cercledart.com\\\/en\\\/produit\\\/dinettes-francaises-en-faience-xixe-xxe-siecles-collection-yseult-bouriez\\\/#primaryimage\"},\"image\":{\"@id\":\"https:\\\/\\\/www.cercledart.com\\\/en\\\/produit\\\/dinettes-francaises-en-faience-xixe-xxe-siecles-collection-yseult-bouriez\\\/#primaryimage\"},\"thumbnailUrl\":\"https:\\\/\\\/www.cercledart.com\\\/wp-content\\\/uploads\\\/2012\\\/11\\\/809_couvdint1.jpg\",\"datePublished\":\"2012-11-11T17:08:55+00:00\",\"dateModified\":\"2025-12-08T15:25:16+00:00\",\"breadcrumb\":{\"@id\":\"https:\\\/\\\/www.cercledart.com\\\/en\\\/produit\\\/dinettes-francaises-en-faience-xixe-xxe-siecles-collection-yseult-bouriez\\\/#breadcrumb\"},\"inLanguage\":\"en-US\",\"potentialAction\":[{\"@type\":\"ReadAction\",\"target\":[\"https:\\\/\\\/www.cercledart.com\\\/en\\\/produit\\\/dinettes-francaises-en-faience-xixe-xxe-siecles-collection-yseult-bouriez\\\/\"]}]},{\"@type\":\"ImageObject\",\"inLanguage\":\"en-US\",\"@id\":\"https:\\\/\\\/www.cercledart.com\\\/en\\\/produit\\\/dinettes-francaises-en-faience-xixe-xxe-siecles-collection-yseult-bouriez\\\/#primaryimage\",\"url\":\"https:\\\/\\\/www.cercledart.com\\\/wp-content\\\/uploads\\\/2012\\\/11\\\/809_couvdint1.jpg\",\"contentUrl\":\"https:\\\/\\\/www.cercledart.com\\\/wp-content\\\/uploads\\\/2012\\\/11\\\/809_couvdint1.jpg\",\"width\":357,\"height\":425},{\"@type\":\"BreadcrumbList\",\"@id\":\"https:\\\/\\\/www.cercledart.com\\\/en\\\/produit\\\/dinettes-francaises-en-faience-xixe-xxe-siecles-collection-yseult-bouriez\\\/#breadcrumb\",\"itemListElement\":[{\"@type\":\"ListItem\",\"position\":1,\"name\":\"Accueil\",\"item\":\"https:\\\/\\\/www.cercledart.com\\\/en\\\/\"},{\"@type\":\"ListItem\",\"position\":2,\"name\":\"Shop\",\"item\":\"https:\\\/\\\/www.cercledart.com\\\/en\\\/shop\\\/\"},{\"@type\":\"ListItem\",\"position\":3,\"name\":\"D\u00eenettes fran\u00e7aises en fa\u00efence, XIXe-XXe si\u00e8cles, Collection Yseult Bouriez\"}]},{\"@type\":\"WebSite\",\"@id\":\"https:\\\/\\\/www.cercledart.com\\\/en\\\/#website\",\"url\":\"https:\\\/\\\/www.cercledart.com\\\/en\\\/\",\"name\":\"\u00c9ditions Cercle d&#039;Art\",\"description\":\"\",\"publisher\":{\"@id\":\"https:\\\/\\\/www.cercledart.com\\\/en\\\/#organization\"},\"potentialAction\":[{\"@type\":\"SearchAction\",\"target\":{\"@type\":\"EntryPoint\",\"urlTemplate\":\"https:\\\/\\\/www.cercledart.com\\\/en\\\/?s={search_term_string}\"},\"query-input\":{\"@type\":\"PropertyValueSpecification\",\"valueRequired\":true,\"valueName\":\"search_term_string\"}}],\"inLanguage\":\"en-US\"},{\"@type\":\"Organization\",\"@id\":\"https:\\\/\\\/www.cercledart.com\\\/en\\\/#organization\",\"name\":\"Cercle d'Art\",\"url\":\"https:\\\/\\\/www.cercledart.com\\\/en\\\/\",\"logo\":{\"@type\":\"ImageObject\",\"inLanguage\":\"en-US\",\"@id\":\"https:\\\/\\\/www.cercledart.com\\\/en\\\/#\\\/schema\\\/logo\\\/image\\\/\",\"url\":\"https:\\\/\\\/www.cercledart.com\\\/wp-content\\\/uploads\\\/2025\\\/04\\\/LogoCA2025.png\",\"contentUrl\":\"https:\\\/\\\/www.cercledart.com\\\/wp-content\\\/uploads\\\/2025\\\/04\\\/LogoCA2025.png\",\"width\":896,\"height\":101,\"caption\":\"Cercle d'Art\"},\"image\":{\"@id\":\"https:\\\/\\\/www.cercledart.com\\\/en\\\/#\\\/schema\\\/logo\\\/image\\\/\"}}]}<\/script>\n<!-- \/ Yoast SEO plugin. -->","yoast_head_json":{"title":"D\u00eenettes fran\u00e7aises en fa\u00efence, XIXe-XXe si\u00e8cles, Collection Yseult Bouriez - \u00c9ditions Cercle d&#039;Art","robots":{"index":"index","follow":"follow","max-snippet":"max-snippet:-1","max-image-preview":"max-image-preview:large","max-video-preview":"max-video-preview:-1"},"canonical":"https:\/\/www.cercledart.com\/en\/produit\/dinettes-francaises-en-faience-xixe-xxe-siecles-collection-yseult-bouriez\/","og_locale":"en_US","og_type":"article","og_title":"D\u00eenettes fran\u00e7aises en fa\u00efence, XIXe-XXe si\u00e8cles, Collection Yseult Bouriez - \u00c9ditions Cercle d&#039;Art","og_description":"\u00c9dition fran\u00e7aise\uff5cParution 2006\uff5c576 pages\uff5c25,6 \u00d7 30,6 cm\uff5c4,76 kg\uff5ccouverture toil\u00e9, reli\u00e9 avec jaquette sous \u00e9tui\uff5c9782702208090","og_url":"https:\/\/www.cercledart.com\/en\/produit\/dinettes-francaises-en-faience-xixe-xxe-siecles-collection-yseult-bouriez\/","og_site_name":"\u00c9ditions Cercle d&#039;Art","article_modified_time":"2025-12-08T15:25:16+00:00","og_image":[{"width":357,"height":425,"url":"https:\/\/www.cercledart.com\/wp-content\/uploads\/2012\/11\/809_couvdint1.jpg","type":"image\/jpeg"}],"twitter_card":"summary_large_image","twitter_misc":{"Est. reading time":"2 minutes"},"schema":{"@context":"https:\/\/schema.org","@graph":[{"@type":"WebPage","@id":"https:\/\/www.cercledart.com\/en\/produit\/dinettes-francaises-en-faience-xixe-xxe-siecles-collection-yseult-bouriez\/","url":"https:\/\/www.cercledart.com\/en\/produit\/dinettes-francaises-en-faience-xixe-xxe-siecles-collection-yseult-bouriez\/","name":"D\u00eenettes fran\u00e7aises en fa\u00efence, XIXe-XXe si\u00e8cles, Collection Yseult Bouriez - \u00c9ditions Cercle d&#039;Art","isPartOf":{"@id":"https:\/\/www.cercledart.com\/en\/#website"},"primaryImageOfPage":{"@id":"https:\/\/www.cercledart.com\/en\/produit\/dinettes-francaises-en-faience-xixe-xxe-siecles-collection-yseult-bouriez\/#primaryimage"},"image":{"@id":"https:\/\/www.cercledart.com\/en\/produit\/dinettes-francaises-en-faience-xixe-xxe-siecles-collection-yseult-bouriez\/#primaryimage"},"thumbnailUrl":"https:\/\/www.cercledart.com\/wp-content\/uploads\/2012\/11\/809_couvdint1.jpg","datePublished":"2012-11-11T17:08:55+00:00","dateModified":"2025-12-08T15:25:16+00:00","breadcrumb":{"@id":"https:\/\/www.cercledart.com\/en\/produit\/dinettes-francaises-en-faience-xixe-xxe-siecles-collection-yseult-bouriez\/#breadcrumb"},"inLanguage":"en-US","potentialAction":[{"@type":"ReadAction","target":["https:\/\/www.cercledart.com\/en\/produit\/dinettes-francaises-en-faience-xixe-xxe-siecles-collection-yseult-bouriez\/"]}]},{"@type":"ImageObject","inLanguage":"en-US","@id":"https:\/\/www.cercledart.com\/en\/produit\/dinettes-francaises-en-faience-xixe-xxe-siecles-collection-yseult-bouriez\/#primaryimage","url":"https:\/\/www.cercledart.com\/wp-content\/uploads\/2012\/11\/809_couvdint1.jpg","contentUrl":"https:\/\/www.cercledart.com\/wp-content\/uploads\/2012\/11\/809_couvdint1.jpg","width":357,"height":425},{"@type":"BreadcrumbList","@id":"https:\/\/www.cercledart.com\/en\/produit\/dinettes-francaises-en-faience-xixe-xxe-siecles-collection-yseult-bouriez\/#breadcrumb","itemListElement":[{"@type":"ListItem","position":1,"name":"Accueil","item":"https:\/\/www.cercledart.com\/en\/"},{"@type":"ListItem","position":2,"name":"Shop","item":"https:\/\/www.cercledart.com\/en\/shop\/"},{"@type":"ListItem","position":3,"name":"D\u00eenettes fran\u00e7aises en fa\u00efence, XIXe-XXe si\u00e8cles, Collection Yseult Bouriez"}]},{"@type":"WebSite","@id":"https:\/\/www.cercledart.com\/en\/#website","url":"https:\/\/www.cercledart.com\/en\/","name":"\u00c9ditions Cercle d&#039;Art","description":"","publisher":{"@id":"https:\/\/www.cercledart.com\/en\/#organization"},"potentialAction":[{"@type":"SearchAction","target":{"@type":"EntryPoint","urlTemplate":"https:\/\/www.cercledart.com\/en\/?s={search_term_string}"},"query-input":{"@type":"PropertyValueSpecification","valueRequired":true,"valueName":"search_term_string"}}],"inLanguage":"en-US"},{"@type":"Organization","@id":"https:\/\/www.cercledart.com\/en\/#organization","name":"Cercle d'Art","url":"https:\/\/www.cercledart.com\/en\/","logo":{"@type":"ImageObject","inLanguage":"en-US","@id":"https:\/\/www.cercledart.com\/en\/#\/schema\/logo\/image\/","url":"https:\/\/www.cercledart.com\/wp-content\/uploads\/2025\/04\/LogoCA2025.png","contentUrl":"https:\/\/www.cercledart.com\/wp-content\/uploads\/2025\/04\/LogoCA2025.png","width":896,"height":101,"caption":"Cercle d'Art"},"image":{"@id":"https:\/\/www.cercledart.com\/en\/#\/schema\/logo\/image\/"}}]}},"_links":{"self":[{"href":"https:\/\/www.cercledart.com\/en\/wp-json\/wp\/v2\/product\/51099","targetHints":{"allow":["GET"]}}],"collection":[{"href":"https:\/\/www.cercledart.com\/en\/wp-json\/wp\/v2\/product"}],"about":[{"href":"https:\/\/www.cercledart.com\/en\/wp-json\/wp\/v2\/types\/product"}],"wp:featuredmedia":[{"embeddable":true,"href":"https:\/\/www.cercledart.com\/en\/wp-json\/wp\/v2\/media\/4950"}],"wp:attachment":[{"href":"https:\/\/www.cercledart.com\/en\/wp-json\/wp\/v2\/media?parent=51099"}],"wp:term":[{"taxonomy":"product_brand","embeddable":true,"href":"https:\/\/www.cercledart.com\/en\/wp-json\/wp\/v2\/product_brand?post=51099"},{"taxonomy":"product_cat","embeddable":true,"href":"https:\/\/www.cercledart.com\/en\/wp-json\/wp\/v2\/product_cat?post=51099"},{"taxonomy":"product_tag","embeddable":true,"href":"https:\/\/www.cercledart.com\/en\/wp-json\/wp\/v2\/product_tag?post=51099"}],"curies":[{"name":"wp","href":"https:\/\/api.w.org\/{rel}","templated":true}]}}