{"id":51080,"date":"2012-11-11T17:08:57","date_gmt":"2012-11-11T17:08:57","guid":{"rendered":"https:\/\/www.cercledart.com\/produit\/france-mitrofanoff\/"},"modified":"2025-05-02T13:51:02","modified_gmt":"2025-05-02T11:51:02","slug":"france-mitrofanoff","status":"publish","type":"product","link":"https:\/\/www.cercledart.com\/en\/produit\/france-mitrofanoff\/","title":{"rendered":"France Mitrofanoff"},"content":{"rendered":"<p>Artiste fran\u00e7aise n\u00e9e en 1942, France Mitrofanoff a multipli\u00e9 les expositions et les travaux monumentaux en se tenant toujours \u00e0 la fronti\u00e8re s\u00e9parant, d&#8217;une part l&#8217;abstraction lyrique (fr\u00e9n\u00e9sie du grain pictural\u00a0: taches, giclures, \u00e9claboussures\u2026) et, d&#8217;autre part, le plaisir visuel des formes parfaitement agenc\u00e9es.<\/p>\n<p>Les \u0153uvres de la premi\u00e8re \u00e9poque se situent dans la lign\u00e9e des peintres de COBRA. La v\u00e9h\u00e9mence de la forme et l&#8217;explosion des contours lib\u00e8rent la couleur de la contrainte du cerne ou du dessin. Fluide et sans retenue la couleur se laisse emporter vers des formes \u00e9nigmatiques qui d\u00e9signent moins un objet que l&#8217;expression d&#8217;une humeur ou d&#8217;un sentiment.<\/p>\n<p>Vers les ann\u00e9es 80 France Mitrofanoff s&#8217;installe sur une p\u00e9niche et ce d\u00e9m\u00e9nagement transforme son travail. Vivre au gr\u00e9 de la vague, enferm\u00e9e sous un jour qui tombe d&#8217;en haut, lui inspire des figures comme fig\u00e9es dans le huis clos de cette architecture flottante. Le cadre est partout, verri\u00e8re\u00a0 au dessus, chambranles derri\u00e8re\u00a0: les gestes du corps se heurtent toujours aux contraintes du b\u00e2ti. La lumi\u00e8re dessine leur prison.<\/p>\n<p>La couleur revient avec le d\u00e9but des ann\u00e9es 90. Les formes se font d\u00e9coratives avec les couleurs. Un souffle tropical anime le tableau. Des palmes et des plumes redonnent\u00a0 un espace naturel o\u00f9 jusqu&#8217;\u00e0 pr\u00e9sent dominaient la ville et le mat\u00e9riau industriel.<\/p>\n<p>Puis se profilent\u00a0 d&#8217;immenses futaies qui font r\u00eaver \u00e0 de profondes for\u00eats.<br \/>\nLa vie revient comme une s\u00e8ve qui court au long des troncs g\u00e9ants.<\/p>\n<p>Objet \u00e0 contempler, le livre sur l&#8217;\u0153uvre de Mitrofanoff est pour l&#8217;amateur une occasion de se perdre dans le myst\u00e8re de la cr\u00e9ation picturale.<\/p>\n<p>&nbsp;<\/p>\n","protected":false},"excerpt":{"rendered":"<p>Artiste fran\u00e7aise n\u00e9e en 1942, France Mitrofanoff a multipli\u00e9 les expositions et les travaux monumentaux en se tenant toujours \u00e0 la fronti\u00e8re s\u00e9parant, d&#8217;une part l&#8217;abstraction lyrique (fr\u00e9n\u00e9sie du grain pictural\u00a0: taches, giclures, \u00e9claboussures\u2026) et, d&#8217;autre part, le plaisir visuel des formes parfaitement agenc\u00e9es. Les \u0153uvres de la premi\u00e8re \u00e9poque se situent dans la lign\u00e9e [&hellip;]<\/p>\n","protected":false},"featured_media":5092,"template":"","meta":{"_acf_changed":false,"om_disable_all_campaigns":false,"_exactmetrics_skip_tracking":false,"_exactmetrics_sitenote_active":false,"_exactmetrics_sitenote_note":"","_exactmetrics_sitenote_category":0,"_monsterinsights_skip_tracking":false,"_monsterinsights_sitenote_active":false,"_monsterinsights_sitenote_note":"","_monsterinsights_sitenote_category":0,"_uf_show_specific_survey":0,"_uf_disable_surveys":false},"product_brand":[],"product_cat":[528,546],"product_tag":[],"class_list":{"0":"post-51080","1":"product","2":"type-product","3":"status-publish","4":"has-post-thumbnail","6":"product_cat-livres","7":"product_cat-non-categorise","10":"first","11":"outofstock","12":"taxable","13":"shipping-taxable","14":"purchasable","15":"product-type-simple"},"acf":[],"yoast_head":"<!-- This site is optimized with the Yoast SEO plugin v27.5 - https:\/\/yoast.com\/product\/yoast-seo-wordpress\/ -->\n<title>France Mitrofanoff - \u00c9ditions Cercle d&#039;Art<\/title>\n<meta name=\"robots\" content=\"index, follow, max-snippet:-1, max-image-preview:large, max-video-preview:-1\" \/>\n<link rel=\"canonical\" href=\"https:\/\/www.cercledart.com\/en\/produit\/france-mitrofanoff\/\" \/>\n<meta property=\"og:locale\" content=\"en_US\" \/>\n<meta property=\"og:type\" content=\"article\" \/>\n<meta property=\"og:title\" content=\"France Mitrofanoff - \u00c9ditions Cercle d&#039;Art\" \/>\n<meta property=\"og:description\" content=\"Artiste fran\u00e7aise n\u00e9e en 1942, France Mitrofanoff a multipli\u00e9 les expositions et les travaux monumentaux en se tenant toujours \u00e0 la fronti\u00e8re s\u00e9parant, d&#8217;une part l&#8217;abstraction lyrique (fr\u00e9n\u00e9sie du grain pictural\u00a0: taches, giclures, \u00e9claboussures\u2026) et, d&#8217;autre part, le plaisir visuel des formes parfaitement agenc\u00e9es. Les \u0153uvres de la premi\u00e8re \u00e9poque se situent dans la lign\u00e9e [&hellip;]\" \/>\n<meta property=\"og:url\" content=\"https:\/\/www.cercledart.com\/en\/produit\/france-mitrofanoff\/\" \/>\n<meta property=\"og:site_name\" content=\"\u00c9ditions Cercle d&#039;Art\" \/>\n<meta property=\"article:modified_time\" content=\"2025-05-02T11:51:02+00:00\" \/>\n<meta property=\"og:image\" content=\"https:\/\/www.cercledart.com\/wp-content\/uploads\/2012\/11\/mitrofanoff.jpg\" \/>\n\t<meta property=\"og:image:width\" content=\"510\" \/>\n\t<meta property=\"og:image:height\" content=\"602\" \/>\n\t<meta property=\"og:image:type\" content=\"image\/jpeg\" \/>\n<meta name=\"twitter:card\" content=\"summary_large_image\" \/>\n<meta name=\"twitter:label1\" content=\"Est. reading time\" \/>\n\t<meta name=\"twitter:data1\" content=\"1 minute\" \/>\n<script type=\"application\/ld+json\" class=\"yoast-schema-graph\">{\"@context\":\"https:\\\/\\\/schema.org\",\"@graph\":[{\"@type\":\"WebPage\",\"@id\":\"https:\\\/\\\/www.cercledart.com\\\/en\\\/produit\\\/france-mitrofanoff\\\/\",\"url\":\"https:\\\/\\\/www.cercledart.com\\\/en\\\/produit\\\/france-mitrofanoff\\\/\",\"name\":\"France Mitrofanoff - \u00c9ditions Cercle d&#039;Art\",\"isPartOf\":{\"@id\":\"https:\\\/\\\/www.cercledart.com\\\/en\\\/#website\"},\"primaryImageOfPage\":{\"@id\":\"https:\\\/\\\/www.cercledart.com\\\/en\\\/produit\\\/france-mitrofanoff\\\/#primaryimage\"},\"image\":{\"@id\":\"https:\\\/\\\/www.cercledart.com\\\/en\\\/produit\\\/france-mitrofanoff\\\/#primaryimage\"},\"thumbnailUrl\":\"https:\\\/\\\/www.cercledart.com\\\/wp-content\\\/uploads\\\/2012\\\/11\\\/mitrofanoff.jpg\",\"datePublished\":\"2012-11-11T17:08:57+00:00\",\"dateModified\":\"2025-05-02T11:51:02+00:00\",\"breadcrumb\":{\"@id\":\"https:\\\/\\\/www.cercledart.com\\\/en\\\/produit\\\/france-mitrofanoff\\\/#breadcrumb\"},\"inLanguage\":\"en-US\",\"potentialAction\":[{\"@type\":\"ReadAction\",\"target\":[\"https:\\\/\\\/www.cercledart.com\\\/en\\\/produit\\\/france-mitrofanoff\\\/\"]}]},{\"@type\":\"ImageObject\",\"inLanguage\":\"en-US\",\"@id\":\"https:\\\/\\\/www.cercledart.com\\\/en\\\/produit\\\/france-mitrofanoff\\\/#primaryimage\",\"url\":\"https:\\\/\\\/www.cercledart.com\\\/wp-content\\\/uploads\\\/2012\\\/11\\\/mitrofanoff.jpg\",\"contentUrl\":\"https:\\\/\\\/www.cercledart.com\\\/wp-content\\\/uploads\\\/2012\\\/11\\\/mitrofanoff.jpg\",\"width\":510,\"height\":602},{\"@type\":\"BreadcrumbList\",\"@id\":\"https:\\\/\\\/www.cercledart.com\\\/en\\\/produit\\\/france-mitrofanoff\\\/#breadcrumb\",\"itemListElement\":[{\"@type\":\"ListItem\",\"position\":1,\"name\":\"Accueil\",\"item\":\"https:\\\/\\\/www.cercledart.com\\\/en\\\/\"},{\"@type\":\"ListItem\",\"position\":2,\"name\":\"Shop\",\"item\":\"https:\\\/\\\/www.cercledart.com\\\/en\\\/shop\\\/\"},{\"@type\":\"ListItem\",\"position\":3,\"name\":\"France Mitrofanoff\"}]},{\"@type\":\"WebSite\",\"@id\":\"https:\\\/\\\/www.cercledart.com\\\/en\\\/#website\",\"url\":\"https:\\\/\\\/www.cercledart.com\\\/en\\\/\",\"name\":\"\u00c9ditions Cercle d&#039;Art\",\"description\":\"\",\"publisher\":{\"@id\":\"https:\\\/\\\/www.cercledart.com\\\/en\\\/#organization\"},\"potentialAction\":[{\"@type\":\"SearchAction\",\"target\":{\"@type\":\"EntryPoint\",\"urlTemplate\":\"https:\\\/\\\/www.cercledart.com\\\/en\\\/?s={search_term_string}\"},\"query-input\":{\"@type\":\"PropertyValueSpecification\",\"valueRequired\":true,\"valueName\":\"search_term_string\"}}],\"inLanguage\":\"en-US\"},{\"@type\":\"Organization\",\"@id\":\"https:\\\/\\\/www.cercledart.com\\\/en\\\/#organization\",\"name\":\"Cercle d'Art\",\"url\":\"https:\\\/\\\/www.cercledart.com\\\/en\\\/\",\"logo\":{\"@type\":\"ImageObject\",\"inLanguage\":\"en-US\",\"@id\":\"https:\\\/\\\/www.cercledart.com\\\/en\\\/#\\\/schema\\\/logo\\\/image\\\/\",\"url\":\"https:\\\/\\\/www.cercledart.com\\\/wp-content\\\/uploads\\\/2025\\\/04\\\/LogoCA2025.png\",\"contentUrl\":\"https:\\\/\\\/www.cercledart.com\\\/wp-content\\\/uploads\\\/2025\\\/04\\\/LogoCA2025.png\",\"width\":896,\"height\":101,\"caption\":\"Cercle d'Art\"},\"image\":{\"@id\":\"https:\\\/\\\/www.cercledart.com\\\/en\\\/#\\\/schema\\\/logo\\\/image\\\/\"}}]}<\/script>\n<!-- \/ Yoast SEO plugin. -->","yoast_head_json":{"title":"France Mitrofanoff - \u00c9ditions Cercle d&#039;Art","robots":{"index":"index","follow":"follow","max-snippet":"max-snippet:-1","max-image-preview":"max-image-preview:large","max-video-preview":"max-video-preview:-1"},"canonical":"https:\/\/www.cercledart.com\/en\/produit\/france-mitrofanoff\/","og_locale":"en_US","og_type":"article","og_title":"France Mitrofanoff - \u00c9ditions Cercle d&#039;Art","og_description":"Artiste fran\u00e7aise n\u00e9e en 1942, France Mitrofanoff a multipli\u00e9 les expositions et les travaux monumentaux en se tenant toujours \u00e0 la fronti\u00e8re s\u00e9parant, d&#8217;une part l&#8217;abstraction lyrique (fr\u00e9n\u00e9sie du grain pictural\u00a0: taches, giclures, \u00e9claboussures\u2026) et, d&#8217;autre part, le plaisir visuel des formes parfaitement agenc\u00e9es. Les \u0153uvres de la premi\u00e8re \u00e9poque se situent dans la lign\u00e9e [&hellip;]","og_url":"https:\/\/www.cercledart.com\/en\/produit\/france-mitrofanoff\/","og_site_name":"\u00c9ditions Cercle d&#039;Art","article_modified_time":"2025-05-02T11:51:02+00:00","og_image":[{"width":510,"height":602,"url":"https:\/\/www.cercledart.com\/wp-content\/uploads\/2012\/11\/mitrofanoff.jpg","type":"image\/jpeg"}],"twitter_card":"summary_large_image","twitter_misc":{"Est. reading time":"1 minute"},"schema":{"@context":"https:\/\/schema.org","@graph":[{"@type":"WebPage","@id":"https:\/\/www.cercledart.com\/en\/produit\/france-mitrofanoff\/","url":"https:\/\/www.cercledart.com\/en\/produit\/france-mitrofanoff\/","name":"France Mitrofanoff - \u00c9ditions Cercle d&#039;Art","isPartOf":{"@id":"https:\/\/www.cercledart.com\/en\/#website"},"primaryImageOfPage":{"@id":"https:\/\/www.cercledart.com\/en\/produit\/france-mitrofanoff\/#primaryimage"},"image":{"@id":"https:\/\/www.cercledart.com\/en\/produit\/france-mitrofanoff\/#primaryimage"},"thumbnailUrl":"https:\/\/www.cercledart.com\/wp-content\/uploads\/2012\/11\/mitrofanoff.jpg","datePublished":"2012-11-11T17:08:57+00:00","dateModified":"2025-05-02T11:51:02+00:00","breadcrumb":{"@id":"https:\/\/www.cercledart.com\/en\/produit\/france-mitrofanoff\/#breadcrumb"},"inLanguage":"en-US","potentialAction":[{"@type":"ReadAction","target":["https:\/\/www.cercledart.com\/en\/produit\/france-mitrofanoff\/"]}]},{"@type":"ImageObject","inLanguage":"en-US","@id":"https:\/\/www.cercledart.com\/en\/produit\/france-mitrofanoff\/#primaryimage","url":"https:\/\/www.cercledart.com\/wp-content\/uploads\/2012\/11\/mitrofanoff.jpg","contentUrl":"https:\/\/www.cercledart.com\/wp-content\/uploads\/2012\/11\/mitrofanoff.jpg","width":510,"height":602},{"@type":"BreadcrumbList","@id":"https:\/\/www.cercledart.com\/en\/produit\/france-mitrofanoff\/#breadcrumb","itemListElement":[{"@type":"ListItem","position":1,"name":"Accueil","item":"https:\/\/www.cercledart.com\/en\/"},{"@type":"ListItem","position":2,"name":"Shop","item":"https:\/\/www.cercledart.com\/en\/shop\/"},{"@type":"ListItem","position":3,"name":"France Mitrofanoff"}]},{"@type":"WebSite","@id":"https:\/\/www.cercledart.com\/en\/#website","url":"https:\/\/www.cercledart.com\/en\/","name":"\u00c9ditions Cercle d&#039;Art","description":"","publisher":{"@id":"https:\/\/www.cercledart.com\/en\/#organization"},"potentialAction":[{"@type":"SearchAction","target":{"@type":"EntryPoint","urlTemplate":"https:\/\/www.cercledart.com\/en\/?s={search_term_string}"},"query-input":{"@type":"PropertyValueSpecification","valueRequired":true,"valueName":"search_term_string"}}],"inLanguage":"en-US"},{"@type":"Organization","@id":"https:\/\/www.cercledart.com\/en\/#organization","name":"Cercle d'Art","url":"https:\/\/www.cercledart.com\/en\/","logo":{"@type":"ImageObject","inLanguage":"en-US","@id":"https:\/\/www.cercledart.com\/en\/#\/schema\/logo\/image\/","url":"https:\/\/www.cercledart.com\/wp-content\/uploads\/2025\/04\/LogoCA2025.png","contentUrl":"https:\/\/www.cercledart.com\/wp-content\/uploads\/2025\/04\/LogoCA2025.png","width":896,"height":101,"caption":"Cercle d'Art"},"image":{"@id":"https:\/\/www.cercledart.com\/en\/#\/schema\/logo\/image\/"}}]}},"_links":{"self":[{"href":"https:\/\/www.cercledart.com\/en\/wp-json\/wp\/v2\/product\/51080","targetHints":{"allow":["GET"]}}],"collection":[{"href":"https:\/\/www.cercledart.com\/en\/wp-json\/wp\/v2\/product"}],"about":[{"href":"https:\/\/www.cercledart.com\/en\/wp-json\/wp\/v2\/types\/product"}],"wp:featuredmedia":[{"embeddable":true,"href":"https:\/\/www.cercledart.com\/en\/wp-json\/wp\/v2\/media\/5092"}],"wp:attachment":[{"href":"https:\/\/www.cercledart.com\/en\/wp-json\/wp\/v2\/media?parent=51080"}],"wp:term":[{"taxonomy":"product_brand","embeddable":true,"href":"https:\/\/www.cercledart.com\/en\/wp-json\/wp\/v2\/product_brand?post=51080"},{"taxonomy":"product_cat","embeddable":true,"href":"https:\/\/www.cercledart.com\/en\/wp-json\/wp\/v2\/product_cat?post=51080"},{"taxonomy":"product_tag","embeddable":true,"href":"https:\/\/www.cercledart.com\/en\/wp-json\/wp\/v2\/product_tag?post=51080"}],"curies":[{"name":"wp","href":"https:\/\/api.w.org\/{rel}","templated":true}]}}