{"id":51065,"date":"2012-11-11T17:08:57","date_gmt":"2012-11-11T17:08:57","guid":{"rendered":"https:\/\/www.cercledart.com\/produit\/impressions-thailande\/"},"modified":"2025-05-02T13:51:01","modified_gmt":"2025-05-02T11:51:01","slug":"impressions-thailande","status":"publish","type":"product","link":"https:\/\/www.cercledart.com\/en\/produit\/impressions-thailande\/","title":{"rendered":"Impressions Tha\u00eflande"},"content":{"rendered":"<p>La Tha\u00eflande aux douces et fluides consonances est un pays de r\u00eave subtils saisis par Philippe Maupetit dans ces instantan\u00e9s, qui se d\u00e9roulent comme les images du r\u00eave, sans ordre apparent, mais avec un sens profond. <em>Impressions Tha\u00eflande<\/em> : l&#8217;\u00ab impression \u00bb, c&#8217;est \u00e9tymologiquement l&#8217;application, puis la marque laiss\u00e9e par un objet sur un support.<\/p>\n<p>C&#8217;est l&#8217;empreinte, la trace de ce pays contrast\u00e9 sur des images qui t\u00e9moignent de sa complexit\u00e9. C&#8217;est en photographie l&#8217;action d&#8217;impressionner une surface sensible ; mais c&#8217;est aussi la sensation ou le sentiment qui r\u00e9sultent d&#8217;un choc, celui d&#8217;un voyage en des lieux jamais vus.C&#8217;est l&#8217;opinion et non le jugement qui na\u00eet d&#8217;un premier contact, c&#8217;est la rencontre subjective : impressions plurielles d&#8217;une r\u00e9alit\u00e9 multiple.<\/p>\n<p>Le photographe prend moins une photo qu&#8217;il n&#8217;est pris par elle, arr\u00eat\u00e9, le temps d&#8217;une surprise, par son insatiable fr\u00e9n\u00e9sie de voir. C&#8217;est lui qui est happ\u00e9 par les mouvements et les couleurs, quelque chose de la vie qui jamais plus ne sera, et qui, au lieu de se figer, se poursuit sans lui.<\/p>\n","protected":false},"excerpt":{"rendered":"<p>La Tha\u00eflande aux douces et fluides consonances est un pays de r\u00eave subtils saisis par Philippe Maupetit dans ces instantan\u00e9s, qui se d\u00e9roulent comme les images du r\u00eave, sans ordre apparent, mais avec un sens profond. Impressions Tha\u00eflande : l&#8217;\u00ab impression \u00bb, c&#8217;est \u00e9tymologiquement l&#8217;application, puis la marque laiss\u00e9e par un objet sur un support. [&hellip;]<\/p>\n","protected":false},"featured_media":5061,"template":"","meta":{"_acf_changed":false,"om_disable_all_campaigns":false,"_exactmetrics_skip_tracking":false,"_exactmetrics_sitenote_active":false,"_exactmetrics_sitenote_note":"","_exactmetrics_sitenote_category":0,"_monsterinsights_skip_tracking":false,"_monsterinsights_sitenote_active":false,"_monsterinsights_sitenote_note":"","_monsterinsights_sitenote_category":0,"_uf_show_specific_survey":0,"_uf_disable_surveys":false},"product_brand":[],"product_cat":[528,546],"product_tag":[],"class_list":{"0":"post-51065","1":"product","2":"type-product","3":"status-publish","4":"has-post-thumbnail","6":"product_cat-livres","7":"product_cat-non-categorise","10":"first","11":"outofstock","12":"taxable","13":"shipping-taxable","14":"purchasable","15":"product-type-simple"},"acf":[],"yoast_head":"<!-- This site is optimized with the Yoast SEO plugin v27.5 - https:\/\/yoast.com\/product\/yoast-seo-wordpress\/ -->\n<title>Impressions Tha\u00eflande - \u00c9ditions Cercle d&#039;Art<\/title>\n<meta name=\"robots\" content=\"index, follow, max-snippet:-1, max-image-preview:large, max-video-preview:-1\" \/>\n<link rel=\"canonical\" href=\"https:\/\/www.cercledart.com\/en\/produit\/impressions-thailande\/\" \/>\n<meta property=\"og:locale\" content=\"en_US\" \/>\n<meta property=\"og:type\" content=\"article\" \/>\n<meta property=\"og:title\" content=\"Impressions Tha\u00eflande - \u00c9ditions Cercle d&#039;Art\" \/>\n<meta property=\"og:description\" content=\"La Tha\u00eflande aux douces et fluides consonances est un pays de r\u00eave subtils saisis par Philippe Maupetit dans ces instantan\u00e9s, qui se d\u00e9roulent comme les images du r\u00eave, sans ordre apparent, mais avec un sens profond. Impressions Tha\u00eflande : l&#8217;\u00ab impression \u00bb, c&#8217;est \u00e9tymologiquement l&#8217;application, puis la marque laiss\u00e9e par un objet sur un support. [&hellip;]\" \/>\n<meta property=\"og:url\" content=\"https:\/\/www.cercledart.com\/en\/produit\/impressions-thailande\/\" \/>\n<meta property=\"og:site_name\" content=\"\u00c9ditions Cercle d&#039;Art\" \/>\n<meta property=\"article:modified_time\" content=\"2025-05-02T11:51:01+00:00\" \/>\n<meta property=\"og:image\" content=\"https:\/\/www.cercledart.com\/wp-content\/uploads\/2012\/11\/impressions_thailande.jpg\" \/>\n\t<meta property=\"og:image:width\" content=\"425\" \/>\n\t<meta property=\"og:image:height\" content=\"298\" \/>\n\t<meta property=\"og:image:type\" content=\"image\/jpeg\" \/>\n<meta name=\"twitter:card\" content=\"summary_large_image\" \/>\n<meta name=\"twitter:label1\" content=\"Est. reading time\" \/>\n\t<meta name=\"twitter:data1\" content=\"1 minute\" \/>\n<script type=\"application\/ld+json\" class=\"yoast-schema-graph\">{\"@context\":\"https:\\\/\\\/schema.org\",\"@graph\":[{\"@type\":\"WebPage\",\"@id\":\"https:\\\/\\\/www.cercledart.com\\\/en\\\/produit\\\/impressions-thailande\\\/\",\"url\":\"https:\\\/\\\/www.cercledart.com\\\/en\\\/produit\\\/impressions-thailande\\\/\",\"name\":\"Impressions Tha\u00eflande - \u00c9ditions Cercle d&#039;Art\",\"isPartOf\":{\"@id\":\"https:\\\/\\\/www.cercledart.com\\\/en\\\/#website\"},\"primaryImageOfPage\":{\"@id\":\"https:\\\/\\\/www.cercledart.com\\\/en\\\/produit\\\/impressions-thailande\\\/#primaryimage\"},\"image\":{\"@id\":\"https:\\\/\\\/www.cercledart.com\\\/en\\\/produit\\\/impressions-thailande\\\/#primaryimage\"},\"thumbnailUrl\":\"https:\\\/\\\/www.cercledart.com\\\/wp-content\\\/uploads\\\/2012\\\/11\\\/impressions_thailande.jpg\",\"datePublished\":\"2012-11-11T17:08:57+00:00\",\"dateModified\":\"2025-05-02T11:51:01+00:00\",\"breadcrumb\":{\"@id\":\"https:\\\/\\\/www.cercledart.com\\\/en\\\/produit\\\/impressions-thailande\\\/#breadcrumb\"},\"inLanguage\":\"en-US\",\"potentialAction\":[{\"@type\":\"ReadAction\",\"target\":[\"https:\\\/\\\/www.cercledart.com\\\/en\\\/produit\\\/impressions-thailande\\\/\"]}]},{\"@type\":\"ImageObject\",\"inLanguage\":\"en-US\",\"@id\":\"https:\\\/\\\/www.cercledart.com\\\/en\\\/produit\\\/impressions-thailande\\\/#primaryimage\",\"url\":\"https:\\\/\\\/www.cercledart.com\\\/wp-content\\\/uploads\\\/2012\\\/11\\\/impressions_thailande.jpg\",\"contentUrl\":\"https:\\\/\\\/www.cercledart.com\\\/wp-content\\\/uploads\\\/2012\\\/11\\\/impressions_thailande.jpg\",\"width\":425,\"height\":298},{\"@type\":\"BreadcrumbList\",\"@id\":\"https:\\\/\\\/www.cercledart.com\\\/en\\\/produit\\\/impressions-thailande\\\/#breadcrumb\",\"itemListElement\":[{\"@type\":\"ListItem\",\"position\":1,\"name\":\"Accueil\",\"item\":\"https:\\\/\\\/www.cercledart.com\\\/en\\\/\"},{\"@type\":\"ListItem\",\"position\":2,\"name\":\"Shop\",\"item\":\"https:\\\/\\\/www.cercledart.com\\\/en\\\/shop\\\/\"},{\"@type\":\"ListItem\",\"position\":3,\"name\":\"Impressions Tha\u00eflande\"}]},{\"@type\":\"WebSite\",\"@id\":\"https:\\\/\\\/www.cercledart.com\\\/en\\\/#website\",\"url\":\"https:\\\/\\\/www.cercledart.com\\\/en\\\/\",\"name\":\"\u00c9ditions Cercle d&#039;Art\",\"description\":\"\",\"publisher\":{\"@id\":\"https:\\\/\\\/www.cercledart.com\\\/en\\\/#organization\"},\"potentialAction\":[{\"@type\":\"SearchAction\",\"target\":{\"@type\":\"EntryPoint\",\"urlTemplate\":\"https:\\\/\\\/www.cercledart.com\\\/en\\\/?s={search_term_string}\"},\"query-input\":{\"@type\":\"PropertyValueSpecification\",\"valueRequired\":true,\"valueName\":\"search_term_string\"}}],\"inLanguage\":\"en-US\"},{\"@type\":\"Organization\",\"@id\":\"https:\\\/\\\/www.cercledart.com\\\/en\\\/#organization\",\"name\":\"Cercle d'Art\",\"url\":\"https:\\\/\\\/www.cercledart.com\\\/en\\\/\",\"logo\":{\"@type\":\"ImageObject\",\"inLanguage\":\"en-US\",\"@id\":\"https:\\\/\\\/www.cercledart.com\\\/en\\\/#\\\/schema\\\/logo\\\/image\\\/\",\"url\":\"https:\\\/\\\/www.cercledart.com\\\/wp-content\\\/uploads\\\/2025\\\/04\\\/LogoCA2025.png\",\"contentUrl\":\"https:\\\/\\\/www.cercledart.com\\\/wp-content\\\/uploads\\\/2025\\\/04\\\/LogoCA2025.png\",\"width\":896,\"height\":101,\"caption\":\"Cercle d'Art\"},\"image\":{\"@id\":\"https:\\\/\\\/www.cercledart.com\\\/en\\\/#\\\/schema\\\/logo\\\/image\\\/\"}}]}<\/script>\n<!-- \/ Yoast SEO plugin. -->","yoast_head_json":{"title":"Impressions Tha\u00eflande - \u00c9ditions Cercle d&#039;Art","robots":{"index":"index","follow":"follow","max-snippet":"max-snippet:-1","max-image-preview":"max-image-preview:large","max-video-preview":"max-video-preview:-1"},"canonical":"https:\/\/www.cercledart.com\/en\/produit\/impressions-thailande\/","og_locale":"en_US","og_type":"article","og_title":"Impressions Tha\u00eflande - \u00c9ditions Cercle d&#039;Art","og_description":"La Tha\u00eflande aux douces et fluides consonances est un pays de r\u00eave subtils saisis par Philippe Maupetit dans ces instantan\u00e9s, qui se d\u00e9roulent comme les images du r\u00eave, sans ordre apparent, mais avec un sens profond. Impressions Tha\u00eflande : l&#8217;\u00ab impression \u00bb, c&#8217;est \u00e9tymologiquement l&#8217;application, puis la marque laiss\u00e9e par un objet sur un support. [&hellip;]","og_url":"https:\/\/www.cercledart.com\/en\/produit\/impressions-thailande\/","og_site_name":"\u00c9ditions Cercle d&#039;Art","article_modified_time":"2025-05-02T11:51:01+00:00","og_image":[{"width":425,"height":298,"url":"https:\/\/www.cercledart.com\/wp-content\/uploads\/2012\/11\/impressions_thailande.jpg","type":"image\/jpeg"}],"twitter_card":"summary_large_image","twitter_misc":{"Est. reading time":"1 minute"},"schema":{"@context":"https:\/\/schema.org","@graph":[{"@type":"WebPage","@id":"https:\/\/www.cercledart.com\/en\/produit\/impressions-thailande\/","url":"https:\/\/www.cercledart.com\/en\/produit\/impressions-thailande\/","name":"Impressions Tha\u00eflande - \u00c9ditions Cercle d&#039;Art","isPartOf":{"@id":"https:\/\/www.cercledart.com\/en\/#website"},"primaryImageOfPage":{"@id":"https:\/\/www.cercledart.com\/en\/produit\/impressions-thailande\/#primaryimage"},"image":{"@id":"https:\/\/www.cercledart.com\/en\/produit\/impressions-thailande\/#primaryimage"},"thumbnailUrl":"https:\/\/www.cercledart.com\/wp-content\/uploads\/2012\/11\/impressions_thailande.jpg","datePublished":"2012-11-11T17:08:57+00:00","dateModified":"2025-05-02T11:51:01+00:00","breadcrumb":{"@id":"https:\/\/www.cercledart.com\/en\/produit\/impressions-thailande\/#breadcrumb"},"inLanguage":"en-US","potentialAction":[{"@type":"ReadAction","target":["https:\/\/www.cercledart.com\/en\/produit\/impressions-thailande\/"]}]},{"@type":"ImageObject","inLanguage":"en-US","@id":"https:\/\/www.cercledart.com\/en\/produit\/impressions-thailande\/#primaryimage","url":"https:\/\/www.cercledart.com\/wp-content\/uploads\/2012\/11\/impressions_thailande.jpg","contentUrl":"https:\/\/www.cercledart.com\/wp-content\/uploads\/2012\/11\/impressions_thailande.jpg","width":425,"height":298},{"@type":"BreadcrumbList","@id":"https:\/\/www.cercledart.com\/en\/produit\/impressions-thailande\/#breadcrumb","itemListElement":[{"@type":"ListItem","position":1,"name":"Accueil","item":"https:\/\/www.cercledart.com\/en\/"},{"@type":"ListItem","position":2,"name":"Shop","item":"https:\/\/www.cercledart.com\/en\/shop\/"},{"@type":"ListItem","position":3,"name":"Impressions Tha\u00eflande"}]},{"@type":"WebSite","@id":"https:\/\/www.cercledart.com\/en\/#website","url":"https:\/\/www.cercledart.com\/en\/","name":"\u00c9ditions Cercle d&#039;Art","description":"","publisher":{"@id":"https:\/\/www.cercledart.com\/en\/#organization"},"potentialAction":[{"@type":"SearchAction","target":{"@type":"EntryPoint","urlTemplate":"https:\/\/www.cercledart.com\/en\/?s={search_term_string}"},"query-input":{"@type":"PropertyValueSpecification","valueRequired":true,"valueName":"search_term_string"}}],"inLanguage":"en-US"},{"@type":"Organization","@id":"https:\/\/www.cercledart.com\/en\/#organization","name":"Cercle d'Art","url":"https:\/\/www.cercledart.com\/en\/","logo":{"@type":"ImageObject","inLanguage":"en-US","@id":"https:\/\/www.cercledart.com\/en\/#\/schema\/logo\/image\/","url":"https:\/\/www.cercledart.com\/wp-content\/uploads\/2025\/04\/LogoCA2025.png","contentUrl":"https:\/\/www.cercledart.com\/wp-content\/uploads\/2025\/04\/LogoCA2025.png","width":896,"height":101,"caption":"Cercle d'Art"},"image":{"@id":"https:\/\/www.cercledart.com\/en\/#\/schema\/logo\/image\/"}}]}},"_links":{"self":[{"href":"https:\/\/www.cercledart.com\/en\/wp-json\/wp\/v2\/product\/51065","targetHints":{"allow":["GET"]}}],"collection":[{"href":"https:\/\/www.cercledart.com\/en\/wp-json\/wp\/v2\/product"}],"about":[{"href":"https:\/\/www.cercledart.com\/en\/wp-json\/wp\/v2\/types\/product"}],"wp:featuredmedia":[{"embeddable":true,"href":"https:\/\/www.cercledart.com\/en\/wp-json\/wp\/v2\/media\/5061"}],"wp:attachment":[{"href":"https:\/\/www.cercledart.com\/en\/wp-json\/wp\/v2\/media?parent=51065"}],"wp:term":[{"taxonomy":"product_brand","embeddable":true,"href":"https:\/\/www.cercledart.com\/en\/wp-json\/wp\/v2\/product_brand?post=51065"},{"taxonomy":"product_cat","embeddable":true,"href":"https:\/\/www.cercledart.com\/en\/wp-json\/wp\/v2\/product_cat?post=51065"},{"taxonomy":"product_tag","embeddable":true,"href":"https:\/\/www.cercledart.com\/en\/wp-json\/wp\/v2\/product_tag?post=51065"}],"curies":[{"name":"wp","href":"https:\/\/api.w.org\/{rel}","templated":true}]}}