{"id":51032,"date":"2012-11-11T17:09:04","date_gmt":"2012-11-11T17:09:04","guid":{"rendered":"https:\/\/www.cercledart.com\/produit\/la-montre-a-remontage-automatique-xviiie-xixe-siecles\/"},"modified":"2026-01-04T15:21:50","modified_gmt":"2026-01-04T14:21:50","slug":"la-montre-a-remontage-automatique-xviiie-xixe-siecles","status":"publish","type":"product","link":"https:\/\/www.cercledart.com\/en\/produit\/la-montre-a-remontage-automatique-xviiie-xixe-siecles\/","title":{"rendered":"La montre \u00e0 remontage automatique (XVIIIe-XIXe si\u00e8cles)"},"content":{"rendered":"<p>Plus de soixante ann\u00e9es se sont \u00e9coul\u00e9es depuis la publication en 1952 de l&#8217;ouvrage d&#8217;\u00c9douard G\u00e9lis et d&#8217;Alfred Chapuis, <em>La Montre automatique ancienne,<\/em> qui restera dans l&#8217;histoire de l&#8217;horlogerie la meilleure \u00e9tude sur ce th\u00e8me couvrant l&#8217;ensemble de la production dans cette sp\u00e9cialit\u00e9 bien d\u00e9termin\u00e9e.<\/p>\n<p>Depuis les ann\u00e9es 60 cependant l&#8217;approche des chercheurs comme celle des historiens est sur certains points infiniment plus m\u00e9thodique. Alors que de nombreux auteurs s&#8217;\u00e9taient fi\u00e9s aux signatures trouv\u00e9es sur les montres, il a depuis \u00e9t\u00e9 \u00e9tabli que, dans la plupart des cas, il s&#8217;agissait de celles de l&#8217;importateur, d&#8217;un grossiste ou d&#8217;un d\u00e9taillant. Ainsi \u00e0 la fin du XVII<sup>e<\/sup> si\u00e8cle, en l&#8217;absence de tout r\u00e8glement corporatif dans la r\u00e9gion de Neuch\u00e2tel en particulier, rien ne contraignait les horlogers \u00e0 signer leurs \u0153uvres, si bien que de nombreuses montres en sont d\u00e9pourvues. Il \u00e9tait donc important de d\u00e9terminer avec pr\u00e9cision l&#8217;origine v\u00e9ritable des montres qui ont \u00e9t\u00e9 commercialis\u00e9es non seulement en Europe, mais au Moyen-Orient, en Asie et aux \u00c9tats-Unis.<\/p>\n<p>C&#8217;est la raison pour laquelle Jean-Claude Sabrier s&#8217;est livr\u00e9 pour la premi\u00e8re fois \u00e0 une recherche syst\u00e9matique des informations dans les documents d&#8217;\u00e9poque\u00a0: correspondance, proc\u00e8s-verbaux, livres de comptes, brevets et autres t\u00e9moignages incontestables de la production et de l&#8217;\u00e9volution des montres perp\u00e9tuelles. Il est ainsi parvenu dans la plupart des cas \u00e0 d\u00e9terminer l&#8217;atelier, ou tout au moins l&#8217;origine g\u00e9ographique de la plupart de ces montres.<\/p>\n<p>Dans cet ouvrage l&#8217;expert nous livre une \u00e9tude minutieuse des recherches qui ont \u00e9t\u00e9 n\u00e9cessaires dans les diff\u00e9rents domaines de la m\u00e9canique, des techniques\u00a0 fabrication, comme des mat\u00e9riaux pour atteindre une quasi perfection de la montre m\u00e9canique.<\/p>\n<p>&nbsp;<\/p>\n<p>&nbsp;<\/p>\n","protected":false},"excerpt":{"rendered":"<p class=\"p1\">\u00c9dition fran\u00e7aise<span class=\"s1\">\uff5c<\/span>Parution 2011<span class=\"s1\">\uff5c<\/span>308 pages<span class=\"s1\">\uff5c<\/span>24,7 \u00d7 30,8 cm<span class=\"s1\">\uff5c<\/span>2,040 kg<span class=\"s1\">\uff5c<\/span>couverture cartonn\u00e9e, reli\u00e9<span class=\"s1\">\uff5c<\/span>9782702209325<\/p>\n","protected":false},"featured_media":5096,"template":"","meta":{"_acf_changed":false,"om_disable_all_campaigns":false,"_exactmetrics_skip_tracking":false,"_exactmetrics_sitenote_active":false,"_exactmetrics_sitenote_note":"","_exactmetrics_sitenote_category":0,"_monsterinsights_skip_tracking":false,"_monsterinsights_sitenote_active":false,"_monsterinsights_sitenote_note":"","_monsterinsights_sitenote_category":0,"_uf_show_specific_survey":0,"_uf_disable_surveys":false},"product_brand":[],"product_cat":[536,528],"product_tag":[],"class_list":{"0":"post-51032","1":"product","2":"type-product","3":"status-publish","4":"has-post-thumbnail","6":"product_cat-design","7":"product_cat-livres","10":"first","11":"instock","12":"taxable","13":"shipping-taxable","14":"purchasable","15":"product-type-simple"},"acf":[],"yoast_head":"<!-- This site is optimized with the Yoast SEO plugin v27.5 - https:\/\/yoast.com\/product\/yoast-seo-wordpress\/ -->\n<title>La montre \u00e0 remontage automatique (XVIIIe-XIXe si\u00e8cles) - \u00c9ditions Cercle d&#039;Art<\/title>\n<meta name=\"robots\" content=\"index, follow, max-snippet:-1, max-image-preview:large, max-video-preview:-1\" \/>\n<link rel=\"canonical\" href=\"https:\/\/www.cercledart.com\/en\/produit\/la-montre-a-remontage-automatique-xviiie-xixe-siecles\/\" \/>\n<meta property=\"og:locale\" content=\"en_US\" \/>\n<meta property=\"og:type\" content=\"article\" \/>\n<meta property=\"og:title\" content=\"La montre \u00e0 remontage automatique (XVIIIe-XIXe si\u00e8cles) - \u00c9ditions Cercle d&#039;Art\" \/>\n<meta property=\"og:description\" content=\"\u00c9dition fran\u00e7aise\uff5cParution 2011\uff5c308 pages\uff5c24,7 \u00d7 30,8 cm\uff5c2,040 kg\uff5ccouverture cartonn\u00e9e, reli\u00e9\uff5c9782702209325\" \/>\n<meta property=\"og:url\" content=\"https:\/\/www.cercledart.com\/en\/produit\/la-montre-a-remontage-automatique-xviiie-xixe-siecles\/\" \/>\n<meta property=\"og:site_name\" content=\"\u00c9ditions Cercle d&#039;Art\" \/>\n<meta property=\"article:modified_time\" content=\"2026-01-04T14:21:50+00:00\" \/>\n<meta property=\"og:image\" content=\"https:\/\/www.cercledart.com\/wp-content\/uploads\/2012\/11\/montreautomatiquebdef.jpg\" \/>\n\t<meta property=\"og:image:width\" content=\"514\" \/>\n\t<meta property=\"og:image:height\" content=\"640\" \/>\n\t<meta property=\"og:image:type\" content=\"image\/jpeg\" \/>\n<meta name=\"twitter:card\" content=\"summary_large_image\" \/>\n<meta name=\"twitter:label1\" content=\"Est. reading time\" \/>\n\t<meta name=\"twitter:data1\" content=\"2 minutes\" \/>\n<script type=\"application\/ld+json\" class=\"yoast-schema-graph\">{\"@context\":\"https:\\\/\\\/schema.org\",\"@graph\":[{\"@type\":\"WebPage\",\"@id\":\"https:\\\/\\\/www.cercledart.com\\\/en\\\/produit\\\/la-montre-a-remontage-automatique-xviiie-xixe-siecles\\\/\",\"url\":\"https:\\\/\\\/www.cercledart.com\\\/en\\\/produit\\\/la-montre-a-remontage-automatique-xviiie-xixe-siecles\\\/\",\"name\":\"La montre \u00e0 remontage automatique (XVIIIe-XIXe si\u00e8cles) - \u00c9ditions Cercle d&#039;Art\",\"isPartOf\":{\"@id\":\"https:\\\/\\\/www.cercledart.com\\\/en\\\/#website\"},\"primaryImageOfPage\":{\"@id\":\"https:\\\/\\\/www.cercledart.com\\\/en\\\/produit\\\/la-montre-a-remontage-automatique-xviiie-xixe-siecles\\\/#primaryimage\"},\"image\":{\"@id\":\"https:\\\/\\\/www.cercledart.com\\\/en\\\/produit\\\/la-montre-a-remontage-automatique-xviiie-xixe-siecles\\\/#primaryimage\"},\"thumbnailUrl\":\"https:\\\/\\\/www.cercledart.com\\\/wp-content\\\/uploads\\\/2012\\\/11\\\/montreautomatiquebdef.jpg\",\"datePublished\":\"2012-11-11T17:09:04+00:00\",\"dateModified\":\"2026-01-04T14:21:50+00:00\",\"breadcrumb\":{\"@id\":\"https:\\\/\\\/www.cercledart.com\\\/en\\\/produit\\\/la-montre-a-remontage-automatique-xviiie-xixe-siecles\\\/#breadcrumb\"},\"inLanguage\":\"en-US\",\"potentialAction\":[{\"@type\":\"ReadAction\",\"target\":[\"https:\\\/\\\/www.cercledart.com\\\/en\\\/produit\\\/la-montre-a-remontage-automatique-xviiie-xixe-siecles\\\/\"]}]},{\"@type\":\"ImageObject\",\"inLanguage\":\"en-US\",\"@id\":\"https:\\\/\\\/www.cercledart.com\\\/en\\\/produit\\\/la-montre-a-remontage-automatique-xviiie-xixe-siecles\\\/#primaryimage\",\"url\":\"https:\\\/\\\/www.cercledart.com\\\/wp-content\\\/uploads\\\/2012\\\/11\\\/montreautomatiquebdef.jpg\",\"contentUrl\":\"https:\\\/\\\/www.cercledart.com\\\/wp-content\\\/uploads\\\/2012\\\/11\\\/montreautomatiquebdef.jpg\",\"width\":514,\"height\":640},{\"@type\":\"BreadcrumbList\",\"@id\":\"https:\\\/\\\/www.cercledart.com\\\/en\\\/produit\\\/la-montre-a-remontage-automatique-xviiie-xixe-siecles\\\/#breadcrumb\",\"itemListElement\":[{\"@type\":\"ListItem\",\"position\":1,\"name\":\"Accueil\",\"item\":\"https:\\\/\\\/www.cercledart.com\\\/en\\\/\"},{\"@type\":\"ListItem\",\"position\":2,\"name\":\"Shop\",\"item\":\"https:\\\/\\\/www.cercledart.com\\\/en\\\/shop\\\/\"},{\"@type\":\"ListItem\",\"position\":3,\"name\":\"La montre \u00e0 remontage automatique (XVIIIe-XIXe si\u00e8cles)\"}]},{\"@type\":\"WebSite\",\"@id\":\"https:\\\/\\\/www.cercledart.com\\\/en\\\/#website\",\"url\":\"https:\\\/\\\/www.cercledart.com\\\/en\\\/\",\"name\":\"\u00c9ditions Cercle d&#039;Art\",\"description\":\"\",\"publisher\":{\"@id\":\"https:\\\/\\\/www.cercledart.com\\\/en\\\/#organization\"},\"potentialAction\":[{\"@type\":\"SearchAction\",\"target\":{\"@type\":\"EntryPoint\",\"urlTemplate\":\"https:\\\/\\\/www.cercledart.com\\\/en\\\/?s={search_term_string}\"},\"query-input\":{\"@type\":\"PropertyValueSpecification\",\"valueRequired\":true,\"valueName\":\"search_term_string\"}}],\"inLanguage\":\"en-US\"},{\"@type\":\"Organization\",\"@id\":\"https:\\\/\\\/www.cercledart.com\\\/en\\\/#organization\",\"name\":\"Cercle d'Art\",\"url\":\"https:\\\/\\\/www.cercledart.com\\\/en\\\/\",\"logo\":{\"@type\":\"ImageObject\",\"inLanguage\":\"en-US\",\"@id\":\"https:\\\/\\\/www.cercledart.com\\\/en\\\/#\\\/schema\\\/logo\\\/image\\\/\",\"url\":\"https:\\\/\\\/www.cercledart.com\\\/wp-content\\\/uploads\\\/2025\\\/04\\\/LogoCA2025.png\",\"contentUrl\":\"https:\\\/\\\/www.cercledart.com\\\/wp-content\\\/uploads\\\/2025\\\/04\\\/LogoCA2025.png\",\"width\":896,\"height\":101,\"caption\":\"Cercle d'Art\"},\"image\":{\"@id\":\"https:\\\/\\\/www.cercledart.com\\\/en\\\/#\\\/schema\\\/logo\\\/image\\\/\"}}]}<\/script>\n<!-- \/ Yoast SEO plugin. -->","yoast_head_json":{"title":"La montre \u00e0 remontage automatique (XVIIIe-XIXe si\u00e8cles) - \u00c9ditions Cercle d&#039;Art","robots":{"index":"index","follow":"follow","max-snippet":"max-snippet:-1","max-image-preview":"max-image-preview:large","max-video-preview":"max-video-preview:-1"},"canonical":"https:\/\/www.cercledart.com\/en\/produit\/la-montre-a-remontage-automatique-xviiie-xixe-siecles\/","og_locale":"en_US","og_type":"article","og_title":"La montre \u00e0 remontage automatique (XVIIIe-XIXe si\u00e8cles) - \u00c9ditions Cercle d&#039;Art","og_description":"\u00c9dition fran\u00e7aise\uff5cParution 2011\uff5c308 pages\uff5c24,7 \u00d7 30,8 cm\uff5c2,040 kg\uff5ccouverture cartonn\u00e9e, reli\u00e9\uff5c9782702209325","og_url":"https:\/\/www.cercledart.com\/en\/produit\/la-montre-a-remontage-automatique-xviiie-xixe-siecles\/","og_site_name":"\u00c9ditions Cercle d&#039;Art","article_modified_time":"2026-01-04T14:21:50+00:00","og_image":[{"width":514,"height":640,"url":"https:\/\/www.cercledart.com\/wp-content\/uploads\/2012\/11\/montreautomatiquebdef.jpg","type":"image\/jpeg"}],"twitter_card":"summary_large_image","twitter_misc":{"Est. reading time":"2 minutes"},"schema":{"@context":"https:\/\/schema.org","@graph":[{"@type":"WebPage","@id":"https:\/\/www.cercledart.com\/en\/produit\/la-montre-a-remontage-automatique-xviiie-xixe-siecles\/","url":"https:\/\/www.cercledart.com\/en\/produit\/la-montre-a-remontage-automatique-xviiie-xixe-siecles\/","name":"La montre \u00e0 remontage automatique (XVIIIe-XIXe si\u00e8cles) - \u00c9ditions Cercle d&#039;Art","isPartOf":{"@id":"https:\/\/www.cercledart.com\/en\/#website"},"primaryImageOfPage":{"@id":"https:\/\/www.cercledart.com\/en\/produit\/la-montre-a-remontage-automatique-xviiie-xixe-siecles\/#primaryimage"},"image":{"@id":"https:\/\/www.cercledart.com\/en\/produit\/la-montre-a-remontage-automatique-xviiie-xixe-siecles\/#primaryimage"},"thumbnailUrl":"https:\/\/www.cercledart.com\/wp-content\/uploads\/2012\/11\/montreautomatiquebdef.jpg","datePublished":"2012-11-11T17:09:04+00:00","dateModified":"2026-01-04T14:21:50+00:00","breadcrumb":{"@id":"https:\/\/www.cercledart.com\/en\/produit\/la-montre-a-remontage-automatique-xviiie-xixe-siecles\/#breadcrumb"},"inLanguage":"en-US","potentialAction":[{"@type":"ReadAction","target":["https:\/\/www.cercledart.com\/en\/produit\/la-montre-a-remontage-automatique-xviiie-xixe-siecles\/"]}]},{"@type":"ImageObject","inLanguage":"en-US","@id":"https:\/\/www.cercledart.com\/en\/produit\/la-montre-a-remontage-automatique-xviiie-xixe-siecles\/#primaryimage","url":"https:\/\/www.cercledart.com\/wp-content\/uploads\/2012\/11\/montreautomatiquebdef.jpg","contentUrl":"https:\/\/www.cercledart.com\/wp-content\/uploads\/2012\/11\/montreautomatiquebdef.jpg","width":514,"height":640},{"@type":"BreadcrumbList","@id":"https:\/\/www.cercledart.com\/en\/produit\/la-montre-a-remontage-automatique-xviiie-xixe-siecles\/#breadcrumb","itemListElement":[{"@type":"ListItem","position":1,"name":"Accueil","item":"https:\/\/www.cercledart.com\/en\/"},{"@type":"ListItem","position":2,"name":"Shop","item":"https:\/\/www.cercledart.com\/en\/shop\/"},{"@type":"ListItem","position":3,"name":"La montre \u00e0 remontage automatique (XVIIIe-XIXe si\u00e8cles)"}]},{"@type":"WebSite","@id":"https:\/\/www.cercledart.com\/en\/#website","url":"https:\/\/www.cercledart.com\/en\/","name":"\u00c9ditions Cercle d&#039;Art","description":"","publisher":{"@id":"https:\/\/www.cercledart.com\/en\/#organization"},"potentialAction":[{"@type":"SearchAction","target":{"@type":"EntryPoint","urlTemplate":"https:\/\/www.cercledart.com\/en\/?s={search_term_string}"},"query-input":{"@type":"PropertyValueSpecification","valueRequired":true,"valueName":"search_term_string"}}],"inLanguage":"en-US"},{"@type":"Organization","@id":"https:\/\/www.cercledart.com\/en\/#organization","name":"Cercle d'Art","url":"https:\/\/www.cercledart.com\/en\/","logo":{"@type":"ImageObject","inLanguage":"en-US","@id":"https:\/\/www.cercledart.com\/en\/#\/schema\/logo\/image\/","url":"https:\/\/www.cercledart.com\/wp-content\/uploads\/2025\/04\/LogoCA2025.png","contentUrl":"https:\/\/www.cercledart.com\/wp-content\/uploads\/2025\/04\/LogoCA2025.png","width":896,"height":101,"caption":"Cercle d'Art"},"image":{"@id":"https:\/\/www.cercledart.com\/en\/#\/schema\/logo\/image\/"}}]}},"_links":{"self":[{"href":"https:\/\/www.cercledart.com\/en\/wp-json\/wp\/v2\/product\/51032","targetHints":{"allow":["GET"]}}],"collection":[{"href":"https:\/\/www.cercledart.com\/en\/wp-json\/wp\/v2\/product"}],"about":[{"href":"https:\/\/www.cercledart.com\/en\/wp-json\/wp\/v2\/types\/product"}],"wp:featuredmedia":[{"embeddable":true,"href":"https:\/\/www.cercledart.com\/en\/wp-json\/wp\/v2\/media\/5096"}],"wp:attachment":[{"href":"https:\/\/www.cercledart.com\/en\/wp-json\/wp\/v2\/media?parent=51032"}],"wp:term":[{"taxonomy":"product_brand","embeddable":true,"href":"https:\/\/www.cercledart.com\/en\/wp-json\/wp\/v2\/product_brand?post=51032"},{"taxonomy":"product_cat","embeddable":true,"href":"https:\/\/www.cercledart.com\/en\/wp-json\/wp\/v2\/product_cat?post=51032"},{"taxonomy":"product_tag","embeddable":true,"href":"https:\/\/www.cercledart.com\/en\/wp-json\/wp\/v2\/product_tag?post=51032"}],"curies":[{"name":"wp","href":"https:\/\/api.w.org\/{rel}","templated":true}]}}