{"id":51025,"date":"2012-11-11T17:09:05","date_gmt":"2012-11-11T17:09:05","guid":{"rendered":"https:\/\/www.cercledart.com\/produit\/daniel-authouart\/"},"modified":"2025-05-02T13:50:33","modified_gmt":"2025-05-02T11:50:33","slug":"daniel-authouart","status":"publish","type":"product","link":"https:\/\/www.cercledart.com\/en\/produit\/daniel-authouart\/","title":{"rendered":"Daniel Authouart"},"content":{"rendered":"<p>\u00c0 l\u2019\u00e2ge de seize ans, Daniel Authouart est admis aux cours de l\u2019\u00e9cole des Beaux-Arts de Rouen, o\u00f9 il \u00e9tudiera successivement la peinture, l\u2019architecture int\u00e9rieure et la publicit\u00e9.<br \/>\nIl appartient \u00e0 cette tradition d\u2019artistes qui ont une facilit\u00e9 d\u00e9concertante pour le dessin et la peinture : on songe \u00e0 Rubens, \u00e0 Boucher, et sur un mode plus frivole, \u00e0 Boldini. Mais au-del\u00e0 de la simple virtuosit\u00e9, Authouart fa\u00e7onne \u00e0 longueur de toile une mythologie contemporaine : celle d\u2019un monde o\u00f9 le chaos surgit des br\u00e8ches d\u2019un urbanisme \u00e0 grand spectacle qui cultive l\u2019\u00e9blouissement, la fascination, l\u2019illusion.<br \/>\nL\u2019imitation \u00e0 outrance du r\u00e9el pratiqu\u00e9e par l\u2019artiste induit en m\u00eame temps une critique radicale d\u2019un univers inf\u00e9od\u00e9 aux valeurs mat\u00e9rialistes, au cynisme ambiant des hommes politiques, au f\u00e9tichisme de l\u2019image publicitaire.<br \/>\nMais sa source d\u2019inspiration, son terrain d\u2019\u00e9lection, le lieu qui l\u2019attire, se trouve loin de sa terre natale, de l\u2019autre c\u00f4t\u00e9 de l\u2019Atlantique, et c\u2019est \u00e0 New York qu\u2019il passe une partie de son temps, tout en conservant Rouen comme port d\u2019attache. New York donc, cette nouvelle Babylone, la ville o\u00f9 la d\u00e9ch\u00e9ance c\u00f4toie l\u2019opulence, o\u00f9 il fait jour m\u00eame la nuit, avec laquelle il noue une relation amoureuse, avec ce que l\u2019amour sous-entend de haine, de passion et d\u2019ambigu\u00eft\u00e9.<\/p>\n","protected":false},"excerpt":{"rendered":"<p>\u00c0 l\u2019\u00e2ge de seize ans, Daniel Authouart est admis aux cours de l\u2019\u00e9cole des Beaux-Arts de Rouen, o\u00f9 il \u00e9tudiera successivement la peinture, l\u2019architecture int\u00e9rieure et la publicit\u00e9. Il appartient \u00e0 cette tradition d\u2019artistes qui ont une facilit\u00e9 d\u00e9concertante pour le dessin et la peinture : on songe \u00e0 Rubens, \u00e0 Boucher, et sur un [&hellip;]<\/p>\n","protected":false},"featured_media":4992,"template":"","meta":{"_acf_changed":false,"om_disable_all_campaigns":false,"_exactmetrics_skip_tracking":false,"_exactmetrics_sitenote_active":false,"_exactmetrics_sitenote_note":"","_exactmetrics_sitenote_category":0,"_monsterinsights_skip_tracking":false,"_monsterinsights_sitenote_active":false,"_monsterinsights_sitenote_note":"","_monsterinsights_sitenote_category":0,"_uf_show_specific_survey":0,"_uf_disable_surveys":false},"product_brand":[],"product_cat":[528,546],"product_tag":[],"class_list":{"0":"post-51025","1":"product","2":"type-product","3":"status-publish","4":"has-post-thumbnail","6":"product_cat-livres","7":"product_cat-non-categorise","10":"first","11":"outofstock","12":"taxable","13":"shipping-taxable","14":"purchasable","15":"product-type-simple"},"acf":[],"yoast_head":"<!-- This site is optimized with the Yoast SEO plugin v27.5 - https:\/\/yoast.com\/product\/yoast-seo-wordpress\/ -->\n<title>Daniel Authouart - \u00c9ditions Cercle d&#039;Art<\/title>\n<meta name=\"robots\" content=\"index, follow, max-snippet:-1, max-image-preview:large, max-video-preview:-1\" \/>\n<link rel=\"canonical\" href=\"https:\/\/www.cercledart.com\/en\/produit\/daniel-authouart\/\" \/>\n<meta property=\"og:locale\" content=\"en_US\" \/>\n<meta property=\"og:type\" content=\"article\" \/>\n<meta property=\"og:title\" content=\"Daniel Authouart - \u00c9ditions Cercle d&#039;Art\" \/>\n<meta property=\"og:description\" content=\"\u00c0 l\u2019\u00e2ge de seize ans, Daniel Authouart est admis aux cours de l\u2019\u00e9cole des Beaux-Arts de Rouen, o\u00f9 il \u00e9tudiera successivement la peinture, l\u2019architecture int\u00e9rieure et la publicit\u00e9. Il appartient \u00e0 cette tradition d\u2019artistes qui ont une facilit\u00e9 d\u00e9concertante pour le dessin et la peinture : on songe \u00e0 Rubens, \u00e0 Boucher, et sur un [&hellip;]\" \/>\n<meta property=\"og:url\" content=\"https:\/\/www.cercledart.com\/en\/produit\/daniel-authouart\/\" \/>\n<meta property=\"og:site_name\" content=\"\u00c9ditions Cercle d&#039;Art\" \/>\n<meta property=\"article:modified_time\" content=\"2025-05-02T11:50:33+00:00\" \/>\n<meta property=\"og:image\" content=\"https:\/\/www.cercledart.com\/wp-content\/uploads\/2012\/11\/authouartcouv_web.jpg\" \/>\n\t<meta property=\"og:image:width\" content=\"507\" \/>\n\t<meta property=\"og:image:height\" content=\"640\" \/>\n\t<meta property=\"og:image:type\" content=\"image\/jpeg\" \/>\n<meta name=\"twitter:card\" content=\"summary_large_image\" \/>\n<meta name=\"twitter:label1\" content=\"Est. reading time\" \/>\n\t<meta name=\"twitter:data1\" content=\"1 minute\" \/>\n<script type=\"application\/ld+json\" class=\"yoast-schema-graph\">{\"@context\":\"https:\\\/\\\/schema.org\",\"@graph\":[{\"@type\":\"WebPage\",\"@id\":\"https:\\\/\\\/www.cercledart.com\\\/en\\\/produit\\\/daniel-authouart\\\/\",\"url\":\"https:\\\/\\\/www.cercledart.com\\\/en\\\/produit\\\/daniel-authouart\\\/\",\"name\":\"Daniel Authouart - \u00c9ditions Cercle d&#039;Art\",\"isPartOf\":{\"@id\":\"https:\\\/\\\/www.cercledart.com\\\/en\\\/#website\"},\"primaryImageOfPage\":{\"@id\":\"https:\\\/\\\/www.cercledart.com\\\/en\\\/produit\\\/daniel-authouart\\\/#primaryimage\"},\"image\":{\"@id\":\"https:\\\/\\\/www.cercledart.com\\\/en\\\/produit\\\/daniel-authouart\\\/#primaryimage\"},\"thumbnailUrl\":\"https:\\\/\\\/www.cercledart.com\\\/wp-content\\\/uploads\\\/2012\\\/11\\\/authouartcouv_web.jpg\",\"datePublished\":\"2012-11-11T17:09:05+00:00\",\"dateModified\":\"2025-05-02T11:50:33+00:00\",\"breadcrumb\":{\"@id\":\"https:\\\/\\\/www.cercledart.com\\\/en\\\/produit\\\/daniel-authouart\\\/#breadcrumb\"},\"inLanguage\":\"en-US\",\"potentialAction\":[{\"@type\":\"ReadAction\",\"target\":[\"https:\\\/\\\/www.cercledart.com\\\/en\\\/produit\\\/daniel-authouart\\\/\"]}]},{\"@type\":\"ImageObject\",\"inLanguage\":\"en-US\",\"@id\":\"https:\\\/\\\/www.cercledart.com\\\/en\\\/produit\\\/daniel-authouart\\\/#primaryimage\",\"url\":\"https:\\\/\\\/www.cercledart.com\\\/wp-content\\\/uploads\\\/2012\\\/11\\\/authouartcouv_web.jpg\",\"contentUrl\":\"https:\\\/\\\/www.cercledart.com\\\/wp-content\\\/uploads\\\/2012\\\/11\\\/authouartcouv_web.jpg\",\"width\":507,\"height\":640},{\"@type\":\"BreadcrumbList\",\"@id\":\"https:\\\/\\\/www.cercledart.com\\\/en\\\/produit\\\/daniel-authouart\\\/#breadcrumb\",\"itemListElement\":[{\"@type\":\"ListItem\",\"position\":1,\"name\":\"Accueil\",\"item\":\"https:\\\/\\\/www.cercledart.com\\\/en\\\/\"},{\"@type\":\"ListItem\",\"position\":2,\"name\":\"Shop\",\"item\":\"https:\\\/\\\/www.cercledart.com\\\/en\\\/shop\\\/\"},{\"@type\":\"ListItem\",\"position\":3,\"name\":\"Daniel Authouart\"}]},{\"@type\":\"WebSite\",\"@id\":\"https:\\\/\\\/www.cercledart.com\\\/en\\\/#website\",\"url\":\"https:\\\/\\\/www.cercledart.com\\\/en\\\/\",\"name\":\"\u00c9ditions Cercle d&#039;Art\",\"description\":\"\",\"publisher\":{\"@id\":\"https:\\\/\\\/www.cercledart.com\\\/en\\\/#organization\"},\"potentialAction\":[{\"@type\":\"SearchAction\",\"target\":{\"@type\":\"EntryPoint\",\"urlTemplate\":\"https:\\\/\\\/www.cercledart.com\\\/en\\\/?s={search_term_string}\"},\"query-input\":{\"@type\":\"PropertyValueSpecification\",\"valueRequired\":true,\"valueName\":\"search_term_string\"}}],\"inLanguage\":\"en-US\"},{\"@type\":\"Organization\",\"@id\":\"https:\\\/\\\/www.cercledart.com\\\/en\\\/#organization\",\"name\":\"Cercle d'Art\",\"url\":\"https:\\\/\\\/www.cercledart.com\\\/en\\\/\",\"logo\":{\"@type\":\"ImageObject\",\"inLanguage\":\"en-US\",\"@id\":\"https:\\\/\\\/www.cercledart.com\\\/en\\\/#\\\/schema\\\/logo\\\/image\\\/\",\"url\":\"https:\\\/\\\/www.cercledart.com\\\/wp-content\\\/uploads\\\/2025\\\/04\\\/LogoCA2025.png\",\"contentUrl\":\"https:\\\/\\\/www.cercledart.com\\\/wp-content\\\/uploads\\\/2025\\\/04\\\/LogoCA2025.png\",\"width\":896,\"height\":101,\"caption\":\"Cercle d'Art\"},\"image\":{\"@id\":\"https:\\\/\\\/www.cercledart.com\\\/en\\\/#\\\/schema\\\/logo\\\/image\\\/\"}}]}<\/script>\n<!-- \/ Yoast SEO plugin. -->","yoast_head_json":{"title":"Daniel Authouart - \u00c9ditions Cercle d&#039;Art","robots":{"index":"index","follow":"follow","max-snippet":"max-snippet:-1","max-image-preview":"max-image-preview:large","max-video-preview":"max-video-preview:-1"},"canonical":"https:\/\/www.cercledart.com\/en\/produit\/daniel-authouart\/","og_locale":"en_US","og_type":"article","og_title":"Daniel Authouart - \u00c9ditions Cercle d&#039;Art","og_description":"\u00c0 l\u2019\u00e2ge de seize ans, Daniel Authouart est admis aux cours de l\u2019\u00e9cole des Beaux-Arts de Rouen, o\u00f9 il \u00e9tudiera successivement la peinture, l\u2019architecture int\u00e9rieure et la publicit\u00e9. Il appartient \u00e0 cette tradition d\u2019artistes qui ont une facilit\u00e9 d\u00e9concertante pour le dessin et la peinture : on songe \u00e0 Rubens, \u00e0 Boucher, et sur un [&hellip;]","og_url":"https:\/\/www.cercledart.com\/en\/produit\/daniel-authouart\/","og_site_name":"\u00c9ditions Cercle d&#039;Art","article_modified_time":"2025-05-02T11:50:33+00:00","og_image":[{"width":507,"height":640,"url":"https:\/\/www.cercledart.com\/wp-content\/uploads\/2012\/11\/authouartcouv_web.jpg","type":"image\/jpeg"}],"twitter_card":"summary_large_image","twitter_misc":{"Est. reading time":"1 minute"},"schema":{"@context":"https:\/\/schema.org","@graph":[{"@type":"WebPage","@id":"https:\/\/www.cercledart.com\/en\/produit\/daniel-authouart\/","url":"https:\/\/www.cercledart.com\/en\/produit\/daniel-authouart\/","name":"Daniel Authouart - \u00c9ditions Cercle d&#039;Art","isPartOf":{"@id":"https:\/\/www.cercledart.com\/en\/#website"},"primaryImageOfPage":{"@id":"https:\/\/www.cercledart.com\/en\/produit\/daniel-authouart\/#primaryimage"},"image":{"@id":"https:\/\/www.cercledart.com\/en\/produit\/daniel-authouart\/#primaryimage"},"thumbnailUrl":"https:\/\/www.cercledart.com\/wp-content\/uploads\/2012\/11\/authouartcouv_web.jpg","datePublished":"2012-11-11T17:09:05+00:00","dateModified":"2025-05-02T11:50:33+00:00","breadcrumb":{"@id":"https:\/\/www.cercledart.com\/en\/produit\/daniel-authouart\/#breadcrumb"},"inLanguage":"en-US","potentialAction":[{"@type":"ReadAction","target":["https:\/\/www.cercledart.com\/en\/produit\/daniel-authouart\/"]}]},{"@type":"ImageObject","inLanguage":"en-US","@id":"https:\/\/www.cercledart.com\/en\/produit\/daniel-authouart\/#primaryimage","url":"https:\/\/www.cercledart.com\/wp-content\/uploads\/2012\/11\/authouartcouv_web.jpg","contentUrl":"https:\/\/www.cercledart.com\/wp-content\/uploads\/2012\/11\/authouartcouv_web.jpg","width":507,"height":640},{"@type":"BreadcrumbList","@id":"https:\/\/www.cercledart.com\/en\/produit\/daniel-authouart\/#breadcrumb","itemListElement":[{"@type":"ListItem","position":1,"name":"Accueil","item":"https:\/\/www.cercledart.com\/en\/"},{"@type":"ListItem","position":2,"name":"Shop","item":"https:\/\/www.cercledart.com\/en\/shop\/"},{"@type":"ListItem","position":3,"name":"Daniel Authouart"}]},{"@type":"WebSite","@id":"https:\/\/www.cercledart.com\/en\/#website","url":"https:\/\/www.cercledart.com\/en\/","name":"\u00c9ditions Cercle d&#039;Art","description":"","publisher":{"@id":"https:\/\/www.cercledart.com\/en\/#organization"},"potentialAction":[{"@type":"SearchAction","target":{"@type":"EntryPoint","urlTemplate":"https:\/\/www.cercledart.com\/en\/?s={search_term_string}"},"query-input":{"@type":"PropertyValueSpecification","valueRequired":true,"valueName":"search_term_string"}}],"inLanguage":"en-US"},{"@type":"Organization","@id":"https:\/\/www.cercledart.com\/en\/#organization","name":"Cercle d'Art","url":"https:\/\/www.cercledart.com\/en\/","logo":{"@type":"ImageObject","inLanguage":"en-US","@id":"https:\/\/www.cercledart.com\/en\/#\/schema\/logo\/image\/","url":"https:\/\/www.cercledart.com\/wp-content\/uploads\/2025\/04\/LogoCA2025.png","contentUrl":"https:\/\/www.cercledart.com\/wp-content\/uploads\/2025\/04\/LogoCA2025.png","width":896,"height":101,"caption":"Cercle d'Art"},"image":{"@id":"https:\/\/www.cercledart.com\/en\/#\/schema\/logo\/image\/"}}]}},"_links":{"self":[{"href":"https:\/\/www.cercledart.com\/en\/wp-json\/wp\/v2\/product\/51025","targetHints":{"allow":["GET"]}}],"collection":[{"href":"https:\/\/www.cercledart.com\/en\/wp-json\/wp\/v2\/product"}],"about":[{"href":"https:\/\/www.cercledart.com\/en\/wp-json\/wp\/v2\/types\/product"}],"wp:featuredmedia":[{"embeddable":true,"href":"https:\/\/www.cercledart.com\/en\/wp-json\/wp\/v2\/media\/4992"}],"wp:attachment":[{"href":"https:\/\/www.cercledart.com\/en\/wp-json\/wp\/v2\/media?parent=51025"}],"wp:term":[{"taxonomy":"product_brand","embeddable":true,"href":"https:\/\/www.cercledart.com\/en\/wp-json\/wp\/v2\/product_brand?post=51025"},{"taxonomy":"product_cat","embeddable":true,"href":"https:\/\/www.cercledart.com\/en\/wp-json\/wp\/v2\/product_cat?post=51025"},{"taxonomy":"product_tag","embeddable":true,"href":"https:\/\/www.cercledart.com\/en\/wp-json\/wp\/v2\/product_tag?post=51025"}],"curies":[{"name":"wp","href":"https:\/\/api.w.org\/{rel}","templated":true}]}}