{"id":51023,"date":"2012-11-11T17:09:05","date_gmt":"2012-11-11T17:09:05","guid":{"rendered":"https:\/\/www.cercledart.com\/produit\/emancipation-mode-demploi\/"},"modified":"2025-05-02T13:50:32","modified_gmt":"2025-05-02T11:50:32","slug":"emancipation-mode-demploi","status":"publish","type":"product","link":"https:\/\/www.cercledart.com\/en\/produit\/emancipation-mode-demploi\/","title":{"rendered":"\u00c9mancipation : Mode d&#8217;emploi"},"content":{"rendered":"<p><strong>L&#8217;<\/strong><strong>\u00e9mancipation humaine<\/strong><strong>\u2009<\/strong><strong>?<\/strong><\/p>\n<p>Un cheminement et un combat qui courent depuis des mill\u00e9naires dans l&#8217;histoire des hommes et aussi l&#8217;un des objectifs essentiels dont la CCAS porte le drapeau depuis sa cr\u00e9ation. Dans le mot, on per\u00e7oit bien une ambition forte et qui comprend une pluralit\u00e9 de dimensions\u2009: la notion de travail entendue comme accomplissement de soi ou encore celle de libert\u00e9 de pens\u00e9e par l&#8217;acc\u00e8s \u00e0 la culture et aux sciences par exemple. C&#8217;est bien dans cet horizon que la CCAS inscrit son action au fil du temps. \u2028\u00c0 sa mesure, mais avec toute sa d\u00e9termination.<br \/>\nCe livre, \u00e9crit par un philosophe autour de photographies qui t\u00e9moignent des initiatives et viennent donner chair \u00e0 son propos s&#8217;emploie \u00e9galement \u00e0 rendre accessibles des interrogations de fond en donnant la parole \u2028aux agents eux-m\u00eames, aux familles venues passer leurs vacances dans \u2028les villages de la CCAS.<br \/>\nCe livre est le r\u00e9cit d&#8217;un voyage d&#8217;une dur\u00e9e de huit mois au sein \u2028des villages de la CCAS. Il donne \u00e0 voir la prodigieuse diversit\u00e9 des \u2028activit\u00e9s culturelles mises en \u0153uvre dans nos centres de vacances, les questions qui en naissent, la soif de d\u00e9couverte qui s&#8217;y exprime, l&#8217;accueil qui est r\u00e9serv\u00e9 \u00e0 celles et ceux qui viennent les partager, avec pour guides \u00ab\u202fles b\u00e9n\u00e9ficiaires\u202f\u00bb eux-m\u00eames, livrant en toute libert\u00e9, leurs interrogations, leurs r\u00e9flexions, leurs exp\u00e9riences.<\/p>\n<p>L&#8217;ouvrage n&#8217;est pas un pan\u00e9gyrique. Il ne dissimule pas les malentendus toujours possibles, ni les difficult\u00e9s ou les demi-r\u00e9ussites. Il montre une volont\u00e9 culturelle en \u2028action et l&#8217;\u00e9cho qu&#8217;elle rencontre aupr\u00e8s des b\u00e9n\u00e9ficiaires. Il rend sensible la synergie que, conform\u00e9ment aux orientations fondatrices et constamment r\u00e9affirm\u00e9es, la CCAS s&#8217;efforce \u2028d&#8217;\u00e9tablir entre \u00ab\u202f\u00e9mancipation\u202f\u00bb et \u00ab\u202fculture\u202f\u00bb. Il est en tout cas un t\u00e9moignage sur notre temps, et sur les rapports qui peuvent \u00eatre construits entre \u2028\u00ab\u202floisirs\u202f\u00bb et \u00ab\u202fculture\u202f\u00bb, souvent malheureusement mis en opposition.<br \/>\n<strong><em><\/em><\/strong><\/p>\n","protected":false},"excerpt":{"rendered":"<p>L&#8217;\u00e9mancipation humaine\u2009? Un cheminement et un combat qui courent depuis des mill\u00e9naires dans l&#8217;histoire des hommes et aussi l&#8217;un des objectifs essentiels dont la CCAS porte le drapeau depuis sa cr\u00e9ation. Dans le mot, on per\u00e7oit bien une ambition forte et qui comprend une pluralit\u00e9 de dimensions\u2009: la notion de travail entendue comme accomplissement de [&hellip;]<\/p>\n","protected":false},"featured_media":5036,"template":"","meta":{"_acf_changed":false,"om_disable_all_campaigns":false,"_exactmetrics_skip_tracking":false,"_exactmetrics_sitenote_active":false,"_exactmetrics_sitenote_note":"","_exactmetrics_sitenote_category":0,"_monsterinsights_skip_tracking":false,"_monsterinsights_sitenote_active":false,"_monsterinsights_sitenote_note":"","_monsterinsights_sitenote_category":0,"_uf_show_specific_survey":0,"_uf_disable_surveys":false},"product_brand":[],"product_cat":[528,546],"product_tag":[],"class_list":{"0":"post-51023","1":"product","2":"type-product","3":"status-publish","4":"has-post-thumbnail","6":"product_cat-livres","7":"product_cat-non-categorise","10":"first","11":"outofstock","12":"taxable","13":"shipping-taxable","14":"purchasable","15":"product-type-simple"},"acf":[],"yoast_head":"<!-- This site is optimized with the Yoast SEO plugin v27.5 - https:\/\/yoast.com\/product\/yoast-seo-wordpress\/ -->\n<title>\u00c9mancipation : Mode d&#8217;emploi - \u00c9ditions Cercle d&#039;Art<\/title>\n<meta name=\"robots\" content=\"index, follow, max-snippet:-1, max-image-preview:large, max-video-preview:-1\" \/>\n<link rel=\"canonical\" href=\"https:\/\/www.cercledart.com\/en\/produit\/emancipation-mode-demploi\/\" \/>\n<meta property=\"og:locale\" content=\"en_US\" \/>\n<meta property=\"og:type\" content=\"article\" \/>\n<meta property=\"og:title\" content=\"\u00c9mancipation : Mode d&#8217;emploi - \u00c9ditions Cercle d&#039;Art\" \/>\n<meta property=\"og:description\" content=\"L&#8217;\u00e9mancipation humaine\u2009? Un cheminement et un combat qui courent depuis des mill\u00e9naires dans l&#8217;histoire des hommes et aussi l&#8217;un des objectifs essentiels dont la CCAS porte le drapeau depuis sa cr\u00e9ation. Dans le mot, on per\u00e7oit bien une ambition forte et qui comprend une pluralit\u00e9 de dimensions\u2009: la notion de travail entendue comme accomplissement de [&hellip;]\" \/>\n<meta property=\"og:url\" content=\"https:\/\/www.cercledart.com\/en\/produit\/emancipation-mode-demploi\/\" \/>\n<meta property=\"og:site_name\" content=\"\u00c9ditions Cercle d&#039;Art\" \/>\n<meta property=\"article:modified_time\" content=\"2025-05-02T11:50:32+00:00\" \/>\n<meta property=\"og:image\" content=\"https:\/\/www.cercledart.com\/wp-content\/uploads\/2012\/11\/emancipationccas2011.jpg\" \/>\n\t<meta property=\"og:image:width\" content=\"476\" \/>\n\t<meta property=\"og:image:height\" content=\"640\" \/>\n\t<meta property=\"og:image:type\" content=\"image\/jpeg\" \/>\n<meta name=\"twitter:card\" content=\"summary_large_image\" \/>\n<meta name=\"twitter:label1\" content=\"Est. reading time\" \/>\n\t<meta name=\"twitter:data1\" content=\"2 minutes\" \/>\n<script type=\"application\/ld+json\" class=\"yoast-schema-graph\">{\"@context\":\"https:\\\/\\\/schema.org\",\"@graph\":[{\"@type\":\"WebPage\",\"@id\":\"https:\\\/\\\/www.cercledart.com\\\/en\\\/produit\\\/emancipation-mode-demploi\\\/\",\"url\":\"https:\\\/\\\/www.cercledart.com\\\/en\\\/produit\\\/emancipation-mode-demploi\\\/\",\"name\":\"\u00c9mancipation : Mode d&#8217;emploi - \u00c9ditions Cercle d&#039;Art\",\"isPartOf\":{\"@id\":\"https:\\\/\\\/www.cercledart.com\\\/en\\\/#website\"},\"primaryImageOfPage\":{\"@id\":\"https:\\\/\\\/www.cercledart.com\\\/en\\\/produit\\\/emancipation-mode-demploi\\\/#primaryimage\"},\"image\":{\"@id\":\"https:\\\/\\\/www.cercledart.com\\\/en\\\/produit\\\/emancipation-mode-demploi\\\/#primaryimage\"},\"thumbnailUrl\":\"https:\\\/\\\/www.cercledart.com\\\/wp-content\\\/uploads\\\/2012\\\/11\\\/emancipationccas2011.jpg\",\"datePublished\":\"2012-11-11T17:09:05+00:00\",\"dateModified\":\"2025-05-02T11:50:32+00:00\",\"breadcrumb\":{\"@id\":\"https:\\\/\\\/www.cercledart.com\\\/en\\\/produit\\\/emancipation-mode-demploi\\\/#breadcrumb\"},\"inLanguage\":\"en-US\",\"potentialAction\":[{\"@type\":\"ReadAction\",\"target\":[\"https:\\\/\\\/www.cercledart.com\\\/en\\\/produit\\\/emancipation-mode-demploi\\\/\"]}]},{\"@type\":\"ImageObject\",\"inLanguage\":\"en-US\",\"@id\":\"https:\\\/\\\/www.cercledart.com\\\/en\\\/produit\\\/emancipation-mode-demploi\\\/#primaryimage\",\"url\":\"https:\\\/\\\/www.cercledart.com\\\/wp-content\\\/uploads\\\/2012\\\/11\\\/emancipationccas2011.jpg\",\"contentUrl\":\"https:\\\/\\\/www.cercledart.com\\\/wp-content\\\/uploads\\\/2012\\\/11\\\/emancipationccas2011.jpg\",\"width\":476,\"height\":640},{\"@type\":\"BreadcrumbList\",\"@id\":\"https:\\\/\\\/www.cercledart.com\\\/en\\\/produit\\\/emancipation-mode-demploi\\\/#breadcrumb\",\"itemListElement\":[{\"@type\":\"ListItem\",\"position\":1,\"name\":\"Accueil\",\"item\":\"https:\\\/\\\/www.cercledart.com\\\/en\\\/\"},{\"@type\":\"ListItem\",\"position\":2,\"name\":\"Shop\",\"item\":\"https:\\\/\\\/www.cercledart.com\\\/en\\\/shop\\\/\"},{\"@type\":\"ListItem\",\"position\":3,\"name\":\"\u00c9mancipation : Mode d&#8217;emploi\"}]},{\"@type\":\"WebSite\",\"@id\":\"https:\\\/\\\/www.cercledart.com\\\/en\\\/#website\",\"url\":\"https:\\\/\\\/www.cercledart.com\\\/en\\\/\",\"name\":\"\u00c9ditions Cercle d&#039;Art\",\"description\":\"\",\"publisher\":{\"@id\":\"https:\\\/\\\/www.cercledart.com\\\/en\\\/#organization\"},\"potentialAction\":[{\"@type\":\"SearchAction\",\"target\":{\"@type\":\"EntryPoint\",\"urlTemplate\":\"https:\\\/\\\/www.cercledart.com\\\/en\\\/?s={search_term_string}\"},\"query-input\":{\"@type\":\"PropertyValueSpecification\",\"valueRequired\":true,\"valueName\":\"search_term_string\"}}],\"inLanguage\":\"en-US\"},{\"@type\":\"Organization\",\"@id\":\"https:\\\/\\\/www.cercledart.com\\\/en\\\/#organization\",\"name\":\"Cercle d'Art\",\"url\":\"https:\\\/\\\/www.cercledart.com\\\/en\\\/\",\"logo\":{\"@type\":\"ImageObject\",\"inLanguage\":\"en-US\",\"@id\":\"https:\\\/\\\/www.cercledart.com\\\/en\\\/#\\\/schema\\\/logo\\\/image\\\/\",\"url\":\"https:\\\/\\\/www.cercledart.com\\\/wp-content\\\/uploads\\\/2025\\\/04\\\/LogoCA2025.png\",\"contentUrl\":\"https:\\\/\\\/www.cercledart.com\\\/wp-content\\\/uploads\\\/2025\\\/04\\\/LogoCA2025.png\",\"width\":896,\"height\":101,\"caption\":\"Cercle d'Art\"},\"image\":{\"@id\":\"https:\\\/\\\/www.cercledart.com\\\/en\\\/#\\\/schema\\\/logo\\\/image\\\/\"}}]}<\/script>\n<!-- \/ Yoast SEO plugin. -->","yoast_head_json":{"title":"\u00c9mancipation : Mode d&#8217;emploi - \u00c9ditions Cercle d&#039;Art","robots":{"index":"index","follow":"follow","max-snippet":"max-snippet:-1","max-image-preview":"max-image-preview:large","max-video-preview":"max-video-preview:-1"},"canonical":"https:\/\/www.cercledart.com\/en\/produit\/emancipation-mode-demploi\/","og_locale":"en_US","og_type":"article","og_title":"\u00c9mancipation : Mode d&#8217;emploi - \u00c9ditions Cercle d&#039;Art","og_description":"L&#8217;\u00e9mancipation humaine\u2009? Un cheminement et un combat qui courent depuis des mill\u00e9naires dans l&#8217;histoire des hommes et aussi l&#8217;un des objectifs essentiels dont la CCAS porte le drapeau depuis sa cr\u00e9ation. Dans le mot, on per\u00e7oit bien une ambition forte et qui comprend une pluralit\u00e9 de dimensions\u2009: la notion de travail entendue comme accomplissement de [&hellip;]","og_url":"https:\/\/www.cercledart.com\/en\/produit\/emancipation-mode-demploi\/","og_site_name":"\u00c9ditions Cercle d&#039;Art","article_modified_time":"2025-05-02T11:50:32+00:00","og_image":[{"width":476,"height":640,"url":"https:\/\/www.cercledart.com\/wp-content\/uploads\/2012\/11\/emancipationccas2011.jpg","type":"image\/jpeg"}],"twitter_card":"summary_large_image","twitter_misc":{"Est. reading time":"2 minutes"},"schema":{"@context":"https:\/\/schema.org","@graph":[{"@type":"WebPage","@id":"https:\/\/www.cercledart.com\/en\/produit\/emancipation-mode-demploi\/","url":"https:\/\/www.cercledart.com\/en\/produit\/emancipation-mode-demploi\/","name":"\u00c9mancipation : Mode d&#8217;emploi - \u00c9ditions Cercle d&#039;Art","isPartOf":{"@id":"https:\/\/www.cercledart.com\/en\/#website"},"primaryImageOfPage":{"@id":"https:\/\/www.cercledart.com\/en\/produit\/emancipation-mode-demploi\/#primaryimage"},"image":{"@id":"https:\/\/www.cercledart.com\/en\/produit\/emancipation-mode-demploi\/#primaryimage"},"thumbnailUrl":"https:\/\/www.cercledart.com\/wp-content\/uploads\/2012\/11\/emancipationccas2011.jpg","datePublished":"2012-11-11T17:09:05+00:00","dateModified":"2025-05-02T11:50:32+00:00","breadcrumb":{"@id":"https:\/\/www.cercledart.com\/en\/produit\/emancipation-mode-demploi\/#breadcrumb"},"inLanguage":"en-US","potentialAction":[{"@type":"ReadAction","target":["https:\/\/www.cercledart.com\/en\/produit\/emancipation-mode-demploi\/"]}]},{"@type":"ImageObject","inLanguage":"en-US","@id":"https:\/\/www.cercledart.com\/en\/produit\/emancipation-mode-demploi\/#primaryimage","url":"https:\/\/www.cercledart.com\/wp-content\/uploads\/2012\/11\/emancipationccas2011.jpg","contentUrl":"https:\/\/www.cercledart.com\/wp-content\/uploads\/2012\/11\/emancipationccas2011.jpg","width":476,"height":640},{"@type":"BreadcrumbList","@id":"https:\/\/www.cercledart.com\/en\/produit\/emancipation-mode-demploi\/#breadcrumb","itemListElement":[{"@type":"ListItem","position":1,"name":"Accueil","item":"https:\/\/www.cercledart.com\/en\/"},{"@type":"ListItem","position":2,"name":"Shop","item":"https:\/\/www.cercledart.com\/en\/shop\/"},{"@type":"ListItem","position":3,"name":"\u00c9mancipation : Mode d&#8217;emploi"}]},{"@type":"WebSite","@id":"https:\/\/www.cercledart.com\/en\/#website","url":"https:\/\/www.cercledart.com\/en\/","name":"\u00c9ditions Cercle d&#039;Art","description":"","publisher":{"@id":"https:\/\/www.cercledart.com\/en\/#organization"},"potentialAction":[{"@type":"SearchAction","target":{"@type":"EntryPoint","urlTemplate":"https:\/\/www.cercledart.com\/en\/?s={search_term_string}"},"query-input":{"@type":"PropertyValueSpecification","valueRequired":true,"valueName":"search_term_string"}}],"inLanguage":"en-US"},{"@type":"Organization","@id":"https:\/\/www.cercledart.com\/en\/#organization","name":"Cercle d'Art","url":"https:\/\/www.cercledart.com\/en\/","logo":{"@type":"ImageObject","inLanguage":"en-US","@id":"https:\/\/www.cercledart.com\/en\/#\/schema\/logo\/image\/","url":"https:\/\/www.cercledart.com\/wp-content\/uploads\/2025\/04\/LogoCA2025.png","contentUrl":"https:\/\/www.cercledart.com\/wp-content\/uploads\/2025\/04\/LogoCA2025.png","width":896,"height":101,"caption":"Cercle d'Art"},"image":{"@id":"https:\/\/www.cercledart.com\/en\/#\/schema\/logo\/image\/"}}]}},"_links":{"self":[{"href":"https:\/\/www.cercledart.com\/en\/wp-json\/wp\/v2\/product\/51023","targetHints":{"allow":["GET"]}}],"collection":[{"href":"https:\/\/www.cercledart.com\/en\/wp-json\/wp\/v2\/product"}],"about":[{"href":"https:\/\/www.cercledart.com\/en\/wp-json\/wp\/v2\/types\/product"}],"wp:featuredmedia":[{"embeddable":true,"href":"https:\/\/www.cercledart.com\/en\/wp-json\/wp\/v2\/media\/5036"}],"wp:attachment":[{"href":"https:\/\/www.cercledart.com\/en\/wp-json\/wp\/v2\/media?parent=51023"}],"wp:term":[{"taxonomy":"product_brand","embeddable":true,"href":"https:\/\/www.cercledart.com\/en\/wp-json\/wp\/v2\/product_brand?post=51023"},{"taxonomy":"product_cat","embeddable":true,"href":"https:\/\/www.cercledart.com\/en\/wp-json\/wp\/v2\/product_cat?post=51023"},{"taxonomy":"product_tag","embeddable":true,"href":"https:\/\/www.cercledart.com\/en\/wp-json\/wp\/v2\/product_tag?post=51023"}],"curies":[{"name":"wp","href":"https:\/\/api.w.org\/{rel}","templated":true}]}}