{"id":50891,"date":"2019-06-15T10:45:35","date_gmt":"2019-06-15T08:45:35","guid":{"rendered":"https:\/\/www.cercledart.com\/produit\/arts-et-lettres-contre-lesclavage\/"},"modified":"2025-09-03T15:05:54","modified_gmt":"2025-09-03T13:05:54","slug":"arts-et-lettres-contre-lesclavage","status":"publish","type":"product","link":"https:\/\/www.cercledart.com\/en\/produit\/arts-et-lettres-contre-lesclavage\/","title":{"rendered":"Arts et Lettres contre l\u2019esclavage"},"content":{"rendered":"<p>Il s\u2019agit du premier livre d\u2019art consacr\u00e9 \u00e0 la m\u00e9moire des artistes, c\u00e9l\u00e8bres ou anonymes, qui ont mis leur cr\u00e9ativit\u00e9 au service de l\u2019abolition de la traite et de l\u2019esclavage des \u00eatres humains. Plus d\u2019une centaine d\u2019\u0153uvres reproduites t\u00e9moignent de l\u2019\u00e2pret\u00e9 du combat autant que de la force d\u2019engagement de ces \u00e9crivains et artistes tout au long des cinq si\u00e8cles \u00e9coul\u00e9s et jusqu\u2019\u00e0 la p\u00e9riode la plus contemporaine. Estampes, po\u00e8mes, peintures, sculptures, romans, photographies, caricatures\u2026 autant de genres et de visions qui sont autant de pistes pour comprendre les r\u00e9sistances.<\/p>\n<p>Ce livre propose un cheminement th\u00e9matique entre les \u0153uvres litt\u00e9raires, plastiques, graphiques et architecturales, sans imp\u00e9ratif chronologique. Informer et lutter, politiser et philosopher, illustrer la m\u00e9moire, les trois parties de l\u2019ouvrage mettent el relation des extraits de textes litt\u00e9raires, philosophiques et politiques avec des \u0153uvres picturales, des sculptures, des cr\u00e9ations architecturales toujours au service de la cause. Dans son texte, Marcel Dorigny, l\u2019un des plus \u00e9minents historiens du combat contre l\u2019esclavage met en perspective et explicite les rapports entre ces nombreux documents qui s\u2019\u00e9clairent les uns les autres. Il souligne l\u2019implication et le r\u00f4le des artistes dans le combat antiesclavagiste et l\u2019importance de leurs cr\u00e9ations qui ont connu parfois un impact tr\u00e8s populaire. De G\u00e9ricault \u00e0 Ingres, jusqu\u2019\u00e0 Daniel Buren et Laura Facey, nombreuses sont les \u0153uvres \u00e0 t\u00e9moigner des divers aspects et cons\u00e9quences ainsi que de la ferveur de ce combat contre la traite et l\u2019esclavage des \u00eatres humains.<\/p>\n","protected":false},"excerpt":{"rendered":"<p class=\"p1\">\u00c9dition fran\u00e7aise<span class=\"s1\">\uff5c<\/span>Parution mai 2018<span class=\"s1\">\uff5c<\/span>240 pages<span class=\"s1\">\uff5c<\/span>16,9 \u00d7 24,7 cm<span class=\"s1\">\uff5c<\/span>0,95 kg<span class=\"s1\">\uff5ccouverture souple, reliure suisse\uff5c<\/span>9782702210604<\/p>\n","protected":false},"featured_media":12712,"template":"","meta":{"_acf_changed":false,"om_disable_all_campaigns":false,"_exactmetrics_skip_tracking":false,"_exactmetrics_sitenote_active":false,"_exactmetrics_sitenote_note":"","_exactmetrics_sitenote_category":0,"_monsterinsights_skip_tracking":false,"_monsterinsights_sitenote_active":false,"_monsterinsights_sitenote_note":"","_monsterinsights_sitenote_category":0,"_uf_show_specific_survey":0,"_uf_disable_surveys":false},"product_brand":[],"product_cat":[535,528],"product_tag":[],"class_list":{"0":"post-50891","1":"product","2":"type-product","3":"status-publish","4":"has-post-thumbnail","6":"product_cat-art","7":"product_cat-livres","10":"first","11":"instock","12":"taxable","13":"shipping-taxable","14":"purchasable","15":"product-type-simple"},"acf":[],"yoast_head":"<!-- This site is optimized with the Yoast SEO plugin v27.5 - https:\/\/yoast.com\/product\/yoast-seo-wordpress\/ -->\n<title>Arts et Lettres contre l\u2019esclavage - \u00c9ditions Cercle d&#039;Art<\/title>\n<meta name=\"robots\" content=\"index, follow, max-snippet:-1, max-image-preview:large, max-video-preview:-1\" \/>\n<link rel=\"canonical\" href=\"https:\/\/www.cercledart.com\/en\/produit\/arts-et-lettres-contre-lesclavage\/\" \/>\n<meta property=\"og:locale\" content=\"en_US\" \/>\n<meta property=\"og:type\" content=\"article\" \/>\n<meta property=\"og:title\" content=\"Arts et Lettres contre l\u2019esclavage - \u00c9ditions Cercle d&#039;Art\" \/>\n<meta property=\"og:description\" content=\"\u00c9dition fran\u00e7aise\uff5cParution mai 2018\uff5c240 pages\uff5c16,9 \u00d7 24,7 cm\uff5c0,95 kg\uff5ccouverture souple, reliure suisse\uff5c9782702210604\" \/>\n<meta property=\"og:url\" content=\"https:\/\/www.cercledart.com\/en\/produit\/arts-et-lettres-contre-lesclavage\/\" \/>\n<meta property=\"og:site_name\" content=\"\u00c9ditions Cercle d&#039;Art\" \/>\n<meta property=\"article:modified_time\" content=\"2025-09-03T13:05:54+00:00\" \/>\n<meta property=\"og:image\" content=\"https:\/\/www.cercledart.com\/wp-content\/uploads\/2018\/05\/CouvEsclavage04_web.jpg\" \/>\n\t<meta property=\"og:image:width\" content=\"984\" \/>\n\t<meta property=\"og:image:height\" content=\"1181\" \/>\n\t<meta property=\"og:image:type\" content=\"image\/jpeg\" \/>\n<meta name=\"twitter:card\" content=\"summary_large_image\" \/>\n<meta name=\"twitter:label1\" content=\"Est. reading time\" \/>\n\t<meta name=\"twitter:data1\" content=\"2 minutes\" \/>\n<script type=\"application\/ld+json\" class=\"yoast-schema-graph\">{\"@context\":\"https:\\\/\\\/schema.org\",\"@graph\":[{\"@type\":\"WebPage\",\"@id\":\"https:\\\/\\\/www.cercledart.com\\\/en\\\/produit\\\/arts-et-lettres-contre-lesclavage\\\/\",\"url\":\"https:\\\/\\\/www.cercledart.com\\\/en\\\/produit\\\/arts-et-lettres-contre-lesclavage\\\/\",\"name\":\"Arts et Lettres contre l\u2019esclavage - \u00c9ditions Cercle d&#039;Art\",\"isPartOf\":{\"@id\":\"https:\\\/\\\/www.cercledart.com\\\/en\\\/#website\"},\"primaryImageOfPage\":{\"@id\":\"https:\\\/\\\/www.cercledart.com\\\/en\\\/produit\\\/arts-et-lettres-contre-lesclavage\\\/#primaryimage\"},\"image\":{\"@id\":\"https:\\\/\\\/www.cercledart.com\\\/en\\\/produit\\\/arts-et-lettres-contre-lesclavage\\\/#primaryimage\"},\"thumbnailUrl\":\"https:\\\/\\\/www.cercledart.com\\\/wp-content\\\/uploads\\\/2018\\\/05\\\/CouvEsclavage04_web.jpg\",\"datePublished\":\"2019-06-15T08:45:35+00:00\",\"dateModified\":\"2025-09-03T13:05:54+00:00\",\"breadcrumb\":{\"@id\":\"https:\\\/\\\/www.cercledart.com\\\/en\\\/produit\\\/arts-et-lettres-contre-lesclavage\\\/#breadcrumb\"},\"inLanguage\":\"en-US\",\"potentialAction\":[{\"@type\":\"ReadAction\",\"target\":[\"https:\\\/\\\/www.cercledart.com\\\/en\\\/produit\\\/arts-et-lettres-contre-lesclavage\\\/\"]}]},{\"@type\":\"ImageObject\",\"inLanguage\":\"en-US\",\"@id\":\"https:\\\/\\\/www.cercledart.com\\\/en\\\/produit\\\/arts-et-lettres-contre-lesclavage\\\/#primaryimage\",\"url\":\"https:\\\/\\\/www.cercledart.com\\\/wp-content\\\/uploads\\\/2018\\\/05\\\/CouvEsclavage04_web.jpg\",\"contentUrl\":\"https:\\\/\\\/www.cercledart.com\\\/wp-content\\\/uploads\\\/2018\\\/05\\\/CouvEsclavage04_web.jpg\",\"width\":984,\"height\":1181},{\"@type\":\"BreadcrumbList\",\"@id\":\"https:\\\/\\\/www.cercledart.com\\\/en\\\/produit\\\/arts-et-lettres-contre-lesclavage\\\/#breadcrumb\",\"itemListElement\":[{\"@type\":\"ListItem\",\"position\":1,\"name\":\"Accueil\",\"item\":\"https:\\\/\\\/www.cercledart.com\\\/en\\\/\"},{\"@type\":\"ListItem\",\"position\":2,\"name\":\"Shop\",\"item\":\"https:\\\/\\\/www.cercledart.com\\\/en\\\/shop\\\/\"},{\"@type\":\"ListItem\",\"position\":3,\"name\":\"Arts et Lettres contre l\u2019esclavage\"}]},{\"@type\":\"WebSite\",\"@id\":\"https:\\\/\\\/www.cercledart.com\\\/en\\\/#website\",\"url\":\"https:\\\/\\\/www.cercledart.com\\\/en\\\/\",\"name\":\"\u00c9ditions Cercle d&#039;Art\",\"description\":\"\",\"publisher\":{\"@id\":\"https:\\\/\\\/www.cercledart.com\\\/en\\\/#organization\"},\"potentialAction\":[{\"@type\":\"SearchAction\",\"target\":{\"@type\":\"EntryPoint\",\"urlTemplate\":\"https:\\\/\\\/www.cercledart.com\\\/en\\\/?s={search_term_string}\"},\"query-input\":{\"@type\":\"PropertyValueSpecification\",\"valueRequired\":true,\"valueName\":\"search_term_string\"}}],\"inLanguage\":\"en-US\"},{\"@type\":\"Organization\",\"@id\":\"https:\\\/\\\/www.cercledart.com\\\/en\\\/#organization\",\"name\":\"Cercle d'Art\",\"url\":\"https:\\\/\\\/www.cercledart.com\\\/en\\\/\",\"logo\":{\"@type\":\"ImageObject\",\"inLanguage\":\"en-US\",\"@id\":\"https:\\\/\\\/www.cercledart.com\\\/en\\\/#\\\/schema\\\/logo\\\/image\\\/\",\"url\":\"https:\\\/\\\/www.cercledart.com\\\/wp-content\\\/uploads\\\/2025\\\/04\\\/LogoCA2025.png\",\"contentUrl\":\"https:\\\/\\\/www.cercledart.com\\\/wp-content\\\/uploads\\\/2025\\\/04\\\/LogoCA2025.png\",\"width\":896,\"height\":101,\"caption\":\"Cercle d'Art\"},\"image\":{\"@id\":\"https:\\\/\\\/www.cercledart.com\\\/en\\\/#\\\/schema\\\/logo\\\/image\\\/\"}}]}<\/script>\n<!-- \/ Yoast SEO plugin. -->","yoast_head_json":{"title":"Arts et Lettres contre l\u2019esclavage - \u00c9ditions Cercle d&#039;Art","robots":{"index":"index","follow":"follow","max-snippet":"max-snippet:-1","max-image-preview":"max-image-preview:large","max-video-preview":"max-video-preview:-1"},"canonical":"https:\/\/www.cercledart.com\/en\/produit\/arts-et-lettres-contre-lesclavage\/","og_locale":"en_US","og_type":"article","og_title":"Arts et Lettres contre l\u2019esclavage - \u00c9ditions Cercle d&#039;Art","og_description":"\u00c9dition fran\u00e7aise\uff5cParution mai 2018\uff5c240 pages\uff5c16,9 \u00d7 24,7 cm\uff5c0,95 kg\uff5ccouverture souple, reliure suisse\uff5c9782702210604","og_url":"https:\/\/www.cercledart.com\/en\/produit\/arts-et-lettres-contre-lesclavage\/","og_site_name":"\u00c9ditions Cercle d&#039;Art","article_modified_time":"2025-09-03T13:05:54+00:00","og_image":[{"width":984,"height":1181,"url":"https:\/\/www.cercledart.com\/wp-content\/uploads\/2018\/05\/CouvEsclavage04_web.jpg","type":"image\/jpeg"}],"twitter_card":"summary_large_image","twitter_misc":{"Est. reading time":"2 minutes"},"schema":{"@context":"https:\/\/schema.org","@graph":[{"@type":"WebPage","@id":"https:\/\/www.cercledart.com\/en\/produit\/arts-et-lettres-contre-lesclavage\/","url":"https:\/\/www.cercledart.com\/en\/produit\/arts-et-lettres-contre-lesclavage\/","name":"Arts et Lettres contre l\u2019esclavage - \u00c9ditions Cercle d&#039;Art","isPartOf":{"@id":"https:\/\/www.cercledart.com\/en\/#website"},"primaryImageOfPage":{"@id":"https:\/\/www.cercledart.com\/en\/produit\/arts-et-lettres-contre-lesclavage\/#primaryimage"},"image":{"@id":"https:\/\/www.cercledart.com\/en\/produit\/arts-et-lettres-contre-lesclavage\/#primaryimage"},"thumbnailUrl":"https:\/\/www.cercledart.com\/wp-content\/uploads\/2018\/05\/CouvEsclavage04_web.jpg","datePublished":"2019-06-15T08:45:35+00:00","dateModified":"2025-09-03T13:05:54+00:00","breadcrumb":{"@id":"https:\/\/www.cercledart.com\/en\/produit\/arts-et-lettres-contre-lesclavage\/#breadcrumb"},"inLanguage":"en-US","potentialAction":[{"@type":"ReadAction","target":["https:\/\/www.cercledart.com\/en\/produit\/arts-et-lettres-contre-lesclavage\/"]}]},{"@type":"ImageObject","inLanguage":"en-US","@id":"https:\/\/www.cercledart.com\/en\/produit\/arts-et-lettres-contre-lesclavage\/#primaryimage","url":"https:\/\/www.cercledart.com\/wp-content\/uploads\/2018\/05\/CouvEsclavage04_web.jpg","contentUrl":"https:\/\/www.cercledart.com\/wp-content\/uploads\/2018\/05\/CouvEsclavage04_web.jpg","width":984,"height":1181},{"@type":"BreadcrumbList","@id":"https:\/\/www.cercledart.com\/en\/produit\/arts-et-lettres-contre-lesclavage\/#breadcrumb","itemListElement":[{"@type":"ListItem","position":1,"name":"Accueil","item":"https:\/\/www.cercledart.com\/en\/"},{"@type":"ListItem","position":2,"name":"Shop","item":"https:\/\/www.cercledart.com\/en\/shop\/"},{"@type":"ListItem","position":3,"name":"Arts et Lettres contre l\u2019esclavage"}]},{"@type":"WebSite","@id":"https:\/\/www.cercledart.com\/en\/#website","url":"https:\/\/www.cercledart.com\/en\/","name":"\u00c9ditions Cercle d&#039;Art","description":"","publisher":{"@id":"https:\/\/www.cercledart.com\/en\/#organization"},"potentialAction":[{"@type":"SearchAction","target":{"@type":"EntryPoint","urlTemplate":"https:\/\/www.cercledart.com\/en\/?s={search_term_string}"},"query-input":{"@type":"PropertyValueSpecification","valueRequired":true,"valueName":"search_term_string"}}],"inLanguage":"en-US"},{"@type":"Organization","@id":"https:\/\/www.cercledart.com\/en\/#organization","name":"Cercle d'Art","url":"https:\/\/www.cercledart.com\/en\/","logo":{"@type":"ImageObject","inLanguage":"en-US","@id":"https:\/\/www.cercledart.com\/en\/#\/schema\/logo\/image\/","url":"https:\/\/www.cercledart.com\/wp-content\/uploads\/2025\/04\/LogoCA2025.png","contentUrl":"https:\/\/www.cercledart.com\/wp-content\/uploads\/2025\/04\/LogoCA2025.png","width":896,"height":101,"caption":"Cercle d'Art"},"image":{"@id":"https:\/\/www.cercledart.com\/en\/#\/schema\/logo\/image\/"}}]}},"_links":{"self":[{"href":"https:\/\/www.cercledart.com\/en\/wp-json\/wp\/v2\/product\/50891","targetHints":{"allow":["GET"]}}],"collection":[{"href":"https:\/\/www.cercledart.com\/en\/wp-json\/wp\/v2\/product"}],"about":[{"href":"https:\/\/www.cercledart.com\/en\/wp-json\/wp\/v2\/types\/product"}],"wp:featuredmedia":[{"embeddable":true,"href":"https:\/\/www.cercledart.com\/en\/wp-json\/wp\/v2\/media\/12712"}],"wp:attachment":[{"href":"https:\/\/www.cercledart.com\/en\/wp-json\/wp\/v2\/media?parent=50891"}],"wp:term":[{"taxonomy":"product_brand","embeddable":true,"href":"https:\/\/www.cercledart.com\/en\/wp-json\/wp\/v2\/product_brand?post=50891"},{"taxonomy":"product_cat","embeddable":true,"href":"https:\/\/www.cercledart.com\/en\/wp-json\/wp\/v2\/product_cat?post=50891"},{"taxonomy":"product_tag","embeddable":true,"href":"https:\/\/www.cercledart.com\/en\/wp-json\/wp\/v2\/product_tag?post=50891"}],"curies":[{"name":"wp","href":"https:\/\/api.w.org\/{rel}","templated":true}]}}