{"id":13922,"date":"2022-07-04T16:11:20","date_gmt":"2022-07-04T14:11:20","guid":{"rendered":"https:\/\/www.cercledart.com\/?post_type=product&#038;p=13922"},"modified":"2026-03-30T13:36:27","modified_gmt":"2026-03-30T11:36:27","slug":"car-racing-1969-edition-limitee","status":"publish","type":"product","link":"https:\/\/www.cercledart.com\/en\/produit\/car-racing-1969-edition-limitee\/","title":{"rendered":"CAR RACING 1969\uff5c\u00c9dition limit\u00e9e"},"content":{"rendered":"<p><strong>\u00c9dition Collector<\/strong><br \/>\nLivre <strong>Car Racing 1969 <\/strong>avec tirage photographique sign\u00e9, en \u00e9dition limit\u00e9e sous coffret toil\u00e9 &#8211; 200 exemplaires num\u00e9rot\u00e9s, certificat d\u2019authenticit\u00e9<\/p>\n<p>L\u2019agence de photos DPPI est n\u00e9e de la passion d\u2019une poign\u00e9e d\u2019hommes pour la photographie et l\u2019automobile, de pr\u00e9f\u00e9rence sportive. DPPI s\u2019est attach\u00e9e d\u00e8s lors \u00e0 faire partager au plus grand nombre le quotidien des pilotes et des \u00e9quipes de course, depuis les routes ou les circuits. Les pilotes, que ce soit au Mans, dans les courses de c\u00f4te ou sur les premiers circuits de ce qui n\u2019est pas encore le grand barnum de la Formule 1, sont accessibles, accueillants. Ils sourient aux amateurs et aux medias qui ne sont pas encore l\u00e9gion \u00e0 se presser au bord des pistes ou des circuits.<\/p>\n<p>La mise en valeur du fonds d\u2019archives de l\u2019agence DPPI \u00e0 travers les centaines de \u00adclich\u00e9s \u00e9dit\u00e9s et comment\u00e9s dans ce livre par les photographes et les acteurs de l\u2019\u00e9poque eux-m\u00eames font p\u00e9n\u00e9trer un univers riche d\u2019aventures humaines extraordinaires autour de machines d\u2019exception.<br \/>\nL\u2019acc\u00e8s jusqu\u2019\u00e0 pr\u00e9sent limit\u00e9 aux m\u00e9dias et aux professionnels \u2013 la plupart de ces photos de presse n\u2019ayant m\u00eame jamais \u00e9t\u00e9 publi\u00e9es \u2013 s\u2019ouvre pour la premi\u00e8re fois au grand public gr\u00e2ce \u00e0 cette collection de qualit\u00e9.<br \/>\nPilotes de l\u00e9gendes, constructeurs incontournables, clich\u00e9s des plus grandes courses mythiques au monde\u2026 ce livre unique permettra aux passionn\u00e9s de sports m\u00e9caniques mais \u00e9galement aux amateurs de photographie de replonger au c\u0153ur des \u00e9v\u00e8nements de 1969.<\/p>\n<p>Ex-pilote, Manou Zurini est le plus ancien des photographes de course automobile, notamment au sein de l&#8217;agence DPPI. Incontournable sur les circuits depuis le d\u00e9but des ann\u00e9es 60, beaucoup de ses clich\u00e9s ont fait le tour du monde. Aujourd&#8217;hui retir\u00e9 des circuits, il est un artiste sculpteur de renomm\u00e9e internationale et livre ici dans des l\u00e9gendes au cordeau, toute sa connaissance du sport automobile.<br \/>\nDepuis le volume pr\u00e9c\u00e9dent, il a \u00e9t\u00e9 rejoint par Alain Pernot, journaliste ind\u00e9pendant et expert en sport automobile, qui sait transmettre ses connaissances pointues avec toute la passion qui l\u2019anime.<\/p>\n<p>&nbsp;<\/p>\n<hr \/>\n<p><span style=\"color: #808080;\"><strong>Collector\u2019s Edition<\/strong><\/span><br \/>\n<span style=\"color: #808080;\"><strong>Car Racing 1969<\/strong>\u00a0book with signed photographic print, limited edition<\/span><br \/>\n<span style=\"color: #808080;\">in canvas box &#8211; 200 numbered copies, certificate of authenticity<\/span><\/p>\n<p><span style=\"color: #808080;\">The DPPI photo agency was born from the passion of a handful of men for photography and cars, preferably sports cars.\u00a0DPPI has endeavoured to share the daily lives of drivers and racing teams, from the roads or the circuits, with as many people as possible.<\/span><br \/>\n<span style=\"color: #808080;\">Whether at Le Mans, in the hill races, or on the first circuits of what had not yet become the big bedlam of Formula 1, the drivers are accessible, welcoming.\u00a0They smile at the amateurs and the media, who are not yet legion, crowding at the edges of the tracks or circuits.<\/span><\/p>\n<p><span style=\"color: #808080;\">The presentation of the DPPI agency archives through the hundreds of photographs published and commented on in this book by the photographers and protagonists of the time reveals a world of extraordinary human adventures around exceptional machines.<\/span><br \/>\n<span style=\"color: #808080;\">Access, previously restricted to the media and professionals \u2013 most of these press photos have never been published before \u2013 has been granted to the general public for the first time thanks to this book.<br \/>\n<\/span><span style=\"color: #808080;\">Legendary drivers, essential manufacturers, shots of the greatest mythical races in the world\u2026 This unique book will allow motorsports enthusiasts but also photography enthusiasts to dive back into the heart of the events of 1969.<\/span><\/p>\n<p><span style=\"color: #808080;\">A former driver, Manou Zurini is the oldest of the motor racing photographers, namely within the DPPI agency. A fixture on the circuits since the beginning of the 60s, many of his shots have been published around the world. Now retired from the circuits, he is an internationally renowned sculptor and delivers all his knowledge of motorsports in the captions to the photographs in this book. <\/span><span style=\"color: #808080;\">He was joined by Alain Pernot, an independent journalist and motorsports expert, who succeeds in transmitting his cutting-edge knowledge with all the passion that drives him.<\/span><\/p>\n","protected":false},"excerpt":{"rendered":"<p class=\"p1\">\u00c9dition bilingue fran\u00e7ais-anglais limit\u00e9e \u00e0 200 exemplaires num\u00e9rot\u00e9s, sous coffret, accompagn\u00e9e d\u2019une photographie originale<span class=\"s1\">\uff5c<\/span>Parution 2022<span class=\"s1\">\uff5c<\/span>300 pages<span class=\"s1\">\uff5c30,5&#215;35 cm\uff5c4,42 kg\uff5ccouverture toil\u00e9e, reli\u00e9 sous coffret\uff5c9782702211304<\/span><\/p>\n","protected":false},"featured_media":51993,"template":"","meta":{"_acf_changed":false,"om_disable_all_campaigns":false,"_exactmetrics_skip_tracking":false,"_exactmetrics_sitenote_active":false,"_exactmetrics_sitenote_note":"","_exactmetrics_sitenote_category":0,"_monsterinsights_skip_tracking":false,"_monsterinsights_sitenote_active":false,"_monsterinsights_sitenote_note":"","_monsterinsights_sitenote_category":0,"_uf_show_specific_survey":0,"_uf_disable_surveys":false},"product_brand":[],"product_cat":[538,672,516,528],"product_tag":[],"class_list":{"0":"post-13922","1":"product","2":"type-product","3":"status-publish","4":"has-post-thumbnail","6":"product_cat-automobile","7":"product_cat-coffrets","8":"product_cat-editions-limitees","9":"product_cat-livres","12":"first","13":"instock","14":"taxable","15":"shipping-taxable","16":"purchasable","17":"product-type-simple"},"acf":[],"yoast_head":"<!-- This site is optimized with the Yoast SEO plugin v27.5 - https:\/\/yoast.com\/product\/yoast-seo-wordpress\/ -->\n<title>CAR RACING 1969\uff5c\u00c9dition limit\u00e9e - \u00c9ditions Cercle d&#039;Art<\/title>\n<meta name=\"robots\" content=\"index, follow, max-snippet:-1, max-image-preview:large, max-video-preview:-1\" \/>\n<link rel=\"canonical\" href=\"https:\/\/www.cercledart.com\/en\/produit\/car-racing-1969-edition-limitee\/\" \/>\n<meta property=\"og:locale\" content=\"en_US\" \/>\n<meta property=\"og:type\" content=\"article\" \/>\n<meta property=\"og:title\" content=\"CAR RACING 1969\uff5c\u00c9dition limit\u00e9e - \u00c9ditions Cercle d&#039;Art\" \/>\n<meta property=\"og:description\" content=\"\u00c9dition bilingue fran\u00e7ais-anglais limit\u00e9e \u00e0 200 exemplaires num\u00e9rot\u00e9s, sous coffret, accompagn\u00e9e d\u2019une photographie originale\uff5cParution 2022\uff5c300 pages\uff5c30,5x35 cm\uff5c4,42 kg\uff5ccouverture toil\u00e9e, reli\u00e9 sous coffret\uff5c9782702211304\" \/>\n<meta property=\"og:url\" content=\"https:\/\/www.cercledart.com\/en\/produit\/car-racing-1969-edition-limitee\/\" \/>\n<meta property=\"og:site_name\" content=\"\u00c9ditions Cercle d&#039;Art\" \/>\n<meta property=\"article:modified_time\" content=\"2026-03-30T11:36:27+00:00\" \/>\n<meta property=\"og:image\" content=\"https:\/\/www.cercledart.com\/wp-content\/uploads\/2022\/07\/CR69_Coffret-copie.png\" \/>\n\t<meta property=\"og:image:width\" content=\"1586\" \/>\n\t<meta property=\"og:image:height\" content=\"1000\" \/>\n\t<meta property=\"og:image:type\" content=\"image\/png\" \/>\n<meta name=\"twitter:card\" content=\"summary_large_image\" \/>\n<meta name=\"twitter:label1\" content=\"Est. reading time\" \/>\n\t<meta name=\"twitter:data1\" content=\"4 minutes\" \/>\n<script type=\"application\/ld+json\" class=\"yoast-schema-graph\">{\"@context\":\"https:\\\/\\\/schema.org\",\"@graph\":[{\"@type\":\"WebPage\",\"@id\":\"https:\\\/\\\/www.cercledart.com\\\/en\\\/produit\\\/car-racing-1969-edition-limitee\\\/\",\"url\":\"https:\\\/\\\/www.cercledart.com\\\/en\\\/produit\\\/car-racing-1969-edition-limitee\\\/\",\"name\":\"CAR RACING 1969\uff5c\u00c9dition limit\u00e9e - \u00c9ditions Cercle d&#039;Art\",\"isPartOf\":{\"@id\":\"https:\\\/\\\/www.cercledart.com\\\/en\\\/#website\"},\"primaryImageOfPage\":{\"@id\":\"https:\\\/\\\/www.cercledart.com\\\/en\\\/produit\\\/car-racing-1969-edition-limitee\\\/#primaryimage\"},\"image\":{\"@id\":\"https:\\\/\\\/www.cercledart.com\\\/en\\\/produit\\\/car-racing-1969-edition-limitee\\\/#primaryimage\"},\"thumbnailUrl\":\"https:\\\/\\\/www.cercledart.com\\\/wp-content\\\/uploads\\\/2022\\\/07\\\/CR69_Coffret-copie.png\",\"datePublished\":\"2022-07-04T14:11:20+00:00\",\"dateModified\":\"2026-03-30T11:36:27+00:00\",\"breadcrumb\":{\"@id\":\"https:\\\/\\\/www.cercledart.com\\\/en\\\/produit\\\/car-racing-1969-edition-limitee\\\/#breadcrumb\"},\"inLanguage\":\"en-US\",\"potentialAction\":[{\"@type\":\"ReadAction\",\"target\":[\"https:\\\/\\\/www.cercledart.com\\\/en\\\/produit\\\/car-racing-1969-edition-limitee\\\/\"]}]},{\"@type\":\"ImageObject\",\"inLanguage\":\"en-US\",\"@id\":\"https:\\\/\\\/www.cercledart.com\\\/en\\\/produit\\\/car-racing-1969-edition-limitee\\\/#primaryimage\",\"url\":\"https:\\\/\\\/www.cercledart.com\\\/wp-content\\\/uploads\\\/2022\\\/07\\\/CR69_Coffret-copie.png\",\"contentUrl\":\"https:\\\/\\\/www.cercledart.com\\\/wp-content\\\/uploads\\\/2022\\\/07\\\/CR69_Coffret-copie.png\",\"width\":1586,\"height\":1000},{\"@type\":\"BreadcrumbList\",\"@id\":\"https:\\\/\\\/www.cercledart.com\\\/en\\\/produit\\\/car-racing-1969-edition-limitee\\\/#breadcrumb\",\"itemListElement\":[{\"@type\":\"ListItem\",\"position\":1,\"name\":\"Accueil\",\"item\":\"https:\\\/\\\/www.cercledart.com\\\/en\\\/\"},{\"@type\":\"ListItem\",\"position\":2,\"name\":\"Shop\",\"item\":\"https:\\\/\\\/www.cercledart.com\\\/en\\\/shop\\\/\"},{\"@type\":\"ListItem\",\"position\":3,\"name\":\"CAR RACING 1969\uff5c\u00c9dition limit\u00e9e\"}]},{\"@type\":\"WebSite\",\"@id\":\"https:\\\/\\\/www.cercledart.com\\\/en\\\/#website\",\"url\":\"https:\\\/\\\/www.cercledart.com\\\/en\\\/\",\"name\":\"\u00c9ditions Cercle d&#039;Art\",\"description\":\"\",\"publisher\":{\"@id\":\"https:\\\/\\\/www.cercledart.com\\\/en\\\/#organization\"},\"potentialAction\":[{\"@type\":\"SearchAction\",\"target\":{\"@type\":\"EntryPoint\",\"urlTemplate\":\"https:\\\/\\\/www.cercledart.com\\\/en\\\/?s={search_term_string}\"},\"query-input\":{\"@type\":\"PropertyValueSpecification\",\"valueRequired\":true,\"valueName\":\"search_term_string\"}}],\"inLanguage\":\"en-US\"},{\"@type\":\"Organization\",\"@id\":\"https:\\\/\\\/www.cercledart.com\\\/en\\\/#organization\",\"name\":\"Cercle d'Art\",\"url\":\"https:\\\/\\\/www.cercledart.com\\\/en\\\/\",\"logo\":{\"@type\":\"ImageObject\",\"inLanguage\":\"en-US\",\"@id\":\"https:\\\/\\\/www.cercledart.com\\\/en\\\/#\\\/schema\\\/logo\\\/image\\\/\",\"url\":\"https:\\\/\\\/www.cercledart.com\\\/wp-content\\\/uploads\\\/2025\\\/04\\\/LogoCA2025.png\",\"contentUrl\":\"https:\\\/\\\/www.cercledart.com\\\/wp-content\\\/uploads\\\/2025\\\/04\\\/LogoCA2025.png\",\"width\":896,\"height\":101,\"caption\":\"Cercle d'Art\"},\"image\":{\"@id\":\"https:\\\/\\\/www.cercledart.com\\\/en\\\/#\\\/schema\\\/logo\\\/image\\\/\"}}]}<\/script>\n<!-- \/ Yoast SEO plugin. -->","yoast_head_json":{"title":"CAR RACING 1969\uff5c\u00c9dition limit\u00e9e - \u00c9ditions Cercle d&#039;Art","robots":{"index":"index","follow":"follow","max-snippet":"max-snippet:-1","max-image-preview":"max-image-preview:large","max-video-preview":"max-video-preview:-1"},"canonical":"https:\/\/www.cercledart.com\/en\/produit\/car-racing-1969-edition-limitee\/","og_locale":"en_US","og_type":"article","og_title":"CAR RACING 1969\uff5c\u00c9dition limit\u00e9e - \u00c9ditions Cercle d&#039;Art","og_description":"\u00c9dition bilingue fran\u00e7ais-anglais limit\u00e9e \u00e0 200 exemplaires num\u00e9rot\u00e9s, sous coffret, accompagn\u00e9e d\u2019une photographie originale\uff5cParution 2022\uff5c300 pages\uff5c30,5x35 cm\uff5c4,42 kg\uff5ccouverture toil\u00e9e, reli\u00e9 sous coffret\uff5c9782702211304","og_url":"https:\/\/www.cercledart.com\/en\/produit\/car-racing-1969-edition-limitee\/","og_site_name":"\u00c9ditions Cercle d&#039;Art","article_modified_time":"2026-03-30T11:36:27+00:00","og_image":[{"width":1586,"height":1000,"url":"https:\/\/www.cercledart.com\/wp-content\/uploads\/2022\/07\/CR69_Coffret-copie.png","type":"image\/png"}],"twitter_card":"summary_large_image","twitter_misc":{"Est. reading time":"4 minutes"},"schema":{"@context":"https:\/\/schema.org","@graph":[{"@type":"WebPage","@id":"https:\/\/www.cercledart.com\/en\/produit\/car-racing-1969-edition-limitee\/","url":"https:\/\/www.cercledart.com\/en\/produit\/car-racing-1969-edition-limitee\/","name":"CAR RACING 1969\uff5c\u00c9dition limit\u00e9e - \u00c9ditions Cercle d&#039;Art","isPartOf":{"@id":"https:\/\/www.cercledart.com\/en\/#website"},"primaryImageOfPage":{"@id":"https:\/\/www.cercledart.com\/en\/produit\/car-racing-1969-edition-limitee\/#primaryimage"},"image":{"@id":"https:\/\/www.cercledart.com\/en\/produit\/car-racing-1969-edition-limitee\/#primaryimage"},"thumbnailUrl":"https:\/\/www.cercledart.com\/wp-content\/uploads\/2022\/07\/CR69_Coffret-copie.png","datePublished":"2022-07-04T14:11:20+00:00","dateModified":"2026-03-30T11:36:27+00:00","breadcrumb":{"@id":"https:\/\/www.cercledart.com\/en\/produit\/car-racing-1969-edition-limitee\/#breadcrumb"},"inLanguage":"en-US","potentialAction":[{"@type":"ReadAction","target":["https:\/\/www.cercledart.com\/en\/produit\/car-racing-1969-edition-limitee\/"]}]},{"@type":"ImageObject","inLanguage":"en-US","@id":"https:\/\/www.cercledart.com\/en\/produit\/car-racing-1969-edition-limitee\/#primaryimage","url":"https:\/\/www.cercledart.com\/wp-content\/uploads\/2022\/07\/CR69_Coffret-copie.png","contentUrl":"https:\/\/www.cercledart.com\/wp-content\/uploads\/2022\/07\/CR69_Coffret-copie.png","width":1586,"height":1000},{"@type":"BreadcrumbList","@id":"https:\/\/www.cercledart.com\/en\/produit\/car-racing-1969-edition-limitee\/#breadcrumb","itemListElement":[{"@type":"ListItem","position":1,"name":"Accueil","item":"https:\/\/www.cercledart.com\/en\/"},{"@type":"ListItem","position":2,"name":"Shop","item":"https:\/\/www.cercledart.com\/en\/shop\/"},{"@type":"ListItem","position":3,"name":"CAR RACING 1969\uff5c\u00c9dition limit\u00e9e"}]},{"@type":"WebSite","@id":"https:\/\/www.cercledart.com\/en\/#website","url":"https:\/\/www.cercledart.com\/en\/","name":"\u00c9ditions Cercle d&#039;Art","description":"","publisher":{"@id":"https:\/\/www.cercledart.com\/en\/#organization"},"potentialAction":[{"@type":"SearchAction","target":{"@type":"EntryPoint","urlTemplate":"https:\/\/www.cercledart.com\/en\/?s={search_term_string}"},"query-input":{"@type":"PropertyValueSpecification","valueRequired":true,"valueName":"search_term_string"}}],"inLanguage":"en-US"},{"@type":"Organization","@id":"https:\/\/www.cercledart.com\/en\/#organization","name":"Cercle d'Art","url":"https:\/\/www.cercledart.com\/en\/","logo":{"@type":"ImageObject","inLanguage":"en-US","@id":"https:\/\/www.cercledart.com\/en\/#\/schema\/logo\/image\/","url":"https:\/\/www.cercledart.com\/wp-content\/uploads\/2025\/04\/LogoCA2025.png","contentUrl":"https:\/\/www.cercledart.com\/wp-content\/uploads\/2025\/04\/LogoCA2025.png","width":896,"height":101,"caption":"Cercle d'Art"},"image":{"@id":"https:\/\/www.cercledart.com\/en\/#\/schema\/logo\/image\/"}}]}},"_links":{"self":[{"href":"https:\/\/www.cercledart.com\/en\/wp-json\/wp\/v2\/product\/13922","targetHints":{"allow":["GET"]}}],"collection":[{"href":"https:\/\/www.cercledart.com\/en\/wp-json\/wp\/v2\/product"}],"about":[{"href":"https:\/\/www.cercledart.com\/en\/wp-json\/wp\/v2\/types\/product"}],"wp:featuredmedia":[{"embeddable":true,"href":"https:\/\/www.cercledart.com\/en\/wp-json\/wp\/v2\/media\/51993"}],"wp:attachment":[{"href":"https:\/\/www.cercledart.com\/en\/wp-json\/wp\/v2\/media?parent=13922"}],"wp:term":[{"taxonomy":"product_brand","embeddable":true,"href":"https:\/\/www.cercledart.com\/en\/wp-json\/wp\/v2\/product_brand?post=13922"},{"taxonomy":"product_cat","embeddable":true,"href":"https:\/\/www.cercledart.com\/en\/wp-json\/wp\/v2\/product_cat?post=13922"},{"taxonomy":"product_tag","embeddable":true,"href":"https:\/\/www.cercledart.com\/en\/wp-json\/wp\/v2\/product_tag?post=13922"}],"curies":[{"name":"wp","href":"https:\/\/api.w.org\/{rel}","templated":true}]}}