{"id":13846,"date":"2021-03-04T16:13:28","date_gmt":"2021-03-04T15:13:28","guid":{"rendered":"https:\/\/www.cercledart.com\/?post_type=product&#038;p=13846"},"modified":"2026-02-15T20:45:14","modified_gmt":"2026-02-15T19:45:14","slug":"car-racing-1968","status":"publish","type":"product","link":"https:\/\/www.cercledart.com\/en\/produit\/car-racing-1968\/","title":{"rendered":"CAR RACING 1968"},"content":{"rendered":"<h1><strong>CAR RACING 1968<\/strong><\/h1>\n<h2><strong>Un beau livre incontournable sur les voitures, le sport et l\u2019histoire automobile<\/strong><\/h2>\n<p>CAR RACING 1968 conjugue m\u00e9moire, esth\u00e9tique et savoir-faire. C\u2019est un hommage vibrant \u00e0 la voiture, \u00e0 l\u2019ing\u00e9niosit\u00e9 humaine et \u00e0 l\u2019esprit de la course. C\u2019est aussi une fen\u00eatre ouverte sur un monde o\u00f9 la m\u00e9canique et l\u2019\u00e9motion se rejoignent, sublim\u00e9es par des photos \u00e0 la fois rares et spectaculaires.<\/p>\n<h3><strong>1968 : une ann\u00e9e charni\u00e8re pour la voiture et le sport automobile dans le monde<\/strong><\/h3>\n<p>L\u2019ann\u00e9e 1968 marque une rupture dans l\u2019histoire du sport automobile. De nouveaux talents \u00e9mergent, les prototypes se transforment, les tactiques s\u2019aff\u00fbtent. Sur les circuits du monde entier, les plus grandes voitures \u2013 Ferrari, Matra, Porsche, Ford, McLaren \u2013 livrent des duels d\u2019anthologie.<br \/>\n<em>CAR RACING 1968<\/em> restitue cette ann\u00e9e intense avec une pr\u00e9cision rare\u202f: chaque page capture un moment suspendu, un d\u00e9tail technique, une tension palpable. Ce livre raconte une \u00e9poque o\u00f9 la voiture \u00e9tait encore une aventure humaine, un d\u00e9fi \u00e0 chaque virage. \u00c0 travers cet ouvrage, le lecteur p\u00e9n\u00e8tre au c\u0153ur d\u2019un monde fait de bruit, de vitesse, de ma\u00eetrise et d\u2019images puissantes. Les photos offrent ici une vision authentique de la course, saisissant l\u2019instant comme seul un \u0153il averti peut le faire.<br \/>\nDans l\u2019ensemble du sport automobile, cette ann\u00e9e 68 est souvent consid\u00e9r\u00e9e comme un tournant\u00a0:\u00a0elle annonce autant qu\u2019elle cl\u00f4t une \u00e9poque, charni\u00e8re entre les pionniers h\u00e9ro\u00efques et l&#8217;\u00e8re de la professionnalisation technique. C\u2019est aussi une ann\u00e9e o\u00f9 les enjeux humains, politiques et technologiques s\u2019entrem\u00ealent sur la piste comme en dehors.<\/p>\n<p>&nbsp;<\/p>\n<h3><strong>Un livre de collection sign\u00e9 par deux figures de l\u2019automobile<\/strong><\/h3>\n<p>Ce livre d\u2019exception est n\u00e9 de la collaboration entre Johnny Rives, plume embl\u00e9matique du journalisme automobile, et Manou Zurini, photographe et ancien pilote. Ensemble, ils signent un r\u00e9cit \u00e0 deux voix\u202f: l\u2019un analyse, l\u2019autre immortalise. Leurs regards crois\u00e9s conf\u00e8rent \u00e0 cet ouvrage une richesse documentaire et esth\u00e9tique in\u00e9dite.<br \/>\nChaque page est construite avec rigueur, pens\u00e9e comme un cadrage cin\u00e9matographique. Les sc\u00e8nes de course, les visages tendus, les gestes pr\u00e9cis\u202f: tout c\u00e9l\u00e8bre l\u2019instant juste. Les amoureux de livres illustr\u00e9s sur l\u2019automobile y trouveront une exigence rare. Les photos, ici, ne se contentent pas d\u2019illustrer\u202f: elles r\u00e9v\u00e8lent. C\u2019est aussi un livre sur le sport, dans sa v\u00e9rit\u00e9 la plus graphique.<\/p>\n<p>&nbsp;<\/p>\n<h3><strong>Une collection de livres sur les voitures anciennes et les automobiles de comp\u00e9tition<\/strong><\/h3>\n<p><em>CAR RACING 1968<\/em> s\u2019inscrit dans la prestigieuse collection publi\u00e9e par les \u00e9ditions Cercle d\u2019Art, d\u00e9di\u00e9e aux grandes heures du sport automobile. Des paddocks \u00e0 la ligne d\u2019arriv\u00e9e, en passant par les stands ou les coulisses des \u00e9curies, les photographies dans cet ouvrage saisissent la beaut\u00e9 des voitures, les visages des champions. Chaque photo r\u00e9v\u00e8le une facette des automobiles comme objets de culture dans le monde de la course. Chaque page devient le th\u00e9\u00e2tre d\u2019un r\u00e9cit \u00e0 haute intensit\u00e9.<\/p>\n<p>&nbsp;<\/p>\n<h3><strong>Une collection in\u00e9dite des \u00e9ditions Cercle d\u2019Art sur huit ann\u00e9es de sport automobile<\/strong><\/h3>\n<p>Les \u00e9ditions Cercle d\u2019Art publient une collection in\u00e9dite de beaux livres consacr\u00e9s \u00e0 l\u2019histoire du sport automobile, couvrant chaque ann\u00e9e de <a href=\"https:\/\/www.cercledart.com\/produit\/car-racing-1965\/\">1965<\/a> \u00e0 1972. Chaque livre, publi\u00e9 au rythme d\u2019un volume par an, explore en profondeur une ann\u00e9e de comp\u00e9tition.<br \/>\nCette s\u00e9rie de livres exceptionnels, con\u00e7us dans un format \u00e9l\u00e9gant, documente avec une exigence rare l\u2019\u00e9volution des grandes voitures de course du XX<sup>e<\/sup> si\u00e8cle. A travers cette collection, les \u00e9ditions Cercles d\u2019Art confirmer leur volont\u00e9 de cr\u00e9er une r\u00e9f\u00e9rence visuelle et narrative pour tous les passionn\u00e9s d\u2019automobiles et d\u2019histoire m\u00e9canique.<\/p>\n<hr \/>\n<div id='gallery-1' class='gallery galleryid-13846 gallery-columns-2 gallery-size-large'><figure class='gallery-item'>\n\t\t\t<div class='gallery-icon landscape'>\n\t\t\t\t<a href='https:\/\/www.cercledart.com\/wp-content\/uploads\/2021\/03\/CR1968_cover_02-scaled-e1637852418136.jpg'><img fetchpriority=\"high\" decoding=\"async\" width=\"1024\" height=\"640\" src=\"https:\/\/www.cercledart.com\/wp-content\/uploads\/2021\/03\/CR1968_cover_02-scaled-e1637852418136-1024x640.jpg\" class=\"attachment-large size-large\" alt=\"\" \/><\/a>\n\t\t\t<\/div><\/figure><figure class='gallery-item'>\n\t\t\t<div class='gallery-icon landscape'>\n\t\t\t\t<a href='https:\/\/www.cercledart.com\/wp-content\/uploads\/2021\/03\/CR1968_01-scaled.jpg'><img decoding=\"async\" width=\"1024\" height=\"632\" src=\"https:\/\/www.cercledart.com\/wp-content\/uploads\/2021\/03\/CR1968_01-1024x632.jpg\" class=\"attachment-large size-large\" alt=\"\" \/><\/a>\n\t\t\t<\/div><\/figure><figure class='gallery-item'>\n\t\t\t<div class='gallery-icon landscape'>\n\t\t\t\t<a href='https:\/\/www.cercledart.com\/wp-content\/uploads\/2021\/03\/CR1968_04-scaled-e1637852435585.jpg'><img decoding=\"async\" width=\"1024\" height=\"655\" src=\"https:\/\/www.cercledart.com\/wp-content\/uploads\/2021\/03\/CR1968_04-scaled-e1637852435585-1024x655.jpg\" class=\"attachment-large size-large\" alt=\"\" \/><\/a>\n\t\t\t<\/div><\/figure><figure class='gallery-item'>\n\t\t\t<div class='gallery-icon landscape'>\n\t\t\t\t<a href='https:\/\/www.cercledart.com\/wp-content\/uploads\/2021\/03\/CR1968_03-scaled.jpg'><img loading=\"lazy\" decoding=\"async\" width=\"1024\" height=\"655\" src=\"https:\/\/www.cercledart.com\/wp-content\/uploads\/2021\/03\/CR1968_03-1024x655.jpg\" class=\"attachment-large size-large\" alt=\"\" \/><\/a>\n\t\t\t<\/div><\/figure><figure class='gallery-item'>\n\t\t\t<div class='gallery-icon landscape'>\n\t\t\t\t<a href='https:\/\/www.cercledart.com\/wp-content\/uploads\/2021\/03\/CR1968_02-scaled.jpg'><img loading=\"lazy\" decoding=\"async\" width=\"1024\" height=\"683\" src=\"https:\/\/www.cercledart.com\/wp-content\/uploads\/2021\/03\/CR1968_02-1024x683.jpg\" class=\"attachment-large size-large\" alt=\"\" \/><\/a>\n\t\t\t<\/div><\/figure><figure class='gallery-item'>\n\t\t\t<div class='gallery-icon landscape'>\n\t\t\t\t<a href='https:\/\/www.cercledart.com\/wp-content\/uploads\/2021\/03\/CR1968_06-scaled.jpg'><img loading=\"lazy\" decoding=\"async\" width=\"1024\" height=\"683\" src=\"https:\/\/www.cercledart.com\/wp-content\/uploads\/2021\/03\/CR1968_06-1024x683.jpg\" class=\"attachment-large size-large\" alt=\"\" \/><\/a>\n\t\t\t<\/div><\/figure><figure class='gallery-item'>\n\t\t\t<div class='gallery-icon landscape'>\n\t\t\t\t<a href='https:\/\/www.cercledart.com\/wp-content\/uploads\/2021\/03\/CR1968_11-scaled.jpg'><img loading=\"lazy\" decoding=\"async\" width=\"1024\" height=\"683\" src=\"https:\/\/www.cercledart.com\/wp-content\/uploads\/2021\/03\/CR1968_11-1024x683.jpg\" class=\"attachment-large size-large\" alt=\"\" \/><\/a>\n\t\t\t<\/div><\/figure><figure class='gallery-item'>\n\t\t\t<div class='gallery-icon landscape'>\n\t\t\t\t<a href='https:\/\/www.cercledart.com\/wp-content\/uploads\/2021\/03\/CR1968_12-scaled.jpg'><img loading=\"lazy\" decoding=\"async\" width=\"1024\" height=\"683\" src=\"https:\/\/www.cercledart.com\/wp-content\/uploads\/2021\/03\/CR1968_12-1024x683.jpg\" class=\"attachment-large size-large\" alt=\"\" \/><\/a>\n\t\t\t<\/div><\/figure><figure class='gallery-item'>\n\t\t\t<div class='gallery-icon landscape'>\n\t\t\t\t<a href='https:\/\/www.cercledart.com\/wp-content\/uploads\/2021\/03\/CR1968_05-scaled-e1637852364415.jpg'><img loading=\"lazy\" decoding=\"async\" width=\"1024\" height=\"663\" src=\"https:\/\/www.cercledart.com\/wp-content\/uploads\/2021\/03\/CR1968_05-scaled-e1637852364415-1024x663.jpg\" class=\"attachment-large size-large\" alt=\"\" \/><\/a>\n\t\t\t<\/div><\/figure><figure class='gallery-item'>\n\t\t\t<div class='gallery-icon landscape'>\n\t\t\t\t<a href='https:\/\/www.cercledart.com\/wp-content\/uploads\/2021\/03\/CR1968_08-1-scaled.jpg'><img loading=\"lazy\" decoding=\"async\" width=\"1024\" height=\"663\" src=\"https:\/\/www.cercledart.com\/wp-content\/uploads\/2021\/03\/CR1968_08-1-1024x663.jpg\" class=\"attachment-large size-large\" alt=\"\" \/><\/a>\n\t\t\t<\/div><\/figure><figure class='gallery-item'>\n\t\t\t<div class='gallery-icon landscape'>\n\t\t\t\t<a href='https:\/\/www.cercledart.com\/wp-content\/uploads\/2021\/03\/CR1968_09-scaled.jpg'><img loading=\"lazy\" decoding=\"async\" width=\"1024\" height=\"683\" src=\"https:\/\/www.cercledart.com\/wp-content\/uploads\/2021\/03\/CR1968_09-1024x683.jpg\" class=\"attachment-large size-large\" alt=\"\" \/><\/a>\n\t\t\t<\/div><\/figure><figure class='gallery-item'>\n\t\t\t<div class='gallery-icon landscape'>\n\t\t\t\t<a href='https:\/\/www.cercledart.com\/wp-content\/uploads\/2021\/03\/CR1968_10-scaled.jpg'><img loading=\"lazy\" decoding=\"async\" width=\"1024\" height=\"683\" src=\"https:\/\/www.cercledart.com\/wp-content\/uploads\/2021\/03\/CR1968_10-1024x683.jpg\" class=\"attachment-large size-large\" alt=\"\" \/><\/a>\n\t\t\t<\/div><\/figure><figure class='gallery-item'>\n\t\t\t<div class='gallery-icon landscape'>\n\t\t\t\t<a href='https:\/\/www.cercledart.com\/wp-content\/uploads\/2021\/03\/CR1968_13-scaled.jpg'><img loading=\"lazy\" decoding=\"async\" width=\"1024\" height=\"674\" src=\"https:\/\/www.cercledart.com\/wp-content\/uploads\/2021\/03\/CR1968_13-1024x674.jpg\" class=\"attachment-large size-large\" alt=\"\" \/><\/a>\n\t\t\t<\/div><\/figure><figure class='gallery-item'>\n\t\t\t<div class='gallery-icon landscape'>\n\t\t\t\t<a href='https:\/\/www.cercledart.com\/wp-content\/uploads\/2021\/03\/CR1968_cover_03-scaled-e1637852202729.jpg'><img loading=\"lazy\" decoding=\"async\" width=\"1024\" height=\"676\" src=\"https:\/\/www.cercledart.com\/wp-content\/uploads\/2021\/03\/CR1968_cover_03-scaled-e1637852202729-1024x676.jpg\" class=\"attachment-large size-large\" alt=\"\" \/><\/a>\n\t\t\t<\/div><\/figure><figure class='gallery-item'>\n\t\t\t<div class='gallery-icon portrait'>\n\t\t\t\t<a href='https:\/\/www.cercledart.com\/wp-content\/uploads\/2021\/03\/CR1968_cover_04-scaled-e1637852151597.jpg'><img loading=\"lazy\" decoding=\"async\" width=\"962\" height=\"1024\" src=\"https:\/\/www.cercledart.com\/wp-content\/uploads\/2021\/03\/CR1968_cover_04-scaled-e1637852151597-962x1024.jpg\" class=\"attachment-large size-large\" alt=\"\" \/><\/a>\n\t\t\t<\/div><\/figure>\n\t\t<\/div>\n\n<hr \/>\n<h3><strong>Un beau livre au format g\u00e9n\u00e9reux, pens\u00e9 pour les biblioth\u00e8ques de passionn\u00e9s<\/strong><\/h3>\n<p>Format grand angle,\u00a0 impression de haute pr\u00e9cision : ce livre est con\u00e7u comme un objet d\u2019exposition. Il est \u00e0 offrir, \u00e0 conserver et \u00e0 feuilleter avec d\u00e9licatesse. Les \u00e9ditions Cercle d\u2019Art ont apport\u00e9 \u00e0 ce projet la m\u00eame exigence \u00e9ditoriale que pour l\u2019ensemble de leurs livres d\u2019automobile, entre archives et \u00e9l\u00e9gance. Avec son format soign\u00e9 et ses finitions haut de gamme, <em>CAR RACING 1968<\/em> devient une pi\u00e8ce de collection, un t\u00e9moignage mat\u00e9riel de l\u2019histoire des automobiles. Les photos en double page offrent un rythme esth\u00e9tique \u00e0 la hauteur des plus grandes publications. Un beau travail d\u2019\u00e9dition, au service d\u2019un patrimoine visuel unique.<\/p>\n<p>&nbsp;<\/p>\n<h3><strong>La voiture comme m\u00e9moire visuelle : un bel hommage sign\u00e9 Cercle d\u2019Art<\/strong><\/h3>\n<p>En refermant <em>CAR RACING 1968<\/em>, le lecteur emporte avec lui le bruit sourd des moteurs, la tension des d\u00e9parts, et la silhouette d\u2019une voiture filant dans la lumi\u00e8re. Ce beau livre sur les automobiles de l\u00e9gende est un hommage au design et \u00e0 la technologie. Les photos de l\u2019agence DPPI transforme chaque page comme un fragment de m\u00e9moire.<\/p>\n<p>&nbsp;<\/p>\n<h3><strong>Les livres des \u00e9ditions Cercle d\u2019Art : une collection automobile de r\u00e9f\u00e9rence<\/strong><\/h3>\n<p>Les \u00e9ditions Cercle d\u2019Art s\u2019imposent comme l\u2019un des \u00e9diteurs majeurs de beaux livres d\u00e9di\u00e9s \u00e0 l\u2019automobile. Avec la collection <em>CAR RACING<\/em>, elles offrent aux lecteurs des ouvrages d\u2019excellence, o\u00f9 la qualit\u00e9 iconographique rivalise avec la richesse documentaire. Chaque livre est pens\u00e9 pour magnifier l\u2019histoire des voitures de course. Gr\u00e2ce \u00e0 une s\u00e9lection rigoureuse de photos, chaque volume devient une archive vivante de la course automobile. Ces livres constituent une biblioth\u00e8que pr\u00e9cieuse pour les amateurs de m\u00e9caniques d\u2019exception. Ils racontent, page apr\u00e8s page, l\u2019\u00e9volution des voitures de l\u00e9gende, et permettent \u00e0 chaque passionn\u00e9 de retrouver dans chaque livre une trace sensible de l\u2019univers du sport automobile.<\/p>\n<p>&nbsp;<\/p>\n","protected":false},"excerpt":{"rendered":"<p>Avec <em>CAR RACING 1968<\/em>, quatri\u00e8me volume de la collection publi\u00e9e par les \u00e9ditions Cercle d\u2019Art, une nouvelle page du sport automobile s\u2019\u00e9crit. Ce beau livre rend hommage \u00e0 une ann\u00e9e d\u2019audace technique. Il prolonge une collection de livres de r\u00e9f\u00e9rence, devenue incontournable pour tous les passionn\u00e9s de voitures anciennes, d\u2019automobiles de comp\u00e9tition et de r\u00e9cits m\u00e9caniques.<\/p>\n<p class=\"p1\">\u00c9dition bilingue fran\u00e7ais-anglais<span class=\"s1\">\uff5c<\/span>Parution mars 2021<span class=\"s1\">\uff5c<\/span>240 pages<span class=\"s1\">\uff5c<\/span>28,7 x 33,5 cm<span class=\"s1\">\uff5c<\/span>2,810 kg<span class=\"s1\">\uff5ccouverture toil\u00e9e, reli\u00e9\uff5c<\/span>9782702211236<\/p>\n","protected":false},"featured_media":51584,"template":"","meta":{"_acf_changed":false,"om_disable_all_campaigns":false,"_exactmetrics_skip_tracking":false,"_exactmetrics_sitenote_active":false,"_exactmetrics_sitenote_note":"","_exactmetrics_sitenote_category":0,"_monsterinsights_skip_tracking":false,"_monsterinsights_sitenote_active":false,"_monsterinsights_sitenote_note":"","_monsterinsights_sitenote_category":0,"_uf_show_specific_survey":0,"_uf_disable_surveys":false},"product_brand":[],"product_cat":[538,528],"product_tag":[],"class_list":{"0":"post-13846","1":"product","2":"type-product","3":"status-publish","4":"has-post-thumbnail","6":"product_cat-automobile","7":"product_cat-livres","10":"first","11":"instock","12":"taxable","13":"shipping-taxable","14":"purchasable","15":"product-type-simple"},"acf":[],"yoast_head":"<!-- This site is optimized with the Yoast SEO plugin v27.5 - https:\/\/yoast.com\/product\/yoast-seo-wordpress\/ -->\n<title>CAR RACING 1968 - \u00c9ditions Cercle d&#039;Art<\/title>\n<meta name=\"description\" content=\"Avec Car Racing 1968, une nouvelle page du sport automobile s\u2019\u00e9crit. Ce beau livre rend hommage \u00e0 une ann\u00e9e d\u2019audace technique.\" \/>\n<meta name=\"robots\" content=\"index, follow, max-snippet:-1, max-image-preview:large, max-video-preview:-1\" \/>\n<link rel=\"canonical\" href=\"https:\/\/www.cercledart.com\/en\/produit\/car-racing-1968\/\" \/>\n<meta property=\"og:locale\" content=\"en_US\" \/>\n<meta property=\"og:type\" content=\"article\" \/>\n<meta property=\"og:title\" content=\"CAR RACING 1968 - \u00c9ditions Cercle d&#039;Art\" \/>\n<meta property=\"og:description\" content=\"Avec Car Racing 1968, une nouvelle page du sport automobile s\u2019\u00e9crit. Ce beau livre rend hommage \u00e0 une ann\u00e9e d\u2019audace technique.\" \/>\n<meta property=\"og:url\" content=\"https:\/\/www.cercledart.com\/en\/produit\/car-racing-1968\/\" \/>\n<meta property=\"og:site_name\" content=\"\u00c9ditions Cercle d&#039;Art\" \/>\n<meta property=\"article:modified_time\" content=\"2026-02-15T19:45:14+00:00\" \/>\n<meta property=\"og:image\" content=\"https:\/\/www.cercledart.com\/wp-content\/uploads\/2021\/03\/Plat1_CR68.png\" \/>\n\t<meta property=\"og:image:width\" content=\"886\" \/>\n\t<meta property=\"og:image:height\" content=\"1024\" \/>\n\t<meta property=\"og:image:type\" content=\"image\/png\" \/>\n<meta name=\"twitter:card\" content=\"summary_large_image\" \/>\n<meta name=\"twitter:label1\" content=\"Est. reading time\" \/>\n\t<meta name=\"twitter:data1\" content=\"5 minutes\" \/>\n<script type=\"application\/ld+json\" class=\"yoast-schema-graph\">{\"@context\":\"https:\\\/\\\/schema.org\",\"@graph\":[{\"@type\":\"WebPage\",\"@id\":\"https:\\\/\\\/www.cercledart.com\\\/en\\\/produit\\\/car-racing-1968\\\/\",\"url\":\"https:\\\/\\\/www.cercledart.com\\\/en\\\/produit\\\/car-racing-1968\\\/\",\"name\":\"CAR RACING 1968 - \u00c9ditions Cercle d&#039;Art\",\"isPartOf\":{\"@id\":\"https:\\\/\\\/www.cercledart.com\\\/en\\\/#website\"},\"primaryImageOfPage\":{\"@id\":\"https:\\\/\\\/www.cercledart.com\\\/en\\\/produit\\\/car-racing-1968\\\/#primaryimage\"},\"image\":{\"@id\":\"https:\\\/\\\/www.cercledart.com\\\/en\\\/produit\\\/car-racing-1968\\\/#primaryimage\"},\"thumbnailUrl\":\"https:\\\/\\\/www.cercledart.com\\\/wp-content\\\/uploads\\\/2021\\\/03\\\/Plat1_CR68.png\",\"datePublished\":\"2021-03-04T15:13:28+00:00\",\"dateModified\":\"2026-02-15T19:45:14+00:00\",\"description\":\"Avec Car Racing 1968, une nouvelle page du sport automobile s\u2019\u00e9crit. Ce beau livre rend hommage \u00e0 une ann\u00e9e d\u2019audace technique.\",\"breadcrumb\":{\"@id\":\"https:\\\/\\\/www.cercledart.com\\\/en\\\/produit\\\/car-racing-1968\\\/#breadcrumb\"},\"inLanguage\":\"en-US\",\"potentialAction\":[{\"@type\":\"ReadAction\",\"target\":[\"https:\\\/\\\/www.cercledart.com\\\/en\\\/produit\\\/car-racing-1968\\\/\"]}]},{\"@type\":\"ImageObject\",\"inLanguage\":\"en-US\",\"@id\":\"https:\\\/\\\/www.cercledart.com\\\/en\\\/produit\\\/car-racing-1968\\\/#primaryimage\",\"url\":\"https:\\\/\\\/www.cercledart.com\\\/wp-content\\\/uploads\\\/2021\\\/03\\\/Plat1_CR68.png\",\"contentUrl\":\"https:\\\/\\\/www.cercledart.com\\\/wp-content\\\/uploads\\\/2021\\\/03\\\/Plat1_CR68.png\",\"width\":886,\"height\":1024,\"caption\":\"Car Racing 1968 : un beau livre sur les courses automobiles\"},{\"@type\":\"BreadcrumbList\",\"@id\":\"https:\\\/\\\/www.cercledart.com\\\/en\\\/produit\\\/car-racing-1968\\\/#breadcrumb\",\"itemListElement\":[{\"@type\":\"ListItem\",\"position\":1,\"name\":\"Accueil\",\"item\":\"https:\\\/\\\/www.cercledart.com\\\/en\\\/\"},{\"@type\":\"ListItem\",\"position\":2,\"name\":\"Shop\",\"item\":\"https:\\\/\\\/www.cercledart.com\\\/en\\\/shop\\\/\"},{\"@type\":\"ListItem\",\"position\":3,\"name\":\"CAR RACING 1968\"}]},{\"@type\":\"WebSite\",\"@id\":\"https:\\\/\\\/www.cercledart.com\\\/en\\\/#website\",\"url\":\"https:\\\/\\\/www.cercledart.com\\\/en\\\/\",\"name\":\"\u00c9ditions Cercle d&#039;Art\",\"description\":\"\",\"publisher\":{\"@id\":\"https:\\\/\\\/www.cercledart.com\\\/en\\\/#organization\"},\"potentialAction\":[{\"@type\":\"SearchAction\",\"target\":{\"@type\":\"EntryPoint\",\"urlTemplate\":\"https:\\\/\\\/www.cercledart.com\\\/en\\\/?s={search_term_string}\"},\"query-input\":{\"@type\":\"PropertyValueSpecification\",\"valueRequired\":true,\"valueName\":\"search_term_string\"}}],\"inLanguage\":\"en-US\"},{\"@type\":\"Organization\",\"@id\":\"https:\\\/\\\/www.cercledart.com\\\/en\\\/#organization\",\"name\":\"Cercle d'Art\",\"url\":\"https:\\\/\\\/www.cercledart.com\\\/en\\\/\",\"logo\":{\"@type\":\"ImageObject\",\"inLanguage\":\"en-US\",\"@id\":\"https:\\\/\\\/www.cercledart.com\\\/en\\\/#\\\/schema\\\/logo\\\/image\\\/\",\"url\":\"https:\\\/\\\/www.cercledart.com\\\/wp-content\\\/uploads\\\/2025\\\/04\\\/LogoCA2025.png\",\"contentUrl\":\"https:\\\/\\\/www.cercledart.com\\\/wp-content\\\/uploads\\\/2025\\\/04\\\/LogoCA2025.png\",\"width\":896,\"height\":101,\"caption\":\"Cercle d'Art\"},\"image\":{\"@id\":\"https:\\\/\\\/www.cercledart.com\\\/en\\\/#\\\/schema\\\/logo\\\/image\\\/\"}}]}<\/script>\n<!-- \/ Yoast SEO plugin. -->","yoast_head_json":{"title":"CAR RACING 1968 - \u00c9ditions Cercle d&#039;Art","description":"Avec Car Racing 1968, une nouvelle page du sport automobile s\u2019\u00e9crit. Ce beau livre rend hommage \u00e0 une ann\u00e9e d\u2019audace technique.","robots":{"index":"index","follow":"follow","max-snippet":"max-snippet:-1","max-image-preview":"max-image-preview:large","max-video-preview":"max-video-preview:-1"},"canonical":"https:\/\/www.cercledart.com\/en\/produit\/car-racing-1968\/","og_locale":"en_US","og_type":"article","og_title":"CAR RACING 1968 - \u00c9ditions Cercle d&#039;Art","og_description":"Avec Car Racing 1968, une nouvelle page du sport automobile s\u2019\u00e9crit. Ce beau livre rend hommage \u00e0 une ann\u00e9e d\u2019audace technique.","og_url":"https:\/\/www.cercledart.com\/en\/produit\/car-racing-1968\/","og_site_name":"\u00c9ditions Cercle d&#039;Art","article_modified_time":"2026-02-15T19:45:14+00:00","og_image":[{"width":886,"height":1024,"url":"https:\/\/www.cercledart.com\/wp-content\/uploads\/2021\/03\/Plat1_CR68.png","type":"image\/png"}],"twitter_card":"summary_large_image","twitter_misc":{"Est. reading time":"5 minutes"},"schema":{"@context":"https:\/\/schema.org","@graph":[{"@type":"WebPage","@id":"https:\/\/www.cercledart.com\/en\/produit\/car-racing-1968\/","url":"https:\/\/www.cercledart.com\/en\/produit\/car-racing-1968\/","name":"CAR RACING 1968 - \u00c9ditions Cercle d&#039;Art","isPartOf":{"@id":"https:\/\/www.cercledart.com\/en\/#website"},"primaryImageOfPage":{"@id":"https:\/\/www.cercledart.com\/en\/produit\/car-racing-1968\/#primaryimage"},"image":{"@id":"https:\/\/www.cercledart.com\/en\/produit\/car-racing-1968\/#primaryimage"},"thumbnailUrl":"https:\/\/www.cercledart.com\/wp-content\/uploads\/2021\/03\/Plat1_CR68.png","datePublished":"2021-03-04T15:13:28+00:00","dateModified":"2026-02-15T19:45:14+00:00","description":"Avec Car Racing 1968, une nouvelle page du sport automobile s\u2019\u00e9crit. Ce beau livre rend hommage \u00e0 une ann\u00e9e d\u2019audace technique.","breadcrumb":{"@id":"https:\/\/www.cercledart.com\/en\/produit\/car-racing-1968\/#breadcrumb"},"inLanguage":"en-US","potentialAction":[{"@type":"ReadAction","target":["https:\/\/www.cercledart.com\/en\/produit\/car-racing-1968\/"]}]},{"@type":"ImageObject","inLanguage":"en-US","@id":"https:\/\/www.cercledart.com\/en\/produit\/car-racing-1968\/#primaryimage","url":"https:\/\/www.cercledart.com\/wp-content\/uploads\/2021\/03\/Plat1_CR68.png","contentUrl":"https:\/\/www.cercledart.com\/wp-content\/uploads\/2021\/03\/Plat1_CR68.png","width":886,"height":1024,"caption":"Car Racing 1968 : un beau livre sur les courses automobiles"},{"@type":"BreadcrumbList","@id":"https:\/\/www.cercledart.com\/en\/produit\/car-racing-1968\/#breadcrumb","itemListElement":[{"@type":"ListItem","position":1,"name":"Accueil","item":"https:\/\/www.cercledart.com\/en\/"},{"@type":"ListItem","position":2,"name":"Shop","item":"https:\/\/www.cercledart.com\/en\/shop\/"},{"@type":"ListItem","position":3,"name":"CAR RACING 1968"}]},{"@type":"WebSite","@id":"https:\/\/www.cercledart.com\/en\/#website","url":"https:\/\/www.cercledart.com\/en\/","name":"\u00c9ditions Cercle d&#039;Art","description":"","publisher":{"@id":"https:\/\/www.cercledart.com\/en\/#organization"},"potentialAction":[{"@type":"SearchAction","target":{"@type":"EntryPoint","urlTemplate":"https:\/\/www.cercledart.com\/en\/?s={search_term_string}"},"query-input":{"@type":"PropertyValueSpecification","valueRequired":true,"valueName":"search_term_string"}}],"inLanguage":"en-US"},{"@type":"Organization","@id":"https:\/\/www.cercledart.com\/en\/#organization","name":"Cercle d'Art","url":"https:\/\/www.cercledart.com\/en\/","logo":{"@type":"ImageObject","inLanguage":"en-US","@id":"https:\/\/www.cercledart.com\/en\/#\/schema\/logo\/image\/","url":"https:\/\/www.cercledart.com\/wp-content\/uploads\/2025\/04\/LogoCA2025.png","contentUrl":"https:\/\/www.cercledart.com\/wp-content\/uploads\/2025\/04\/LogoCA2025.png","width":896,"height":101,"caption":"Cercle d'Art"},"image":{"@id":"https:\/\/www.cercledart.com\/en\/#\/schema\/logo\/image\/"}}]}},"_links":{"self":[{"href":"https:\/\/www.cercledart.com\/en\/wp-json\/wp\/v2\/product\/13846","targetHints":{"allow":["GET"]}}],"collection":[{"href":"https:\/\/www.cercledart.com\/en\/wp-json\/wp\/v2\/product"}],"about":[{"href":"https:\/\/www.cercledart.com\/en\/wp-json\/wp\/v2\/types\/product"}],"wp:featuredmedia":[{"embeddable":true,"href":"https:\/\/www.cercledart.com\/en\/wp-json\/wp\/v2\/media\/51584"}],"wp:attachment":[{"href":"https:\/\/www.cercledart.com\/en\/wp-json\/wp\/v2\/media?parent=13846"}],"wp:term":[{"taxonomy":"product_brand","embeddable":true,"href":"https:\/\/www.cercledart.com\/en\/wp-json\/wp\/v2\/product_brand?post=13846"},{"taxonomy":"product_cat","embeddable":true,"href":"https:\/\/www.cercledart.com\/en\/wp-json\/wp\/v2\/product_cat?post=13846"},{"taxonomy":"product_tag","embeddable":true,"href":"https:\/\/www.cercledart.com\/en\/wp-json\/wp\/v2\/product_tag?post=13846"}],"curies":[{"name":"wp","href":"https:\/\/api.w.org\/{rel}","templated":true}]}}