{"id":12741,"date":"2018-07-13T14:16:11","date_gmt":"2018-07-13T12:16:11","guid":{"rendered":"http:\/\/www.vwqy2076.odns.fr\/?post_type=product&#038;p=12741"},"modified":"2026-03-30T13:39:40","modified_gmt":"2026-03-30T11:39:40","slug":"car-racing-1965-edition-limitee","status":"publish","type":"product","link":"https:\/\/www.cercledart.com\/en\/produit\/car-racing-1965-edition-limitee\/","title":{"rendered":"CAR RACING 1965\uff5c\u00c9dition limit\u00e9e"},"content":{"rendered":"<h4><strong>\u00c9dition Collector<br \/>\n<\/strong><\/h4>\n<h2>CAR RACING 1965 &#8211; <strong>Un ouvrage exceptionnel en \u00e9dition limit\u00e9e<\/strong><\/h2>\n<p><em data-start=\"453\" data-end=\"470\">Car Racing 1965<\/em>\u00a0est un\u00a0livre sur les voitures\u00a0de course l\u00e9gendaires, publi\u00e9 en \u00e9dition collector par les \u00c9ditions Cercle d\u2019Art. Tir\u00e9 \u00e0 seulement\u00a0250 exemplaires num\u00e9rot\u00e9s, avec\u00a0certificat d\u2019authenticit\u00e9, ce livre rare s\u2019adresse aux\u00a0collectionneurs, aux\u00a0passionn\u00e9s de voitures anciennes, et aux amateurs d\u2019histoire du sport automobile.<\/p>\n<h3 data-start=\"811\" data-end=\"871\"><strong data-start=\"815\" data-end=\"871\">Des photographies in\u00e9dites au c\u0153ur de la saison 1965<\/strong><\/h3>\n<p>Ce livre rassemble une s\u00e9lection unique de\u00a0clich\u00e9s in\u00e9dits\u00a0captur\u00e9s par l\u2019agence photographique DPPI, r\u00e9f\u00e9rence incontournable dans la couverture des grandes comp\u00e9titions automobiles et pionni\u00e8re de la photo automobile. Chaque image retrace la puissance des voitures de sport, t\u00e9moigne de l\u2019univers vibrant des\u00a0rallyes,\u00a0grands prix europ\u00e9ens, courses de c\u00f4te ou circuits mythiques comme celui du Mans. On y retrouve les\u00a0belles voitures\u00a0de l\u2019\u00e9poque, des motorisations explosives, des carrosserie rac\u00e9e, devenues aujourd\u2019hui de v\u00e9ritables\u00a0voitures de collection. On y voit aussi les visages des pilotes l\u00e9gendaires, des constructeurs, des m\u00e9caniciens, et toute l\u2019ambiance brute des paddocks d\u2019antan.<\/p>\n<h3><strong>Un livre qui vous fera revivre le championnat 1965<\/strong><\/h3>\n<p>1965, c\u2019est l\u2019ann\u00e9e de Jim Clark. Le pilote r\u00e9alise une saison \u00e9clatante en remportant six Grands Prix sur six courses disput\u00e9es, d\u00e9crochant ainsi le titre mondial de F1.<br \/>\nLe 31 mai, au volant d\u2019une r\u00e9volutionnaire Lotus\u2011Ford \u00e0 moteur arri\u00e8re (Lotus\u202f38), Clark s\u2019impose magistralement \u00e0 l\u2019Indy\u202f500 : il m\u00e8ne 150 des 200 tours, remporte la course avec pr\u00e8s de deux minutes d\u2019avance et devient le premier pilote non\u2011Am\u00e9ricain \u00e0 triompher depuis 1916. Il s\u2019adjuge aussi le Grand Prix de Belgique (Spa), menant chaque tour, puis le GP d\u2019Allemagne (N\u00fcrburgring), o\u00f9 il r\u00e9alise le grand slam : pole, victoire et meilleur tour, assurant le titre pilotes avant m\u00eame la fin de la saison.<br \/>\nEn 1965, le pilote BRM Graham Hill se classe deuxi\u00e8me derri\u00e8re Clark, avec notamment de solides performances au GP de Monaco (pole et victoire en qualification pluvieuse) ; et Jackie Stewart, un d\u00e9butant prometteur, remporte pour la premi\u00e8re fois une place sur le podium \u00e0 Spa (3\u1d49), finissant la saison en troisi\u00e8me position du championnat.<\/p>\n<h3><strong>Quelques anecdotes incroyables de l\u2019ann\u00e9e 1965\u00a0!<\/strong><\/h3>\n<p>Deux moments forts ont marqu\u00e9 cette ann\u00e9e 1965 sur les circuits automobiles.<br \/>\n\u00c0 Monaco, la Lotus de Paul Hawkins termine sa course\u2026 dans le port\u00a0! Le pilote a fait une sortie de piste spectaculaire, qui sera heureusement sans cons\u00e9quence pour lui.<br \/>\nLors du Grand Prix des Pays-Bas \u00e0 Zandvoort, Colin Chapman, le charismatique fondateur de Lotus, est bri\u00e8vement arr\u00eat\u00e9 pour avoir frapp\u00e9 un policier, provoquant un incident aussi inattendu que comment\u00e9 dans le paddock\u00a0!<\/p>\n<h3><strong>La fabrication d\u2019un livre haut de gamme<\/strong><\/h3>\n<p>Publi\u00e9 par les\u00a0\u00c9ditions Cercle d\u2019Art,\u00a0<em>Car Racing 1965<\/em>\u00a0est un\u00a0livre sur les voitures anciennes, la course automobile et tous les moments forts qui l\u2019ont construite. Il a \u00e9t\u00e9 con\u00e7u, m\u00eame fa\u00e7onn\u00e9, comme un v\u00e9ritable objet de collection. Ce volume exceptionnel rassemble des\u00a0photographies in\u00e9dites\u00a0sign\u00e9es par l\u2019agence DPPI, pionni\u00e8re dans la capture de l\u2019univers du sport auto. Les images, accompagn\u00e9es de\u00a0textes d\u2019\u00e9poque, donnent \u00e0 voir toute la richesse et l\u2019intensit\u00e9 de l\u2019ann\u00e9e 1965, sur les circuits les plus embl\u00e9matiques de l\u2019histoire.<br \/>\nL\u2019ouvrage est pr\u00e9sent\u00e9 dans un\u00a0coffret toil\u00e9 raffin\u00e9, qui contient \u00e9galement un\u00a0tirage photographique exclusif. L\u2019ensemble est limit\u00e9 \u00e0\u00a0250 exemplaires num\u00e9rot\u00e9s, chacun accompagn\u00e9 de son\u00a0certificat d\u2019authenticit\u00e9, soulignant son statut d\u2019\u00e9dition collector.<br \/>\nCe livre s\u2019adresse avant tout aux\u00a0collectionneurs, aux\u00a0passionn\u00e9s d\u2019automobiles de collection, mais aussi aux amateurs \u00e9clair\u00e9s de\u00a0voitures de sport\u00a0et d\u2019histoire m\u00e9canique, sensibles \u00e0 la raret\u00e9 et \u00e0 la qualit\u00e9 d\u2019une \u0153uvre \u00e9ditoriale d\u2019exception.<\/p>\n<h3><strong>Un incontournable du monde des voitures automobiles<\/strong><\/h3>\n<p>Avec son approche richement document\u00e9e et ses visuels exceptionnels,\u00a0<em>Car Racing 1965<\/em>\u00a0s\u00e9duira les amateurs de\u00a0v\u00e9hicules anciens, les amateurs de\u00a0voitures de prestige, ou encore les nostalgiques des\u00a0rallyes\u00a0et des\u00a0courses de c\u00f4te. Ce livre est le premier opus de la c\u00e9l\u00e8bre collection <em>Car Racing<\/em>, rassemblant des ouvrages de r\u00e9f\u00e9rence sur les courses automobiles, les pilotes ainsi que sur les\u00a0constructeurs fran\u00e7ais\u00a0et internationaux.<\/p>\n<p>Un cadeau parfait et pr\u00e9cieux pour tous les amateurs de voitures de collection et de courses automobiles.<\/p>\n<hr \/>\n<p><span style=\"color: #808080;\"><strong>Collector\u2019s Edition<\/strong><\/span><br \/>\n<span style=\"color: #808080;\">Born from the passion of a handful of men for photography and cars, preferably sports cars, the DPPI photo agency has endeavoured to share the daily life of drivers and racing teams, from the roads or circuits.<\/span><\/p>\n<p><span style=\"color: #808080;\">In Le Mans, in the hill races, or on the first circuits of what had not yet become the great bedlam of Formula 1, the cars and their drivers are accessible, welcoming.\u00a0They smile at the amateurs who are not yet numerous at the edges of the tracks or circuits.<\/span><br \/>\n<span style=\"color: #808080;\">These photographs from 1965, which for the most part have never been published before, are vividly and spontaneously commented by the photographers and protagonists of the time, who bear witness to their passion for these exceptional machines, these legendary drivers, and these essential manufacturers.<\/span><\/p>\n","protected":false},"excerpt":{"rendered":"<p class=\"p1\">\u00c9dition bilingue fran\u00e7ais-anglais limit\u00e9e \u00e0 250 exemplaires num\u00e9rot\u00e9s, sous coffret, accompagn\u00e9e d\u2019un tirage photographique sign\u00e9<span class=\"s1\">\uff5c<\/span>Parution 201<span class=\"s1\">\uff5c<\/span>240 pages<span class=\"s1\">\uff5c30,5&#215;35 cm<\/span><span class=\"s1\">\uff5c3,80 kg\uff5ccouverture toil\u00e9e, reli\u00e9 sous coffret\uff5c<\/span>9782702211007<\/p>\n","protected":false},"featured_media":12742,"template":"","meta":{"_acf_changed":false,"om_disable_all_campaigns":false,"_exactmetrics_skip_tracking":false,"_exactmetrics_sitenote_active":false,"_exactmetrics_sitenote_note":"","_exactmetrics_sitenote_category":0,"_monsterinsights_skip_tracking":false,"_monsterinsights_sitenote_active":false,"_monsterinsights_sitenote_note":"","_monsterinsights_sitenote_category":0,"_uf_show_specific_survey":0,"_uf_disable_surveys":false},"product_brand":[],"product_cat":[538,672,516,528],"product_tag":[],"class_list":{"0":"post-12741","1":"product","2":"type-product","3":"status-publish","4":"has-post-thumbnail","6":"product_cat-automobile","7":"product_cat-coffrets","8":"product_cat-editions-limitees","9":"product_cat-livres","12":"first","13":"outofstock","14":"taxable","15":"shipping-taxable","16":"purchasable","17":"product-type-simple"},"acf":[],"yoast_head":"<!-- This site is optimized with the Yoast SEO plugin v27.5 - https:\/\/yoast.com\/product\/yoast-seo-wordpress\/ -->\n<title>CAR RACING 1965\uff5c\u00c9dition limit\u00e9e - \u00c9ditions Cercle d&#039;Art<\/title>\n<meta name=\"robots\" content=\"index, follow, max-snippet:-1, max-image-preview:large, max-video-preview:-1\" \/>\n<link rel=\"canonical\" href=\"https:\/\/www.cercledart.com\/en\/produit\/car-racing-1965-edition-limitee\/\" \/>\n<meta property=\"og:locale\" content=\"en_US\" \/>\n<meta property=\"og:type\" content=\"article\" \/>\n<meta property=\"og:title\" content=\"CAR RACING 1965\uff5c\u00c9dition limit\u00e9e - \u00c9ditions Cercle d&#039;Art\" \/>\n<meta property=\"og:description\" content=\"\u00c9dition bilingue fran\u00e7ais-anglais limit\u00e9e \u00e0 250 exemplaires num\u00e9rot\u00e9s, sous coffret, accompagn\u00e9e d\u2019un tirage photographique sign\u00e9\uff5cParution 201\uff5c240 pages\uff5c30,5x35 cm\uff5c3,80 kg\uff5ccouverture toil\u00e9e, reli\u00e9 sous coffret\uff5c9782702211007\" \/>\n<meta property=\"og:url\" content=\"https:\/\/www.cercledart.com\/en\/produit\/car-racing-1965-edition-limitee\/\" \/>\n<meta property=\"og:site_name\" content=\"\u00c9ditions Cercle d&#039;Art\" \/>\n<meta property=\"article:modified_time\" content=\"2026-03-30T11:39:40+00:00\" \/>\n<meta property=\"og:image\" content=\"https:\/\/www.cercledart.com\/wp-content\/uploads\/2018\/07\/ouvertBD-NB.jpg\" \/>\n\t<meta property=\"og:image:width\" content=\"963\" \/>\n\t<meta property=\"og:image:height\" content=\"498\" \/>\n\t<meta property=\"og:image:type\" content=\"image\/jpeg\" \/>\n<meta name=\"twitter:card\" content=\"summary_large_image\" \/>\n<meta name=\"twitter:label1\" content=\"Est. reading time\" \/>\n\t<meta name=\"twitter:data1\" content=\"5 minutes\" \/>\n<script type=\"application\/ld+json\" class=\"yoast-schema-graph\">{\"@context\":\"https:\\\/\\\/schema.org\",\"@graph\":[{\"@type\":\"WebPage\",\"@id\":\"https:\\\/\\\/www.cercledart.com\\\/en\\\/produit\\\/car-racing-1965-edition-limitee\\\/\",\"url\":\"https:\\\/\\\/www.cercledart.com\\\/en\\\/produit\\\/car-racing-1965-edition-limitee\\\/\",\"name\":\"CAR RACING 1965\uff5c\u00c9dition limit\u00e9e - \u00c9ditions Cercle d&#039;Art\",\"isPartOf\":{\"@id\":\"https:\\\/\\\/www.cercledart.com\\\/en\\\/#website\"},\"primaryImageOfPage\":{\"@id\":\"https:\\\/\\\/www.cercledart.com\\\/en\\\/produit\\\/car-racing-1965-edition-limitee\\\/#primaryimage\"},\"image\":{\"@id\":\"https:\\\/\\\/www.cercledart.com\\\/en\\\/produit\\\/car-racing-1965-edition-limitee\\\/#primaryimage\"},\"thumbnailUrl\":\"https:\\\/\\\/www.cercledart.com\\\/wp-content\\\/uploads\\\/2018\\\/07\\\/ouvertBD-NB.jpg\",\"datePublished\":\"2018-07-13T12:16:11+00:00\",\"dateModified\":\"2026-03-30T11:39:40+00:00\",\"breadcrumb\":{\"@id\":\"https:\\\/\\\/www.cercledart.com\\\/en\\\/produit\\\/car-racing-1965-edition-limitee\\\/#breadcrumb\"},\"inLanguage\":\"en-US\",\"potentialAction\":[{\"@type\":\"ReadAction\",\"target\":[\"https:\\\/\\\/www.cercledart.com\\\/en\\\/produit\\\/car-racing-1965-edition-limitee\\\/\"]}]},{\"@type\":\"ImageObject\",\"inLanguage\":\"en-US\",\"@id\":\"https:\\\/\\\/www.cercledart.com\\\/en\\\/produit\\\/car-racing-1965-edition-limitee\\\/#primaryimage\",\"url\":\"https:\\\/\\\/www.cercledart.com\\\/wp-content\\\/uploads\\\/2018\\\/07\\\/ouvertBD-NB.jpg\",\"contentUrl\":\"https:\\\/\\\/www.cercledart.com\\\/wp-content\\\/uploads\\\/2018\\\/07\\\/ouvertBD-NB.jpg\",\"width\":963,\"height\":498},{\"@type\":\"BreadcrumbList\",\"@id\":\"https:\\\/\\\/www.cercledart.com\\\/en\\\/produit\\\/car-racing-1965-edition-limitee\\\/#breadcrumb\",\"itemListElement\":[{\"@type\":\"ListItem\",\"position\":1,\"name\":\"Accueil\",\"item\":\"https:\\\/\\\/www.cercledart.com\\\/en\\\/\"},{\"@type\":\"ListItem\",\"position\":2,\"name\":\"Shop\",\"item\":\"https:\\\/\\\/www.cercledart.com\\\/en\\\/shop\\\/\"},{\"@type\":\"ListItem\",\"position\":3,\"name\":\"CAR RACING 1965\uff5c\u00c9dition limit\u00e9e\"}]},{\"@type\":\"WebSite\",\"@id\":\"https:\\\/\\\/www.cercledart.com\\\/en\\\/#website\",\"url\":\"https:\\\/\\\/www.cercledart.com\\\/en\\\/\",\"name\":\"\u00c9ditions Cercle d&#039;Art\",\"description\":\"\",\"publisher\":{\"@id\":\"https:\\\/\\\/www.cercledart.com\\\/en\\\/#organization\"},\"potentialAction\":[{\"@type\":\"SearchAction\",\"target\":{\"@type\":\"EntryPoint\",\"urlTemplate\":\"https:\\\/\\\/www.cercledart.com\\\/en\\\/?s={search_term_string}\"},\"query-input\":{\"@type\":\"PropertyValueSpecification\",\"valueRequired\":true,\"valueName\":\"search_term_string\"}}],\"inLanguage\":\"en-US\"},{\"@type\":\"Organization\",\"@id\":\"https:\\\/\\\/www.cercledart.com\\\/en\\\/#organization\",\"name\":\"Cercle d'Art\",\"url\":\"https:\\\/\\\/www.cercledart.com\\\/en\\\/\",\"logo\":{\"@type\":\"ImageObject\",\"inLanguage\":\"en-US\",\"@id\":\"https:\\\/\\\/www.cercledart.com\\\/en\\\/#\\\/schema\\\/logo\\\/image\\\/\",\"url\":\"https:\\\/\\\/www.cercledart.com\\\/wp-content\\\/uploads\\\/2025\\\/04\\\/LogoCA2025.png\",\"contentUrl\":\"https:\\\/\\\/www.cercledart.com\\\/wp-content\\\/uploads\\\/2025\\\/04\\\/LogoCA2025.png\",\"width\":896,\"height\":101,\"caption\":\"Cercle d'Art\"},\"image\":{\"@id\":\"https:\\\/\\\/www.cercledart.com\\\/en\\\/#\\\/schema\\\/logo\\\/image\\\/\"}}]}<\/script>\n<!-- \/ Yoast SEO plugin. -->","yoast_head_json":{"title":"CAR RACING 1965\uff5c\u00c9dition limit\u00e9e - \u00c9ditions Cercle d&#039;Art","robots":{"index":"index","follow":"follow","max-snippet":"max-snippet:-1","max-image-preview":"max-image-preview:large","max-video-preview":"max-video-preview:-1"},"canonical":"https:\/\/www.cercledart.com\/en\/produit\/car-racing-1965-edition-limitee\/","og_locale":"en_US","og_type":"article","og_title":"CAR RACING 1965\uff5c\u00c9dition limit\u00e9e - \u00c9ditions Cercle d&#039;Art","og_description":"\u00c9dition bilingue fran\u00e7ais-anglais limit\u00e9e \u00e0 250 exemplaires num\u00e9rot\u00e9s, sous coffret, accompagn\u00e9e d\u2019un tirage photographique sign\u00e9\uff5cParution 201\uff5c240 pages\uff5c30,5x35 cm\uff5c3,80 kg\uff5ccouverture toil\u00e9e, reli\u00e9 sous coffret\uff5c9782702211007","og_url":"https:\/\/www.cercledart.com\/en\/produit\/car-racing-1965-edition-limitee\/","og_site_name":"\u00c9ditions Cercle d&#039;Art","article_modified_time":"2026-03-30T11:39:40+00:00","og_image":[{"width":963,"height":498,"url":"https:\/\/www.cercledart.com\/wp-content\/uploads\/2018\/07\/ouvertBD-NB.jpg","type":"image\/jpeg"}],"twitter_card":"summary_large_image","twitter_misc":{"Est. reading time":"5 minutes"},"schema":{"@context":"https:\/\/schema.org","@graph":[{"@type":"WebPage","@id":"https:\/\/www.cercledart.com\/en\/produit\/car-racing-1965-edition-limitee\/","url":"https:\/\/www.cercledart.com\/en\/produit\/car-racing-1965-edition-limitee\/","name":"CAR RACING 1965\uff5c\u00c9dition limit\u00e9e - \u00c9ditions Cercle d&#039;Art","isPartOf":{"@id":"https:\/\/www.cercledart.com\/en\/#website"},"primaryImageOfPage":{"@id":"https:\/\/www.cercledart.com\/en\/produit\/car-racing-1965-edition-limitee\/#primaryimage"},"image":{"@id":"https:\/\/www.cercledart.com\/en\/produit\/car-racing-1965-edition-limitee\/#primaryimage"},"thumbnailUrl":"https:\/\/www.cercledart.com\/wp-content\/uploads\/2018\/07\/ouvertBD-NB.jpg","datePublished":"2018-07-13T12:16:11+00:00","dateModified":"2026-03-30T11:39:40+00:00","breadcrumb":{"@id":"https:\/\/www.cercledart.com\/en\/produit\/car-racing-1965-edition-limitee\/#breadcrumb"},"inLanguage":"en-US","potentialAction":[{"@type":"ReadAction","target":["https:\/\/www.cercledart.com\/en\/produit\/car-racing-1965-edition-limitee\/"]}]},{"@type":"ImageObject","inLanguage":"en-US","@id":"https:\/\/www.cercledart.com\/en\/produit\/car-racing-1965-edition-limitee\/#primaryimage","url":"https:\/\/www.cercledart.com\/wp-content\/uploads\/2018\/07\/ouvertBD-NB.jpg","contentUrl":"https:\/\/www.cercledart.com\/wp-content\/uploads\/2018\/07\/ouvertBD-NB.jpg","width":963,"height":498},{"@type":"BreadcrumbList","@id":"https:\/\/www.cercledart.com\/en\/produit\/car-racing-1965-edition-limitee\/#breadcrumb","itemListElement":[{"@type":"ListItem","position":1,"name":"Accueil","item":"https:\/\/www.cercledart.com\/en\/"},{"@type":"ListItem","position":2,"name":"Shop","item":"https:\/\/www.cercledart.com\/en\/shop\/"},{"@type":"ListItem","position":3,"name":"CAR RACING 1965\uff5c\u00c9dition limit\u00e9e"}]},{"@type":"WebSite","@id":"https:\/\/www.cercledart.com\/en\/#website","url":"https:\/\/www.cercledart.com\/en\/","name":"\u00c9ditions Cercle d&#039;Art","description":"","publisher":{"@id":"https:\/\/www.cercledart.com\/en\/#organization"},"potentialAction":[{"@type":"SearchAction","target":{"@type":"EntryPoint","urlTemplate":"https:\/\/www.cercledart.com\/en\/?s={search_term_string}"},"query-input":{"@type":"PropertyValueSpecification","valueRequired":true,"valueName":"search_term_string"}}],"inLanguage":"en-US"},{"@type":"Organization","@id":"https:\/\/www.cercledart.com\/en\/#organization","name":"Cercle d'Art","url":"https:\/\/www.cercledart.com\/en\/","logo":{"@type":"ImageObject","inLanguage":"en-US","@id":"https:\/\/www.cercledart.com\/en\/#\/schema\/logo\/image\/","url":"https:\/\/www.cercledart.com\/wp-content\/uploads\/2025\/04\/LogoCA2025.png","contentUrl":"https:\/\/www.cercledart.com\/wp-content\/uploads\/2025\/04\/LogoCA2025.png","width":896,"height":101,"caption":"Cercle d'Art"},"image":{"@id":"https:\/\/www.cercledart.com\/en\/#\/schema\/logo\/image\/"}}]}},"_links":{"self":[{"href":"https:\/\/www.cercledart.com\/en\/wp-json\/wp\/v2\/product\/12741","targetHints":{"allow":["GET"]}}],"collection":[{"href":"https:\/\/www.cercledart.com\/en\/wp-json\/wp\/v2\/product"}],"about":[{"href":"https:\/\/www.cercledart.com\/en\/wp-json\/wp\/v2\/types\/product"}],"wp:featuredmedia":[{"embeddable":true,"href":"https:\/\/www.cercledart.com\/en\/wp-json\/wp\/v2\/media\/12742"}],"wp:attachment":[{"href":"https:\/\/www.cercledart.com\/en\/wp-json\/wp\/v2\/media?parent=12741"}],"wp:term":[{"taxonomy":"product_brand","embeddable":true,"href":"https:\/\/www.cercledart.com\/en\/wp-json\/wp\/v2\/product_brand?post=12741"},{"taxonomy":"product_cat","embeddable":true,"href":"https:\/\/www.cercledart.com\/en\/wp-json\/wp\/v2\/product_cat?post=12741"},{"taxonomy":"product_tag","embeddable":true,"href":"https:\/\/www.cercledart.com\/en\/wp-json\/wp\/v2\/product_tag?post=12741"}],"curies":[{"name":"wp","href":"https:\/\/api.w.org\/{rel}","templated":true}]}}